{"id":3237,"date":"2017-02-16T20:20:52","date_gmt":"2017-02-16T19:20:52","guid":{"rendered":"http:\/\/etnatao.com\/?page_id=3237"},"modified":"2017-03-04T20:26:50","modified_gmt":"2017-03-04T19:26:50","slug":"i-4-elementi","status":"publish","type":"page","link":"https:\/\/etnatao.com\/it\/i-4-elementi\/","title":{"rendered":"I 4 elementi"},"content":{"rendered":"\n<!-- Facebook Like Button v1.9.6 BEGIN [http:\/\/blog.bottomlessinc.com] -->\n<iframe src=\"http:\/\/www.facebook.com\/plugins\/like.php?href=https%3A%2F%2Fetnatao.com%2Fit%2Fi-4-elementi%2F&amp;layout=standard&amp;show_faces=false&amp;width=450&amp;action=like&amp;colorscheme=light\" scrolling=\"no\" frameborder=\"0\" allowTransparency=\"true\" style=\"border:none; overflow:hidden; width:450px; height: 30px; align: left; margin: 2px 0px 2px 0px\"><\/iframe>\n<!-- Facebook Like Button END -->\n<div style=\"text-align: center;\"><a style=\"color: #0071bb;\" href=\"https:\/\/etnatao.com\/wp-content\/uploads\/2010\/07\/NEW-ETNATAO-WEBSITE.jpg\"><img loading=\"lazy\" decoding=\"async\" class=\"wp-image-1853\" src=\"https:\/\/etnatao.com\/wp-content\/uploads\/2010\/07\/NEW-ETNATAO-WEBSITE.jpg\" alt=\"NEW ETNATAO WEBSITE\" width=\"431\" height=\"233\" \/><\/a><\/div>\n<div style=\"text-align: center;\"><span style=\"color: #008000;\"><strong><a style=\"color: #008000;\" href=\"https:\/\/www.facebook.com\/Etnatao\">Facebook<\/a>\u00a0\u00a0<a style=\"color: #008000;\" href=\"https:\/\/www.linkedin.com\/pub\/carmelo-giuffrida\/41\/25a\/8b2\">Linkedin<\/a>\u00a0\u00a0<a style=\"color: #008000;\" href=\"https:\/\/www.youtube.com\/my_videos?o=U\">Youtube<\/a>\u00a0 \u00a0<a style=\"color: #008000;\" href=\"http:\/\/etnatao.wordpress.com\/\">Blog<\/a><\/strong><\/span><\/div>\n<div style=\"text-align: center;\"><\/div>\n<h4 style=\"text-align: center;\"><span style=\"color: #008000;\"><strong><span style=\"text-decoration: underline;\">I vulcani ed i 4 elementi\u00a0<\/span><\/strong><\/span><\/h4>\n<p style=\"text-align: justify;\"><span style=\"color: #008000;\"><strong>I vulcani sono una manifestazione estrema, inquietante e spettacolare delle dinamiche interne della Terra e sono anche dei luoghi del nostro pianeta dove i quattro elementi primordiali interagiscono fortemente e si evidenziano in maniera spiccata.<\/strong><\/span><\/p>\n<p style=\"text-align: justify;\"><span style=\"color: #339966;\"><strong><span style=\"color: #008000;\">Fuoco. In natura questo elemento \u00e8 rappresentato principalmente dai vulcani. Infatti a parte fulmini e rari eventi di combustione spontanea, \u00e8 solo in aree vulcaniche che questo elemento, il fuoco, viene prodotto e celebrato. I vulcani inoltre formano delle anomalie termiche superficiali ed in molti casi \u00e8 possibile usare questa energia geotermica per produrre elettricit\u00e0 o per riscaldare gli edifici. I vulcani sono delle magiche finestre attraverso le quali \u00e8 possibile la risalita allo stato fuso di materiali provenienti dalle profondit\u00e0 della Terra. Vulcani generatori di Fuoco<\/span><\/strong><\/span><\/p>\n<p style=\"text-align: justify;\"><span style=\"color: #008000;\"><strong>Terra. L\u2019ipotesi Gaia vede la Terra come un organismo vivente. Noi viviamo sulla parte pi\u00f9 esterna del pianeta che rappresenta la pelle di Gaia che si rinnova principalmente grazie all\u2019azione dei vulcani che creano continuamente nuova crosta continentale ed oceanica. Inoltre i vulcani formano un suolo fertilissimo ed anche per questa ragione sulle aree vulcaniche ci sono molto spesso antichi insediamenti umani nonostante i pericoli associati al vulcanismo. Vulcani generatori di Terra.<\/strong><\/span><\/p>\n<p style=\"text-align: justify;\"><span style=\"color: #008000;\"><strong>Acqua. Attraverso i vulcani sono fuoriuscite sostanze volatili imprigionate all\u2019interno della terra e tra queste il vapor d\u2019acqua che pu\u00f2 arrivare a costituire fino al 98% del totale dei gas emessi da un vulcano. La condensazione dell\u2019enorme quantit\u00e0 di vapore emesso da milioni di vulcani durante i 4,6 miliardi di anni di vita della Terra, ha contribuito fortemente a formare l\u2019acqua che abbonda sulla terra e che d\u00e0 la caratteristica colorazione blu al nostro pianeta visto dallo spazio. Vulcani generatori d\u2019Acqua.<\/strong><\/span><\/p>\n<p style=\"text-align: justify;\"><span style=\"color: #008000;\"><strong>Aria. L\u2019aria che respiriamo \u00e8 una miscela di gas e fa parte dell\u2019atmosfera, l\u2019involucro gassoso che circonda la terra si \u00e8 formato nel tempo ed ha continuamente modificato la sua composizione. I vulcani ancora una volta sono stati tra i protagonisti del ciclo evolutivo della Terra, emettendo continuamente dei gas che hanno influenzato grandemente la composizione dell\u2019atmosfera che oggi circonda il nostro pianeta ed hanno reso possibile il fiorire della vita. Vulcani generatori di Aria.<\/strong><\/span><\/p>\n<p style=\"text-align: justify;\"><span style=\"color: #008000;\"><em>\u201cAvevo sentito parlare delle iridescenze stupende dell\u2019aurora sul mar Jonio, quando la si contempla dall\u2019Etna\u2026 La vastit\u00e0 terrestre e marina si dischiuse al nostro sguardo sino all\u201dAfrica, visibile, e alla Grecia, che si indovinava. Fu uno dei momenti supremi della mia vita. Non vi manc\u00f2 nulla, n\u00e8 la frangia dorata di una nube, n\u00e8 le aquile\u2026\u201d<\/em><\/span><\/p>\n<p><span style=\"color: #008000;\">\u201cMemorie di Adriano\u201d\u00a0Marguerite Yourcenar.<\/span><\/p>\n<p style=\"text-align: justify;\"><a href=\"https:\/\/etnatao.com\/wp-content\/uploads\/2014\/04\/Etnatao-4-elements.jpg\"><img loading=\"lazy\" decoding=\"async\" class=\"wp-image-1820 aligncenter\" src=\"https:\/\/etnatao.com\/wp-content\/uploads\/2014\/04\/Etnatao-4-elements.jpg\" alt=\"Etnatao 4 elements\" width=\"454\" height=\"376\" srcset=\"https:\/\/etnatao.com\/wp-content\/uploads\/2014\/04\/Etnatao-4-elements.jpg 1330w, https:\/\/etnatao.com\/wp-content\/uploads\/2014\/04\/Etnatao-4-elements-300x248.jpg 300w, https:\/\/etnatao.com\/wp-content\/uploads\/2014\/04\/Etnatao-4-elements-1024x846.jpg 1024w, https:\/\/etnatao.com\/wp-content\/uploads\/2014\/04\/Etnatao-4-elements-150x124.jpg 150w\" sizes=\"auto, (max-width: 454px) 100vw, 454px\" \/><\/a><\/p>\n<h4 style=\"text-align: center;\"><strong><a href=\"https:\/\/etnatao.com\/wp-content\/uploads\/2010\/07\/Screen-Shot-2017-02-03-at-14.53.58-copy.jpg\"><img loading=\"lazy\" decoding=\"async\" class=\"aligncenter size-full wp-image-3127\" src=\"https:\/\/etnatao.com\/wp-content\/uploads\/2010\/07\/Screen-Shot-2017-02-03-at-14.53.58-copy.jpg\" sizes=\"auto, (max-width: 514px) 100vw, 514px\" srcset=\"https:\/\/etnatao.com\/wp-content\/uploads\/2010\/07\/Screen-Shot-2017-02-03-at-14.53.58-copy.jpg 514w, https:\/\/etnatao.com\/wp-content\/uploads\/2010\/07\/Screen-Shot-2017-02-03-at-14.53.58-copy-300x205.jpg 300w, https:\/\/etnatao.com\/wp-content\/uploads\/2010\/07\/Screen-Shot-2017-02-03-at-14.53.58-copy-150x103.jpg 150w\" alt=\"\" width=\"514\" height=\"352\" \/><\/a><span style=\"color: #008000;\">Tat Tvam Asi<\/span><\/strong><\/h4>\n<div>\n<h4 style=\"text-align: center;\"><span style=\"color: #008000;\">\u0924\u0924\u094d \u0924\u094d\u0935\u092e\u094d \u0905\u0938\u093f<\/span><\/h4>\n<p style=\"text-align: center;\"><span style=\"color: #008000;\"><a style=\"color: #008000;\" href=\"https:\/\/etnatao.com\/wp-content\/uploads\/2010\/07\/The-Four-Elements1.jpg\"><img loading=\"lazy\" decoding=\"async\" class=\"aligncenter\" title=\"The Four Elements\" src=\"https:\/\/etnatao.com\/wp-content\/uploads\/2010\/07\/The-Four-Elements1.jpg\" alt=\"\" width=\"348\" height=\"134\" \/><\/a><\/span><\/p>\n<p style=\"text-align: center;\"><span style=\"color: #008000;\"><a style=\"color: #008000;\" href=\"http:\/\/etnatao.files.wordpress.com\/2000\/07\/wood-header-etnatao.png\"><img loading=\"lazy\" decoding=\"async\" class=\"aligncenter\" title=\"wood-header-etnatao\" src=\"http:\/\/etnatao.files.wordpress.com\/2000\/07\/wood-header-etnatao.png\" alt=\"\" width=\"355\" height=\"38\" \/><\/a><\/span><\/p>\n<h3 style=\"text-align: center;\"><span style=\"color: #008000;\"><strong>\u2013 All rights reserved \u2013<\/strong><\/span><\/h3>\n<\/div>\n<div><\/div>\n<div><a href=\"https:\/\/etnatao.com\/wp-content\/uploads\/2014\/04\/Etnatao-4-elements.jpg\">\u00a0<\/a><\/div>\n\n<!-- Facebook Like Button v1.9.6 BEGIN [http:\/\/blog.bottomlessinc.com] -->\n<iframe src=\"http:\/\/www.facebook.com\/plugins\/like.php?href=https%3A%2F%2Fetnatao.com%2Fit%2Fi-4-elementi%2F&amp;layout=standard&amp;show_faces=false&amp;width=450&amp;action=like&amp;colorscheme=light\" scrolling=\"no\" frameborder=\"0\" allowTransparency=\"true\" style=\"border:none; overflow:hidden; width:450px; height: 30px; align: left; margin: 2px 0px 2px 0px\"><\/iframe>\n<!-- Facebook Like Button END -->\n","protected":false},"excerpt":{"rendered":"<p>Facebook\u00a0\u00a0Linkedin\u00a0\u00a0Youtube\u00a0 \u00a0Blog I vulcani ed i 4 elementi\u00a0 I vulcani sono una manifestazione estrema, inquietante e spettacolare delle dinamiche interne della Terra e sono anche dei luoghi del nostro pianeta dove i quattro elementi primordiali interagiscono fortemente e si evidenziano in maniera spiccata. Fuoco. In natura questo elemento \u00e8 rappresentato principalmente dai vulcani. Infatti a parte fulmini e rari eventi di combustione spontanea, \u00e8 solo in aree vulcaniche che questo elemento, il fuoco, viene prodotto e celebrato. I vulcani inoltre formano delle anomalie termiche superficiali ed in molti casi \u00e8 possibile usare questa energia geotermica per produrre elettricit\u00e0 o per riscaldare gli edifici. I vulcani sono delle magiche finestre attraverso&hellip;<\/p>\n","protected":false},"author":2,"featured_media":0,"parent":0,"menu_order":5,"comment_status":"closed","ping_status":"closed","template":"","meta":{"footnotes":""},"class_list":["post-3237","page","type-page","status-publish","hentry"],"aioseo_notices":[],"jetpack_sharing_enabled":true,"jetpack_shortlink":"https:\/\/wp.me\/P1dvPV-Qd","_links":{"self":[{"href":"https:\/\/etnatao.com\/it\/wp-json\/wp\/v2\/pages\/3237\/"}],"collection":[{"href":"https:\/\/etnatao.com\/it\/wp-json\/wp\/v2\/pages\/"}],"about":[{"href":"https:\/\/etnatao.com\/it\/wp-json\/wp\/v2\/types\/page\/"}],"author":[{"embeddable":true,"href":"https:\/\/etnatao.com\/it\/wp-json\/wp\/v2\/users\/2\/"}],"replies":[{"embeddable":true,"href":"https:\/\/etnatao.com\/it\/wp-json\/wp\/v2\/comments\/?post=3237"}],"version-history":[{"count":2,"href":"https:\/\/etnatao.com\/it\/wp-json\/wp\/v2\/pages\/3237\/revisions\/"}],"predecessor-version":[{"id":3377,"href":"https:\/\/etnatao.com\/it\/wp-json\/wp\/v2\/pages\/3237\/revisions\/3377\/"}],"wp:attachment":[{"href":"https:\/\/etnatao.com\/it\/wp-json\/wp\/v2\/media\/?parent=3237"}],"curies":[{"name":"wp","href":"https:\/\/api.w.org\/{rel}","templated":true}]}}