{"id":3225,"date":"2017-02-16T20:12:23","date_gmt":"2017-02-16T19:12:23","guid":{"rendered":"http:\/\/etnatao.com\/?page_id=3225"},"modified":"2022-02-07T21:50:09","modified_gmt":"2022-02-07T20:50:09","slug":"vulcanalogia","status":"publish","type":"page","link":"https:\/\/etnatao.com\/it\/vulcanalogia\/","title":{"rendered":"Vulcanologia"},"content":{"rendered":"\n<!-- Facebook Like Button v1.9.6 BEGIN [http:\/\/blog.bottomlessinc.com] -->\n<iframe src=\"http:\/\/www.facebook.com\/plugins\/like.php?href=https%3A%2F%2Fetnatao.com%2Fit%2Fvulcanalogia%2F&amp;layout=standard&amp;show_faces=false&amp;width=450&amp;action=like&amp;colorscheme=light\" scrolling=\"no\" frameborder=\"0\" allowTransparency=\"true\" style=\"border:none; overflow:hidden; width:450px; height: 30px; align: left; margin: 2px 0px 2px 0px\"><\/iframe>\n<!-- Facebook Like Button END -->\n<div style=\"text-align: center;\"><a style=\"color: #0071bb;\" href=\"https:\/\/etnatao.com\/wp-content\/uploads\/2010\/07\/NEW-ETNATAO-WEBSITE.jpg\"><img loading=\"lazy\" decoding=\"async\" class=\"wp-image-1853\" src=\"https:\/\/etnatao.com\/wp-content\/uploads\/2010\/07\/NEW-ETNATAO-WEBSITE.jpg\" alt=\"NEW ETNATAO WEBSITE\" width=\"431\" height=\"233\" \/><\/a><\/div>\n<div style=\"text-align: center;\"><span style=\"color: #008000;\"><strong><a style=\"color: #008000;\" href=\"https:\/\/www.facebook.com\/Etnatao\">Facebook<\/a>\u00a0 <span class=\"Apple-style-span\"><strong><a style=\"color: #008000;\" href=\"http:\/\/www.tripadvisor.co.uk\/Attraction_Review-g2440593-d6613405-Reviews-Etnatao_Naturalistic_Excursion_on_Mt_Etna-Province_of_Catania_Sicily.html\">TripAdvisor<\/a><i>\u00a0<\/i><\/strong><\/span>\u00a0<a style=\"color: #008000;\" href=\"https:\/\/www.linkedin.com\/pub\/carmelo-giuffrida\/41\/25a\/8b2\">Linkedin<\/a>\u00a0<a style=\"color: #008000;\" href=\"https:\/\/www.youtube.com\/my_videos?o=U\">\u00a0Youtube<\/a>\u00a0 \u00a0<a style=\"color: #008000;\" href=\"http:\/\/etnatao.wordpress.com\/\">Blog<\/a><\/strong><\/span><\/div>\n<h2 style=\"text-align: center;\"><strong><span style=\"color: #008000;\">Vulcanologia dell&#8217;Etna<\/span><\/strong><\/h2>\n<h2 style=\"text-align: center;\"><a href=\"https:\/\/etnatao.com\/wp-content\/uploads\/2016\/02\/Etna-X.jpg\"><img loading=\"lazy\" decoding=\"async\" class=\"aligncenter wp-image-3749\" src=\"https:\/\/etnatao.com\/wp-content\/uploads\/2016\/02\/Etna-X.jpg\" alt=\"\" width=\"500\" height=\"484\" srcset=\"https:\/\/etnatao.com\/wp-content\/uploads\/2016\/02\/Etna-X.jpg 888w, https:\/\/etnatao.com\/wp-content\/uploads\/2016\/02\/Etna-X-300x291.jpg 300w, https:\/\/etnatao.com\/wp-content\/uploads\/2016\/02\/Etna-X-768x744.jpg 768w, https:\/\/etnatao.com\/wp-content\/uploads\/2016\/02\/Etna-X-150x145.jpg 150w\" sizes=\"auto, (max-width: 500px) 100vw, 500px\" \/><\/a><\/h2>\n<p style=\"text-align: justify;\"><strong><span style=\"color: #008000;\">L&#8217;Etna \u00e8 un magnifico vulcano e un&#8217;attrazione irresistibile per gli amanti della natura. E&#8217; il vulcano pi\u00f9 alto dell&#8221;Europa continentale, la montagna pi\u00f9 alta del bacino del Mediterraneo e uno dei vulcani pi\u00f9 attivi del mondo. \u00c8 un stratovulcano multiplo e la sua morfologia attuale \u00e8 il risultato della crescita di diversi edifici vulcanici alimentati da differenti assi eruttivi. Alla sommit\u00e0 presenta 4 crateri con un&#8217;attivit\u00e0 quasi permanente e circa altri 300 crateri laterali si trovano tutto intorno alla sua superficie, una sorta di cooperativa di piccoli vulcani monogenetici. La sua ampia base ha la morfologia di un vulcano scudo in cima alla quale \u00e8 cresciuto un stratovulcano pi\u00f9 giovane. Ha circa 250 grotte di scorrimento lavico, varie caldere e si trova al crocevia di estese linee di faglia, tra due diverse placche tettoniche in un contesto geodinamico di compressione tettonica. In anni nei quali l&#8217;attivit\u00e0 \u00e8 particolarmente intensa, da questo vulcano pu\u00f2 fuoriuscire un volume di prodotti vulcanici paragonabili al volume di un grattacielo di 100 piani! L&#8217;Etna presenta una attivit\u00e0 sia effusiva che esplosiva ed ha un comportamento eclettico che, cosa abbastanza rara, si traduce in una grande variet\u00e0 di stili eruttivi (attivit\u00e0 hawaiana, stromboliana, \u00a0vulcaniana, pliniana ecc). La durata di una eruzione pu\u00f2 variare tantissimo, da meno di un&#8217;ora fino a diversi mesi o anni di fila. Altre possibili variabili sono l&#8217;intensit\u00e0 delle eruzioni, il volume di lava e di gas emessi ed i luoghi dell&#8217;edificio vulcanico nei quali una eruzione inizia. Etna ha anche la pi\u00f9 lunga documentazione al mondo di attivit\u00e0 vulcaniche storiche che inizia circa 3000 anni fa.<\/span><\/strong><\/p>\n<p style=\"text-align: center;\"><strong><span style=\"color: #008000;\">Evoluzione Vulcanologica<\/span><\/strong><\/p>\n<p><strong><span style=\"color: #008000;\">Il vulcano che vediamo oggi \u00e8 il risultato di una lunga evoluzione che \u00e8 cominciata circa 600.000 anni fa e che \u00e8 di solito divisa in quattro fasi:<\/span><\/strong><\/p>\n<p style=\"text-align: center;\"><span style=\"text-decoration: underline; color: #008000;\"><strong>Prima fase Tholeiiti basali da 600.000 a 220,000 anni fa<\/strong><\/span><\/p>\n<p style=\"text-align: justify;\"><strong><span style=\"color: #008000;\">Circa mezzo milione di anni fa, nella zona che oggi \u00e8 occupata da questo grande vulcano, c&#8217;era una grande baia, il cosiddetto golfo pre-etneo, che si estendeva dai monti Peloritani \u00a0(la placca\u00a0euroasiatica) verso\u00a0sud fino all&#8217;altopiano ibleo (la placca africana). Qui inizi\u00f2\u00a0la lunga e complessa avventura vulcanologica di questo vulcano con varie eruzioni sottomarine di tipo fissurale\u00a0che nel tempo probabilmente costruirono alcune piccole isole vulcaniche. Le rocce vulcaniche che appartengono a questa fase sono basalti tholeiitici, rocce subalcaline che si verificano in una vasta gamma di setting\u00a0tettonici (punti caldi come le Hawaii o dorsali medio-oceaniche). Queste rocce sono formate dal 20% al 30% di fusione del mantello ad una profondit\u00e0 da 40 a 70 km.<\/span><\/strong><\/p>\n<p><img loading=\"lazy\" decoding=\"async\" class=\"aligncenter size-full wp-image-2483\" src=\"https:\/\/etnatao.com\/wp-content\/uploads\/2016\/02\/Screen-Shot-2016-02-12-at-9.54.01-AM.png\" sizes=\"auto, (max-width: 369px) 100vw, 369px\" srcset=\"https:\/\/etnatao.com\/wp-content\/uploads\/2016\/02\/Screen-Shot-2016-02-12-at-9.54.01-AM.png 369w, https:\/\/etnatao.com\/wp-content\/uploads\/2016\/02\/Screen-Shot-2016-02-12-at-9.54.01-AM-289x300.png 289w, https:\/\/etnatao.com\/wp-content\/uploads\/2016\/02\/Screen-Shot-2016-02-12-at-9.54.01-AM-145x150.png 145w\" alt=\"Screen Shot 2016-02-12 at 9.54.01 AM\" width=\"369\" height=\"383\" data-pagespeed-url-hash=\"3988452944\" \/><\/p>\n<p style=\"text-align: justify;\"><strong><span style=\"color: #008000;\">A pochi km a nord di Catania,nella zona di Acicastello, si trova\u00a0un interessante geosito\u00a0dove affiorano\u00a0dei pillow lava\u00a0(tipicche delle eruzioni subacquee) e delle breccie hialoclastitiche. Continuando verso nord, il\u00a0 geosito continua a Acitrezza, dove \u00e8 possibile trovare alcuni basalti colonnari. Affioramenti pi\u00f9 recenti (circa 300.000 anni) di tholeiiti subaerei si trovano vicino al Adrano, Patern\u00f2 e Biancavilla. Questa era la fase pi\u00f9 lunga nell&#8217;evoluzione Etna nonostante il piccolo volume relativo dei prodotti vulcanici affioranti.<\/span><\/strong><\/p>\n<p><img loading=\"lazy\" decoding=\"async\" class=\"aligncenter size-full wp-image-2477\" src=\"https:\/\/etnatao.com\/wp-content\/uploads\/2016\/02\/Screen-Shot-2016-02-10-at-21.54.23.png\" sizes=\"auto, (max-width: 386px) 100vw, 386px\" srcset=\"https:\/\/etnatao.com\/wp-content\/uploads\/2016\/02\/Screen-Shot-2016-02-10-at-21.54.23.png 386w, https:\/\/etnatao.com\/wp-content\/uploads\/2016\/02\/Screen-Shot-2016-02-10-at-21.54.23-300x219.png 300w, https:\/\/etnatao.com\/wp-content\/uploads\/2016\/02\/Screen-Shot-2016-02-10-at-21.54.23-150x110.png 150w\" alt=\"Screen Shot 2016-02-10 at 21.54.23\" width=\"386\" height=\"282\" data-pagespeed-url-hash=\"3906693065\" \/><\/p>\n<p class=\"p1\" style=\"text-align: center;\"><span style=\"text-decoration: underline; color: #008000;\"><strong>Seconda fase delle Timpe da 220.000 anni fa a 110.000 anni fa<\/strong><\/span><\/p>\n<p class=\"p1\" style=\"text-align: justify;\"><span style=\"color: #008000;\"><strong>La seconda fase ha avuto luogo in una piccola area che corre parallela alla costa ionica dove c&#8217;\u00e8 un sistema di\u00a0faglie distensive noto come Timpa che rappresenta il proseguimento settentrionale di una estesa linea di faglia che da Malta attraversa l&#8217;altipiano ibleo, mantenendo una direzione NNW-SSE. Lungo questo asse ebbero luogo\u00a0alcune eruzioni fissurali \u00a0che \u00a0formarono un vulcano a scudo con una base ellittica di circa 20 km.<\/strong><\/span><\/p>\n<p><img loading=\"lazy\" decoding=\"async\" class=\"aligncenter size-full wp-image-2487\" src=\"https:\/\/etnatao.com\/wp-content\/uploads\/2016\/02\/Screen-Shot-2016-02-12-at-10.11.09-AM.png\" sizes=\"auto, (max-width: 363px) 100vw, 363px\" srcset=\"https:\/\/etnatao.com\/wp-content\/uploads\/2016\/02\/Screen-Shot-2016-02-12-at-10.11.09-AM.png 363w, https:\/\/etnatao.com\/wp-content\/uploads\/2016\/02\/Screen-Shot-2016-02-12-at-10.11.09-AM-291x300.png 291w, https:\/\/etnatao.com\/wp-content\/uploads\/2016\/02\/Screen-Shot-2016-02-12-at-10.11.09-AM-146x150.png 146w\" alt=\"Screen Shot 2016-02-12 at 10.11.09 AM\" width=\"363\" height=\"374\" data-pagespeed-url-hash=\"3555055725\" \/><\/p>\n<p style=\"text-align: justify;\"><span style=\"color: #008000;\"><strong>Dalla prima alla seconda fase i prodotti passano\u00a0da basalti sub-alcalino a\u00a0basalti alcalini e hawaiiti. Le rocce laviche che appartengono alla fase delle Timpe, affiorano anche a Patern\u00f2 e nella zona di Leucatia. A partire da circa 130,000 anni fa, l&#8217;attivit\u00e0 eruttiva fissurale spostato verso ovest in un&#8217;area compresa tra Moscarello e Val Calanna.<\/strong><\/span><\/p>\n<p style=\"text-align: justify;\"><span style=\"color: #008000;\"><strong><span style=\"text-decoration: underline;\">Terza fase i centri eruttivi Valle del Bove da 110.000 a 57,000 anni fa<\/span><\/strong><\/span><\/p>\n<p style=\"text-align: justify;\"><strong><span style=\"color: #008000;\">Questa fase \u00e8 caratterizzata da un ulteriore spostamento verso ovest dell&#8217;asse eruttiva alla Valle del Bove. Forse il sistema di alimentazione \u00e8 stato definito dall&#8217;intersezione di sistema linea di faglia NNW-SSE con l&#8217;altro principale alined NNE-SSW. Tra la\u00a0prima e la seconda fase delle due tipi di eruzione fissurale c&#8217;\u00e8 stato un cambiamento verso una attivit\u00e0 vulcanica centralizzata, sia esplosiva che\u00a0effusiva, la quale ha progressivamente riempito con nuove rocce, grande aree della baia pre-etnea.<\/span><br \/>\n<\/strong><\/p>\n<p><img loading=\"lazy\" decoding=\"async\" class=\"aligncenter size-full wp-image-2492\" src=\"https:\/\/etnatao.com\/wp-content\/uploads\/2016\/02\/Screen-Shot-2016-02-12-at-4.22.49-PM.png\" sizes=\"auto, (max-width: 364px) 100vw, 364px\" srcset=\"https:\/\/etnatao.com\/wp-content\/uploads\/2016\/02\/Screen-Shot-2016-02-12-at-4.22.49-PM.png 364w, https:\/\/etnatao.com\/wp-content\/uploads\/2016\/02\/Screen-Shot-2016-02-12-at-4.22.49-PM-290x300.png 290w, https:\/\/etnatao.com\/wp-content\/uploads\/2016\/02\/Screen-Shot-2016-02-12-at-4.22.49-PM-145x150.png 145w\" alt=\"Screen Shot 2016-02-12 at 4.22.49 PM\" width=\"364\" height=\"377\" data-pagespeed-url-hash=\"3138212231\" \/><\/p>\n<p style=\"text-align: justify;\"><strong><span style=\"color: #008000;\">Durante questa fase si \u00e8 via via costruita la struttura un grande strato-vulcano, a causa della sovrapposizione\u00a0dei prodotti dei diversi centri eruttivi. I primi erano Tarderia, Rocche e Trifoglietto. Quest&#8217;ultimo era il\u00a0pi\u00f9 elevato\u00a0e raggiunse la quota di circa 2500 m. e circa 100.000 anni fa\u00a0termin\u00f2 il suo ciclo eruttiva con una eruzione pliniana. Nuovi centri eruttivi sono cresciuti attorno alle rovine di quelli pi\u00f9 vecchi, Mt.Cerasa, Giannicola, Salifizio e Cuvigghiuni. Le rocce vulcaniche che appartengono a questa fase di solito hanno una composizione che va da hawaaiitica a mugearitica.\u00a0Vi erano anche rocce di composizione trachiandesitica e per questo motivo il vulcanismo risultante era molto pi\u00f9 esplosivo.<\/span><\/strong><\/p>\n<p style=\"text-align: center;\"><span style=\"text-decoration: underline; color: #008000;\"><strong>Quarta fase il Stratovulcano da 57.000 anni fa ai giorni nostri<\/strong><\/span><\/p>\n<p style=\"text-align: justify;\"><strong><span style=\"color: #008000;\">Un ulteriore movimento dell&#8217;asse eruttivo caus\u00f2 la fine della fase precedente dell&#8217;evoluzione Etna e l&#8217;inizio di una nuova in cui un altro\u00a0vulcano, che chiamiamo Ellittico, inizia una forte\u00a0attivit\u00e0 esplosiva ed effusiva che, a causa della rapida accumulazione di nuovi prodotti vulcanici, fece raggiungere la sommit\u00e0\u00a0dell&#8217;Etna probabilmente fino\u00a0a circa 3800 m, pi\u00f9 di 400 metri pi\u00f9 in alto rispetto ad oggi. Grandi colate laviche\u00a0scesero\u00a0lungo i fianchi\u00a0di questo nuovo vulcano, raggiungendo il fiume Alcantara a nord e il fiume Simeto a sud e le numerose eruzioni esplosive fecero accumulare spessi strati di materiale piroclastico. Durante questa fase ci sono stati i \u200b\u200bprodotti pi\u00f9 acidi di tutta la storia dell&#8217;Etna, le\u00a0trachiti. L&#8217;Ellittico concluse la sua\u00a0fase circa 15.000 anni fa con uno o pi\u00f9 potenti eruzioni pliniane che fecero\u00a0scomparire la vecchia cime\u00a0a scomparire e formarono una grande caldera di circa 4 km di diametro che dopo questo evento venne gradualmente riempita\u00a0dai prodotti di successive eruzioni. Il\u00a0vulcano che \u00e8 cresciuta sulle rovine di Ellittico, il Mongibello, \u00e8 lo stesso vulcano che oggi continua la sua attivit\u00e0. Durante questa fase prevale l&#8217;attivit\u00e0 effusiva prevale e avviene dai crateri sommitali o\u00a0lungo alcune aree di debolezza\u00a0il rift di\u00a0Nord-Est, del Sud e dell&#8217;Ovest. Continua ad essere presente\u00a0la componente esplosiva che in alcuni eventi raggiunge\u00a0a volte una elevata intensit\u00e0.\u00a0<\/span><\/strong><\/p>\n<h4><a href=\"https:\/\/etnatao.com\/wp-content\/uploads\/2018\/06\/Screen-Shot-2016-03-11-at-16.16.32.png\"><img loading=\"lazy\" decoding=\"async\" class=\"aligncenter size-full wp-image-4668\" src=\"https:\/\/etnatao.com\/wp-content\/uploads\/2018\/06\/Screen-Shot-2016-03-11-at-16.16.32.png\" alt=\"\" width=\"502\" height=\"348\" srcset=\"https:\/\/etnatao.com\/wp-content\/uploads\/2018\/06\/Screen-Shot-2016-03-11-at-16.16.32.png 502w, https:\/\/etnatao.com\/wp-content\/uploads\/2018\/06\/Screen-Shot-2016-03-11-at-16.16.32-300x208.png 300w, https:\/\/etnatao.com\/wp-content\/uploads\/2018\/06\/Screen-Shot-2016-03-11-at-16.16.32-150x104.png 150w\" sizes=\"auto, (max-width: 502px) 100vw, 502px\" \/><\/a><\/h4>\n<div>\n<h4 style=\"text-align: center;\"><strong><span style=\"color: #008000;\">Tat Tvam Asi<\/span><\/strong><\/h4>\n<h4 style=\"text-align: center;\"><span style=\"color: #008000;\">\u0924\u0924\u094d \u0924\u094d\u0935\u092e\u094d \u0905\u0938\u093f<\/span><\/h4>\n<p><a href=\"https:\/\/etnatao.com\/wp-content\/uploads\/2010\/07\/The-Four-Elements1.jpg\"><img loading=\"lazy\" decoding=\"async\" class=\"aligncenter\" title=\"The Four Elements\" src=\"https:\/\/etnatao.com\/wp-content\/uploads\/2010\/07\/The-Four-Elements1.jpg\" alt=\"\" width=\"348\" height=\"134\" \/><\/a><\/p>\n<p><a href=\"http:\/\/etnatao.files.wordpress.com\/2000\/07\/wood-header-etnatao.png\"><img loading=\"lazy\" decoding=\"async\" class=\"aligncenter\" title=\"wood-header-etnatao\" src=\"http:\/\/etnatao.files.wordpress.com\/2000\/07\/wood-header-etnatao.png\" alt=\"\" width=\"355\" height=\"38\" \/><\/a><\/p>\n<h3 style=\"text-align: center;\"><span style=\"color: #008000;\"><strong>\u2013 All rights reserved \u2013<\/strong><\/span><\/h3>\n<\/div>\n<div style=\"text-align: center;\"><\/div>\n<p style=\"text-align: center;\"><span style=\"color: #339966;\">\u00a0<\/span><\/p>\n\n<!-- Facebook Like Button v1.9.6 BEGIN [http:\/\/blog.bottomlessinc.com] -->\n<iframe src=\"http:\/\/www.facebook.com\/plugins\/like.php?href=https%3A%2F%2Fetnatao.com%2Fit%2Fvulcanalogia%2F&amp;layout=standard&amp;show_faces=false&amp;width=450&amp;action=like&amp;colorscheme=light\" scrolling=\"no\" frameborder=\"0\" allowTransparency=\"true\" style=\"border:none; overflow:hidden; width:450px; height: 30px; align: left; margin: 2px 0px 2px 0px\"><\/iframe>\n<!-- Facebook Like Button END -->\n","protected":false},"excerpt":{"rendered":"<p>Facebook\u00a0 TripAdvisor\u00a0\u00a0Linkedin\u00a0\u00a0Youtube\u00a0 \u00a0Blog Vulcanologia dell&#8217;Etna L&#8217;Etna \u00e8 un magnifico vulcano e un&#8217;attrazione irresistibile per gli amanti della natura. E&#8217; il vulcano pi\u00f9 alto dell&#8221;Europa continentale, la montagna pi\u00f9 alta del bacino del Mediterraneo e uno dei vulcani pi\u00f9 attivi del mondo. \u00c8 un stratovulcano multiplo e la sua morfologia attuale \u00e8 il risultato della crescita di diversi edifici vulcanici alimentati da differenti assi eruttivi. Alla sommit\u00e0 presenta 4 crateri con un&#8217;attivit\u00e0 quasi permanente e circa altri 300 crateri laterali si trovano tutto intorno alla sua superficie, una sorta di cooperativa di piccoli vulcani monogenetici. La sua ampia base ha la morfologia di un vulcano scudo in cima alla quale \u00e8&hellip;<\/p>\n","protected":false},"author":2,"featured_media":0,"parent":0,"menu_order":3,"comment_status":"closed","ping_status":"closed","template":"","meta":{"footnotes":""},"class_list":["post-3225","page","type-page","status-publish","hentry"],"aioseo_notices":[],"jetpack_sharing_enabled":true,"jetpack_shortlink":"https:\/\/wp.me\/P1dvPV-Q1","_links":{"self":[{"href":"https:\/\/etnatao.com\/it\/wp-json\/wp\/v2\/pages\/3225\/"}],"collection":[{"href":"https:\/\/etnatao.com\/it\/wp-json\/wp\/v2\/pages\/"}],"about":[{"href":"https:\/\/etnatao.com\/it\/wp-json\/wp\/v2\/types\/page\/"}],"author":[{"embeddable":true,"href":"https:\/\/etnatao.com\/it\/wp-json\/wp\/v2\/users\/2\/"}],"replies":[{"embeddable":true,"href":"https:\/\/etnatao.com\/it\/wp-json\/wp\/v2\/comments\/?post=3225"}],"version-history":[{"count":22,"href":"https:\/\/etnatao.com\/it\/wp-json\/wp\/v2\/pages\/3225\/revisions\/"}],"predecessor-version":[{"id":11499,"href":"https:\/\/etnatao.com\/it\/wp-json\/wp\/v2\/pages\/3225\/revisions\/11499\/"}],"wp:attachment":[{"href":"https:\/\/etnatao.com\/it\/wp-json\/wp\/v2\/media\/?parent=3225"}],"curies":[{"name":"wp","href":"https:\/\/api.w.org\/{rel}","templated":true}]}}