{"id":3219,"date":"2017-02-16T20:08:31","date_gmt":"2017-02-16T19:08:31","guid":{"rendered":"http:\/\/etnatao.com\/?page_id=3219"},"modified":"2019-06-06T14:20:40","modified_gmt":"2019-06-06T13:20:40","slug":"il-tao-delletna","status":"publish","type":"page","link":"https:\/\/etnatao.com\/it\/il-tao-delletna\/","title":{"rendered":"Il Tao dell&#8217;Etna"},"content":{"rendered":"\n<!-- Facebook Like Button v1.9.6 BEGIN [http:\/\/blog.bottomlessinc.com] -->\n<iframe src=\"http:\/\/www.facebook.com\/plugins\/like.php?href=https%3A%2F%2Fetnatao.com%2Fit%2Fil-tao-delletna%2F&amp;layout=standard&amp;show_faces=false&amp;width=450&amp;action=like&amp;colorscheme=light\" scrolling=\"no\" frameborder=\"0\" allowTransparency=\"true\" style=\"border:none; overflow:hidden; width:450px; height: 30px; align: left; margin: 2px 0px 2px 0px\"><\/iframe>\n<!-- Facebook Like Button END -->\n<p style=\"text-align: center;\"><span style=\"color: #008000;\"><strong>\u00a0<\/strong><\/span><\/p>\n<div style=\"text-align: center;\"><span style=\"color: #008000;\"><a style=\"color: #008000;\" href=\"https:\/\/etnatao.com\/wp-content\/uploads\/2010\/07\/NEW-ETNATAO-WEBSITE.jpg\"><img loading=\"lazy\" decoding=\"async\" class=\"wp-image-1853\" src=\"https:\/\/etnatao.com\/wp-content\/uploads\/2010\/07\/NEW-ETNATAO-WEBSITE.jpg\" alt=\"NEW ETNATAO WEBSITE\" width=\"431\" height=\"233\" \/><\/a><\/span><\/div>\n<div style=\"text-align: center;\"><span style=\"color: #008000;\"><b><a style=\"color: #008000;\" href=\"https:\/\/www.facebook.com\/Etnatao\">Facebook<\/a><\/b><b>\u00a0<\/b><b><a style=\"color: #008000;\" href=\"https:\/\/www.linkedin.com\/pub\/carmelo-giuffrida\/41\/25a\/8b2\">Linkedin<\/a>\u00a0<a style=\"color: #008000;\" href=\"https:\/\/www.youtube.com\/my_videos?o=U\">Youtube<\/a>\u00a0<a style=\"color: #008000;\" href=\"http:\/\/etnatao.wordpress.com\/\">Blog<\/a><\/b><\/span><\/div>\n<div style=\"text-align: justify;\"><span style=\"color: #008000;\">\u00a0<\/span><\/div>\n<div style=\"text-align: center;\">\n<p><span style=\"color: #008000;\"><strong><em>&#8220;I luoghi magici sono sempre pieni di bellezza <\/em><\/strong><\/span><\/p>\n<p><span style=\"color: #008000;\"><strong><em>e meritano di essere contemplati. <\/em><\/strong><\/span><\/p>\n<p><span style=\"color: #008000;\"><strong><em>Rappresentano un ponte tra il visibile e l&#8217;invisibile.&#8221;<\/em><\/strong><\/span><\/p>\n<p><span style=\"color: #008000;\"><strong><em>Paulo Coelho<\/em><\/strong><\/span><\/p>\n<\/div>\n<h3 style=\"text-align: center;\"><em><span style=\"color: #008000;\"><strong>Il Tao\u00a0<\/strong><\/span><\/em><\/h3>\n<p style=\"text-align: justify;\"><span style=\"color: #008000;\"><strong>Nella filosofia cinese, il <em>Tao<\/em>\u00a0\u00e8 un concetto metafisico che si riferisce alla primordiale, dinamica ed indefinibile energia dell\u2019universo che origina, pervade e unifica ogni cosa e che intesse una fitta ed infinita rete cosmica di fenomeni interconnessi e interdipendenti. E&#8217; dunque considerato come il principio generatore e la forza motrice di tutti i processi naturali e si esprime attraverso l\u2019interazione di due forze opposte e complementari, l&#8217;elemento femminile e quello maschile, in cinese rispettivamente <em>Yin e Yang<\/em>. Il simbolo del <em>Tao<\/em>, originariamente ispirato dal lato soleggiato e da quello in ombra di una montagna, \u00e8 rappresentato da un cerchio suddiviso in due forme embrionali, una bianca e l\u2019altra nera. Vengono cos\u00ec visualizzate le due polarit\u00e0 che si abbracciano in un equilibrio dinamico, ciascuna contenente al suo interno il seme dell\u2019altra.<\/strong><\/span><\/p>\n<h4 style=\"text-align: center;\"><span style=\"color: #008000;\"><strong><em>Tao, natura ed ecologia<\/em><\/strong><\/span><\/h4>\n<p style=\"text-align: justify;\"><span style=\"color: #008000;\"><strong>La visione occidentale della natura si differenzia in maniera spiccata rispetto a quella orientale. Quest&#8217;ultima infatti considera, ad esempio, un elettrone o un essere umano, un fiore o una galassia, un vulcano o una farfalla, come diverse espressioni della stessa energia, <em>il Tao<\/em>, e parte della stessa rete cosmica, armoniosa, indivisa ed indivisibile. Se riusciamo a vedere la realt\u00e0 da questa prospettiva, ci si pu\u00f2 rendere conto che la dualit\u00e0 e la separazione sono davvero solamente illusorie e si pu\u00f2 cos\u00ec giungere a percepire un sottile campo unificato di energia che permea e modella il cosmo, la stessa energia di cui facciamo intimamente parte. Giungendo alla consapevolezza di questa impalpabile dimensione, la natura si rivela uno straordinario maestro che ci indica un cammino antico di armonia che ci pu\u00f2 insegnare come affrontare ed essere in sintonia con i cicli incessanti del cambiamento, aiutandoci a raggiungere l&#8217;equilibrio con noi stessi e, di conseguenza, con l\u2019universo. Ci\u00f2 enfatizza anche le ragioni della ecologia, perch\u00e8 alterando gli equilibri naturali inevitabilmente generiamo disarmonia e sofferenza nel mondo che ci circonda ed automaticamente in noi stessi.<\/strong><\/span><\/p>\n<h4 style=\"text-align: center;\"><span style=\"color: #008000;\"><strong><em>Il Tao dell&#8217;Etna<\/em><\/strong><\/span><\/h4>\n<p style=\"text-align: justify;\"><span style=\"color: #008000;\"><strong>Oggi abbiamo un facile accesso a numerosissime informazioni nell&#8217;ambito di tradizioni appartenenti ai background pi\u00f9 diversi. Questo ci offre nuovi ed eccellenti strumenti che possiedono la potenzialit\u00e0 di arricchire ed accelerare la nostra crescita personale. Io sono al tempo stesso il geologo che vede ed interpreta scientificamente la natura e l\u2019individuo affascinato dal mistero che ci circonda e che attinge alla saggezza della antica filosofia orientale.\u00a0Etnatao, il nome che ho scelto per questo progetto, unisce queste due polarit\u00e0. Vale la pena ricordare che peraltro solo nella epoca moderna si \u00e8 assistito a una progressiva ed eccessiva frammentazione dello scibile umano, a causa della quale filosofia e scienza hanno finito con l&#8217;essere considerate come due discipline separate ed antitetiche della conoscenza umana. <em>Isaac Newton<\/em> invece, per esempio,\u00a0 definiva\u00a0<em>philosophiae naturalis <\/em>proprio il compendio tra riflessione filosofica ed osservazione e studio della natura. <\/strong><\/span><\/p>\n<p style=\"text-align: justify;\"><span style=\"color: #008000;\"><strong>Sulla superficie del nostro pianeta la dinamica della natura si manifesta, insieme a innumerevoli altri processi, con la costante crescita di rilievi montuosi e nella scala dei tempi geologici, inevitabilmente ogni montagna subir\u00e0 l&#8217;attacco dell&#8217;erosione e finir\u00e0 con\u00a0 l&#8217;essere demolita e scomparire. Nel frattempo altre inizieranno gradualmente a formarsi e a crescere facendo proseguire questo ciclo continuo di trasformazione, la <em>&#8220;danza&#8221;<\/em> del pianeta Terra. Noi riusciamo a vedere tutto ci\u00f2 perch\u00e9 i suddetti processi avvengono nel corso di milioni di anni, una dimensione temporale ben differente dalla nostra. Invece nell&#8217;area etnea, questi eventi evolutivi avvengono in maniera molto diversa. Perfino nella nostra scala temporale, a causa della sua continua e poderosa attivit\u00e0 eruttiva, il suo paesaggio, che viene definito il <em>&#8220;paesaggio dinamico&#8221;<\/em>, cambia cos\u00ec rapidamente e significativamente, da modificare in maniera costante l&#8217;architettura e la morfologia di questo vulcano. Qui, per esempio, un nuovo cratere\u00a0\u00a0pu\u00f2 svilupparsi, sulla vetta o sui versanti del vulcano, e crescere anche decine o centinaia di metri nel giro di poche settimane o di pochi mesi, mentre un vecchio cratere pu\u00f2 invece sparire velocemente per un collasso strutturale. Per queste ragioni L\u2019Etna \u00e8 uno dei pochi luoghi della terra, come si diceva prima, dove la energia del processo evolutivo planetario si manifesta in maniera cos\u00ec amplificata e\u00a0rappresenta quindi uno splendido laboratorio naturale, un gigantesco e un complesso organismo vivente in incessante sviluppo.\u00a0<\/strong><\/span><\/p>\n<h4 style=\"text-align: center;\"><span style=\"color: #008000;\"><strong><em>Il Tao del trekking<\/em><\/strong><\/span><\/h4>\n<p style=\"text-align: justify;\"><span style=\"color: #008000;\"><strong>Le escursioni naturalistiche qui proposte danno dunque l&#8217;opportunit\u00e0 di conoscere un vulcano molto speciale, di visitare i suoi luoghi pi\u00f9 tranquilli e primordiali, lontani da quelli raggiunti dal turismo di massa, di percorrere i suoi sentieri, di apprezzare il contrasto e la variet\u00e0 dei suoi paesaggi, di conoscere la sua storia e la sua evoluzione. Durante il tempo che condivido con chi partecipa a queste attivit\u00e0, ho inoltre il piacere di parlare della molteplicit\u00e0 e della ricchezza dei dettagli naturalistici di questo ecosistema unico ed affascinante, della necessit\u00e0 di tutelarne il suo fragile equilibrio ecologico, della forte influenza della comunit\u00e0 dei vulcani sul processo evolutivo della terra insieme ad alcune semplici e personali riflessioni filosofiche, per riuscire ad offrire la possibilit\u00e0 di una pi\u00f9 ampia e intensa esperienza di questo luogo. Grazie alla magnetica presenza di questo vulcano, il visitatore potrebbe essere ispirato a percepire in maniera pi\u00f9 profonda le dinamiche naturali della Terra e le peculiarit\u00e0 di quelle etnee, offrendo cos\u00ec la possibilit\u00e0 di fare l&#8217;esperienza di quella rete di relazioni che ci include e ci trascende e che pu\u00f2 aiutarci a vivere una vita qualitativamente migliore e a raggiungere una consapevolezza pi\u00f9 elevata.<\/strong><\/span><\/p>\n<p style=\"text-align: justify;\">\n<h2><span style=\"color: #339966;\"><strong><a href=\"https:\/\/etnatao.com\/wp-content\/uploads\/2011\/01\/yin_yang_tao_galaxy_wallpaper.jpg\"><img loading=\"lazy\" decoding=\"async\" class=\"aligncenter\" title=\"yin_yang_tao_galaxy_wallpaper\" src=\"https:\/\/etnatao.com\/wp-content\/uploads\/2011\/01\/yin_yang_tao_galaxy_wallpaper-1024x576.jpg\" alt=\"\" width=\"491\" height=\"277\" \/><\/a><\/strong><\/span><\/h2>\n<p><a href=\"https:\/\/etnatao.com\/wp-content\/uploads\/2018\/07\/34640548_646530882367090_6425903379901317120_n.jpg\"><img loading=\"lazy\" decoding=\"async\" class=\"aligncenter wp-image-4691\" src=\"https:\/\/etnatao.com\/wp-content\/uploads\/2018\/07\/34640548_646530882367090_6425903379901317120_n.jpg\" alt=\"\" width=\"480\" height=\"352\" srcset=\"https:\/\/etnatao.com\/wp-content\/uploads\/2018\/07\/34640548_646530882367090_6425903379901317120_n.jpg 960w, https:\/\/etnatao.com\/wp-content\/uploads\/2018\/07\/34640548_646530882367090_6425903379901317120_n-300x220.jpg 300w, https:\/\/etnatao.com\/wp-content\/uploads\/2018\/07\/34640548_646530882367090_6425903379901317120_n-768x563.jpg 768w, https:\/\/etnatao.com\/wp-content\/uploads\/2018\/07\/34640548_646530882367090_6425903379901317120_n-150x110.jpg 150w\" sizes=\"auto, (max-width: 480px) 100vw, 480px\" \/><\/a><\/p>\n<h2 style=\"text-align: center;\"><iframe loading=\"lazy\" title=\"Zen and Nature   Etnatao\" width=\"500\" height=\"281\" src=\"https:\/\/www.youtube.com\/embed\/nnTP0NPsY0M?start=160&feature=oembed\" frameborder=\"0\" allow=\"accelerometer; autoplay; clipboard-write; encrypted-media; gyroscope; picture-in-picture; web-share\" referrerpolicy=\"strict-origin-when-cross-origin\" allowfullscreen><\/iframe><\/h2>\n<div>\n<h4 style=\"text-align: center;\"><span style=\"color: #008000;\"><strong>Tat Tvam Asi<\/strong><\/span><\/h4>\n<div>\n<h4 style=\"text-align: center;\"><span style=\"color: #008000;\">\u0924\u0924\u094d \u0924\u094d\u0935\u092e\u094d \u0905\u0938\u093f<\/span><\/h4>\n<p><a href=\"https:\/\/etnatao.com\/wp-content\/uploads\/2010\/07\/The-Four-Elements1.jpg\"><img loading=\"lazy\" decoding=\"async\" class=\"aligncenter\" title=\"The Four Elements\" src=\"https:\/\/etnatao.com\/wp-content\/uploads\/2010\/07\/The-Four-Elements1.jpg\" alt=\"\" width=\"348\" height=\"134\" data-pagespeed-url-hash=\"999864169\" \/><\/a><\/p>\n<p><a href=\"http:\/\/etnatao.files.wordpress.com\/2000\/07\/wood-header-etnatao.png\"><img loading=\"lazy\" decoding=\"async\" class=\"aligncenter\" title=\"wood-header-etnatao\" src=\"http:\/\/etnatao.files.wordpress.com\/2000\/07\/wood-header-etnatao.png\" alt=\"\" width=\"355\" height=\"38\" data-pagespeed-url-hash=\"2440594002\" \/><\/a><\/p>\n<h3 style=\"text-align: center;\"><span style=\"color: #008000;\"><strong>\u2013 All rights reserved \u2013<\/strong><\/span><\/h3>\n<\/div>\n<\/div>\n\n<!-- Facebook Like Button v1.9.6 BEGIN [http:\/\/blog.bottomlessinc.com] -->\n<iframe src=\"http:\/\/www.facebook.com\/plugins\/like.php?href=https%3A%2F%2Fetnatao.com%2Fit%2Fil-tao-delletna%2F&amp;layout=standard&amp;show_faces=false&amp;width=450&amp;action=like&amp;colorscheme=light\" scrolling=\"no\" frameborder=\"0\" allowTransparency=\"true\" style=\"border:none; overflow:hidden; width:450px; height: 30px; align: left; margin: 2px 0px 2px 0px\"><\/iframe>\n<!-- Facebook Like Button END -->\n","protected":false},"excerpt":{"rendered":"<p>\u00a0 Facebook\u00a0Linkedin\u00a0Youtube\u00a0Blog \u00a0 &#8220;I luoghi magici sono sempre pieni di bellezza e meritano di essere contemplati. Rappresentano un ponte tra il visibile e l&#8217;invisibile.&#8221; Paulo Coelho Il Tao\u00a0 Nella filosofia cinese, il Tao\u00a0\u00e8 un concetto metafisico che si riferisce alla primordiale, dinamica ed indefinibile energia dell\u2019universo che origina, pervade e unifica ogni cosa e che intesse una fitta ed infinita rete cosmica di fenomeni interconnessi e interdipendenti. E&#8217; dunque considerato come il principio generatore e la forza motrice di tutti i processi naturali e si esprime attraverso l\u2019interazione di due forze opposte e complementari, l&#8217;elemento femminile e quello maschile, in cinese rispettivamente Yin e Yang. Il simbolo del Tao, originariamente&hellip;<\/p>\n","protected":false},"author":2,"featured_media":0,"parent":0,"menu_order":3,"comment_status":"closed","ping_status":"closed","template":"","meta":{"footnotes":""},"class_list":["post-3219","page","type-page","status-publish","hentry"],"aioseo_notices":[],"jetpack_sharing_enabled":true,"jetpack_shortlink":"https:\/\/wp.me\/P1dvPV-PV","_links":{"self":[{"href":"https:\/\/etnatao.com\/it\/wp-json\/wp\/v2\/pages\/3219\/"}],"collection":[{"href":"https:\/\/etnatao.com\/it\/wp-json\/wp\/v2\/pages\/"}],"about":[{"href":"https:\/\/etnatao.com\/it\/wp-json\/wp\/v2\/types\/page\/"}],"author":[{"embeddable":true,"href":"https:\/\/etnatao.com\/it\/wp-json\/wp\/v2\/users\/2\/"}],"replies":[{"embeddable":true,"href":"https:\/\/etnatao.com\/it\/wp-json\/wp\/v2\/comments\/?post=3219"}],"version-history":[{"count":75,"href":"https:\/\/etnatao.com\/it\/wp-json\/wp\/v2\/pages\/3219\/revisions\/"}],"predecessor-version":[{"id":6815,"href":"https:\/\/etnatao.com\/it\/wp-json\/wp\/v2\/pages\/3219\/revisions\/6815\/"}],"wp:attachment":[{"href":"https:\/\/etnatao.com\/it\/wp-json\/wp\/v2\/media\/?parent=3219"}],"curies":[{"name":"wp","href":"https:\/\/api.w.org\/{rel}","templated":true}]}}