{"id":3181,"date":"2017-02-16T19:44:15","date_gmt":"2017-02-16T18:44:15","guid":{"rendered":"http:\/\/etnatao.com\/?page_id=3181\/"},"modified":"2023-04-11T16:50:28","modified_gmt":"2023-04-11T15:50:28","slug":"home-page","status":"publish","type":"page","link":"https:\/\/etnatao.com\/it\/","title":{"rendered":"Scopri l&#8217;Etna con un geologo"},"content":{"rendered":"\n<!-- Facebook Like Button v1.9.6 BEGIN [http:\/\/blog.bottomlessinc.com] -->\n<iframe src=\"http:\/\/www.facebook.com\/plugins\/like.php?href=https%3A%2F%2Fetnatao.com%2Fit%2F&amp;layout=standard&amp;show_faces=false&amp;width=450&amp;action=like&amp;colorscheme=light\" scrolling=\"no\" frameborder=\"0\" allowTransparency=\"true\" style=\"border:none; overflow:hidden; width:450px; height: 30px; align: left; margin: 2px 0px 2px 0px\"><\/iframe>\n<!-- Facebook Like Button END -->\n<h2 style=\"text-align: center;\"><span style=\"color: #008000;\"><strong>Escursioni naturalistiche sull&#8217;Etna<\/strong><\/span><\/h2>\n<h4 style=\"text-align: center;\"><span style=\"color: #008000;\"><em>guidate da una guida naturalistica laureata in geologia<\/em><\/span><\/h4>\n<p style=\"text-align: center;\"><span style=\"color: #008000;\"><strong>Tutelare l&#8217;ambiente attraverso il turismo sostenibile <\/strong><\/span><\/p>\n<p style=\"text-align: center;\"><span style=\"color: #008000;\"><strong>ed attivit\u00e0 escursionistiche ecologicamente compatibili<\/strong><\/span><\/p>\n<div style=\"text-align: center;\"><span style=\"color: #008000;\"><a style=\"color: #008000;\" href=\"https:\/\/etnatao.com\/wp-content\/uploads\/2010\/07\/NEW-ETNATAO-WEBSITE.jpg\"><img loading=\"lazy\" decoding=\"async\" class=\"wp-image-1853\" src=\"https:\/\/etnatao.com\/wp-content\/uploads\/2010\/07\/NEW-ETNATAO-WEBSITE.jpg\" alt=\"NEW ETNATAO WEBSITE\" width=\"431\" height=\"233\" \/><\/a><\/span><\/div>\n<div style=\"text-align: center;\"><span style=\"color: #008000;\"><strong><a style=\"color: #008000;\" href=\"https:\/\/www.facebook.com\/Etnatao\" target=\"_blank\" rel=\"noopener noreferrer\">Facebook<\/a>\u00a0\u00a0<span class=\"Apple-style-span\"><strong><a style=\"color: #008000;\" href=\"http:\/\/www.tripadvisor.co.uk\/Attraction_Review-g2440593-d6613405-Reviews-Etnatao_Naturalistic_Excursion_on_Mt_Etna-Province_of_Catania_Sicily.html\">TripAdvisor<\/a><i>\u00a0\u00a0<\/i><\/strong><\/span><a style=\"color: #008000;\" href=\"https:\/\/www.linkedin.com\/pub\/carmelo-giuffrida\/41\/25a\/8b2\" target=\"_blank\" rel=\"noopener noreferrer\">Linkedin<\/a>\u00a0\u00a0<a style=\"color: #008000;\" href=\"https:\/\/www.youtube.com\/user\/etnatao\/videos\" target=\"_blank\" rel=\"noopener noreferrer\">Youtube<\/a>\u00a0 \u00a0<a style=\"color: #008000;\" href=\"http:\/\/etnatao.wordpress.com\/\" target=\"_blank\" rel=\"noopener noreferrer\">Blog<\/a><\/strong><\/span><\/div>\n<div style=\"text-align: center;\"><span style=\"color: #008000;\">\u00a0<\/span><\/div>\n<p style=\"text-align: justify;\"><span style=\"color: #008000;\"><strong>Sin dal suo inizio questo progetto si \u00e8 stato orientato verso un turismo sostenibile con una solida base sull&#8217;ecologia, le scienze naturali e l&#8217;etica. Non si tratta di una attivit\u00e0 del turismo di massa, ma una proposta che si rivolge a individui, un&#8217;esperienza sia culturale che escursionistica, che esercita il minimo impatto possibile sul fragile ecosistema dell&#8217;Etna e che si rivolge a viaggiatori, amanti della natura, fotografi, ecologi, escursionisti e spiriti liberi. &gt;&gt;<\/strong><\/span><\/p>\n<h2><span style=\"color: #008000;\"><strong><a style=\"color: #008000;\" href=\"https:\/\/etnatao.com\/wp-content\/uploads\/2010\/07\/IMG_52996.jpg\"><img loading=\"lazy\" decoding=\"async\" class=\"aligncenter\" src=\"https:\/\/etnatao.com\/wp-content\/uploads\/2010\/07\/IMG_52996.jpg\" alt=\"IMG_52996\" width=\"314\" height=\"235\" \/><\/a><\/strong><\/span><\/h2>\n<h2><span style=\"color: #008000;\"><a style=\"color: #008000;\" href=\"https:\/\/etnatao.com\/wp-content\/uploads\/2010\/07\/DSC_1235.jpg\"><img loading=\"lazy\" decoding=\"async\" class=\"aligncenter\" src=\"https:\/\/etnatao.com\/wp-content\/uploads\/2010\/07\/DSC_1235.jpg\" alt=\"DSC_1235\" width=\"319\" height=\"212\" \/><\/a><\/span><\/h2>\n<p style=\"text-align: justify;\"><span style=\"color: #008000;\"><strong>L&#8217;Etna \u00e8 il vulcano pi\u00f9 alto dell&#8217;Europa continentale, uno dei vulcani pi\u00f9 attivi al mondo e un luogo magico e primordiale. Si eleva ad un&#8217;altezza di oltre 3300 m. sopra il livello del mare, il suo diametro nord-sud \u00e8 di circa 35 km, presenta quattro grandi crateri nella sua parte sommitale e pi\u00f9 di 300 crateri laterali intorno ai fianchi del vulcano. &gt;&gt;<\/strong><\/span><\/p>\n<p><span style=\"color: #008000;\"><img loading=\"lazy\" decoding=\"async\" class=\"aligncenter\" title=\"NE crater snow&amp;wind - Etnatao - Naturalistic Excursions on Mt. Etna\" src=\"https:\/\/etnatao.files.wordpress.com\/2009\/04\/ne-crater-snowwind2.jpg?w=300&amp;h=199\" alt=\"NE crater snow&amp;wind\" width=\"300\" height=\"199\" \/><\/span><\/p>\n<p style=\"text-align: justify;\"><span style=\"color: #008000;\"><strong><a style=\"color: #008000;\" href=\"https:\/\/etnatao.wordpress.com\/files\/2009\/06\/dsc_2449-1.jpg\"><img loading=\"lazy\" decoding=\"async\" class=\"aligncenter\" title=\"Volcanic fracture 2004 eruption - Etnatao - Naturalistic Excursions on Mt. Etna\" src=\"https:\/\/etnatao.wordpress.com\/files\/2009\/06\/dsc_2449-1.jpg\" alt=\"\" width=\"300\" height=\"199\" \/><\/a><\/strong><\/span><\/p>\n<p style=\"text-align: justify;\"><span style=\"color: #008000;\"><strong>In questa parte della Sicilia il vulcanismo \u00e8 iniziato circa mezzo milione di anni fa e si \u00e8 evoluto da un&#8217;attivit\u00e0 prevalentemente sottomarina alla sviluppo di molti diversi vulcani subaerei, alimentati da diversi assi eruttivi e sovrapposti l&#8217;uno sull&#8217;altro. Il risultato di questa lunga e complessa evoluzione \u00e8 il maestoso vulcano che vediamo oggi, che continua a crescere, ad evolversi e a modificare senza sosta il suo paesaggio. &gt;&gt;<\/strong><\/span><\/p>\n<p><span style=\"color: #008000;\">\u00a0<a style=\"color: #008000;\" href=\"https:\/\/etnatao.files.wordpress.com\/2009\/06\/mt-sartorius-from-mt-frumento-etnatao.jpg\"><img loading=\"lazy\" decoding=\"async\" class=\"aligncenter\" title=\"Mt Sartorius from Mt.Frumento - Etnatao\" src=\"https:\/\/etnatao.files.wordpress.com\/2009\/06\/mt-sartorius-from-mt-frumento-etnatao.jpg\" alt=\"\" width=\"300\" height=\"199\" \/><\/a><\/span><\/p>\n<p><span style=\"color: #008000;\"><a style=\"color: #008000;\" href=\"https:\/\/etnatao.files.wordpress.com\/2009\/06\/tacca-della-neve-sw-etna-etnatao.jpg\"><img loading=\"lazy\" decoding=\"async\" class=\"aligncenter\" title=\"Tacca della neve - Sw Etna - Etnatao\" src=\"https:\/\/etnatao.files.wordpress.com\/2009\/06\/tacca-della-neve-sw-etna-etnatao.jpg\" alt=\"\" width=\"300\" height=\"224\" \/><\/a><\/span><\/p>\n<p style=\"text-align: justify;\"><span style=\"color: #008000;\"><strong>Visitando l&#8217;Etna spesso si possono vedere fianco a fianco due aspetti diversi della natura: il paesaggio lunare delle recenti colate laviche e, in un contrasto surreale, estese aree verdi dove la vegetazione, dopo diversi secoli di lotte, ha riconquistato i deserti lavici . &gt;&gt;<\/strong><\/span><\/p>\n<p><span style=\"color: #008000;\"><a style=\"color: #008000;\" href=\"https:\/\/etnatao.wordpress.com\/files\/2009\/06\/dsc_7174-copy.jpg\"><img loading=\"lazy\" decoding=\"async\" class=\"aligncenter\" title=\"Fall in northen Etna - Etnatao - Naturalistic Excursions on Mt. Etna\" src=\"https:\/\/etnatao.wordpress.com\/files\/2009\/06\/dsc_7174-copy.jpg\" alt=\"\" width=\"300\" height=\"199\" \/><\/a><\/span><\/p>\n<p><span style=\"color: #008000;\"><a style=\"color: #008000;\" href=\"https:\/\/etnatao.files.wordpress.com\/2009\/06\/ne-crater-etnatao.jpg\"><img loading=\"lazy\" decoding=\"async\" class=\"aligncenter\" title=\"NE Crater - Etnatao\" src=\"https:\/\/etnatao.files.wordpress.com\/2009\/06\/ne-crater-etnatao.jpg\" alt=\"\" width=\"300\" height=\"199\" \/><\/a><\/span><\/p>\n<p style=\"text-align: justify;\"><span style=\"color: #008000;\"><strong>Le peculiarit\u00e0 di questo unico ecosistema si estendono dalla vulcanologia alla tettonica, dalla geologia alla botanica, dalla geofisica all&#8217;a biologia, intrecciandosi con innumerevoli miti e migliaia di anni di storia. &gt;&gt;<\/strong><\/span><\/p>\n<p><span style=\"color: #008000;\"><a style=\"color: #008000;\" href=\"https:\/\/etnatao.wordpress.com\/files\/2009\/06\/colata-di-fango.jpg\"><img loading=\"lazy\" decoding=\"async\" class=\"aligncenter\" title=\"Mud flow - Etnatao - Naturalistic Excursions on Mt. Etna\" src=\"https:\/\/etnatao.wordpress.com\/files\/2009\/06\/colata-di-fango.jpg?w=300\" alt=\"\" width=\"300\" height=\"199\" \/><\/a><\/span><\/p>\n<div><\/div>\n<p><span style=\"color: #008000;\"><img loading=\"lazy\" decoding=\"async\" class=\"aligncenter\" title=\"Etna Fox - Etnatao - Naturalistic Excursions on Mt. Etna\" src=\"https:\/\/etnatao.files.wordpress.com\/2009\/04\/la-volpe-sbadiglia.jpg?w=300&amp;h=257\" alt=\"La volpe sbadiglia\" width=\"300\" height=\"257\" \/><\/span><\/p>\n<p style=\"text-align: justify;\"><span style=\"color: #008000;\"><strong>Sono convinto che camminare sia una parte integrante dell&#8217;esperienza di conoscere e capire un&#8217;area naturale. L&#8217;Etna \u00e8 un paradiso per l&#8217;escursionismo per la presenza di numerosi sentieri, da facili e\u00a0 piacevoli passeggiate ad escursioni pi\u00f9 impegnative. &gt;&gt;<\/strong><\/span><\/p>\n<p><span style=\"color: #008000;\"><a style=\"color: #008000;\" href=\"https:\/\/etnatao.files.wordpress.com\/2009\/06\/etna-trail-etnatao.jpg\"><img loading=\"lazy\" decoding=\"async\" class=\"aligncenter\" title=\"Etna trail - Etnatao\" src=\"https:\/\/etnatao.files.wordpress.com\/2009\/06\/etna-trail-etnatao.jpg\" alt=\"\" width=\"300\" height=\"199\" \/><\/a><\/span><\/p>\n<p><span style=\"color: #008000;\"><a style=\"color: #008000;\" href=\"https:\/\/etnatao.files.wordpress.com\/2009\/06\/etna-sky-etnatao-copy.jpg\"><img loading=\"lazy\" decoding=\"async\" class=\"aligncenter\" title=\"Etna sky - Etnatao copy\" src=\"https:\/\/etnatao.files.wordpress.com\/2009\/06\/etna-sky-etnatao-copy.jpg\" alt=\"\" width=\"300\" height=\"199\" \/><\/a><\/span><\/p>\n<p style=\"text-align: justify;\"><span style=\"color: #008000;\"><strong>Durante un&#8217;escursione potrete vedere molti crateri e colate laviche di diversa et\u00e0, bombe vulcaniche, paesaggi lunari e fitte foreste, numerosi habitat che si fondono tra loro, valli vulcanico-tettoniche (caldere),\u00a0 gli effetti delle eruzioni all&#8217;interno del parco, piante e alberi endemici (specie che crescono esclusivamente in questa zona), e alcuni degli animali, uccelli e insetti che si sono adattati a sopravvivere in questo habitat cos\u00ec estremo. &gt;&gt;<\/strong><\/span><\/p>\n<h2><span style=\"color: #008000;\"><img loading=\"lazy\" decoding=\"async\" class=\"aligncenter\" title=\"Toward the N.E. Crater with the snow shoes - Etnatao - Naturalistic Excursions on Mt. Etna\" src=\"https:\/\/etnatao.files.wordpress.com\/2009\/04\/nordest1.jpg?w=300&amp;h=199\" alt=\"Nordest\" width=\"300\" height=\"199\" \/><\/span><\/h2>\n<h2><span style=\"color: #008000;\"><img loading=\"lazy\" decoding=\"async\" class=\"aligncenter\" title=\"Carmelo Giuffrida - Etnatao - Naturalistic Excursions on Mt. Etna\" src=\"https:\/\/etnatao.files.wordpress.com\/2009\/04\/carmelo-nov-072.jpg?w=234&amp;h=300\" alt=\"Carmelo nov 07\" width=\"234\" height=\"300\" \/><\/span><\/h2>\n<p style=\"text-align: justify;\"><span style=\"color: #008000;\"><strong>Io sono un individuo affascinato dalla bellezza senza tempo del mondo naturale, un ecologista sincero che si prende cura della conservazione di questa zona, una guida naturalistica con una laurea in geologia e da pi\u00f9 di venti anni organizzo di escursioni naturalistiche sull&#8217;Etna volte a enfatizzare tutte le peculiarit\u00e0 naturalistiche di questo parco e a dare un&#8217;esperienza pi\u00f9 profonda e ampia di questo unico vulcano. &gt;&gt;<\/strong><\/span><\/p>\n<p><span style=\"color: #008000;\"><a style=\"color: #008000;\" href=\"https:\/\/etnatao.files.wordpress.com\/2009\/06\/dscn7268-1.jpg\"><img loading=\"lazy\" decoding=\"async\" class=\"aligncenter\" title=\"Saponaria and Rumex - Etnatao\" src=\"https:\/\/etnatao.files.wordpress.com\/2009\/06\/dscn7268-1.jpg\" alt=\"\" width=\"300\" height=\"224\" \/><\/a><\/span><\/p>\n<p><span style=\"color: #008000;\"><img loading=\"lazy\" decoding=\"async\" class=\"aligncenter\" title=\"Mt. Nero Northern Etna - Etnatao - Naturalistic Excursions on Mt. Etna\" src=\"https:\/\/etnatao.files.wordpress.com\/2009\/04\/m-nero.jpg?w=300&amp;h=196\" alt=\"M.Nero\" width=\"300\" height=\"196\" \/><\/span><\/p>\n<p style=\"text-align: justify;\"><span style=\"color: #008000;\"><strong>Se vuoi scoprire la bellezza e l&#8217;energia dell&#8217;Etna e la rete di relazioni che formano questo ecosistema unico questa l&#8217;escursione per te!<\/strong><\/span><\/p>\n<h1><span style=\"color: #008000;\"><img loading=\"lazy\" decoding=\"async\" class=\"aligncenter\" title=\"&quot;Volpina&quot; the fox - Etnatao - Naturalistic Excursions on Mt. Etna\" src=\"https:\/\/etnatao.wordpress.com\/files\/2009\/06\/volpina.jpg?w=300\" alt=\"Volpina\" width=\"300\" height=\"288\" \/><\/span><\/h1>\n<p style=\"text-align: justify;\"><span style=\"color: #008000;\"><em>&#8220;I luoghi magici sono sempre belli e meritano di essere contemplati. Rappresentano un ponte tra il visibile e l&#8217;invisibile. &#8221; Paulo Coelho<\/em><\/span><\/p>\n<h4 style=\"text-align: center;\"><span style=\"color: #008000;\">Escursioni guidate in : <\/span><\/h4>\n<h4 style=\"text-align: center;\"><span style=\"color: #008000;\">Italiano, Inglese e Spagnolo<\/span><\/h4>\n<h5 style=\"text-align: center;\"><span style=\"color: #008000;\"><strong> Contatti : <\/strong><\/span><\/h5>\n<h5 style=\"text-align: center;\"><span style=\"color: #008000;\"><strong> etnatao@gmail.com<\/strong><\/span><\/h5>\n<h5 style=\"text-align: center;\"><span style=\"color: #008000;\"><strong> Telefono:\u00a0 +39 338 2197869<\/strong><\/span><\/h5>\n<h4><span style=\"color: #008000;\">\u00a0<\/span><\/h4>\n<p><iframe loading=\"lazy\" title=\"Spot ETNA PATRIMONIO UNESCO\" width=\"500\" height=\"281\" src=\"https:\/\/www.youtube.com\/embed\/EeQM0raRhp0?feature=oembed\" frameborder=\"0\" allow=\"accelerometer; autoplay; clipboard-write; encrypted-media; gyroscope; picture-in-picture; web-share\" referrerpolicy=\"strict-origin-when-cross-origin\" allowfullscreen><\/iframe><\/p>\n<div>\n<h4 style=\"text-align: center;\"><strong><a href=\"https:\/\/etnatao.com\/wp-content\/uploads\/2010\/07\/Screen-Shot-2017-02-03-at-14.53.58-copy.jpg\"><img loading=\"lazy\" decoding=\"async\" class=\"aligncenter size-full wp-image-3127\" src=\"https:\/\/etnatao.com\/wp-content\/uploads\/2010\/07\/Screen-Shot-2017-02-03-at-14.53.58-copy.jpg\" alt=\"\" width=\"514\" height=\"352\" srcset=\"https:\/\/etnatao.com\/wp-content\/uploads\/2010\/07\/Screen-Shot-2017-02-03-at-14.53.58-copy.jpg 514w, https:\/\/etnatao.com\/wp-content\/uploads\/2010\/07\/Screen-Shot-2017-02-03-at-14.53.58-copy-300x205.jpg 300w, https:\/\/etnatao.com\/wp-content\/uploads\/2010\/07\/Screen-Shot-2017-02-03-at-14.53.58-copy-150x103.jpg 150w\" sizes=\"auto, (max-width: 514px) 100vw, 514px\" \/><\/a><\/strong><\/h4>\n<\/div>\n<div>\n<div>\n<div>\n<p><span style=\"color: #008000;\"><a style=\"color: #008000;\" href=\"https:\/\/etnatao.com\/wp-content\/uploads\/2010\/07\/The-Four-Elements1.jpg\"><img loading=\"lazy\" decoding=\"async\" class=\"aligncenter\" title=\"The Four Elements\" src=\"https:\/\/etnatao.com\/wp-content\/uploads\/2010\/07\/The-Four-Elements1.jpg\" alt=\"\" width=\"348\" height=\"134\" \/><\/a><\/span><\/p>\n<p><span style=\"color: #008000;\"><a style=\"color: #008000;\" href=\"http:\/\/etnatao.files.wordpress.com\/2000\/07\/wood-header-etnatao.png\"><img loading=\"lazy\" decoding=\"async\" class=\"aligncenter\" title=\"wood-header-etnatao\" src=\"http:\/\/etnatao.files.wordpress.com\/2000\/07\/wood-header-etnatao.png\" alt=\"\" width=\"355\" height=\"38\" \/><\/a><\/span><\/p>\n<\/div>\n<\/div>\n<div style=\"text-align: center;\">\n<h4><span style=\"color: #008000;\"><strong>Tat Tvam Asi<\/strong><\/span><\/h4>\n<div>\n<h4><span style=\"color: #008000;\">\u0924\u0924\u094d \u0924\u094d\u0935\u092e\u094d \u0905\u0938\u093f<\/span><\/h4>\n<\/div>\n<\/div>\n<div>\n<h4 style=\"text-align: center;\"><span style=\"color: #008000;\">\u2013 Tutti i diritti riservati &#8211;<\/span><\/h4>\n<\/div>\n<h4><\/h4>\n<div><\/div>\n<\/div>\n<div>\n<h4 style=\"text-align: center;\"><\/h4>\n<\/div>\n<h1 style=\"text-align: center;\"><span style=\"font-size: small; color: #008000;\"><span style=\"font-size: 13px; letter-spacing: normal; line-height: 19px;\"><span style=\"font-size: xx-large;\"><span style=\"font-size: 35px; font-weight: 900; letter-spacing: -1px; line-height: 35px;\">\u00a0<\/span><\/span><\/span><\/span><\/h1>\n\n<!-- Facebook Like Button v1.9.6 BEGIN [http:\/\/blog.bottomlessinc.com] -->\n<iframe src=\"http:\/\/www.facebook.com\/plugins\/like.php?href=https%3A%2F%2Fetnatao.com%2Fit%2F&amp;layout=standard&amp;show_faces=false&amp;width=450&amp;action=like&amp;colorscheme=light\" scrolling=\"no\" frameborder=\"0\" allowTransparency=\"true\" style=\"border:none; overflow:hidden; width:450px; height: 30px; align: left; margin: 2px 0px 2px 0px\"><\/iframe>\n<!-- Facebook Like Button END -->\n","protected":false},"excerpt":{"rendered":"<p>Escursioni naturalistiche sull&#8217;Etna guidate da una guida naturalistica laureata in geologia Tutelare l&#8217;ambiente attraverso il turismo sostenibile ed attivit\u00e0 escursionistiche ecologicamente compatibili Facebook\u00a0\u00a0TripAdvisor\u00a0\u00a0Linkedin\u00a0\u00a0Youtube\u00a0 \u00a0Blog \u00a0 Sin dal suo inizio questo progetto si \u00e8 stato orientato verso un turismo sostenibile con una solida base sull&#8217;ecologia, le scienze naturali e l&#8217;etica. Non si tratta di una attivit\u00e0 del turismo di massa, ma una proposta che si rivolge a individui, un&#8217;esperienza sia culturale che escursionistica, che esercita il minimo impatto possibile sul fragile ecosistema dell&#8217;Etna e che si rivolge a viaggiatori, amanti della natura, fotografi, ecologi, escursionisti e spiriti liberi. &gt;&gt; L&#8217;Etna \u00e8 il vulcano pi\u00f9 alto dell&#8217;Europa continentale, uno dei vulcani pi\u00f9&hellip;<\/p>\n","protected":false},"author":2,"featured_media":0,"parent":0,"menu_order":0,"comment_status":"closed","ping_status":"closed","template":"","meta":{"footnotes":""},"class_list":["post-3181","page","type-page","status-publish","hentry"],"aioseo_notices":[],"jetpack_sharing_enabled":true,"jetpack_shortlink":"https:\/\/wp.me\/P1dvPV-Pj","_links":{"self":[{"href":"https:\/\/etnatao.com\/it\/wp-json\/wp\/v2\/pages\/3181\/"}],"collection":[{"href":"https:\/\/etnatao.com\/it\/wp-json\/wp\/v2\/pages\/"}],"about":[{"href":"https:\/\/etnatao.com\/it\/wp-json\/wp\/v2\/types\/page\/"}],"author":[{"embeddable":true,"href":"https:\/\/etnatao.com\/it\/wp-json\/wp\/v2\/users\/2\/"}],"replies":[{"embeddable":true,"href":"https:\/\/etnatao.com\/it\/wp-json\/wp\/v2\/comments\/?post=3181"}],"version-history":[{"count":16,"href":"https:\/\/etnatao.com\/it\/wp-json\/wp\/v2\/pages\/3181\/revisions\/"}],"predecessor-version":[{"id":13888,"href":"https:\/\/etnatao.com\/it\/wp-json\/wp\/v2\/pages\/3181\/revisions\/13888\/"}],"wp:attachment":[{"href":"https:\/\/etnatao.com\/it\/wp-json\/wp\/v2\/media\/?parent=3181"}],"curies":[{"name":"wp","href":"https:\/\/api.w.org\/{rel}","templated":true}]}}