{"id":3058,"date":"2017-01-19T09:18:28","date_gmt":"2017-01-19T08:18:28","guid":{"rendered":"http:\/\/etnatao.com\/?page_id=3058\/"},"modified":"2017-03-14T07:22:02","modified_gmt":"2017-03-14T06:22:02","slug":"patrimonio-umanita","status":"publish","type":"page","link":"https:\/\/etnatao.com\/it\/patrimonio-umanita\/","title":{"rendered":"Etna Unesco"},"content":{"rendered":"\n<!-- Facebook Like Button v1.9.6 BEGIN [http:\/\/blog.bottomlessinc.com] -->\n<iframe src=\"http:\/\/www.facebook.com\/plugins\/like.php?href=https%3A%2F%2Fetnatao.com%2Fit%2Fpatrimonio-umanita%2F&amp;layout=standard&amp;show_faces=false&amp;width=450&amp;action=like&amp;colorscheme=light\" scrolling=\"no\" frameborder=\"0\" allowTransparency=\"true\" style=\"border:none; overflow:hidden; width:450px; height: 30px; align: left; margin: 2px 0px 2px 0px\"><\/iframe>\n<!-- Facebook Like Button END -->\n<h2 style=\"text-align: center;\"><\/h2>\n<div><span style=\"color: #339966;\"><a style=\"color: #339966;\" href=\"https:\/\/etnatao.com\/wp-content\/uploads\/2010\/07\/NEW-ETNATAO-WEBSITE.jpg\"><img loading=\"lazy\" decoding=\"async\" class=\"wp-image-1853 aligncenter\" src=\"https:\/\/etnatao.com\/wp-content\/uploads\/2010\/07\/NEW-ETNATAO-WEBSITE.jpg\" alt=\"NEW ETNATAO WEBSITE\" width=\"417\" height=\"214\" \/><\/a><\/span><\/div>\n<div style=\"text-align: center;\"><span style=\"color: #008000;\"><b><i><strong><a style=\"color: #008000;\" href=\"https:\/\/www.facebook.com\/Etnatao\">Facebook<\/a>\u00a0<\/strong><\/i><strong>\u00a0<\/strong><\/b><em><strong><a style=\"color: #008000;\" href=\"http:\/\/www.tripadvisor.co.uk\/Attraction_Review-g2440593-d6613405-Reviews-Etnatao_Naturalistic_Excursion_on_Mt_Etna-Province_of_Catania_Sicily.html\">TripAdvisor<\/a>\u00a0<\/strong><\/em><b><i><strong>\u00a0<a style=\"color: #008000;\" href=\"https:\/\/www.linkedin.com\/pub\/carmelo-giuffrida\/41\/25a\/8b2\">Linkedin<\/a>\u00a0\u00a0<a style=\"color: #008000;\" href=\"http:\/\/www.youtube.com\/user\/etnatao\/videos\">Youtube<\/a>\u00a0 \u00a0<a style=\"color: #008000;\" href=\"http:\/\/etnatao.wordpress.com\/\">Blog<\/a><\/strong><\/i><\/b><\/span><\/div>\n<div style=\"text-align: center;\"><\/div>\n<div style=\"text-align: center;\">\n<h2><span style=\"color: #008000;\"><strong>\u00a0Etna Patrimonio dell&#8217;Umanit\u00e0<br \/>\n<\/strong><\/span><\/h2>\n<p><span style=\"color: #008000;\"><strong>Proteggere l&#8217;ambiente attraverso il turismo sostenibile<\/strong><\/span><\/p>\n<p><span style=\"color: #008000;\"><strong>ed attivit\u00e0 escursionistiche ecologicamente responsabili<\/strong><\/span><\/p>\n<p>&nbsp;<\/p>\n<p style=\"text-align: left;\"><span style=\"color: #008000;\"><strong>Il 21 giugno 2013, la\u00a0trentasettesima sessione del Comitato dell&#8217;Unesco, ha ammesso l&#8217;Etna nella lista dei beni che costituiscono il patrimonio dell&#8217;umanit\u00e0.<\/strong><\/span><\/p>\n<p style=\"text-align: left;\"><span style=\"color: #339966;\">\u00a0<\/span><\/p>\n<\/div>\n<div style=\"text-align: justify;\"><span style=\"color: #008000;\"><strong>L&#8217;Etna si trova sulla costa orientale della Sicilia e comprende 19,237 ettari disabitati sulla parte pi\u00f9 alta del vulcano. E&#8217;\u00a0la montagna pi\u00f9 alta delle isole del Mediterraneo ed \u00e8 anche lo\u00a0stratovulcano pi\u00f9 attivo del mondo. La storia eruttiva del vulcano pu\u00f2 essere fatta risalire a circa 500.000 anni eesi hanno almeno 2.700 anni di questa attivit\u00e0 documentati storicamente. L&#8217;attivit\u00e0 eruttiva quasi permanente\u00a0dell&#8217;Etna continua a influenzare la vulcanologia, geofisica e di altre discipline scientifiche. Il vulcano supporta anche importanti ecosistemi terrestri compresi flora e fauna endemiche e la sua attivit\u00e0 lo rende un laboratorio naturale per lo studio dei processi ecologici e biologici. Le varie ed interessanti caratteristiche vulcanologiche come i cinque crateri sommitali, i numerosi crateri laterali, le innumerevoli colate laviche e la depressione Valle del Bove, hanno reso questo sito una destinazione privilegiata per la ricerca e l&#8217;istruzione.<\/strong><\/span><\/div>\n<div style=\"text-align: center;\"><strong><span style=\"color: #008000;\">\u00a0<\/span><\/strong><\/div>\n<div style=\"text-align: center;\"><strong><span style=\"color: #008000;\"><iframe loading=\"lazy\" title=\"Spot ETNA PATRIMONIO UNESCO\" width=\"500\" height=\"281\" src=\"https:\/\/www.youtube.com\/embed\/EeQM0raRhp0?start=7&feature=oembed\" frameborder=\"0\" allow=\"accelerometer; autoplay; clipboard-write; encrypted-media; gyroscope; picture-in-picture; web-share\" referrerpolicy=\"strict-origin-when-cross-origin\" allowfullscreen><\/iframe><\/span><\/strong><\/div>\n<div style=\"text-align: center;\"><strong><span style=\"color: #008000;\">\u00a0<\/span><\/strong><\/div>\n<div style=\"text-align: center;\">\n<p style=\"text-align: left;\"><strong><span style=\"color: #008000;\">whc.unesco.org<\/span><\/strong><\/p>\n<div>\n<div>\n<p><a href=\"https:\/\/etnatao.com\/wp-content\/uploads\/2010\/07\/The-Four-Elements1.jpg\"><img loading=\"lazy\" decoding=\"async\" class=\"aligncenter\" title=\"The Four Elements\" src=\"https:\/\/etnatao.com\/wp-content\/uploads\/2010\/07\/The-Four-Elements1.jpg\" alt=\"\" width=\"348\" height=\"134\" \/><\/a><\/p>\n<p><a href=\"http:\/\/etnatao.files.wordpress.com\/2000\/07\/wood-header-etnatao.png\"><img loading=\"lazy\" decoding=\"async\" class=\"aligncenter\" title=\"wood-header-etnatao\" src=\"http:\/\/etnatao.files.wordpress.com\/2000\/07\/wood-header-etnatao.png\" alt=\"\" width=\"355\" height=\"38\" \/><\/a><\/p>\n<\/div>\n<\/div>\n<div>\n<h4><span style=\"color: #008000;\"><strong>Tat Tvam Asi<\/strong><\/span><\/h4>\n<div>\n<h4><span style=\"color: #008000;\">\u0924\u0924\u094d \u0924\u094d\u0935\u092e\u094d \u0905\u0938\u093f<\/span><\/h4>\n<\/div>\n<\/div>\n<div>\n<h4><span style=\"color: #008000;\">\u2013 Tutti i diritti riservati \u2013<\/span><\/h4>\n<\/div>\n<\/div>\n\n<!-- Facebook Like Button v1.9.6 BEGIN [http:\/\/blog.bottomlessinc.com] -->\n<iframe src=\"http:\/\/www.facebook.com\/plugins\/like.php?href=https%3A%2F%2Fetnatao.com%2Fit%2Fpatrimonio-umanita%2F&amp;layout=standard&amp;show_faces=false&amp;width=450&amp;action=like&amp;colorscheme=light\" scrolling=\"no\" frameborder=\"0\" allowTransparency=\"true\" style=\"border:none; overflow:hidden; width:450px; height: 30px; align: left; margin: 2px 0px 2px 0px\"><\/iframe>\n<!-- Facebook Like Button END -->\n","protected":false},"excerpt":{"rendered":"<p>Facebook\u00a0\u00a0TripAdvisor\u00a0\u00a0Linkedin\u00a0\u00a0Youtube\u00a0 \u00a0Blog \u00a0Etna Patrimonio dell&#8217;Umanit\u00e0 Proteggere l&#8217;ambiente attraverso il turismo sostenibile ed attivit\u00e0 escursionistiche ecologicamente responsabili &nbsp; Il 21 giugno 2013, la\u00a0trentasettesima sessione del Comitato dell&#8217;Unesco, ha ammesso l&#8217;Etna nella lista dei beni che costituiscono il patrimonio dell&#8217;umanit\u00e0. \u00a0 L&#8217;Etna si trova sulla costa orientale della Sicilia e comprende 19,237 ettari disabitati sulla parte pi\u00f9 alta del vulcano. E&#8217;\u00a0la montagna pi\u00f9 alta delle isole del Mediterraneo ed \u00e8 anche lo\u00a0stratovulcano pi\u00f9 attivo del mondo. La storia eruttiva del vulcano pu\u00f2 essere fatta risalire a circa 500.000 anni eesi hanno almeno 2.700 anni di questa attivit\u00e0 documentati storicamente. L&#8217;attivit\u00e0 eruttiva quasi permanente\u00a0dell&#8217;Etna continua a influenzare la vulcanologia, geofisica e di altre&hellip;<\/p>\n","protected":false},"author":2,"featured_media":0,"parent":0,"menu_order":5,"comment_status":"closed","ping_status":"closed","template":"","meta":{"footnotes":""},"class_list":["post-3058","page","type-page","status-publish","hentry"],"aioseo_notices":[],"jetpack_sharing_enabled":true,"jetpack_shortlink":"https:\/\/wp.me\/P1dvPV-Nk","_links":{"self":[{"href":"https:\/\/etnatao.com\/it\/wp-json\/wp\/v2\/pages\/3058\/"}],"collection":[{"href":"https:\/\/etnatao.com\/it\/wp-json\/wp\/v2\/pages\/"}],"about":[{"href":"https:\/\/etnatao.com\/it\/wp-json\/wp\/v2\/types\/page\/"}],"author":[{"embeddable":true,"href":"https:\/\/etnatao.com\/it\/wp-json\/wp\/v2\/users\/2\/"}],"replies":[{"embeddable":true,"href":"https:\/\/etnatao.com\/it\/wp-json\/wp\/v2\/comments\/?post=3058"}],"version-history":[{"count":4,"href":"https:\/\/etnatao.com\/it\/wp-json\/wp\/v2\/pages\/3058\/revisions\/"}],"predecessor-version":[{"id":3417,"href":"https:\/\/etnatao.com\/it\/wp-json\/wp\/v2\/pages\/3058\/revisions\/3417\/"}],"wp:attachment":[{"href":"https:\/\/etnatao.com\/it\/wp-json\/wp\/v2\/media\/?parent=3058"}],"curies":[{"name":"wp","href":"https:\/\/api.w.org\/{rel}","templated":true}]}}