{"id":2966,"date":"2016-12-27T13:26:55","date_gmt":"2016-12-27T12:26:55","guid":{"rendered":"http:\/\/etnatao.com\/?page_id=2966\/"},"modified":"2019-06-17T21:45:11","modified_gmt":"2019-06-17T20:45:11","slug":"flora","status":"publish","type":"page","link":"https:\/\/etnatao.com\/it\/flora\/","title":{"rendered":"Flora"},"content":{"rendered":"\n<!-- Facebook Like Button v1.9.6 BEGIN [http:\/\/blog.bottomlessinc.com] -->\n<iframe src=\"http:\/\/www.facebook.com\/plugins\/like.php?href=https%3A%2F%2Fetnatao.com%2Fit%2Fflora%2F&amp;layout=standard&amp;show_faces=false&amp;width=450&amp;action=like&amp;colorscheme=light\" scrolling=\"no\" frameborder=\"0\" allowTransparency=\"true\" style=\"border:none; overflow:hidden; width:450px; height: 30px; align: left; margin: 2px 0px 2px 0px\"><\/iframe>\n<!-- Facebook Like Button END -->\n<h2 style=\"text-align: center;\"><span style=\"color: #008000;\"><a style=\"color: #008000;\" href=\"https:\/\/etnatao.com\/wp-content\/uploads\/2016\/03\/DSC_8236-copy.jpg\" rel=\"attachment wp-att-2596\"><br \/>\n<\/a><a style=\"color: #008000;\" href=\"https:\/\/etnatao.com\/wp-content\/uploads\/2010\/07\/NEW-ETNATAO-WEBSITE.jpg\"><img loading=\"lazy\" decoding=\"async\" class=\"wp-image-1853\" src=\"https:\/\/etnatao.com\/wp-content\/uploads\/2010\/07\/NEW-ETNATAO-WEBSITE.jpg\" alt=\"NEW ETNATAO WEBSITE\" width=\"431\" height=\"233\" \/><\/a><\/span><\/h2>\n<div style=\"text-align: center;\"><span style=\"color: #008000;\"><strong><a style=\"color: #008000;\" href=\"http:\/www.facebook.com\/Etnatao\">Facebook<\/a>\u00a0\u00a0<strong><a style=\"color: #008000;\" href=\"http:\/\/www.tripadvisor.co.uk\/Attraction_Review-g2440593-d6613405-Reviews-Etnatao_Naturalistic_Excursion_on_Mt_Etna-Province_of_Catania_Sicily.html\">TripAdvisor<\/a><i>\u00a0<\/i><\/strong>\u00a0<a style=\"color: #008000;\" href=\"www.linkedin.com\/pub\/carmelo-giuffrida\/41\/25a\/8b2\">Linkedin<\/a>\u00a0\u00a0<a style=\"color: #008000;\" href=\"http:\/\/www.youtube.com\/user\/etnatao\/videos\">Youtube<\/a>\u00a0 \u00a0<a style=\"color: #008000;\" href=\"http:\/\/http:\/\/etnatao.wordpress.com\/\">Blog<\/a><\/strong>\u00a0<\/span><\/div>\n<h2 style=\"text-align: center;\"><span style=\"color: #008000;\"><strong>Flora dell&#8217;Etna<\/strong><\/span><\/h2>\n<p style=\"text-align: justify;\"><span style=\"color: #008000;\"><strong>L&#8217;Etna \u00e8 \u00a0una delle aree di maggiore interesse naturalistico del bacino del Mediterraneo.\u00a0Solitamente si pensa alle aree vulcaniche come luoghi desertici dove la vegetazione \u00e8 molto scarsa o\u00a0assente. Anche da questo punto di vista questo\u00a0vulcano possiede\u00a0delle unicit\u00e0 per la ricchezza del suo lato botanico.<\/strong><\/span><\/p>\n<p style=\"text-align: justify;\"><span style=\"color: #008000;\"><strong>Innanzitutto l&#8217;Etna\u00a0<\/strong><strong>presenta vaste aree coperte da vegetazione, nonostante gran parte del territorio sia\u00a0spesso attraversata da colate laviche\u00a0che distruggono ogni cosa che si trova sul loro cammino. I vulcani delle medie latitudini di solito non hanno estese aree verdi. Al contrario in alcuni versanti dell&#8217;Etna il paesaggio vegetale \u00e8 cos\u00ec rigoglioso da ricordare quello di alcuni vulcani tropicali. Il contrasto tra il verde dei boschi e le scure colate\u00a0laviche recenti crea un paesaggio unico, suggestivo e surreale.\u00a0Inoltre questo vulcano offre una grande diversit\u00e0 botanica che si manifesta verticalmente con le variazioni altimetriche, ma anche orizzontalmente passando da un versante all&#8217;altro del vulcano.<\/strong><\/span><\/p>\n<div style=\"text-align: center;\"><span style=\"color: #008000;\">\u00a0<\/span><\/div>\n<div style=\"text-align: center;\">\n<p style=\"text-align: justify;\"><span style=\"color: #008000;\"><a style=\"color: #008000;\" href=\"https:\/\/etnatao.com\/wp-content\/uploads\/2016\/02\/DSC_6411-copy.jpg\" rel=\"attachment wp-att-2590\"><img loading=\"lazy\" decoding=\"async\" class=\"aligncenter wp-image-2590\" src=\"https:\/\/etnatao.com\/wp-content\/uploads\/2016\/02\/DSC_6411-copy-1024x681.jpg\" alt=\"DSC_6411 copy\" width=\"481\" height=\"320\" srcset=\"https:\/\/etnatao.com\/wp-content\/uploads\/2016\/02\/DSC_6411-copy-1024x681.jpg 1024w, https:\/\/etnatao.com\/wp-content\/uploads\/2016\/02\/DSC_6411-copy-300x199.jpg 300w, https:\/\/etnatao.com\/wp-content\/uploads\/2016\/02\/DSC_6411-copy-768x511.jpg 768w, https:\/\/etnatao.com\/wp-content\/uploads\/2016\/02\/DSC_6411-copy-150x100.jpg 150w\" sizes=\"auto, (max-width: 481px) 100vw, 481px\" \/><\/a><\/span><\/p>\n<p style=\"text-align: justify;\"><span style=\"color: #008000;\"><img loading=\"lazy\" decoding=\"async\" class=\"aligncenter wp-image-2596\" src=\"https:\/\/etnatao.com\/wp-content\/uploads\/2016\/03\/DSC_8236-copy-1024x680.jpg\" alt=\"DSC_8236 copy\" width=\"480\" height=\"319\" srcset=\"https:\/\/etnatao.com\/wp-content\/uploads\/2016\/03\/DSC_8236-copy-1024x680.jpg 1024w, https:\/\/etnatao.com\/wp-content\/uploads\/2016\/03\/DSC_8236-copy-300x199.jpg 300w, https:\/\/etnatao.com\/wp-content\/uploads\/2016\/03\/DSC_8236-copy-768x510.jpg 768w, https:\/\/etnatao.com\/wp-content\/uploads\/2016\/03\/DSC_8236-copy-150x100.jpg 150w, https:\/\/etnatao.com\/wp-content\/uploads\/2016\/03\/DSC_8236-copy.jpg 1800w\" sizes=\"auto, (max-width: 480px) 100vw, 480px\" \/><\/span><\/p>\n<h5><span style=\"color: #008000;\"><strong>Estese stagioni di fioriture<\/strong><\/span><\/h5>\n<\/div>\n<div style=\"text-align: center;\">\n<p style=\"text-align: justify;\"><span style=\"color: #008000;\"><strong>Se pensate che il paesaggio di un vulcano come\u00a0una monotona successione di deserti di lava, sarete sorpresi dai colori\u00a0del paesaggio dell&#8217;Etna! In realt\u00e0 vi \u00e8 un periodo molto esteso di fioriture che si presenta\u00a0in diverse stagioni a diverse altitudini, quindi gran parte dell&#8217;anno questo vulcano si pu\u00f2 vedere ornato dai bellissimi colori delle fioriture.\u00a0Inoltre durante la stagione autunnale, il vulcano mostra un&#8217;incantevole esibizione di colori quando le foglie degli alberi decidui mostrano una colorata e cangiante tavolozza di colori che variano dal giallo, all&#8217;arancione e al rosso.<\/strong><\/span><\/p>\n<p style=\"text-align: justify;\"><span style=\"color: #008000;\"><img loading=\"lazy\" decoding=\"async\" class=\"aligncenter wp-image-2592\" src=\"https:\/\/etnatao.com\/wp-content\/uploads\/2016\/03\/etnatao-etna-excursions.jpg\" alt=\"etnatao-etna-excursions\" width=\"483\" height=\"322\" srcset=\"https:\/\/etnatao.com\/wp-content\/uploads\/2016\/03\/etnatao-etna-excursions.jpg 960w, https:\/\/etnatao.com\/wp-content\/uploads\/2016\/03\/etnatao-etna-excursions-300x200.jpg 300w, https:\/\/etnatao.com\/wp-content\/uploads\/2016\/03\/etnatao-etna-excursions-768x512.jpg 768w, https:\/\/etnatao.com\/wp-content\/uploads\/2016\/03\/etnatao-etna-excursions-150x100.jpg 150w\" sizes=\"auto, (max-width: 483px) 100vw, 483px\" \/><\/span><\/p>\n<p style=\"text-align: justify;\"><span style=\"color: #008000;\"><img loading=\"lazy\" decoding=\"async\" class=\"aligncenter wp-image-2467\" src=\"https:\/\/etnatao.com\/wp-content\/uploads\/2016\/02\/DSC_5097-copy-1024x680.jpg\" alt=\"DSC_5097 copy\" width=\"484\" height=\"322\" \/><\/span><\/p>\n<h3><span style=\"color: #008000;\"><strong>Numerosi endemismi<\/strong><\/span><\/h3>\n<\/div>\n<p style=\"text-align: justify;\"><span style=\"color: #008000;\"><strong>L&#8217;Etna \u00e8 anche ricco di specie endemiche. Ricordiamo che delle specie vegetali vengono definite endemiche quando sono proprie ed esclusive di un territorio circoscritto e non sono presenti altrove.\u00a0Il dinamismo di questo vulcano ha formato\u00a0degli habitat cos\u00ec estremi ed unici che molte piante ed alberi hanno dovuto cambiare le loro caratteristiche per adattarsi e sopravvivere, trasformandosi in specie esistenti solamente all&#8217;interno di questo\u00a0parco. Durante una escursione naturalistica saremo lieti di mostrarvi alcuni degli endemismi del parco e vi forniremo informazioni dettagliate su di essi. <\/strong><\/span><\/p>\n<p style=\"text-align: justify;\"><span style=\"color: #008000;\"><strong>Ecco alcuni esempi:<\/strong><\/span><br \/>\n<span style=\"color: #008000;\"> <strong>L&#8217;\u00a0<em>Anthemis aetnensis<\/em> ed il <em>Senecio aetnensis<\/em>,\u00a0due\u00a0interessanti piante endemiche,\u00a0pioniere d&#8217;altitudine, le uniche in grado di sopravvivere incredibilmente fino a 3050 m. al di sopra del livello del mare, all&#8217;interno della cosiddetta &#8220;zona di contesa&#8221;, dove le condizioni sono cos\u00ec estreme da non permettere nessun&#8217;altra forma di vita vegetale. Vale la pena di essere ricordato anche il <em>Rumex aetnensis<\/em>, il Cerastium aetneum, il <em>Berberis aetnensis<\/em>, lo\u00a0<em>Sclerantus aetnens<\/em>is, la <em>Violaa aetnensis<\/em> , etc.<\/strong><\/span><\/p>\n<div style=\"text-align: center;\">\n<p style=\"text-align: justify;\"><span style=\"color: #008000;\"><a style=\"color: #008000;\" href=\"https:\/\/etnatao.com\/wp-content\/uploads\/2016\/03\/DSC_3404-copy.jpg\" rel=\"attachment wp-att-2594\"><img loading=\"lazy\" decoding=\"async\" class=\"aligncenter wp-image-2594\" src=\"https:\/\/etnatao.com\/wp-content\/uploads\/2016\/03\/DSC_3404-copy-1024x680.jpg\" alt=\"DSC_3404 copy\" width=\"535\" height=\"356\" srcset=\"https:\/\/etnatao.com\/wp-content\/uploads\/2016\/03\/DSC_3404-copy-1024x680.jpg 1024w, https:\/\/etnatao.com\/wp-content\/uploads\/2016\/03\/DSC_3404-copy-300x199.jpg 300w, https:\/\/etnatao.com\/wp-content\/uploads\/2016\/03\/DSC_3404-copy-768x510.jpg 768w, https:\/\/etnatao.com\/wp-content\/uploads\/2016\/03\/DSC_3404-copy-150x100.jpg 150w\" sizes=\"auto, (max-width: 535px) 100vw, 535px\" \/><\/a><\/span><\/p>\n<p style=\"text-align: justify;\"><span style=\"color: #008000;\"><img loading=\"lazy\" decoding=\"async\" class=\"aligncenter wp-image-2463\" src=\"https:\/\/etnatao.com\/wp-content\/uploads\/2016\/02\/DSC_3369-copy-1024x680.jpg\" alt=\"DSC_3369 copy\" width=\"539\" height=\"358\" \/><\/span><\/p>\n<h3><span style=\"color: #008000;\"><strong>Distribuzione altimetrica della vegetazione<\/strong><\/span><\/h3>\n<p style=\"text-align: justify;\"><span style=\"color: #008000;\"><strong>La variet\u00e0 della flora dell&#8217;Etna rispecchia la presenza di diverse zone climatiche che vanno dal livello del mare fino alla vetta.<\/strong><\/span><\/p>\n<p><span style=\"text-decoration: underline; color: #008000;\"><strong><a style=\"color: #008000; text-decoration: underline;\" href=\"https:\/\/etnatao.com\/wp-content\/uploads\/2016\/03\/Screen-Shot-2016-02-22-at-11.30.22-AM.png\" rel=\"attachment wp-att-2593\"><img loading=\"lazy\" decoding=\"async\" class=\"aligncenter size-full wp-image-2593\" src=\"https:\/\/etnatao.com\/wp-content\/uploads\/2016\/03\/Screen-Shot-2016-02-22-at-11.30.22-AM.png\" alt=\"Screen Shot 2016-02-22 at 11.30.22 AM\" width=\"427\" height=\"374\" srcset=\"https:\/\/etnatao.com\/wp-content\/uploads\/2016\/03\/Screen-Shot-2016-02-22-at-11.30.22-AM.png 427w, https:\/\/etnatao.com\/wp-content\/uploads\/2016\/03\/Screen-Shot-2016-02-22-at-11.30.22-AM-300x263.png 300w, https:\/\/etnatao.com\/wp-content\/uploads\/2016\/03\/Screen-Shot-2016-02-22-at-11.30.22-AM-150x131.png 150w\" sizes=\"auto, (max-width: 427px) 100vw, 427px\" \/><\/a><\/strong><\/span><\/p>\n<\/div>\n<p style=\"text-align: justify;\"><span style=\"color: #008000;\"><strong><span style=\"text-decoration: underline;\">Zona Basale-Mediterranea (da 0 a 1400 m.)<\/span>. Questa \u00e8 l&#8217;area con la pi\u00f9 grande diversit\u00e0 botanica che si estende dalla <em>macchia mediterranea ed evolve in boschi di Lecci (Quercus hilex), Castagni (Castanea sativa), Querce caducifoglie (per lo pi\u00f9 Quercus pubescens)<\/em> e la ginestra dell&#8217;Etna\u00a0<em>Genista aetnensis<\/em>. Di solito viene\u00a0diviso in tre diverse zone: termomediterranea, mesomediterranea e supramediterranea.<\/strong><\/span><\/p>\n<p style=\"text-align: justify;\"><span style=\"color: #008000;\"><strong>Segue la\u00a0zona\u00a0<em><span style=\"text-decoration: underline;\">Mediterranea di montagna<\/span><\/em> (dai 1400 ai 2000\/2200 m.) che arriva fino al limite altitudinale del bosco. In questa area si trova un\u00a0bosco\u00a0molto particolare, un <em>&#8220;relitto glaciale&#8221;<\/em> che \u00e8 sopravvissuto alla glaciazione\u00a0del <em>W\u00fcrm<\/em> (che si \u00e8 conclusa circa 10k anni fa) e che poi si \u00e8 evoluto in maniera\u00a0indipendente. Qui si trova il\u00a0<em>Pinus nigra laricio<\/em>, albero originariamente tipico delle grandi foreste pre-glaciali d&#8217;Europa, che durante l&#8217;ultima glaciazione ha migrato verso sud. Oggi \u00e8 presente solo qui in Corsica e in Calabria. Vi \u00e8 il faggio (F<em>agus sylvatica<\/em>), un altro relitto glaciale, che ha una grande rilevanza botanica perch\u00e9 il bosco di faggio qui raggiunge la latitudine pi\u00f9 bassa ed al tempo stesso la pi\u00f9 alta quota d&#8217;Europa! C&#8217;\u00e8 anche la betulla endemica dell&#8217;Etna (<em>Betula aetnensis<\/em>) il terzo relitto glaciale che ha trovato rifugio intorno al vulcano durante l&#8217;ultima era glaciale e poi si \u00e8 evoluto in un modo cos\u00ec diverso che si trova solo intorno a questo territorio vulcanico.<\/strong><\/span><\/p>\n<p style=\"text-align: justify;\"><span style=\"color: #008000;\"><strong>Salendo ancora di\u00a0quota troviamo la <em><span style=\"text-decoration: underline;\">zona Altomediterranea<\/span><\/em> che si estende dal limite della vegetazione arborea (circa 2000 m.) fino al limite altitudinale di\u00a0sopravvivenza delle piante pioniere (3050 m.), l&#8217;inizio del\u00a0 deserto vulcanico d alta quota. Dalla quota dove gli alberi non trovano pi\u00f9 le condizioni per sopravvivere, inizia una straordinaria fascia di vegetazione con delle\u00a0piante endemiche molto specializzate simile ad un paesaggio steppico, l&#8217;<em>Astragaletum Siculi.<\/em>\u00a0Una habitat simile \u00e8 cos\u00ec peculiare che non si trova in nessun&#8217;altra parte del mondo! Il nome deriva dalla pianta endemica <em>Astragalus siculus<\/em> che forma i cosiddetti <em>pulvini<\/em>, dei tipici e bassi cespugli spinosi.\u00a0<\/strong><\/span><\/p>\n<p style=\"text-align: justify;\"><span style=\"color: #008000;\"><strong>Sopra i 2500 m. fino al 3050 si trova la cosiddetta <em><span style=\"text-decoration: underline;\">Area di contesa<\/span>, dove<\/em> la vegetazione diventa sempre pi\u00f9 rada e quando ci si avvicina al limite altimetrico di questa zona, si ritrova solo alcune eroiche piante endemiche pioniere che riescono sopravvivere sfidando persino l&#8217;habitat pi\u00f9 estremo dell&#8217;Etna. <\/strong><\/span><\/p>\n<p style=\"text-align: justify;\"><span style=\"color: #008000;\"><strong>Al di sopra\u00a0questo limite si trova il <em><span style=\"text-decoration: underline;\">Deserto lavico d&#8217;alta quota<\/span><\/em>\u00a0, dove la straordinaria energia di questo vulcano si esprime in un modo cos\u00ec estremo che ogni forma di vita vegetale \u00e8 impossibile.<\/strong><\/span><\/p>\n<h4 style=\"text-align: center;\"><span style=\"color: #008000;\"><strong>Tat Tvam Asi<\/strong><\/span><\/h4>\n<div>\n<h4 style=\"text-align: center;\"><span style=\"color: #008000;\">\u0924\u0924\u094d \u0924\u094d\u0935\u092e\u094d \u0905\u0938\u093f<\/span><\/h4>\n<p><span style=\"color: #008000;\"><a style=\"color: #008000;\" href=\"https:\/\/etnatao.com\/wp-content\/uploads\/2010\/07\/The-Four-Elements1.jpg\"><img loading=\"lazy\" decoding=\"async\" class=\"aligncenter\" title=\"The Four Elements\" src=\"https:\/\/etnatao.com\/wp-content\/uploads\/2010\/07\/The-Four-Elements1.jpg\" alt=\"\" width=\"348\" height=\"134\" \/><\/a><\/span><\/p>\n<p><span style=\"color: #008000;\"><a style=\"color: #008000;\" href=\"http:\/\/etnatao.files.wordpress.com\/2000\/07\/wood-header-etnatao.png\"><img loading=\"lazy\" decoding=\"async\" class=\"aligncenter\" title=\"wood-header-etnatao\" src=\"http:\/\/etnatao.files.wordpress.com\/2000\/07\/wood-header-etnatao.png\" alt=\"\" width=\"355\" height=\"38\" \/><\/a><\/span><\/p>\n<h3 style=\"text-align: center;\"><span style=\"color: #008000;\"><strong>\u2013 All rights reserved \u2013<\/strong><\/span><\/h3>\n<\/div>\n<p style=\"text-align: justify;\"><span style=\"color: #008000;\">\u00a0<\/span><\/p>\n\n<!-- Facebook Like Button v1.9.6 BEGIN [http:\/\/blog.bottomlessinc.com] -->\n<iframe src=\"http:\/\/www.facebook.com\/plugins\/like.php?href=https%3A%2F%2Fetnatao.com%2Fit%2Fflora%2F&amp;layout=standard&amp;show_faces=false&amp;width=450&amp;action=like&amp;colorscheme=light\" scrolling=\"no\" frameborder=\"0\" allowTransparency=\"true\" style=\"border:none; overflow:hidden; width:450px; height: 30px; align: left; margin: 2px 0px 2px 0px\"><\/iframe>\n<!-- Facebook Like Button END -->\n","protected":false},"excerpt":{"rendered":"<p>Facebook\u00a0\u00a0TripAdvisor\u00a0\u00a0Linkedin\u00a0\u00a0Youtube\u00a0 \u00a0Blog\u00a0 Flora dell&#8217;Etna L&#8217;Etna \u00e8 \u00a0una delle aree di maggiore interesse naturalistico del bacino del Mediterraneo.\u00a0Solitamente si pensa alle aree vulcaniche come luoghi desertici dove la vegetazione \u00e8 molto scarsa o\u00a0assente. Anche da questo punto di vista questo\u00a0vulcano possiede\u00a0delle unicit\u00e0 per la ricchezza del suo lato botanico. Innanzitutto l&#8217;Etna\u00a0presenta vaste aree coperte da vegetazione, nonostante gran parte del territorio sia\u00a0spesso attraversata da colate laviche\u00a0che distruggono ogni cosa che si trova sul loro cammino. I vulcani delle medie latitudini di solito non hanno estese aree verdi. Al contrario in alcuni versanti dell&#8217;Etna il paesaggio vegetale \u00e8 cos\u00ec rigoglioso da ricordare quello di alcuni vulcani tropicali. Il contrasto tra il verde&hellip;<\/p>\n","protected":false},"author":2,"featured_media":0,"parent":0,"menu_order":4,"comment_status":"closed","ping_status":"closed","template":"","meta":{"footnotes":""},"class_list":["post-2966","page","type-page","status-publish","hentry"],"aioseo_notices":[],"jetpack_sharing_enabled":true,"jetpack_shortlink":"https:\/\/wp.me\/P1dvPV-LQ","_links":{"self":[{"href":"https:\/\/etnatao.com\/it\/wp-json\/wp\/v2\/pages\/2966\/"}],"collection":[{"href":"https:\/\/etnatao.com\/it\/wp-json\/wp\/v2\/pages\/"}],"about":[{"href":"https:\/\/etnatao.com\/it\/wp-json\/wp\/v2\/types\/page\/"}],"author":[{"embeddable":true,"href":"https:\/\/etnatao.com\/it\/wp-json\/wp\/v2\/users\/2\/"}],"replies":[{"embeddable":true,"href":"https:\/\/etnatao.com\/it\/wp-json\/wp\/v2\/comments\/?post=2966"}],"version-history":[{"count":20,"href":"https:\/\/etnatao.com\/it\/wp-json\/wp\/v2\/pages\/2966\/revisions\/"}],"predecessor-version":[{"id":6860,"href":"https:\/\/etnatao.com\/it\/wp-json\/wp\/v2\/pages\/2966\/revisions\/6860\/"}],"wp:attachment":[{"href":"https:\/\/etnatao.com\/it\/wp-json\/wp\/v2\/media\/?parent=2966"}],"curies":[{"name":"wp","href":"https:\/\/api.w.org\/{rel}","templated":true}]}}