{"id":2964,"date":"2017-01-13T14:52:42","date_gmt":"2017-01-13T13:52:42","guid":{"rendered":"http:\/\/etnatao.com\/?page_id=2964\/"},"modified":"2019-06-17T22:25:45","modified_gmt":"2019-06-17T21:25:45","slug":"fauna","status":"publish","type":"page","link":"https:\/\/etnatao.com\/it\/fauna\/","title":{"rendered":"Fauna"},"content":{"rendered":"\n<!-- Facebook Like Button v1.9.6 BEGIN [http:\/\/blog.bottomlessinc.com] -->\n<iframe src=\"http:\/\/www.facebook.com\/plugins\/like.php?href=https%3A%2F%2Fetnatao.com%2Fit%2Ffauna%2F&amp;layout=standard&amp;show_faces=false&amp;width=450&amp;action=like&amp;colorscheme=light\" scrolling=\"no\" frameborder=\"0\" allowTransparency=\"true\" style=\"border:none; overflow:hidden; width:450px; height: 30px; align: left; margin: 2px 0px 2px 0px\"><\/iframe>\n<!-- Facebook Like Button END -->\n<h3 style=\"text-align: center;\"><a style=\"color: #0071bb;\" href=\"https:\/\/etnatao.com\/wp-content\/uploads\/2010\/07\/NEW-ETNATAO-WEBSITE.jpg\"><img loading=\"lazy\" decoding=\"async\" class=\"wp-image-1853\" src=\"https:\/\/etnatao.com\/wp-content\/uploads\/2010\/07\/NEW-ETNATAO-WEBSITE.jpg\" alt=\"NEW ETNATAO WEBSITE\" width=\"431\" height=\"233\" \/><\/a><\/h3>\n<div style=\"text-align: center;\"><span style=\"color: #008000;\"><strong><a style=\"color: #008000;\" href=\"http:\/www.facebook.com\/Etnatao\">Facebook<\/a>\u00a0\u00a0<a style=\"color: #008000;\" href=\"http:\/\/www.tripadvisor.co.uk\/Attraction_Review-g2440593-d6613405-Reviews-Etnatao_Naturalistic_Excursion_on_Mt_Etna-Province_of_Catania_Sicily.html\">TripAdvisor<\/a><i>\u00a0<\/i>\u00a0<a style=\"color: #008000;\" href=\"www.linkedin.com\/pub\/carmelo-giuffrida\/41\/25a\/8b2\">Linkedin<\/a>\u00a0\u00a0<a style=\"color: #008000;\" href=\"http:\/\/www.youtube.com\/user\/etnatao\/videos\">Youtube<\/a>\u00a0 \u00a0<a style=\"color: #008000;\" href=\"http:\/\/http:\/\/etnatao.wordpress.com\/\">Blog<\/a><\/strong>\u00a0<\/span><\/div>\n<h2 style=\"text-align: center;\"><span style=\"color: #008000;\"><strong>La fauna del Parco dell&#8217;Etna<\/strong><\/span><\/h2>\n<p><a href=\"https:\/\/etnatao.com\/wp-content\/uploads\/2016\/03\/gatto-selvatico-delletna-1-1.jpg\" rel=\"attachment wp-att-2580\"><img loading=\"lazy\" decoding=\"async\" class=\"aligncenter size-full wp-image-2580\" src=\"https:\/\/etnatao.com\/wp-content\/uploads\/2016\/03\/gatto-selvatico-delletna-1-1.jpg\" alt=\"gatto-selvatico-delletna-1-1\" width=\"503\" height=\"371\" srcset=\"https:\/\/etnatao.com\/wp-content\/uploads\/2016\/03\/gatto-selvatico-delletna-1-1.jpg 503w, https:\/\/etnatao.com\/wp-content\/uploads\/2016\/03\/gatto-selvatico-delletna-1-1-300x221.jpg 300w, https:\/\/etnatao.com\/wp-content\/uploads\/2016\/03\/gatto-selvatico-delletna-1-1-150x111.jpg 150w\" sizes=\"auto, (max-width: 503px) 100vw, 503px\" \/><\/a><\/p>\n<h5 style=\"text-align: center;\"><span style=\"color: #008000;\"><strong>Adattamento a un ambiente dinamico\u00a0<\/strong><\/span><\/h5>\n<p style=\"text-align: justify;\"><span style=\"color: #008000;\"><strong>In nessun altro luogo nel bacino del Mediterraneo si trova una tale variet\u00e0 di habitat come in questo parco: deserti rocciosi di colate laviche recenti, steppe, verdi foreste, prati, zone umide, fluviali e lacustri. Il clima mostra molte variazioni causate dalle grandi differenze di quota (da 0 fino a pi\u00f9 di 3300 m.), dall&#8217;esposizione e dall&#8217;umidit\u00e0. L&#8217;attivit\u00e0 dell&#8217;Etna, incessante e formidabile, d\u00e0 luogo molto spesso a bruschi marcati sia nel paesaggio come nell&#8217;equilibrio ecologico.<\/strong><\/span><\/p>\n<p style=\"text-align: justify;\"><span style=\"color: #008000;\"><strong>Questi fattori,\u00a0insieme all&#8217;isolamento geografico, hanno influenzato profondamente la fauna molto peculiare del vulcano che ha dovuto affrontare\u00a0tutte quelle variabili al fine di sopravvivere, mostrando una grande\u00a0variet\u00e0 di adattamenti ecologici. Le specie presenti intorno all&#8217;Etna provenivano da altre parti dell&#8217;isola o dalla penisola italiana e, talvolta, sono discendenti di specie che rimasero qui isolate\u00a0durante le glaciazioni.<\/strong><\/span><\/p>\n<h5 style=\"text-align: center;\"><span style=\"text-decoration: underline; color: #008000;\"><strong>Fauna e\u00a0Paleogeografia<\/strong><\/span><\/h5>\n<p style=\"text-align: justify;\"><span style=\"color: #008000;\"><strong>L&#8217;Etna \u00e8 geologicamente molto giovane, infatti solo circa 600,000 anni fa in nella zona dove oggi si erge questo grande vulcano non c&#8217;era altro che mare. Con l&#8217;inizio della attivit\u00e0 vulcanica, la baia di pre-etnea ha cominciato ad essere riempita progressivamente da prodotti vulcanici e nel tempo il territorio del vulcano \u00e8 cresciuto abbastanza da\u00a0unirsi a Nord ai monti Peloritani ed ai\u00a0Nebrodi. L&#8217;Etna per\u00f2 per lungo tempo \u00e8 rimasta separata dagli Iblei perch\u00e9 \u00e8 stata circondata dal mare sul lato meridionale e occidentale. Pertanto la fauna provenienti dalla catena montuosa settentrionale ha avuto ben presto la possibilit\u00e0 di colonizzare il vulcano, mentre il contributo da parte dell&#8217;altopiano ibleo \u00e8 avvenuto soprattutto\u00a0nel tardo Quaternario, quando i sedimenti alluvionali del fiume Simeto hanno cominciato a\u00a0riempire\u00a0anche la parte meridionale della baia preetnea. Nel corso dell&#8217;ultima glaciazione l&#8217;acqua rimasta intrappolata nella ghiacciai fece abbassare il livello del mare. Durante questo periodo la Sicilia si un\u00ec al resto della penisola italiana\u00a0consentendo la migrazione verso Sud di nuove specie animali \u00a0che\u00a0furono in grado infine di colonizzare anche il territorio etneo.<\/strong><\/span><\/p>\n<p><a href=\"https:\/\/etnatao.com\/wp-content\/uploads\/2016\/03\/etna_6-copy.jpg\" rel=\"attachment wp-att-2585\"><img loading=\"lazy\" decoding=\"async\" class=\"aligncenter wp-image-2585\" src=\"https:\/\/etnatao.com\/wp-content\/uploads\/2016\/03\/etna_6-copy.jpg\" alt=\"etna_6 copy\" width=\"514\" height=\"432\" srcset=\"https:\/\/etnatao.com\/wp-content\/uploads\/2016\/03\/etna_6-copy.jpg 629w, https:\/\/etnatao.com\/wp-content\/uploads\/2016\/03\/etna_6-copy-300x252.jpg 300w, https:\/\/etnatao.com\/wp-content\/uploads\/2016\/03\/etna_6-copy-150x126.jpg 150w\" sizes=\"auto, (max-width: 514px) 100vw, 514px\" \/><\/a><\/p>\n<h5 style=\"text-align: center;\"><span style=\"text-decoration: underline; color: #008000;\"><strong>Fauna<\/strong><\/span><\/h5>\n<p style=\"text-align: justify;\"><span style=\"color: #008000;\"><strong>Tra i mammiferi spicca la presenza del G<em>atto selvatico\u00a0(Felis silvestris)<\/em> molto interessante e rara . E&#8217; presente\u00a0la\u00a0V<em>olpe (Vulpes vulpes)<\/em>, <em>l&#8217;Istrice (Hystrix cristata)<\/em>, <em>la Lepre (Lepus europaeus)<\/em>, <em>il\u00a0T<b>oporagno siciliano<\/b><\/em> <em>(Crocidura sicula)<\/em>, <em>il Riccio<\/em>\u00a0(Erinaceus europaeus),<em> la Martora<\/em> (Martes martes ), la Donnola (Mustela nivalis) e otto specie di pipistrelli.<\/strong><\/span><\/p>\n<p><a href=\"https:\/\/etnatao.com\/wp-content\/uploads\/2016\/03\/kestrel.jpg\"><img loading=\"lazy\" decoding=\"async\" class=\"aligncenter wp-image-3756\" src=\"https:\/\/etnatao.com\/wp-content\/uploads\/2016\/03\/kestrel.jpg\" alt=\"\" width=\"500\" height=\"323\" srcset=\"https:\/\/etnatao.com\/wp-content\/uploads\/2016\/03\/kestrel.jpg 700w, https:\/\/etnatao.com\/wp-content\/uploads\/2016\/03\/kestrel-300x194.jpg 300w, https:\/\/etnatao.com\/wp-content\/uploads\/2016\/03\/kestrel-150x97.jpg 150w\" sizes=\"auto, (max-width: 500px) 100vw, 500px\" \/><\/a><\/p>\n<p style=\"text-align: justify;\"><span style=\"color: #008000;\"><strong>Tra gli uccelli troviamo <em>l&#8217;Aquila reale (Aquila chrysaetos)<\/em>, <em>il Gheppio (Falco tinnunculus)<\/em>, <em>la Poiana (Buteo buteo)<\/em>, <em>il Falco pellegrino (Falco peregrinus)<\/em>, <em>l&#8217;assiolo (Otus scops)<\/em>, <em>il Barbagianni (Tyto alba )<\/em>,<em> il Gufo \u00a0(Asio Otus), la Gazza (Pica pica<\/em>), <em>il Corvo (Corvus Corax)<\/em>, la <em>Ghiandaia (Garrulus glanadarius)<\/em>, <em>la Cornacchia nera (Corvus corone)<\/em>, l&#8217;endemica <em>Coturnice (Alectoris graeca whitakeri) Il\u00a0<\/em>codib\u00f9gnolo endemico \u00a0<em>(Aegithalos caudatus siculus)<\/em>.<\/strong><\/span><\/p>\n<p style=\"text-align: justify;\"><a href=\"https:\/\/etnatao.com\/wp-content\/uploads\/2016\/03\/1578418_m-1.jpg\" rel=\"attachment wp-att-2583\"><img loading=\"lazy\" decoding=\"async\" class=\"aligncenter wp-image-2583\" src=\"https:\/\/etnatao.com\/wp-content\/uploads\/2016\/03\/1578418_m-1.jpg\" alt=\"1578418_m\" width=\"472\" height=\"384\" srcset=\"https:\/\/etnatao.com\/wp-content\/uploads\/2016\/03\/1578418_m-1.jpg 478w, https:\/\/etnatao.com\/wp-content\/uploads\/2016\/03\/1578418_m-1-300x244.jpg 300w, https:\/\/etnatao.com\/wp-content\/uploads\/2016\/03\/1578418_m-1-150x122.jpg 150w\" sizes=\"auto, (max-width: 472px) 100vw, 472px\" \/><\/a><span style=\"color: #008000;\"><strong><i><br \/>\n<a href=\"https:\/\/etnatao.com\/wp-content\/uploads\/2016\/03\/1101142.jpg\" rel=\"attachment wp-att-2581\"><img loading=\"lazy\" decoding=\"async\" class=\"aligncenter wp-image-2581\" src=\"https:\/\/etnatao.com\/wp-content\/uploads\/2016\/03\/1101142-1024x683.jpg\" alt=\"1101142\" width=\"470\" height=\"313\" srcset=\"https:\/\/etnatao.com\/wp-content\/uploads\/2016\/03\/1101142-1024x683.jpg 1024w, https:\/\/etnatao.com\/wp-content\/uploads\/2016\/03\/1101142-300x200.jpg 300w, https:\/\/etnatao.com\/wp-content\/uploads\/2016\/03\/1101142-768x512.jpg 768w, https:\/\/etnatao.com\/wp-content\/uploads\/2016\/03\/1101142-150x100.jpg 150w, https:\/\/etnatao.com\/wp-content\/uploads\/2016\/03\/1101142.jpg 1200w\" sizes=\"auto, (max-width: 470px) 100vw, 470px\" \/><\/a><\/i><\/strong><\/span><\/p>\n<p style=\"text-align: justify;\"><span style=\"color: #008000;\"><strong>Tra le farfalle vi \u00e8 la rara endemica <em>Aurora dell&#8217;Etna<\/em>\u00a0(Anthocaris damonae), la <em>Vanessa del cardo\u00a0(Vanessa cardui<\/em>), la <em>Cavolaia maggiore<\/em> (<em>Pieris brassicae<\/em>), l<em>a Atalanta (Vanessa Atalanta)<\/em>,la <em>V<b>anessa dell&#8217;ortica<\/b> (Aglais urticae)<\/em> e la<em> Lysandra (Lysandra Icario).<\/em><\/strong><\/span><\/p>\n<p style=\"text-align: justify;\"><img loading=\"lazy\" decoding=\"async\" class=\"aligncenter wp-image-2562\" src=\"https:\/\/etnatao.com\/wp-content\/uploads\/2016\/02\/eastern_orange_tip-copy.jpg\" alt=\"eastern_orange_tip copy\" width=\"472\" height=\"390\" \/><\/p>\n<p style=\"text-align: justify;\"><a href=\"https:\/\/etnatao.com\/wp-content\/uploads\/2016\/03\/ce9b1f327202221c9210fdb0aa2d34be71ca0eb0-1.jpg\" rel=\"attachment wp-att-2588\"><img loading=\"lazy\" decoding=\"async\" class=\"aligncenter wp-image-2588\" src=\"https:\/\/etnatao.com\/wp-content\/uploads\/2016\/03\/ce9b1f327202221c9210fdb0aa2d34be71ca0eb0-1.jpg\" alt=\"ce9b1f327202221c9210fdb0aa2d34be71ca0eb0\" width=\"473\" height=\"365\" srcset=\"https:\/\/etnatao.com\/wp-content\/uploads\/2016\/03\/ce9b1f327202221c9210fdb0aa2d34be71ca0eb0-1.jpg 505w, https:\/\/etnatao.com\/wp-content\/uploads\/2016\/03\/ce9b1f327202221c9210fdb0aa2d34be71ca0eb0-1-300x232.jpg 300w, https:\/\/etnatao.com\/wp-content\/uploads\/2016\/03\/ce9b1f327202221c9210fdb0aa2d34be71ca0eb0-1-150x116.jpg 150w\" sizes=\"auto, (max-width: 473px) 100vw, 473px\" \/><\/a><\/p>\n<p style=\"text-align: justify;\"><strong><span style=\"color: #008000;\">Tra i serpenti presenti nel parco ricordiamo la <em>Vipera (Vipera aspis<\/em>), il <em>Biacco (Coluber viridiflavus)<\/em>, il <em>Colubro leopardino\u00a0(Elaphe situla) <\/em><\/span><span style=\"color: #008000;\">e la<\/span><span style=\"color: #008000;\"> <em>Biscia (Natrix natrix Sicula).<\/em><\/span><\/strong><\/p>\n<div class=\"page\" title=\"Page 36\">\u00a0<a href=\"https:\/\/etnatao.com\/wp-content\/uploads\/2016\/02\/800-1.jpg\" rel=\"attachment wp-att-2564\"><img loading=\"lazy\" decoding=\"async\" class=\"aligncenter wp-image-2564\" src=\"https:\/\/etnatao.com\/wp-content\/uploads\/2016\/02\/800-1.jpg\" alt=\"800\" width=\"476\" height=\"363\" srcset=\"https:\/\/etnatao.com\/wp-content\/uploads\/2016\/02\/800-1.jpg 600w, https:\/\/etnatao.com\/wp-content\/uploads\/2016\/02\/800-1-300x229.jpg 300w, https:\/\/etnatao.com\/wp-content\/uploads\/2016\/02\/800-1-150x115.jpg 150w\" sizes=\"auto, (max-width: 476px) 100vw, 476px\" \/><\/a><\/div>\n<div><\/div>\n<div>\n<h4><strong><a href=\"https:\/\/etnatao.com\/wp-content\/uploads\/2010\/07\/Screen-Shot-2017-02-03-at-14.53.58-copy.jpg\"><img loading=\"lazy\" decoding=\"async\" class=\"size-full wp-image-3127\" src=\"https:\/\/etnatao.com\/wp-content\/uploads\/2010\/07\/Screen-Shot-2017-02-03-at-14.53.58-copy.jpg\" sizes=\"auto, (max-width: 514px) 100vw, 514px\" srcset=\"https:\/\/etnatao.com\/wp-content\/uploads\/2010\/07\/Screen-Shot-2017-02-03-at-14.53.58-copy.jpg 514w, https:\/\/etnatao.com\/wp-content\/uploads\/2010\/07\/Screen-Shot-2017-02-03-at-14.53.58-copy-300x205.jpg 300w, https:\/\/etnatao.com\/wp-content\/uploads\/2010\/07\/Screen-Shot-2017-02-03-at-14.53.58-copy-150x103.jpg 150w\" alt=\"\" width=\"514\" height=\"352\" \/><\/a><\/strong><\/h4>\n<h4 style=\"text-align: center;\"><span style=\"color: #008000;\"><strong>Tat <\/strong><strong>Tvam Asi<\/strong><\/span><\/h4>\n<div>\n<h4 style=\"text-align: center;\"><span style=\"color: #008000;\">\u0924\u0924\u094d \u0924\u094d\u0935\u092e\u094d \u0905\u0938\u093f<\/span><\/h4>\n<p><a href=\"https:\/\/etnatao.com\/wp-content\/uploads\/2010\/07\/The-Four-Elements1.jpg\"><img loading=\"lazy\" decoding=\"async\" class=\"aligncenter\" title=\"The Four Elements\" src=\"https:\/\/etnatao.com\/wp-content\/uploads\/2010\/07\/The-Four-Elements1.jpg\" alt=\"\" width=\"348\" height=\"134\" \/><\/a><\/p>\n<\/div>\n<div>\n<h4 style=\"text-align: center;\"><span style=\"color: #008000;\"><strong>\u2013 Tutti i diritti riservati \u2013<\/strong><\/span><\/h4>\n<\/div>\n<\/div>\n<h4 style=\"text-align: center;\"><strong><a href=\"https:\/\/etnatao.com\/wp-content\/uploads\/2010\/07\/Screen-Shot-2017-02-03-at-14.53.58-copy.jpg\"><img loading=\"lazy\" decoding=\"async\" class=\"aligncenter size-full wp-image-3127\" src=\"https:\/\/etnatao.com\/wp-content\/uploads\/2010\/07\/Screen-Shot-2017-02-03-at-14.53.58-copy.jpg\" sizes=\"auto, (max-width: 514px) 100vw, 514px\" srcset=\"https:\/\/etnatao.com\/wp-content\/uploads\/2010\/07\/Screen-Shot-2017-02-03-at-14.53.58-copy.jpg 514w, https:\/\/etnatao.com\/wp-content\/uploads\/2010\/07\/Screen-Shot-2017-02-03-at-14.53.58-copy-300x205.jpg 300w, https:\/\/etnatao.com\/wp-content\/uploads\/2010\/07\/Screen-Shot-2017-02-03-at-14.53.58-copy-150x103.jpg 150w\" alt=\"\" width=\"514\" height=\"352\" \/><\/a><\/strong><\/h4>\n\n<!-- Facebook Like Button v1.9.6 BEGIN [http:\/\/blog.bottomlessinc.com] -->\n<iframe src=\"http:\/\/www.facebook.com\/plugins\/like.php?href=https%3A%2F%2Fetnatao.com%2Fit%2Ffauna%2F&amp;layout=standard&amp;show_faces=false&amp;width=450&amp;action=like&amp;colorscheme=light\" scrolling=\"no\" frameborder=\"0\" allowTransparency=\"true\" style=\"border:none; overflow:hidden; width:450px; height: 30px; align: left; margin: 2px 0px 2px 0px\"><\/iframe>\n<!-- Facebook Like Button END -->\n","protected":false},"excerpt":{"rendered":"<p>Facebook\u00a0\u00a0TripAdvisor\u00a0\u00a0Linkedin\u00a0\u00a0Youtube\u00a0 \u00a0Blog\u00a0 La fauna del Parco dell&#8217;Etna Adattamento a un ambiente dinamico\u00a0 In nessun altro luogo nel bacino del Mediterraneo si trova una tale variet\u00e0 di habitat come in questo parco: deserti rocciosi di colate laviche recenti, steppe, verdi foreste, prati, zone umide, fluviali e lacustri. Il clima mostra molte variazioni causate dalle grandi differenze di quota (da 0 fino a pi\u00f9 di 3300 m.), dall&#8217;esposizione e dall&#8217;umidit\u00e0. L&#8217;attivit\u00e0 dell&#8217;Etna, incessante e formidabile, d\u00e0 luogo molto spesso a bruschi marcati sia nel paesaggio come nell&#8217;equilibrio ecologico. Questi fattori,\u00a0insieme all&#8217;isolamento geografico, hanno influenzato profondamente la fauna molto peculiare del vulcano che ha dovuto affrontare\u00a0tutte quelle variabili al fine di sopravvivere, mostrando&hellip;<\/p>\n","protected":false},"author":2,"featured_media":0,"parent":0,"menu_order":3,"comment_status":"closed","ping_status":"closed","template":"","meta":{"footnotes":""},"class_list":["post-2964","page","type-page","status-publish","hentry"],"aioseo_notices":[],"jetpack_sharing_enabled":true,"jetpack_shortlink":"https:\/\/wp.me\/P1dvPV-LO","_links":{"self":[{"href":"https:\/\/etnatao.com\/it\/wp-json\/wp\/v2\/pages\/2964\/"}],"collection":[{"href":"https:\/\/etnatao.com\/it\/wp-json\/wp\/v2\/pages\/"}],"about":[{"href":"https:\/\/etnatao.com\/it\/wp-json\/wp\/v2\/types\/page\/"}],"author":[{"embeddable":true,"href":"https:\/\/etnatao.com\/it\/wp-json\/wp\/v2\/users\/2\/"}],"replies":[{"embeddable":true,"href":"https:\/\/etnatao.com\/it\/wp-json\/wp\/v2\/comments\/?post=2964"}],"version-history":[{"count":21,"href":"https:\/\/etnatao.com\/it\/wp-json\/wp\/v2\/pages\/2964\/revisions\/"}],"predecessor-version":[{"id":6859,"href":"https:\/\/etnatao.com\/it\/wp-json\/wp\/v2\/pages\/2964\/revisions\/6859\/"}],"wp:attachment":[{"href":"https:\/\/etnatao.com\/it\/wp-json\/wp\/v2\/media\/?parent=2964"}],"curies":[{"name":"wp","href":"https:\/\/api.w.org\/{rel}","templated":true}]}}