{"id":2914,"date":"2016-12-27T18:36:25","date_gmt":"2016-12-27T17:36:25","guid":{"rendered":"http:\/\/etnatao.com\/?page_id=2914\/"},"modified":"2018-07-06T20:06:56","modified_gmt":"2018-07-06T19:06:56","slug":"geologia","status":"publish","type":"page","link":"https:\/\/etnatao.com\/it\/geologia\/","title":{"rendered":"Geologia"},"content":{"rendered":"\n<!-- Facebook Like Button v1.9.6 BEGIN [http:\/\/blog.bottomlessinc.com] -->\n<iframe src=\"http:\/\/www.facebook.com\/plugins\/like.php?href=https%3A%2F%2Fetnatao.com%2Fit%2Fgeologia%2F&amp;layout=standard&amp;show_faces=false&amp;width=450&amp;action=like&amp;colorscheme=light\" scrolling=\"no\" frameborder=\"0\" allowTransparency=\"true\" style=\"border:none; overflow:hidden; width:450px; height: 30px; align: left; margin: 2px 0px 2px 0px\"><\/iframe>\n<!-- Facebook Like Button END -->\n<h3 style=\"text-align: center;\"><a style=\"color: #0071bb;\" href=\"https:\/\/etnatao.com\/wp-content\/uploads\/2010\/07\/NEW-ETNATAO-WEBSITE.jpg\"><img loading=\"lazy\" decoding=\"async\" class=\"wp-image-1853\" src=\"https:\/\/etnatao.com\/wp-content\/uploads\/2010\/07\/NEW-ETNATAO-WEBSITE.jpg\" alt=\"NEW ETNATAO WEBSITE\" width=\"431\" height=\"233\" \/><\/a><\/h3>\n<div style=\"text-align: center;\"><span style=\"color: #008000;\"><strong><a style=\"color: #008000;\" href=\"http:\/www.facebook.com\/Etnatao\">Facebook<\/a>\u00a0\u00a0<strong><a style=\"color: #008000;\" href=\"http:\/\/www.tripadvisor.co.uk\/Attraction_Review-g2440593-d6613405-Reviews-Etnatao_Naturalistic_Excursion_on_Mt_Etna-Province_of_Catania_Sicily.html\">TripAdvisor<\/a><i>\u00a0<\/i><\/strong>\u00a0<a style=\"color: #008000;\" href=\"www.linkedin.com\/pub\/carmelo-giuffrida\/41\/25a\/8b2\">Linkedin<\/a>\u00a0\u00a0<a style=\"color: #008000;\" href=\"http:\/\/www.youtube.com\/user\/etnatao\/videos\">Youtube<\/a>\u00a0 \u00a0<a style=\"color: #008000;\" href=\"http:\/\/http:\/\/etnatao.wordpress.com\/\">Blog<\/a><\/strong>\u00a0<\/span><\/div>\n<h2 style=\"text-align: center;\"><span style=\"text-decoration: underline; color: #008000;\"><strong>Cenni di\u00a0Geografia, Geologia e Tettonica dell&#8217;Etna<\/strong><\/span><\/h2>\n<p>&nbsp;<\/p>\n<h2 style=\"text-align: center;\"><span style=\"text-decoration: underline; color: #008000;\"><strong>Geografia<\/strong><\/span><\/h2>\n<p style=\"text-align: justify;\"><span style=\"color: #008000;\"><strong>L&#8217;Etna \u00e8 un vulcano maestoso situato sul lato orientale dell&#8217;isola di Sicilia (37 \u00b0 44&#8217;00 &#8220;N 15 \u00b0 00&#8217;00&#8221; E). La sua altezza, oltre 3300 metri sopra il livello del mare, lo rende il pi\u00f9 alto vulcano dell&#8217;Europa continentale, la montagna pi\u00f9 alta del bacino del Mediterraneo e anche la pi\u00f9 elevata vetta italiana a sud della catena montuosa delle Alpi.<\/strong><\/span><\/p>\n<p style=\"text-align: center;\"><a href=\"https:\/\/etnatao.com\/wp-content\/uploads\/2011\/01\/sicilia-fisica.jpg\"><img loading=\"lazy\" decoding=\"async\" class=\"aligncenter\" src=\"https:\/\/etnatao.com\/wp-content\/uploads\/2011\/01\/sicilia-fisica-1024x854.jpg\" alt=\"Carta geografica Sicilia\" width=\"427\" height=\"354\" \/><\/a><\/p>\n<p style=\"text-align: justify;\"><span style=\"color: #008000;\"><strong>Questo vulcano si estende su una superficie di circa 1600 km2, ha un diametro nord-sud di circa 35 km, un perimetro di circa 200 km, un volume di circa 500 km3 . E&#8217;delimitato a nord dai monti Nebrodi e Peloritani, al Sud dall&#8217;altopiano Ibleo, ad est dal mar Ionio, E&#8217; circondato da due corsi d&#8217;acqua, l&#8217;Alcantara\u00a0sul suo lato settentrionale e dal Simeto sul suo lato occidentale e meridionale.<\/strong><\/span><\/p>\n<p style=\"text-align: center;\"><span style=\"color: #339966;\"><a href=\"https:\/\/etnatao.com\/wp-content\/uploads\/2011\/01\/Volcanological-map-of-Etna.jpg\"><span style=\"color: #339966;\"><img loading=\"lazy\" decoding=\"async\" class=\" wp-image-1517 aligncenter\" src=\"https:\/\/etnatao.com\/wp-content\/uploads\/2011\/01\/Volcanological-map-of-Etna.jpg\" alt=\"Volcanological map of Etna\" width=\"466\" height=\"462\" srcset=\"https:\/\/etnatao.com\/wp-content\/uploads\/2011\/01\/Volcanological-map-of-Etna.jpg 909w, https:\/\/etnatao.com\/wp-content\/uploads\/2011\/01\/Volcanological-map-of-Etna-150x150.jpg 150w, https:\/\/etnatao.com\/wp-content\/uploads\/2011\/01\/Volcanological-map-of-Etna-300x298.jpg 300w, https:\/\/etnatao.com\/wp-content\/uploads\/2011\/01\/Volcanological-map-of-Etna-92x92.jpg 92w, https:\/\/etnatao.com\/wp-content\/uploads\/2011\/01\/Volcanological-map-of-Etna-64x64.jpg 64w\" sizes=\"auto, (max-width: 466px) 100vw, 466px\" \/><\/span><\/a><\/span><\/p>\n<p style=\"text-align: justify;\"><span style=\"color: #008000;\"><strong>Partendo dal livello del mare fino alla cima, si evidenziano delle variazioni\u00a0paesaggistiche e dei cambiamenti di habitat sorprendenti che, insieme con la ricchezza delle sue peculiarit\u00e0 naturalistiche, rendono questo luogo un geosito unico e un paradiso per gli escursionisti, fotografi, naturalisti, vulcanologi e amanti della natura. <\/strong><\/span><\/p>\n<p style=\"text-align: center;\"><a href=\"https:\/\/etnatao.com\/wp-content\/uploads\/2011\/01\/FG2.jpg\"><img loading=\"lazy\" decoding=\"async\" class=\"aligncenter\" src=\"https:\/\/etnatao.com\/wp-content\/uploads\/2011\/01\/FG2.jpg\" alt=\"Geological map of Sicily\" width=\"484\" height=\"361\" \/><\/a><\/p>\n<h2 style=\"text-align: center;\"><span style=\"text-decoration: underline; color: #008000;\"><strong>Geologia<\/strong><\/span><\/h2>\n<p><span style=\"color: #008000;\"><strong>Il contesto geografico nel quale si trova l&#8217;Etna, la Sicilia orientale offre anche una grande variet\u00e0 dal punto \u00a0di vista geologico.<\/strong><\/span><\/p>\n<p style=\"text-align: justify;\"><span style=\"color: #008000;\"><strong>All&#8217;interno di una distanza di soli 200 km, attraversando le province di Messina, Catania e Siracusa, ci sono due diverse placche tettoniche convergenti, le tre tipologie di rocce esistenti (metamorficache, ignee e sedimentarie), varie\u00a0faglie regionali, L&#8217;Etna, i vulcani attivi dell&#8217;arcipelago delle isole Eolie e gli affioramenti di un antico vulcanismo nell&#8217;altopiano calcareo dei monti Iblei.<\/strong><\/span><\/p>\n<p style=\"text-align: justify;\"><a href=\"https:\/\/etnatao.com\/wp-content\/uploads\/2018\/01\/Tectonic-map.png\"><img loading=\"lazy\" decoding=\"async\" class=\"aligncenter size-full wp-image-4257\" src=\"https:\/\/etnatao.com\/wp-content\/uploads\/2018\/01\/Tectonic-map.png\" alt=\"\" width=\"487\" height=\"391\" srcset=\"https:\/\/etnatao.com\/wp-content\/uploads\/2018\/01\/Tectonic-map.png 487w, https:\/\/etnatao.com\/wp-content\/uploads\/2018\/01\/Tectonic-map-300x241.png 300w, https:\/\/etnatao.com\/wp-content\/uploads\/2018\/01\/Tectonic-map-150x120.png 150w\" sizes=\"auto, (max-width: 487px) 100vw, 487px\" \/><\/a><\/p>\n<p style=\"text-align: justify;\"><span style=\"color: #008000;\"><strong>Al di sotto dell&#8217;Etna si trova\u00a0uno spesso substrato sedimentario che raggiunge la quota massima di 1000 metri\u00a0sul livello del mare e quindi lo spessore delle rocce vulcaniche accumulati in mezzo milione di anni \u00e8 di circa 2000 m.<\/strong><\/span><br \/>\n<span style=\"color: #008000;\"> <strong>Le rocce sedimentarie che vi sono alla base di questo vulcano sono sequenze torbiditiche argillose dal Miocene nei lati nord e ovest, mentre nella parte meridionale e orientale ci sono prevalentemente dei sedimenti marini argillosi del Pleistocene.<\/strong><\/span><\/p>\n<p style=\"text-align: justify;\"><img loading=\"lazy\" decoding=\"async\" class=\"aligncenter\" src=\"https:\/\/etnatao.com\/wp-content\/uploads\/2011\/01\/Etna-geology.jpg\" alt=\"Etna geology\" width=\"619\" height=\"216\" \/><\/p>\n<p style=\"text-align: justify;\"><span style=\"color: #008000;\"><strong>Questa zona, al contrario che nel resto della Sicilia, \u00e8 ricca di acqua a causa del\u00a0setting idrogeologico di questo vulcano. Infatti il grande spessore delle rocce laviche altamente permeabili si trova al di sopra del\u00a0basamento sedimentario impermeabile. Possiamo dunque pensare\u00a0l&#8217;Etna come un enorme spugna\u00a0che assorbe l&#8217;umidit\u00e0 delle alte quote, le precipitazioni\u00a0e l&#8217;acqua che viene dallo scioglimento della nevi. L&#8217;acqua dunque si accumula all&#8217;interno del vulcano per\u00a0formare a quote pi\u00f9 basse delle sorgenti\u00a0soprattutto vicino alla zona di contatto tra le rocce impermeabili e \u00a0quelle permeabili.<\/strong><\/span><\/p>\n<h2 style=\"text-align: center;\"><span style=\"text-decoration: underline; color: #008000;\"><strong>Tettonica<\/strong><\/span><\/h2>\n<p style=\"text-align: justify;\"><span style=\"color: #008000;\"><strong>L&#8217;Etna si trova al crocevia di importanti linee di faglia ed all&#8217;interno di un contesto\u00a0geodinamico complesso caratterizzato dalla presenza di due placche tettoniche convergenti. A nord si trova\u00a0la placca europea, rappresentata dai monti Nebrodi e Peloritani, e al Sud c&#8217;\u00e8 la placca africana rappresentata dal plateau ibleo. A partire da circa 50 milioni di anni fa le due placche hanno iniziato ad avvicinarsi progressivamente sino ad arrivare alla collisione ed infine alla subduzione della placca africana al di sotto di quella europea.<\/strong><\/span><\/p>\n<p style=\"text-align: center;\"><span style=\"color: #339966;\"><a href=\"https:\/\/etnatao.com\/wp-content\/uploads\/2011\/01\/Etna-between-European-and-african-plate.jpg\"><span style=\"color: #339966;\"><img loading=\"lazy\" decoding=\"async\" class=\"aligncenter\" src=\"https:\/\/etnatao.com\/wp-content\/uploads\/2011\/01\/Etna-between-European-and-african-plate.jpg\" alt=\"Etna between European and african plate\" width=\"463\" height=\"124\" \/><\/span><\/a><\/span><\/p>\n<p style=\"text-align: justify;\"><span style=\"color: #008000;\"><strong>Questo movimento, che continua ad accadere a una velocit\u00e0 di solo pochi cm all&#8217;anno, nel tempo geologico ha progressivamente ridotto le dimensioni del Mediterraneo da un oceano aperto a un mare chiuso, ha formato i\u00a0rilievi\u00a0delle Alpi e degli Appennini e rappresenta\u00a0il motore del vulcanismo e della sismicit\u00e0 del bacino del Mediterraneo.<\/strong><\/span><\/p>\n<p style=\"text-align: justify;\"><a href=\"https:\/\/etnatao.com\/wp-content\/uploads\/2016\/02\/401782ab.tif.2.gif\" rel=\"attachment wp-att-2450\"><img loading=\"lazy\" decoding=\"async\" class=\"size-full wp-image-2450 aligncenter\" src=\"https:\/\/etnatao.com\/wp-content\/uploads\/2016\/02\/401782ab.tif.2.gif\" alt=\"401782ab.tif.2\" width=\"600\" height=\"269\" \/><\/a><\/p>\n<p>&nbsp;<\/p>\n<p><a href=\"https:\/\/etnatao.com\/wp-content\/uploads\/2018\/07\/foto3-415x600.jpg\"><img loading=\"lazy\" decoding=\"async\" class=\"aligncenter size-full wp-image-4729\" src=\"https:\/\/etnatao.com\/wp-content\/uploads\/2018\/07\/foto3-415x600.jpg\" alt=\"\" width=\"415\" height=\"600\" srcset=\"https:\/\/etnatao.com\/wp-content\/uploads\/2018\/07\/foto3-415x600.jpg 415w, https:\/\/etnatao.com\/wp-content\/uploads\/2018\/07\/foto3-415x600-208x300.jpg 208w, https:\/\/etnatao.com\/wp-content\/uploads\/2018\/07\/foto3-415x600-104x150.jpg 104w\" sizes=\"auto, (max-width: 415px) 100vw, 415px\" \/><\/a><\/p>\n<p style=\"text-align: center;\"><span style=\"color: #339966;\"><a href=\"https:\/\/etnatao.com\/wp-content\/uploads\/2011\/01\/Converging-continental-plates.jpg\"><span style=\"color: #339966;\"><img loading=\"lazy\" decoding=\"async\" class=\" wp-image-1520 aligncenter\" src=\"https:\/\/etnatao.com\/wp-content\/uploads\/2011\/01\/Converging-continental-plates.jpg\" alt=\"Converging continental plates\" width=\"470\" height=\"358\" srcset=\"https:\/\/etnatao.com\/wp-content\/uploads\/2011\/01\/Converging-continental-plates.jpg 588w, https:\/\/etnatao.com\/wp-content\/uploads\/2011\/01\/Converging-continental-plates-300x228.jpg 300w, https:\/\/etnatao.com\/wp-content\/uploads\/2011\/01\/Converging-continental-plates-150x114.jpg 150w\" sizes=\"auto, (max-width: 470px) 100vw, 470px\" \/><\/span><\/a><\/span><\/p>\n<h4 style=\"text-align: center;\"><span style=\"color: #339966;\"><strong>Etna\u00a0pericolo e fascino<\/strong><\/span><\/h4>\n<p style=\"text-align: justify;\"><span style=\"color: #008000;\"><strong>La zona intorno al Monte Etna \u00e8 quindi una parte pericolosa del mondo con un alto potenzialit\u00e0 di eventi come colate laviche, esplosioni, terremoti e persino tsunami. Nonostante tutto questo i pericoli di questa terra \u00e8 stata abitata fin molte migliaia di anni e attualmente circa un milione di persone vivono intorno a questo vulcano. L&#8217;Etna \u00e8 un luogo dove\u00a0possiamo vedere\u00a0gli elementi naturali agire\u00a0in modo potente, veloce, irresistibile ed affascinante.<\/strong><\/span><\/p>\n<h4 style=\"text-align: center;\"><strong><a href=\"https:\/\/etnatao.com\/wp-content\/uploads\/2010\/07\/Screen-Shot-2017-02-03-at-14.53.58-copy.jpg\"><img loading=\"lazy\" decoding=\"async\" class=\"aligncenter size-full wp-image-3127\" src=\"https:\/\/etnatao.com\/wp-content\/uploads\/2010\/07\/Screen-Shot-2017-02-03-at-14.53.58-copy.jpg\" sizes=\"auto, (max-width: 514px) 100vw, 514px\" srcset=\"https:\/\/etnatao.com\/wp-content\/uploads\/2010\/07\/Screen-Shot-2017-02-03-at-14.53.58-copy.jpg 514w, https:\/\/etnatao.com\/wp-content\/uploads\/2010\/07\/Screen-Shot-2017-02-03-at-14.53.58-copy-300x205.jpg 300w, https:\/\/etnatao.com\/wp-content\/uploads\/2010\/07\/Screen-Shot-2017-02-03-at-14.53.58-copy-150x103.jpg 150w\" alt=\"\" width=\"514\" height=\"352\" \/><\/a><span style=\"color: #008000;\">Tat Tvam Asi<\/span><\/strong><\/h4>\n<div>\n<h4 style=\"text-align: center;\"><span style=\"color: #008000;\">\u0924\u0924\u094d \u0924\u094d\u0935\u092e\u094d \u0905\u0938\u093f<\/span><\/h4>\n<p><span style=\"color: #008000;\"><a style=\"color: #008000;\" href=\"https:\/\/etnatao.com\/wp-content\/uploads\/2010\/07\/The-Four-Elements1.jpg\"><img loading=\"lazy\" decoding=\"async\" class=\"aligncenter\" title=\"The Four Elements\" src=\"https:\/\/etnatao.com\/wp-content\/uploads\/2010\/07\/The-Four-Elements1.jpg\" alt=\"\" width=\"348\" height=\"134\" \/><\/a><\/span><\/p>\n<p><span style=\"color: #008000;\"><a style=\"color: #008000;\" href=\"http:\/\/etnatao.files.wordpress.com\/2000\/07\/wood-header-etnatao.png\"><img loading=\"lazy\" decoding=\"async\" class=\"aligncenter\" title=\"wood-header-etnatao\" src=\"http:\/\/etnatao.files.wordpress.com\/2000\/07\/wood-header-etnatao.png\" alt=\"\" width=\"355\" height=\"38\" \/><\/a><\/span><\/p>\n<h3 style=\"text-align: center;\"><span style=\"color: #008000;\"><strong>\u2013 All rights reserved \u2013<\/strong><\/span><\/h3>\n<\/div>\n<h5 style=\"text-align: center;\"><\/h5>\n<h5 style=\"text-align: center;\"><\/h5>\n<div style=\"text-align: center;\"><\/div>\n\n<!-- Facebook Like Button v1.9.6 BEGIN [http:\/\/blog.bottomlessinc.com] -->\n<iframe src=\"http:\/\/www.facebook.com\/plugins\/like.php?href=https%3A%2F%2Fetnatao.com%2Fit%2Fgeologia%2F&amp;layout=standard&amp;show_faces=false&amp;width=450&amp;action=like&amp;colorscheme=light\" scrolling=\"no\" frameborder=\"0\" allowTransparency=\"true\" style=\"border:none; overflow:hidden; width:450px; height: 30px; align: left; margin: 2px 0px 2px 0px\"><\/iframe>\n<!-- Facebook Like Button END -->\n","protected":false},"excerpt":{"rendered":"<p>Facebook\u00a0\u00a0TripAdvisor\u00a0\u00a0Linkedin\u00a0\u00a0Youtube\u00a0 \u00a0Blog\u00a0 Cenni di\u00a0Geografia, Geologia e Tettonica dell&#8217;Etna &nbsp; Geografia L&#8217;Etna \u00e8 un vulcano maestoso situato sul lato orientale dell&#8217;isola di Sicilia (37 \u00b0 44&#8217;00 &#8220;N 15 \u00b0 00&#8217;00&#8221; E). La sua altezza, oltre 3300 metri sopra il livello del mare, lo rende il pi\u00f9 alto vulcano dell&#8217;Europa continentale, la montagna pi\u00f9 alta del bacino del Mediterraneo e anche la pi\u00f9 elevata vetta italiana a sud della catena montuosa delle Alpi. Questo vulcano si estende su una superficie di circa 1600 km2, ha un diametro nord-sud di circa 35 km, un perimetro di circa 200 km, un volume di circa 500 km3 . E&#8217;delimitato a nord dai monti Nebrodi e&hellip;<\/p>\n","protected":false},"author":2,"featured_media":0,"parent":0,"menu_order":3,"comment_status":"closed","ping_status":"closed","template":"","meta":{"footnotes":""},"class_list":["post-2914","page","type-page","status-publish","hentry"],"aioseo_notices":[],"jetpack_sharing_enabled":true,"jetpack_shortlink":"https:\/\/wp.me\/P1dvPV-L0","_links":{"self":[{"href":"https:\/\/etnatao.com\/it\/wp-json\/wp\/v2\/pages\/2914\/"}],"collection":[{"href":"https:\/\/etnatao.com\/it\/wp-json\/wp\/v2\/pages\/"}],"about":[{"href":"https:\/\/etnatao.com\/it\/wp-json\/wp\/v2\/types\/page\/"}],"author":[{"embeddable":true,"href":"https:\/\/etnatao.com\/it\/wp-json\/wp\/v2\/users\/2\/"}],"replies":[{"embeddable":true,"href":"https:\/\/etnatao.com\/it\/wp-json\/wp\/v2\/comments\/?post=2914"}],"version-history":[{"count":17,"href":"https:\/\/etnatao.com\/it\/wp-json\/wp\/v2\/pages\/2914\/revisions\/"}],"predecessor-version":[{"id":4731,"href":"https:\/\/etnatao.com\/it\/wp-json\/wp\/v2\/pages\/2914\/revisions\/4731\/"}],"wp:attachment":[{"href":"https:\/\/etnatao.com\/it\/wp-json\/wp\/v2\/media\/?parent=2914"}],"curies":[{"name":"wp","href":"https:\/\/api.w.org\/{rel}","templated":true}]}}