{"id":2680,"date":"2017-02-16T20:06:13","date_gmt":"2017-02-16T19:06:13","guid":{"rendered":"http:\/\/etnatao.com\/it\/?page_id=2680"},"modified":"2022-02-07T21:55:35","modified_gmt":"2022-02-07T20:55:35","slug":"escursioni","status":"publish","type":"page","link":"https:\/\/etnatao.com\/it\/escursioni\/","title":{"rendered":"Escursioni"},"content":{"rendered":"\n<!-- Facebook Like Button v1.9.6 BEGIN [http:\/\/blog.bottomlessinc.com] -->\n<iframe src=\"http:\/\/www.facebook.com\/plugins\/like.php?href=https%3A%2F%2Fetnatao.com%2Fit%2Fescursioni%2F&amp;layout=standard&amp;show_faces=false&amp;width=450&amp;action=like&amp;colorscheme=light\" scrolling=\"no\" frameborder=\"0\" allowTransparency=\"true\" style=\"border:none; overflow:hidden; width:450px; height: 30px; align: left; margin: 2px 0px 2px 0px\"><\/iframe>\n<!-- Facebook Like Button END -->\n<div style=\"text-align: center;\"><strong><a style=\"color: #0071bb;\" href=\"https:\/\/etnatao.com\/wp-content\/uploads\/2010\/07\/NEW-ETNATAO-WEBSITE.jpg\"><img loading=\"lazy\" decoding=\"async\" class=\"wp-image-1853\" src=\"https:\/\/etnatao.com\/wp-content\/uploads\/2010\/07\/NEW-ETNATAO-WEBSITE.jpg\" alt=\"NEW ETNATAO WEBSITE\" width=\"431\" height=\"233\" \/><\/a><\/strong><\/div>\n<div style=\"text-align: center;\"><strong><span style=\"color: #339966;\"><a style=\"color: #0071bb;\" href=\"https:\/\/www.facebook.com\/Etnatao\"><span style=\"color: #339966;\">Facebook<\/span><\/a>\u00a0<\/span><span class=\"Apple-style-span\"><span style=\"color: #339966;\"><a style=\"color: #0071bb;\" href=\"http:\/\/www.tripadvisor.co.uk\/Attraction_Review-g2440593-d6613405-Reviews-Etnatao_Naturalistic_Excursion_on_Mt_Etna-Province_of_Catania_Sicily.html\"><span style=\"color: #339966;\">TripAdvisor<\/span><\/a><\/span><i>\u00a0<\/i><\/span><span style=\"color: #339966;\">\u00a0<a style=\"color: #0071bb;\" href=\"https:\/\/www.linkedin.com\/pub\/carmelo-giuffrida\/41\/25a\/8b2\"><span style=\"color: #339966;\">Linkedin<\/span><\/a>\u00a0\u00a0<a href=\"https:\/\/www.youtube.com\/my_videos?o=U\"><span style=\"color: #339966;\">Youtube<\/span>\u00a0<\/a> <a href=\"http:\/\/etnatao.wordpress.com\/\">\u00a0<span style=\"color: #339966;\">Blog<\/span><\/a><\/span><\/strong><\/div>\n<h4 style=\"text-align: center;\"><strong><span style=\"text-decoration: underline;\"><span style=\"color: #339966;\">I sentieri del Parco dell\u2019Etna<\/span><\/span><\/strong><\/h4>\n<p style=\"text-align: justify;\"><strong><span style=\"color: #339966;\">Il parco dell\u2019Etna si estende per circa per circa 1600 km<sup>2 <\/sup>e questo ampio territorio \u00e8 attraversato da numerosi sentieri. L&#8217;Etna\u00a0\u00e8 un paradiso per gli amanti del trekking perch\u00e8 offre una rosa di sentieri con una variet\u00e0 di caratteristiche di dislivello, lunghezza e difficolt\u00e0, in grado di soddisfare le esigenze di tutti gli appassionati di natura, dai trekkers pi\u00f9 avanzati ai principianti e alle famiglie.<\/span><\/strong><\/p>\n<p style=\"text-align: justify;\"><strong><span style=\"color: #339966;\">La nostra associazione propone delle escursioni naturalistiche che danno la possibilit\u00e0\u00a0 di conoscere delle splendide aree del vulcano, lontane dal turismo di massa, luoghi pieni di armonia nei quali il tempo sembra essersi fermato e dove il parco rivela la sua natura pi\u00f9 primordiale.<\/span><\/strong><\/p>\n<p style=\"text-align: justify;\"><strong><span style=\"color: #339966;\">\u00a0<\/span><\/strong><\/p>\n<p style=\"text-align: center;\"><strong><span style=\"color: #339966;\">Scelta del versante e del sentiero<\/span><\/strong><\/p>\n<p style=\"text-align: justify;\"><strong><span style=\"color: #339966;\">L\u2019Etna \u00e8 un vulcano di oltre 3300 metri di altezza sul livello del mare. La sua dimensione ed il fatto che l\u2019Etna sia una montagna molto alta tra rilievi molto pi\u00f9 bassi, imprime alla meteorologia una grande variabilit\u00e0. Nel nostro lavoro seguiamo costantemente le previsioni meteorologiche, ma \u00e8 la stessa mattina dell\u2019escursione che viene deciso in che versante ci si diriger\u00e0\u00a0ed\u00a0il\u00a0sentiero che si percorrer\u00e0. Questo per effettuare le nostre attivit\u00e0 escursionistiche in luoghi dove sembrano esserci condizioni di visibilit\u00e0 migliori e per cercare di scegliere per il gruppo di quel giorno, un sentiero che tutti i partecipanti possano percorrere in sicurezza e con agio, fattori che contribuiscono grandemente alla riuscita di una escursione.<\/span><\/strong><\/p>\n<p style=\"text-align: justify;\"><strong><span style=\"color: #339966;\">\u00a0<\/span><\/strong><\/p>\n<p style=\"text-align: center;\"><strong><span style=\"color: #339966;\">Paesaggio del Parco dell\u2019Etna<\/span><\/strong><\/p>\n<p style=\"text-align: justify;\"><strong><span style=\"color: #339966;\">Seguendo i sentieri si conosce via via il paesaggio del parco, ma il lavoro della guida \u00e8 anche e soprattutto fornire durante la giornata informazioni sulle tante peculiarit\u00e0 naturalistiche dell\u2019Etna che diano la possibilit\u00e0 ai partecipanti di mettere insieme tutti questi dettagli come se fossero tessere di un mosaico, per riuscire alla fine ad avere la \u201desperienza\u201d di questo luogo straordinario.<\/span><\/strong><\/p>\n<p style=\"text-align: justify;\"><strong><span style=\"color: #339966;\">Il paeasaggio del parco \u00e8 unico ed estremamente suggestivo. Sull\u2019Etna si alternano soprattutto due tipologie di paesaggio, le aree coperte da colate laviche recenti che presentano un paesaggio brullo e pietroso e vaste aree verdi dove la vegetazione, dopo centinaia di anni, \u00e8 riuscita a riconquistare e colonizzare antiche colate laviche. E&#8217; possibile dunque vedere due aspetti estremi della natura che spesso si trovano l\u2019una di fianco all\u2019altra in uno splendido e surreale contrasto.<\/span><\/strong><\/p>\n<p style=\"text-align: justify;\"><strong><span style=\"color: #339966;\">\u00a0<\/span><\/strong><\/p>\n<p style=\"text-align: center;\"><strong><span style=\"color: #339966;\">Attrezzatura per le escursioni<\/span><\/strong><\/p>\n<p style=\"text-align: justify;\"><strong><span style=\"color: #339966;\">A causa delle caratteristiche della meteorologia del Parco si consiglia sempre di portare una giacca impermeabile ed al di sotto di questa un abbigliamento \u201ctecnico\u201d a strati. Molto pratici per l\u2019escursionismo sono i pantaloni di tessuto sintetico che possono trasformarsi in short. Le calzature ideali sono quelle da trekking che permettano una buona e sicura presa sul terreno anche nei sentieri scoscesi e diano la possibilit\u00e0 in caso di pioggia o neve di mantenere i piedi asciutti. In alternativa si raccomanda almeno di calzare delle robuste scarpe sportive con una buona suola di gomma. Importante anche portare un cappellino, degli occhiali da sole, una bandana e uno zainetto di 20-30 litri che possa contenere la borraccia, i panini, la macchina fotografica e qualche indumento extra che \u00e8 sempre consigliabile portare con s\u00e9.<\/span><\/strong><\/p>\n<p style=\"text-align: justify;\"><strong><span style=\"color: #339966;\">\u00a0<\/span><\/strong><\/p>\n<p style=\"text-align: center;\"><strong><span style=\"color: #339966;\">Durata delle escursioni<\/span><\/strong><\/p>\n<p style=\"text-align: justify;\"><strong><span style=\"color: #339966;\">Una escursione solitamente alle 9 e si conclude nel pomeriggio intorno alle 4. Durante la prima parte della giornata si attraversa il parco facendo delle fermate tematiche incentrate su vari aspetti delle scienze naturali. Arrivati nella parte centrale del parco, inizia la parte di escursionismo. I sentieri che scegliamo, danno la possibilit\u00e0 di essere accorciati o allungati, per adattarli ad ogni tipologia di escursionista. In media le ore effettive di cammino sono circa 3-4 con varie pause descrittive e una pausa pi\u00f9 estesa per il pranzo a sacco. La maggior parte di persone \u00e8 in grado di affrontare questo livello di attivit\u00e0 fisica senza alcun problema.<\/span><\/strong><\/p>\n<p style=\"text-align: justify;\"><strong><span style=\"color: #339966;\">\u00a0<\/span><\/strong><\/p>\n<p style=\"text-align: center;\"><strong><span style=\"color: #339966;\">Il nostro principale intento \u00e8 quello di offrire ai nostri soci una giornata piacevole in uno straordinario contesto naturale nel quale si possa realizzare sia un attivit\u00e0 escursionistica che un\u2019attivit\u00e0 culturale di conoscenza dei vari e rilevanti aspetti naturalistici di questo bellissimo parco e che possa far risaltare una visione sistemica di questo vulcano visto come una rete di relazioni complesse e profondamente interconnesse.<\/span><\/strong><strong><span style=\"color: #008000;\">Tat Tvam Asi<\/span><\/strong><\/p>\n<div>\n<h4 style=\"text-align: center;\"><strong><span style=\"color: #008000;\">\u0924\u0924\u094d \u0924\u094d\u0935\u092e\u094d \u0905\u0938\u093f<\/span><\/strong><\/h4>\n<p style=\"text-align: center;\"><strong><span style=\"color: #008000;\"><a style=\"color: #008000;\" href=\"https:\/\/etnatao.com\/wp-content\/uploads\/2010\/07\/The-Four-Elements1.jpg\"><img loading=\"lazy\" decoding=\"async\" class=\"aligncenter\" title=\"The Four Elements\" src=\"https:\/\/etnatao.com\/wp-content\/uploads\/2010\/07\/The-Four-Elements1.jpg\" alt=\"\" width=\"348\" height=\"134\" \/><\/a><\/span><\/strong><\/p>\n<p style=\"text-align: center;\"><strong><span style=\"color: #008000;\"><a style=\"color: #008000;\" href=\"http:\/\/etnatao.files.wordpress.com\/2000\/07\/wood-header-etnatao.png\"><img loading=\"lazy\" decoding=\"async\" class=\"aligncenter\" title=\"wood-header-etnatao\" src=\"http:\/\/etnatao.files.wordpress.com\/2000\/07\/wood-header-etnatao.png\" alt=\"\" width=\"355\" height=\"38\" \/><\/a><\/span><\/strong><\/p>\n<h3 style=\"text-align: center;\"><strong><span style=\"color: #008000;\">\u2013 All rights reserved \u2013<\/span><\/strong><\/h3>\n<\/div>\n<div><strong>\u00a0<\/strong><\/div>\n\n<!-- Facebook Like Button v1.9.6 BEGIN [http:\/\/blog.bottomlessinc.com] -->\n<iframe src=\"http:\/\/www.facebook.com\/plugins\/like.php?href=https%3A%2F%2Fetnatao.com%2Fit%2Fescursioni%2F&amp;layout=standard&amp;show_faces=false&amp;width=450&amp;action=like&amp;colorscheme=light\" scrolling=\"no\" frameborder=\"0\" allowTransparency=\"true\" style=\"border:none; overflow:hidden; width:450px; height: 30px; align: left; margin: 2px 0px 2px 0px\"><\/iframe>\n<!-- Facebook Like Button END -->\n","protected":false},"excerpt":{"rendered":"<p>Facebook\u00a0TripAdvisor\u00a0\u00a0Linkedin\u00a0\u00a0Youtube\u00a0 \u00a0Blog I sentieri del Parco dell\u2019Etna Il parco dell\u2019Etna si estende per circa per circa 1600 km2 e questo ampio territorio \u00e8 attraversato da numerosi sentieri. L&#8217;Etna\u00a0\u00e8 un paradiso per gli amanti del trekking perch\u00e8 offre una rosa di sentieri con una variet\u00e0 di caratteristiche di dislivello, lunghezza e difficolt\u00e0, in grado di soddisfare le esigenze di tutti gli appassionati di natura, dai trekkers pi\u00f9 avanzati ai principianti e alle famiglie. La nostra associazione propone delle escursioni naturalistiche che danno la possibilit\u00e0\u00a0 di conoscere delle splendide aree del vulcano, lontane dal turismo di massa, luoghi pieni di armonia nei quali il tempo sembra essersi fermato e dove il parco&hellip;<\/p>\n","protected":false},"author":2,"featured_media":0,"parent":0,"menu_order":1,"comment_status":"closed","ping_status":"closed","template":"","meta":{"footnotes":""},"class_list":["post-2680","page","type-page","status-publish","hentry"],"aioseo_notices":[],"jetpack_sharing_enabled":true,"jetpack_shortlink":"https:\/\/wp.me\/P1dvPV-He","_links":{"self":[{"href":"https:\/\/etnatao.com\/it\/wp-json\/wp\/v2\/pages\/2680\/"}],"collection":[{"href":"https:\/\/etnatao.com\/it\/wp-json\/wp\/v2\/pages\/"}],"about":[{"href":"https:\/\/etnatao.com\/it\/wp-json\/wp\/v2\/types\/page\/"}],"author":[{"embeddable":true,"href":"https:\/\/etnatao.com\/it\/wp-json\/wp\/v2\/users\/2\/"}],"replies":[{"embeddable":true,"href":"https:\/\/etnatao.com\/it\/wp-json\/wp\/v2\/comments\/?post=2680"}],"version-history":[{"count":10,"href":"https:\/\/etnatao.com\/it\/wp-json\/wp\/v2\/pages\/2680\/revisions\/"}],"predecessor-version":[{"id":11501,"href":"https:\/\/etnatao.com\/it\/wp-json\/wp\/v2\/pages\/2680\/revisions\/11501\/"}],"wp:attachment":[{"href":"https:\/\/etnatao.com\/it\/wp-json\/wp\/v2\/media\/?parent=2680"}],"curies":[{"name":"wp","href":"https:\/\/api.w.org\/{rel}","templated":true}]}}