{"id":3263,"date":"2017-02-20T17:04:06","date_gmt":"2017-02-20T16:04:06","guid":{"rendered":"http:\/\/etnatao.com\/?page_id=3263\/"},"modified":"2022-05-01T15:06:13","modified_gmt":"2022-05-01T14:06:13","slug":"volcanologia-del-etna","status":"publish","type":"page","link":"https:\/\/etnatao.com\/es\/volcanologia-del-etna\/","title":{"rendered":"Volcanol\u00f2gia"},"content":{"rendered":"\n<!-- Facebook Like Button v1.9.6 BEGIN [http:\/\/blog.bottomlessinc.com] -->\n<iframe src=\"http:\/\/www.facebook.com\/plugins\/like.php?href=https%3A%2F%2Fetnatao.com%2Fes%2Fvolcanologia-del-etna%2F&amp;layout=standard&amp;show_faces=false&amp;width=450&amp;action=like&amp;colorscheme=light\" scrolling=\"no\" frameborder=\"0\" allowTransparency=\"true\" style=\"border:none; overflow:hidden; width:450px; height: 30px; align: left; margin: 2px 0px 2px 0px\"><\/iframe>\n<!-- Facebook Like Button END -->\n<h3><a href=\"https:\/\/etnatao.com\/wp-content\/uploads\/2010\/07\/NEW-ETNATAO-WEBSITE.jpg\"><img loading=\"lazy\" decoding=\"async\" class=\"wp-image-1853 aligncenter\" src=\"https:\/\/etnatao.com\/wp-content\/uploads\/2010\/07\/NEW-ETNATAO-WEBSITE.jpg\" alt=\"NEW ETNATAO WEBSITE\" width=\"431\" height=\"233\" \/><\/a><\/h3>\n<div style=\"text-align: center;\"><span style=\"color: #008000;\"><strong><a style=\"color: #008000;\" href=\"https:\/\/etnatao.com\/www.facebook.com\/Etnatao\">Facebook<\/a>\u00a0\u00a0<a style=\"color: #008000;\" href=\"http:\/\/www.tripadvisor.co.uk\/Attraction_Review-g2440593-d6613405-Reviews-Etnatao_Naturalistic_Excursion_on_Mt_Etna-Province_of_Catania_Sicily.html\">TripAdvisor<\/a><i>\u00a0<\/i>\u00a0<a style=\"color: #008000;\" href=\"https:\/\/etnatao.com\/volcanology\/www.linkedin.com\/pub\/carmelo-giuffrida\/41\/25a\/8b2\">Linkedin<\/a>\u00a0\u00a0<a style=\"color: #008000;\" href=\"http:\/\/www.youtube.com\/user\/etnatao\/videos\">Youtube<\/a>\u00a0 \u00a0<a style=\"color: #008000;\" href=\"http:\/\/http\/\/etnatao.wordpress.com\/\">Blog<\/a><\/strong><\/span><\/div>\n<h3 style=\"text-align: center;\"><span style=\"color: #008000;\">\u00a0<strong>V<\/strong><\/span><span style=\"color: #008000;\"><strong>olcanol\u00f2gia\u00a0<\/strong><\/span><span style=\"color: #008000;\"><strong>del Etna<\/strong><\/span><\/h3>\n<p><a href=\"https:\/\/etnatao.com\/wp-content\/uploads\/2016\/02\/Etna-X.jpg\"><img loading=\"lazy\" decoding=\"async\" class=\"aligncenter wp-image-3749\" src=\"https:\/\/etnatao.com\/wp-content\/uploads\/2016\/02\/Etna-X.jpg\" alt=\"\" width=\"500\" height=\"484\" srcset=\"https:\/\/etnatao.com\/wp-content\/uploads\/2016\/02\/Etna-X.jpg 888w, https:\/\/etnatao.com\/wp-content\/uploads\/2016\/02\/Etna-X-300x291.jpg 300w, https:\/\/etnatao.com\/wp-content\/uploads\/2016\/02\/Etna-X-768x744.jpg 768w, https:\/\/etnatao.com\/wp-content\/uploads\/2016\/02\/Etna-X-150x145.jpg 150w\" sizes=\"auto, (max-width: 500px) 100vw, 500px\" \/><\/a><\/p>\n<p style=\"text-align: justify;\"><span style=\"color: #008000;\"><strong>El Etna es un magn\u00edfico volc\u00e1n y una atracci\u00f3n irresistible para los amantes de la naturaleza. Es el volc\u00e1n m\u00e1s alto de Europa continental, la monta\u00f1a m\u00e1s alta del mediterr\u00e1neo y uno de los volcanes m\u00e1s activos del mundo. Todos los a\u00f1os, desde este volc\u00e1n salen productos volc\u00e1nicos comparables al volumen de un rascacielo de 100 pisos! Es un stratovolcano m\u00faltiple y su morfolog\u00eda actual es el resultado del crecimiento de varios edificios alimentados por diferentes ejes eruptivos. En la cumbre hay cuatro cr\u00e1teres con una actividad casi persistente y mas de 300 cr\u00e1teres a su alrededor, una especie de cooperativa de peque\u00f1os volcanes <b>monogen\u00e9ticos <\/b>. La morfolog\u00eda de su gran base es de un volc\u00e1n escudo en la parte superior de la cual creci\u00f3 un estratovolc\u00e1n m\u00e1s joven. Tiene cerca de 250 tubos de lava, varias grandes calderas y se encuentra en un cruce de l\u00edneas de falla, entre dos placas tect\u00f3nicas diferentes en un ambiente tect\u00f3nico compresivo. Mt.Etna tiene una actividad efusiva y explosiva y es capaz de mostrar una impresionante variedad de estilos eruptivos,\u00a0hawaiano,\u00a0estromboliano, \u00a0volcaniano,\u00a0pliniano, etc. La duraci\u00f3n de una erupci\u00f3n var\u00eda de menos de una hora a meses o a\u00f1os seguidos. Otras posibles variables son la intensidad de las erupciones, el volumen de lava y gas emitidos y los lugares donde empieza\u00a0una erupci\u00f3n. El Etna tiene tambi\u00e9n el registro documentado\u00a0de erupciones hist\u00f3ricas m\u00e1s largo del mundo , que se remonta a mas de\u00a03000 a\u00f1os.<\/strong><\/span><\/p>\n<h5><span style=\"color: #339966;\"><b>\u00a0 \u00a0 \u00a0 \u00a0 \u00a0 \u00a0 \u00a0 \u00a0 \u00a0 \u00a0 \u00a0 \u00a0 \u00a0 \u00a0 \u00a0 \u00a0 \u00a0 \u00a0 \u00a0 \u00a0 \u00a0 \u00a0 \u00a0 \u00a0 \u00a0 \u00a0 \u00a0 \u00a0 \u00a0 \u00a0 \u00a0 \u00a0 \u00a0 \u00a0 \u00a0 \u00a0 \u00a0<\/b><\/span><\/h5>\n<h5 style=\"text-align: center;\"><span style=\"color: #008000;\"><strong>Evoluc\u00econ volcanol\u00f2gica<\/strong><\/span><\/h5>\n<p><span style=\"color: #008000;\"><strong>El volc\u00e1n que vemos hoy es el resultado de una evoluci\u00f3n muy prolongada que dur\u00f3 unos 600.000 a\u00f1os y que generalmente se divide en cuatro fases:<\/strong><\/span><\/p>\n<p style=\"text-align: center;\"><span style=\"text-decoration: underline; color: #008000;\"><strong>Primera fase\u00a0&#8220;Las Toleitas Basales&#8221; desde 600.000 a 220.000 a\u00f1os atras<\/strong><\/span><\/p>\n<p style=\"text-align: justify;\"><span style=\"color: #008000;\"><strong>Alrededor de medio mill\u00f3n de a\u00f1os atr\u00e1s, en la zona que hoy ocupa este grande volc\u00e1n \u00a0hab\u00eda una gran bah\u00eda, la bah\u00eca\u00a0Preetnea, que se extend\u00eda desde las monta\u00f1as Peloritani y Nebrodi (la placa euroasi\u00e1tica) hacia\u00a0el Sur hasta la meseta de Hyblean (la placa africana). Ah\u00ed es donde la larga aventura volc\u00e1nica del Etna\u00a0comenz\u00f3 con erupciones\u00a0submarinas fisurales que con el tiempo probablemente construyeron\u00a0algunas peque\u00f1as islas volc\u00e1nicas. Las rocas volc\u00e1nicas que pertenecen a esta fase son basaltos Toleitas, basaltos subalcalinos que ocurren en una gran variedad de setting\u00a0tect\u00f3nicos (puntos calientes tales como Hawaii o la dorsal mesoatlantica<\/strong><\/span><span style=\"color: #008000;\"><strong>). Estas rocas se forman de 20% a 30% de fusi\u00f3n del manto a una profundidad de 40 a 70 km.<\/strong><\/span><\/p>\n<p><img loading=\"lazy\" decoding=\"async\" class=\"aligncenter size-full wp-image-2483\" src=\"https:\/\/etnatao.com\/wp-content\/uploads\/2016\/02\/Screen-Shot-2016-02-12-at-9.54.01-AM.png\" sizes=\"auto, (max-width: 369px) 100vw, 369px\" srcset=\"https:\/\/etnatao.com\/wp-content\/uploads\/2016\/02\/Screen-Shot-2016-02-12-at-9.54.01-AM.png 369w, https:\/\/etnatao.com\/wp-content\/uploads\/2016\/02\/Screen-Shot-2016-02-12-at-9.54.01-AM-289x300.png 289w, https:\/\/etnatao.com\/wp-content\/uploads\/2016\/02\/Screen-Shot-2016-02-12-at-9.54.01-AM-145x150.png 145w\" alt=\"Screen Shot 2016-02-12 at 9.54.01 AM\" width=\"369\" height=\"383\" data-pagespeed-url-hash=\"3988452944\" \/><\/p>\n<p style=\"text-align: justify;\">\n<p style=\"text-align: justify;\"><strong><span style=\"color: #008000;\">Al norte de Catania, en la zona de Acicastello,hay un geositio excepcional \u00a0donde hay un afloramiento de pillow lava (t\u00edpico de erupciones subacu\u00e1ticas). Al norte de Acicastello el geositio contin\u00faa en Acitrezza donde hay\u00a0algunos basaltos columnares. Cerca de Adrano, Patern\u00f2 y Biancavilla se encuentran Toleitas\u00a0subaeriale m\u00e1s recientes (aproximadamente 300.000 a\u00f1os). Esta fue la fase m\u00e1s larga en la evoluci\u00f3n del Etna a pesar del volumen relativamente peque\u00f1o de los productos volc\u00e1nicos.<\/span><\/strong><\/p>\n<p style=\"text-align: center;\"><strong><img loading=\"lazy\" decoding=\"async\" class=\"aligncenter size-full wp-image-2477\" src=\"https:\/\/etnatao.com\/wp-content\/uploads\/2016\/02\/Screen-Shot-2016-02-10-at-21.54.23.png\" sizes=\"auto, (max-width: 386px) 100vw, 386px\" srcset=\"https:\/\/etnatao.com\/wp-content\/uploads\/2016\/02\/Screen-Shot-2016-02-10-at-21.54.23.png 386w, https:\/\/etnatao.com\/wp-content\/uploads\/2016\/02\/Screen-Shot-2016-02-10-at-21.54.23-300x219.png 300w, https:\/\/etnatao.com\/wp-content\/uploads\/2016\/02\/Screen-Shot-2016-02-10-at-21.54.23-150x110.png 150w\" alt=\"Screen Shot 2016-02-10 at 21.54.23\" width=\"386\" height=\"282\" data-pagespeed-url-hash=\"3906693065\" \/><br \/>\n<\/strong><\/p>\n<p style=\"text-align: center;\"><span style=\"color: #008000;\"><strong><span style=\"text-decoration: underline;\"><em>Segunda fase \u00a0Timpe desde hace 220.000 a\u00f1os hasta hace 110.000 a\u00f1os<\/em><\/span><\/strong><\/span><\/p>\n<p style=\"text-align: justify;\"><span style=\"color: #008000;\"><strong>La segunda fase tuvo lugar en una peque\u00f1a zona \u00a0paralela a la costa j\u00f3nica, donde existe un sistema de fallas de distensi\u00f3n conocido como Timpe que representa la persecuci\u00f3n hacia el norte de una l\u00ednea de falla que desde Malta cruza la meseta de los Iblei,\u00a0manteniendo una direcci\u00f3n NNW-SSE. A lo largo de este eje se produjeron algunas erupciones fisurales que formaron un volc\u00e1n escudo con una base el\u00edptica de unos 20 km.<\/strong><\/span><\/p>\n<p><img loading=\"lazy\" decoding=\"async\" class=\"aligncenter size-full wp-image-2487\" src=\"https:\/\/etnatao.com\/wp-content\/uploads\/2016\/02\/Screen-Shot-2016-02-12-at-10.11.09-AM.png\" sizes=\"auto, (max-width: 363px) 100vw, 363px\" srcset=\"https:\/\/etnatao.com\/wp-content\/uploads\/2016\/02\/Screen-Shot-2016-02-12-at-10.11.09-AM.png 363w, https:\/\/etnatao.com\/wp-content\/uploads\/2016\/02\/Screen-Shot-2016-02-12-at-10.11.09-AM-291x300.png 291w, https:\/\/etnatao.com\/wp-content\/uploads\/2016\/02\/Screen-Shot-2016-02-12-at-10.11.09-AM-146x150.png 146w\" alt=\"Screen Shot 2016-02-12 at 10.11.09 AM\" width=\"363\" height=\"374\" data-pagespeed-url-hash=\"3555055725\" \/><\/p>\n<p style=\"text-align: justify;\">\n<p style=\"text-align: justify;\"><strong><span style=\"color: #008000;\">Desde la primera a la segunda fase, los productos cambiaron de basaltos subalcalinos a basaltos alcalinos y hawaiitas. Las rocas de lava que pertenecen a la fase de Timpe se encuentran tambien en Patern\u00f2 y en el \u00e1rea de Leucatia. A partir de hace unos 130.000 a\u00f1os la actividad fisural eruptiva se desplaz\u00f3 hacia el oeste en una zona entre Moscarello y Val Calanna.<\/span><\/strong><\/p>\n<p style=\"text-align: center;\"><span style=\"text-decoration: underline;\"><span style=\"color: #008000; text-decoration: underline;\"><strong>Tercera fase del centros eruptivos delValle del Bove \u00a0110.000 a 57.000 a\u00f1os atr\u00e1s<\/strong><\/span><\/span><\/p>\n<p style=\"text-align: justify;\"><span style=\"color: #008000;\"><strong>Esta fase se caracteriza por un desplazamiento hacia el oeste del eje eruptivo hacia el Valle del Bove. Quiz\u00e1s el sistema de alimentaci\u00f3n fue definido por la intersecci\u00f3n del sistema de fallas NNW-SSE con el otro principal NNE-SSW. En\u00a0esta fase\u00a0hubo un cambio a una actividad volc\u00e1nica explosiva y efusiva centralizada que progresivamente llen\u00f3 la bah\u00eda pre-etnea con nuevos productos volcanicos .<\/strong><\/span><\/p>\n<h3 style=\"text-align: center;\"><strong><span style=\"color: #008000;\"><a href=\"https:\/\/etnatao.com\/wp-content\/uploads\/2016\/02\/Screen-Shot-2016-02-12-at-4.22.49-PM.png\" rel=\"attachment wp-att-2492\"><img loading=\"lazy\" decoding=\"async\" class=\"aligncenter size-full wp-image-2492\" src=\"https:\/\/etnatao.com\/wp-content\/uploads\/2016\/02\/Screen-Shot-2016-02-12-at-4.22.49-PM.png\" alt=\"Screen Shot 2016-02-12 at 4.22.49 PM\" width=\"364\" height=\"377\" srcset=\"https:\/\/etnatao.com\/wp-content\/uploads\/2016\/02\/Screen-Shot-2016-02-12-at-4.22.49-PM.png 364w, https:\/\/etnatao.com\/wp-content\/uploads\/2016\/02\/Screen-Shot-2016-02-12-at-4.22.49-PM-290x300.png 290w, https:\/\/etnatao.com\/wp-content\/uploads\/2016\/02\/Screen-Shot-2016-02-12-at-4.22.49-PM-145x150.png 145w\" sizes=\"auto, (max-width: 364px) 100vw, 364px\" \/><\/a><br \/>\n<\/span><\/strong><\/h3>\n<p style=\"text-align: justify;\"><span style=\"color: #008000;\"><strong>Durante esta etapa se construy\u00f3 un gran estrato-volc\u00e1n con la super-imposici\u00f3n de los productos de diferentes centros eruptivos. Los primeros fueron Tarderia, Rocche y Trifoglietto. Este \u00faltimo fue el m\u00e1s elevado, alcanzando la altitud de unos 2500 m.\u00a0y hace unos 100.000 a\u00f1os termin\u00f3 su ciclo eruptivo con una erupci\u00f3n pliniana. Nuevos centros eruptivos crecieron alrededor de las ruinas de los m\u00e1s antiguos, Mt. Cerasa, Giannicola, Salifizio y Cuvigghiuni. Las rocas volc\u00e1nicas que pertenecen a esta fase suelen tener una composici\u00f3n hawa\u00edtica a muge\u00e1rtica, pero tambi\u00e9n hay rocas de composici\u00f3n\u00a0<em>traqu\u00edtica<\/em> y por esta raz\u00f3n el volcanismo resultante fu\u00e8 mucho m\u00e1s explosivo.<\/strong><\/span><\/p>\n<p style=\"text-align: center;\"><span style=\"text-decoration: underline;\"><span style=\"color: #008000; text-decoration: underline;\"><strong>Cuarta\u00a0fase del Stratovolcano desde 57.000 a\u00f1os a los d\u00edas actuales<\/strong><\/span><\/span><\/p>\n<p style=\"text-align: justify;\"><span style=\"color: #008000;\"><strong>Un nuevo movimiento del eje eruptivo caus\u00f3 el final de la etapa anterior de la evoluci\u00f3n del Etna y el comienzo de una nueva fase en la que un nuevo volc\u00e1n, que llamamos Ellittico, inici\u00f3 una nueva y potente actividad explosiva y efusiva que elev\u00f3 la altitud del Etna llegando quiz\u00e1s a unos 3800 m, m\u00e1s de 400 metros m\u00e1s alto que hoy. Grandes caudales de lava bajaban por las laderas de este nuevo volc\u00e1n (llegando al r\u00edo Alc\u00e1ntara al norte y al r\u00edo Simeto al sur) y las numerosas erupciones explosivas acumulaban grandes capas de material pirocl\u00e1stico. Durante esta fase hubo el producto m\u00e1s \u00e1cido de toda la historia del Mt.Etna, las traquitas. El Ellittico termin\u00f3 su ciclo\u00a0hace unos 15.000 a\u00f1os con unas poderosas erupciones Plinianas que hicieron desaparecer la antigua cumbre y formaron una gran caldera de unos 4 km de di\u00e1metro que luego iba a ser lentamente llenada por los productos de las siguientes erupciones. Llamamos a Mongibello el volc\u00e1n que creci\u00f3 sobre las ruinas de Ellittico, el mismo volc\u00e1n que contin\u00faa su actividad hoy. Durante esta fase la actividad efusiva prevalece y occurre\u00a0desde los cr\u00e1teres de la cumbre y\u00a0en los lados del volcan en \u00e1reas de debilidad\u00a0en los rift del Sur, Noreste y Occidente. Siempre hay tambi\u00e9n el lado\u00a0explosivo que en algunos eventos tambi\u00e9n ha alcanzado una intensidad bastante alta.<\/strong><\/span><\/p>\n<p style=\"text-align: justify;\"><img loading=\"lazy\" decoding=\"async\" class=\"aligncenter size-full wp-image-2629\" src=\"https:\/\/etnatao.com\/wp-content\/uploads\/2016\/02\/Screen-Shot-2016-03-11-at-16.16.32.png\" alt=\"Screen Shot 2016-03-11 at 16.16.32\" width=\"502\" height=\"348\" srcset=\"https:\/\/etnatao.com\/wp-content\/uploads\/2016\/02\/Screen-Shot-2016-03-11-at-16.16.32.png 502w, https:\/\/etnatao.com\/wp-content\/uploads\/2016\/02\/Screen-Shot-2016-03-11-at-16.16.32-300x208.png 300w, https:\/\/etnatao.com\/wp-content\/uploads\/2016\/02\/Screen-Shot-2016-03-11-at-16.16.32-150x104.png 150w\" sizes=\"auto, (max-width: 502px) 100vw, 502px\" \/><\/p>\n<h4 style=\"text-align: center;\"><strong><a href=\"https:\/\/etnatao.com\/wp-content\/uploads\/2010\/07\/Screen-Shot-2017-02-03-at-14.53.58-copy.jpg\"><img loading=\"lazy\" decoding=\"async\" class=\"aligncenter size-full wp-image-3127\" src=\"https:\/\/etnatao.com\/wp-content\/uploads\/2010\/07\/Screen-Shot-2017-02-03-at-14.53.58-copy.jpg\" sizes=\"auto, (max-width: 514px) 100vw, 514px\" srcset=\"https:\/\/etnatao.com\/wp-content\/uploads\/2010\/07\/Screen-Shot-2017-02-03-at-14.53.58-copy.jpg 514w, https:\/\/etnatao.com\/wp-content\/uploads\/2010\/07\/Screen-Shot-2017-02-03-at-14.53.58-copy-300x205.jpg 300w, https:\/\/etnatao.com\/wp-content\/uploads\/2010\/07\/Screen-Shot-2017-02-03-at-14.53.58-copy-150x103.jpg 150w\" alt=\"\" width=\"514\" height=\"352\" \/><\/a><span style=\"color: #008000;\">Tat Tvam Asi<\/span><\/strong><\/h4>\n<div>\n<h4 style=\"text-align: center;\"><span style=\"color: #008000;\">\u0924\u0924\u094d \u0924\u094d\u0935\u092e\u094d \u0905\u0938\u093f<\/span><\/h4>\n<p style=\"text-align: center;\"><span style=\"color: #008000;\"><a style=\"color: #008000;\" href=\"https:\/\/etnatao.com\/wp-content\/uploads\/2010\/07\/The-Four-Elements1.jpg\"><img loading=\"lazy\" decoding=\"async\" class=\"aligncenter\" title=\"The Four Elements\" src=\"https:\/\/etnatao.com\/wp-content\/uploads\/2010\/07\/The-Four-Elements1.jpg\" alt=\"\" width=\"348\" height=\"134\" \/><\/a><\/span><\/p>\n<p style=\"text-align: center;\"><span style=\"color: #008000;\"><a style=\"color: #008000;\" href=\"http:\/\/etnatao.files.wordpress.com\/2000\/07\/wood-header-etnatao.png\"><img loading=\"lazy\" decoding=\"async\" class=\"aligncenter\" title=\"wood-header-etnatao\" src=\"http:\/\/etnatao.files.wordpress.com\/2000\/07\/wood-header-etnatao.png\" alt=\"\" width=\"355\" height=\"38\" \/><\/a><\/span><\/p>\n<h3 style=\"text-align: center;\"><span style=\"color: #008000;\"><strong>\u2013 All rights reserved \u2013<\/strong><\/span><\/h3>\n<\/div>\n<p style=\"text-align: center;\">\n\n<!-- Facebook Like Button v1.9.6 BEGIN [http:\/\/blog.bottomlessinc.com] -->\n<iframe src=\"http:\/\/www.facebook.com\/plugins\/like.php?href=https%3A%2F%2Fetnatao.com%2Fes%2Fvolcanologia-del-etna%2F&amp;layout=standard&amp;show_faces=false&amp;width=450&amp;action=like&amp;colorscheme=light\" scrolling=\"no\" frameborder=\"0\" allowTransparency=\"true\" style=\"border:none; overflow:hidden; width:450px; height: 30px; align: left; margin: 2px 0px 2px 0px\"><\/iframe>\n<!-- Facebook Like Button END -->\n","protected":false},"excerpt":{"rendered":"<p>Facebook\u00a0\u00a0TripAdvisor\u00a0\u00a0Linkedin\u00a0\u00a0Youtube\u00a0 \u00a0Blog \u00a0Volcanol\u00f2gia\u00a0del Etna El Etna es un magn\u00edfico volc\u00e1n y una atracci\u00f3n irresistible para los amantes de la naturaleza. Es el volc\u00e1n m\u00e1s alto de Europa continental, la monta\u00f1a m\u00e1s alta del mediterr\u00e1neo y uno de los volcanes m\u00e1s activos del mundo. Todos los a\u00f1os, desde este volc\u00e1n salen productos volc\u00e1nicos comparables al volumen de un rascacielo de 100 pisos! Es un stratovolcano m\u00faltiple y su morfolog\u00eda actual es el resultado del crecimiento de varios edificios alimentados por diferentes ejes eruptivos. En la cumbre hay cuatro cr\u00e1teres con una actividad casi persistente y mas de 300 cr\u00e1teres a su alrededor, una especie de cooperativa de peque\u00f1os volcanes monogen\u00e9ticos .&hellip;<\/p>\n","protected":false},"author":2,"featured_media":0,"parent":0,"menu_order":3,"comment_status":"closed","ping_status":"closed","template":"","meta":{"footnotes":""},"class_list":["post-3263","page","type-page","status-publish","hentry"],"aioseo_notices":[],"jetpack_sharing_enabled":true,"jetpack_shortlink":"https:\/\/wp.me\/P1dvPV-QD","_links":{"self":[{"href":"https:\/\/etnatao.com\/es\/wp-json\/wp\/v2\/pages\/3263\/"}],"collection":[{"href":"https:\/\/etnatao.com\/es\/wp-json\/wp\/v2\/pages\/"}],"about":[{"href":"https:\/\/etnatao.com\/es\/wp-json\/wp\/v2\/types\/page\/"}],"author":[{"embeddable":true,"href":"https:\/\/etnatao.com\/es\/wp-json\/wp\/v2\/users\/2\/"}],"replies":[{"embeddable":true,"href":"https:\/\/etnatao.com\/es\/wp-json\/wp\/v2\/comments\/?post=3263"}],"version-history":[{"count":8,"href":"https:\/\/etnatao.com\/es\/wp-json\/wp\/v2\/pages\/3263\/revisions\/"}],"predecessor-version":[{"id":12120,"href":"https:\/\/etnatao.com\/es\/wp-json\/wp\/v2\/pages\/3263\/revisions\/12120\/"}],"wp:attachment":[{"href":"https:\/\/etnatao.com\/es\/wp-json\/wp\/v2\/media\/?parent=3263"}],"curies":[{"name":"wp","href":"https:\/\/api.w.org\/{rel}","templated":true}]}}