{"id":3248,"date":"2017-02-20T16:54:50","date_gmt":"2017-02-20T15:54:50","guid":{"rendered":"http:\/\/etnatao.com\/?page_id=3248\/"},"modified":"2017-03-05T11:53:31","modified_gmt":"2017-03-05T10:53:31","slug":"articulos-y-comentarios-a-las-excursiones-al-etna","status":"publish","type":"page","link":"https:\/\/etnatao.com\/es\/articulos-y-comentarios-a-las-excursiones-al-etna\/","title":{"rendered":"Art\u00edculos y comentarios"},"content":{"rendered":"\n<!-- Facebook Like Button v1.9.6 BEGIN [http:\/\/blog.bottomlessinc.com] -->\n<iframe src=\"http:\/\/www.facebook.com\/plugins\/like.php?href=https%3A%2F%2Fetnatao.com%2Fes%2Farticulos-y-comentarios-a-las-excursiones-al-etna%2F&amp;layout=standard&amp;show_faces=false&amp;width=450&amp;action=like&amp;colorscheme=light\" scrolling=\"no\" frameborder=\"0\" allowTransparency=\"true\" style=\"border:none; overflow:hidden; width:450px; height: 30px; align: left; margin: 2px 0px 2px 0px\"><\/iframe>\n<!-- Facebook Like Button END -->\n<div><span style=\"color: #008000;\"><a style=\"color: #008000;\" href=\"https:\/\/etnatao.com\/wp-content\/uploads\/2010\/07\/NEW-ETNATAO-WEBSITE.jpg\"><img loading=\"lazy\" decoding=\"async\" class=\"wp-image-1853 aligncenter\" src=\"https:\/\/etnatao.com\/wp-content\/uploads\/2010\/07\/NEW-ETNATAO-WEBSITE.jpg\" alt=\"NEW ETNATAO WEBSITE\" width=\"417\" height=\"214\" \/><\/a><\/span><\/div>\n<div style=\"text-align: center;\"><span style=\"color: #008000;\"><b><i><strong><a style=\"color: #008000;\" href=\"https:\/\/www.facebook.com\/Etnatao\">Facebook<\/a>\u00a0<\/strong><\/i><strong>\u00a0<\/strong><\/b><em><strong><a style=\"color: #008000;\" href=\"http:\/\/www.tripadvisor.co.uk\/Attraction_Review-g2440593-d6613405-Reviews-Etnatao_Naturalistic_Excursion_on_Mt_Etna-Province_of_Catania_Sicily.html\">TripAdvisor<\/a>\u00a0<\/strong><\/em><b><i><strong>\u00a0<a style=\"color: #008000;\" href=\"https:\/\/www.linkedin.com\/pub\/carmelo-giuffrida\/41\/25a\/8b2\">Linkedin<\/a>\u00a0\u00a0<a style=\"color: #008000;\" href=\"http:\/\/www.youtube.com\/user\/etnatao\/videos\">Youtube<\/a>\u00a0 \u00a0<a style=\"color: #008000;\" href=\"http:\/\/etnatao.wordpress.com\/\">Blog<\/a><\/strong><\/i><\/b><\/span><\/div>\n<h2 style=\"text-align: center;\"><span style=\"color: #339966;\"><strong>\u00a0<\/strong><\/span><\/h2>\n<h3 style=\"text-align: center;\"><span style=\"color: #339966;\"><a href=\"https:\/\/etnatao.com\/wp-content\/uploads\/2011\/01\/Cond%C3%A8-Nast-Traveller-.jpg\"><span style=\"color: #339966;\"><img loading=\"lazy\" decoding=\"async\" title=\"Cond\u00e8 Nast Traveller\" src=\"https:\/\/etnatao.com\/wp-content\/uploads\/2011\/01\/Cond%C3%A8-Nast-Traveller-.jpg\" alt=\"\" width=\"138\" height=\"50\" \/><\/span><\/a><strong>\u00a0<\/strong><\/span><\/h3>\n<p style=\"text-align: center;\"><span style=\"color: #339966;\"><em>The world\u2019s premier travel magazine<\/em><\/span><\/p>\n<h3 style=\"text-align: center;\" align=\"center\"><span style=\"color: #339966;\">\u201c<strong>Not Your Grandfather\u2019s Sicily<\/strong>\u201d \u00a0 <\/span><\/h3>\n<p style=\"text-align: center;\" align=\"center\"><span style=\"color: #339966;\"><em><strong>de Ondine Cohane\u00a0<\/strong><\/em><\/span><\/p>\n<h2 style=\"text-align: center;\"><span style=\"color: #339966;\"><img loading=\"lazy\" decoding=\"async\" class=\"alignright\" title=\"Cond\u00e8 Nast Traveler - Etnatao - Naturalistic Excursions on Mt. Etna\" src=\"http:\/\/etnatao.files.wordpress.com\/2009\/04\/cnt_cover-copy.jpg?w=101&amp;h=131\" alt=\"cnt_cover copy\" width=\"101\" height=\"131\" \/><\/span><\/h2>\n<p style=\"text-align: justify;\" align=\"center\"><span style=\"color: #339966;\">&#8220;Despu\u00e9s de unos pocos kil\u00f3metros en el camino hacia el Monte Etna, los pueblos desaparecen, dejando s\u00f3lo el agudo contraste de las verdes zonas boscosas \u00a0y el paisaje negro de los rios de lava del volc\u00e1n. Brillos del mar J\u00f3nico se ven en la lejania. <strong>Carmelo Giuffrida, mi gu\u00eda, explica c\u00f3mo el contraste de este paisaje se refleja en la irreverencia y en el fatalismo del car\u00e1cter de las gente que vive aqui.<\/strong> Una casa puede ser destruida en una erupci\u00f3n, y otra, a pocos metros de distancia, se puede salvar. Salimos de la furgoneta y empezamos a subir hacia el valle del Bove. Aparte del ruido de nuestras botas en la ceniza volc\u00e1nica, de vez en cuando un canto de un p\u00e1jaros y el bajo ruido del volc\u00e1n que se hace m\u00e1s evidente a medida que ascendemos, no hay sonidos. Durante la subida Carmelo y yo caminamos en silencio, salvo durante unas interrupciones para se\u00f1alar unos \u00e1rboles y plantas. Muchos de ellos tienen \u00a0asociaciones con la medicina y la mitologia. A medida que llegamos m\u00e1s alto, los \u00e1rboles se reducen de dimension y se parecen m\u00e1s a bonsai de pinos. Una pareja de halcones revolotean por encima. Y entonces llegamos al valle del Bove, un enorme cr\u00e1ter que se asemeja a un primordial valle sin fin.<\/span><\/p>\n<p style=\"text-align: justify;\"><span style=\"color: #339966;\"> Como Carmelo se aleja a dejarme experimentar este lugar encantador por m\u00ed misma, el ruido se hace m\u00e1s intenso. Me siento all\u00ed para lo que parece una hora, observando el cambio de las sombras.<\/span><br \/>\n<span style=\"color: #339966;\"> <em><strong> Carmelo, un geologo y un guia naturalista \u00a0de Catania, la segunda ciudad de Sicilia, en la costa oriental, dej\u00f2 la isla durante un par de d\u00e9cadas de vivir en Nueva York, y viaj\u00f3 extensamente por las Am\u00e9ricas \u00a0y la India. Despues de muchos a\u00f1os regres\u00f2 a Sicilia y comenz\u00f3 a trabajar como gu\u00eda, introduciendo a los visitantes \u00a0la flora, la fauna silvestre y el verdadero car\u00e1cter del Etna, la paradoja de creaci\u00f3n y destrucci\u00f3n que es la realidad del volc\u00e1n.<\/strong><\/em> Mientras caminamos de vuelta a nuestra conquista, discutimos el libro de Bruce Chatwin \u201cEn Patagonia\u201d y luego c\u00f3mo la personalidad del volc\u00e1n (el creador, el destructor, y el ecualizador) se puede comparar a las deidades de la India, Brahma, Vishnu y Shiva.<\/span><br \/>\n<span style=\"color: #339966;\"> <em><strong> Me qued\u00e9 muy impresionada como las aventuras de Carmelo en todo el mundo lo han hecho tan en sinton\u00eda con los matices y detalles en su manera de presentar el Etna. Carmelo es parte de una nueva generaci\u00f3n de \u00a0sicilianos, que est\u00e1 cambiando la forma en que los viajeros\u00a0 experimenta la isla .<\/strong><\/em><\/span><br \/>\n<span style=\"color: #339966;\"> Sicilia, que una vez ha enviado lejos a sus hijos e hijas como mi pa\u00eds natal Irlanda, ha revertido el patr\u00f3n migratorio debido a una nueva prosperidad.<\/span><\/p>\n<p style=\"text-align: justify;\"><span style=\"color: #339966;\">El talento ha regresado y ha dado en el blanco! &#8220;<\/span><\/p>\n<h4 style=\"text-align: center;\"><\/h4>\n<h4><span style=\"color: #339966;\"><img loading=\"lazy\" decoding=\"async\" id=\"fancybox-img\" class=\"aligncenter\" src=\"http:\/\/etnatao.wordpress.com\/files\/2009\/06\/logo-shinesicily2.jpg\" alt=\"\" width=\"303\" height=\"95\" \/><\/span><\/h4>\n<p>&nbsp;<\/p>\n<h3><span style=\"color: #339966;\"><strong>ShineSicily Turismo sostenible en Sicilia<\/strong><\/span><\/h3>\n<h5><span style=\"color: #339966;\"><em><strong>Boris Bonanno<img loading=\"lazy\" decoding=\"async\" class=\"wp-image-1885 alignright\" src=\"https:\/\/etnatao.com\/wp-content\/uploads\/2011\/01\/images-1.jpg\" alt=\"images-1\" width=\"129\" height=\"128\" srcset=\"https:\/\/etnatao.com\/wp-content\/uploads\/2011\/01\/images-1.jpg 225w, https:\/\/etnatao.com\/wp-content\/uploads\/2011\/01\/images-1-150x150.jpg 150w, https:\/\/etnatao.com\/wp-content\/uploads\/2011\/01\/images-1-92x92.jpg 92w, https:\/\/etnatao.com\/wp-content\/uploads\/2011\/01\/images-1-64x64.jpg 64w\" sizes=\"auto, (max-width: 129px) 100vw, 129px\" \/><\/strong><\/em><\/span><\/h5>\n<div><\/div>\n<p style=\"text-align: justify;\"><span style=\"color: #339966;\">Qu\u00e9 decir de Carmelo Giuffrida?<em><strong> El es sin duda una de las gu\u00edas naturalistas m\u00e1s preparadas sobre el volc\u00e1n que podr\u00e9is encontrar.<\/strong> <\/em>Adem\u00e1s compartir un d\u00eda de excursi\u00f3n con \u00e9l es una \u2018gozada\u2019 no solo por su preparaci\u00f3n sobre temas de ciencias naturales y vulcanol\u00f3gicas, sino por su sonrisa, su simpat\u00eda e inteligente iron\u00eda, en un solo concepto dir\u00eda por su agradable \u2018compa\u00f1\u00eda\u2019.<\/span><\/p>\n<p><span style=\"color: #339966;\">\u00a0<\/span><\/p>\n<h4><span style=\"color: #339966;\"><strong>http:\/\/www.shinesicily.com<\/strong><\/span><\/h4>\n<h1><\/h1>\n<h2 style=\"text-align: center;\"><span style=\"color: #339966;\"><strong>\u201cLa Sicilia.es\u201d<a href=\"https:\/\/etnatao.com\/wp-content\/uploads\/2011\/01\/lasicilia_slideweb.jpg\"><img loading=\"lazy\" decoding=\"async\" class=\"wp-image-3171 alignleft\" src=\"https:\/\/etnatao.com\/wp-content\/uploads\/2011\/01\/lasicilia_slideweb.jpg\" alt=\"\" width=\"272\" height=\"93\" \/><\/a><\/strong><\/span><\/h2>\n<p><img loading=\"lazy\" decoding=\"async\" class=\" wp-image-1260 alignright\" src=\"https:\/\/etnatao.com\/wp-content\/uploads\/2012\/07\/aitor.jpg\" alt=\"aitor\" width=\"112\" height=\"134\" \/><\/p>\n<h3><span style=\"color: #339966;\"><strong><em>El portal sobre la isla de Sicilia<\/em><\/strong><\/span><\/h3>\n<p style=\"text-align: justify;\"><span style=\"color: #339966;\">\u00a0 \u00a0 \u00a0 \u00a0 \u00a0 \u00a0Carmelo\u00a0Giuffrida es adem\u00e1s de experto gu\u00eda, una de las personas que mejor conoce el volc\u00e1n Etna. Adem\u00e1s de su formaci\u00f3n en geolog\u00eda, en sus excursiones se puede disfrutar de sus conocimientos sobre la historia, la fauna y la flora de este gigante de piedra cuya imponente figura se asemeja a la de un faro que domina y alumbra toda la isla. Nuestra web recomienda sus rutas guiadas ya que permiten acercarse al volc\u00e1n desde una \u00f3ptica dif\u00edcil de emular.<\/span><\/p>\n<h5 style=\"text-align: justify;\"><span style=\"color: #339966;\"><em><strong>Aitor Pedrueza<\/strong><\/em><\/span><\/h5>\n<p style=\"text-align: justify;\"><span style=\"color: #339966;\">\u00a0<a href=\"http:\/\/www.lasicilia.es\"><span style=\"color: #339966;\"><strong>http:\/\/www.lasicilia.es<\/strong><\/span><\/a><\/span><\/p>\n<p><span style=\"color: #339966;\">\u00a0<\/span><\/p>\n<h2 style=\"text-align: center;\"><span style=\"color: #339966;\"><strong>&#8220;Rumbo a Sicilia&#8221;<\/strong><\/span><\/h2>\n<h3 style=\"text-align: center;\"><span style=\"color: #339966;\"><em>Gu\u00eda de Sicilia\u00a0de Miguel Reyero<\/em><\/span><\/h3>\n<h3><span style=\"color: #339966;\"><strong><img loading=\"lazy\" decoding=\"async\" class=\"alignright\" title=\"rumbo\" src=\"http:\/\/etnatao.files.wordpress.com\/2009\/04\/rumbo.jpg?w=95&amp;h=147&amp;h=147\" alt=\"rumbo\" width=\"95\" height=\"147\" \/><\/strong><\/span><\/h3>\n<p style=\"text-align: justify;\"><span style=\"color: #339966;\">&#8220;<strong>Si busca algo m\u00e1s que la habitual subida al Etna, pueden contactar con Carmelo Giuffrida, un excelente gu\u00eda naturalista de Catania.<\/strong> Tras vivir en medio mundo (por supuesto habla castellano), os trasmitir\u00e1 sus grandes conocimientos sobre la geolog\u00eda, la flora y la fauna del volc\u00e1n y su comarca. Desde limitados paseos por lugares tan fascinantes como el Valle del Bove a rutas de senderismo m\u00e1s prolongadas y diversas opciones de ascensos al Etna, tanto individuales como para peque\u00f1os grupos, y con distintos presupuestos. En cualquier caso conocer\u00e9is bastante m\u00e1s la monta\u00f1a, su evoluci\u00f3n, y como ha ido conformando la regi\u00f3n y incluso a sus habitantes.\u201d<\/span><\/p>\n<p><span style=\"color: #339966;\">\u00a0<\/span><\/p>\n<p><span style=\"color: #339966;\">\u00a0<\/span><\/p>\n<p><span style=\"color: #339966;\"><img loading=\"lazy\" decoding=\"async\" class=\"alignright\" src=\"http:\/\/lh6.ggpht.com\/-ptuOnK4frUM\/T8O20LcbEcE\/AAAAAAAAE6M\/nhZOL2bycNo\/s144-c\/ProfilePhotos.jpg\" alt=\"http:\/\/lh6.ggpht.com\/-ptuOnK4frUM\/T8O20LcbEcE\/AAAAAAAAE6M\/nhZOL2bycNo\/s144-c\/ProfilePhotos.jpg\" width=\"92\" height=\"92\" \/><\/span><\/p>\n<h3 style=\"text-align: left;\"><span style=\"color: #339966;\"><strong>&#8220;Carmelo,\u00a0\u00a0pasi\u00f3n volc\u00e1nica&#8221;<\/strong><\/span><\/h3>\n<h5 style=\"text-align: left;\"><span style=\"color: #339966;\"><em><strong>de Vicen\u00e7 Planas<\/strong><\/em><\/span><\/h5>\n<p style=\"text-align: justify;\"><span style=\"color: #339966;\">Hace unos d\u00edas, y gracias a la magn\u00edfica hoja de ruta a trav\u00e9s de Sicilia que me propuso Boris\u00a0Bonanno, tuve la suerte de conocer a Carmelo. <em><strong>Carmelo, aparte de ser un gran tipo, es un apasionado del Etna, un ge\u00f3logo, y un gu\u00eda natural\u00edstico<\/strong><\/em>. Es decir, Carmelo tiene la\u00a0suerte de trabajar en lo que le apasiona: hacer visitas guiadas al Etna.\u00a0<\/span><\/p>\n<p style=\"text-align: justify;\"><span style=\"color: #339966;\"> Yo soy una persona que acostumbra a viajar por libre y, aunque me gusta documentarme sobre lo que visito, raramente acudo al servicio de gu\u00edas. En este caso, acudir a Carmelo fue una gran decisi\u00f3n, y es que sus conocimientos sobre el Etna son abrumadores y sabe transmitirlos con una pasi\u00f3n que, por desgracia, uno se encuentra en menos ocasiones de las que desear\u00eda.\u00a0Durante las ocho horas que dur\u00f3 nuestra excursi\u00f3n Carmelo no solo me habl\u00f3 de geolog\u00eda, sino tambi\u00e9n de mitolog\u00eda, bot\u00e1nica, fauna, historia, y de tantas otras cosas. Descubr\u00ed que la geolog\u00eda tiene much\u00edsimo m\u00e1s juego del que puede imaginar un ne\u00f3fito en la materia como yo, y que en esta vida todo cambia, incluso las monta\u00f1as. Y es que en el Etna uno puede ver aparecer y desaparecer monta\u00f1as a lo largo de su vida!. <\/span><br \/>\n<span style=\"color: #339966;\"> Al final de la excursi\u00f3n me llev\u00f3 a lo que \u00e9l llama su oficina: una especie de circo que le corta la respiraci\u00f3n a uno si es que todav\u00eda no se la ha cortado el paisaje previo. All\u00ed fue donde comimos, y donde Carmelo me habl\u00f3 de\u2026tao\u00edsmo, si si, tao\u00edsmo!. Creo que fue la primera vez en mi vida en que m\u00e1s o menos entend\u00ed y me identifiqu\u00e9 con uno de los pilares del tao\u00edsmo: vivir en armon\u00eda con la naturaleza. Y es que este sentimiento es casi inevitable ante un escenario como el Etna y las explicaciones de Carmelo.<\/span><\/p>\n<p style=\"text-align: justify;\"><span style=\"color: #339966;\">Gracias por todo Carmelo, y hasta pronto!<\/span><\/p>\n<p>&nbsp;<\/p>\n<p>&nbsp;<\/p>\n<p><img loading=\"lazy\" decoding=\"async\" class=\" wp-image-1422 alignright\" src=\"https:\/\/etnatao.com\/wp-content\/uploads\/2012\/07\/Moondo.jpg\" alt=\"Moondo\" width=\"218\" height=\"91\" srcset=\"https:\/\/etnatao.com\/wp-content\/uploads\/2012\/07\/Moondo.jpg 607w, https:\/\/etnatao.com\/wp-content\/uploads\/2012\/07\/Moondo-300x125.jpg 300w, https:\/\/etnatao.com\/wp-content\/uploads\/2012\/07\/Moondo-150x62.jpg 150w\" sizes=\"auto, (max-width: 218px) 100vw, 218px\" \/><\/p>\n<h1><span style=\"color: #339966;\"><strong>&#8220;El Etna&#8221;<\/strong><\/span><\/h1>\n<h3><span style=\"color: #339966;\"><em>de Ana Varela\u00a0<a href=\"https:\/\/etnatao.com\/wp-content\/uploads\/2012\/07\/Ana-Varela-.jpg\"><br \/>\n<\/a><\/em><\/span><\/h3>\n<h3><em><a href=\"https:\/\/etnatao.com\/wp-content\/uploads\/2012\/07\/Ana-Varela-.jpg\"><img loading=\"lazy\" decoding=\"async\" class=\"alignright\" src=\"https:\/\/etnatao.com\/wp-content\/uploads\/2012\/07\/Ana-Varela-.jpg\" alt=\"Ana Varela\" width=\"132\" height=\"138\" \/><\/a><\/em><\/h3>\n<p style=\"text-align: justify;\"><span style=\"color: #339966;\">Un volc\u00e1n como el Etna, con su peligro, su magia, sus explosiones, es un \u00e1rea protegida y preservada para futuras generaciones. Sorprende saber, o quiz\u00e1s no tanto, que la monta\u00f1a es m\u00e1s conocida por for\u00e1neos que por propios. El patr\u00f3n sedentario, la cercan\u00eda que lo hace rutina, la explotaci\u00f3n econ\u00f3mica y la desidia de sus pobladores son amenazas constantes al equilibrio ambiental.\u00a0<\/span><\/p>\n<p style=\"text-align: justify;\"><span style=\"color: #339966;\">Carmelo Giuffrida, ge\u00f3logo y gu\u00eda naturalista, opina sobre el tema: \u00abPara m\u00ed la naturaleza es de todo el mundo, me gustar\u00eda que, principalmente los j\u00f3venes, tuvieran conciencia de que la naturaleza une varios lados interesantes: moverse, hacer deporte, divertirse, salir de la rutina y, lo m\u00e1s importante, acelerar tu proceso de evoluci\u00f3n personal. Para quien se abre a la naturaleza, esta cuenta historias fant\u00e1sticas. Si vemos la tierra como ser viviente, nosotros vivimos en la piel de la tierra y los volcanes son los \u00fanicos lugares donde la piel se renueva\u00bb.<\/span><\/p>\n<p><span style=\"color: #339966;\">\u00a0<\/span><\/p>\n<h4><span style=\"color: #339966;\"><em><a href=\"https:\/\/etnatao.com\/wp-content\/uploads\/2011\/02\/El-Etna-de-Ana-Varela.pdf\"><span style=\"color: #339966;\">Moondo : El Etna <\/span><\/a><\/em><em>\u00a0<\/em><\/span><\/h4>\n<p><span style=\"color: #339966;\">\u00a0<\/span><\/p>\n<h4 style=\"text-align: justify;\"><\/h4>\n<p style=\"text-align: justify;\"><span style=\"color: #339966;\">\u00a0<\/span><\/p>\n<h2><span style=\"color: #339966;\"><strong>Hunter Adventure Sicily Guide<img loading=\"lazy\" decoding=\"async\" class=\"alignright\" title=\"Hunter travel guide - Etnatao - Naturalistic Excursions on Mt. Etna\" src=\"http:\/\/etnatao.files.wordpress.com\/2009\/04\/hunter-travel-guide1.jpg?w=126&amp;h=208&amp;h=208\" alt=\"Hunter travel guide\" width=\"101\" height=\"166\" \/><\/strong><\/span><\/h2>\n<p><span style=\"color: #339966;\">Excursiones al Etna\u00a0operadores independientes<\/span><\/p>\n<p style=\"text-align: justify;\"><span style=\"color: #339966;\">Carmelo Giuffrida es geologo y habla varios idiomas, incluyendo Ingl\u00e9s, espa\u00f1ol, portugu\u00e9s e italiano. <strong>\u00c9l es un apasionado partidario del turismo ambiental y ecol\u00f3gico del Etna.<\/strong><\/span><\/p>\n<p><span style=\"color: #339966;\"><strong>\u00a0<\/strong><\/span><\/p>\n<p><span style=\"color: #339966;\">\u00a0<\/span><\/p>\n<p>&nbsp;<\/p>\n<p><span style=\"color: #339966;\"><img loading=\"lazy\" decoding=\"async\" class=\"aligncenter\" title=\"Adventureline - Etnatao - Naturalistic Excursions on Mt. Etna\" src=\"http:\/\/etnatao.files.wordpress.com\/2009\/04\/index.png?w=300&amp;h=61\" alt=\"index\" width=\"300\" height=\"61\" \/><\/span><\/p>\n<p><img loading=\"lazy\" decoding=\"async\" class=\"wp-image-3102 alignright\" src=\"https:\/\/etnatao.com\/wp-content\/uploads\/2011\/01\/Small-for-web-Mart-close-up-1.jpg\" alt=\"\" width=\"140\" height=\"147\" srcset=\"https:\/\/etnatao.com\/wp-content\/uploads\/2011\/01\/Small-for-web-Mart-close-up-1.jpg 289w, https:\/\/etnatao.com\/wp-content\/uploads\/2011\/01\/Small-for-web-Mart-close-up-1-285x300.jpg 285w, https:\/\/etnatao.com\/wp-content\/uploads\/2011\/01\/Small-for-web-Mart-close-up-1-143x150.jpg 143w\" sizes=\"auto, (max-width: 140px) 100vw, 140px\" \/><\/p>\n<p style=\"text-align: justify;\"><span style=\"color: #339966;\">Hola Carmelo,<\/span><br \/>\n<span style=\"color: #339966;\"> quer\u00eda agradecerte por el d\u00eda estupendo de excursion al Etna\u00a0con mi grupo .<\/span><br \/>\n<span style=\"color: #339966;\"> Todos disfrutamos much\u00edsimo tu gu\u00eda y explicaciones y penso que tu eres un hombre sensible , reflexivo, inteligente y muy amable!<\/span><br \/>\n<span style=\"color: #339966;\"> Me gust\u00f3 especialmente tu enfoque filos\u00f3fico y espiritual con la Madre Tierra y sus trabajos.<\/span><br \/>\n<span style=\"color: #339966;\"> Saludos!<\/span><\/p>\n<h4><span style=\"color: #339966;\"><strong>Martin Hunt<\/strong><\/span><\/h4>\n<p><span style=\"color: #339966;\"><strong>Adventureline U.K.<\/strong><\/span><\/p>\n<p>&nbsp;<\/p>\n<p><span style=\"color: #339966;\"><strong>&#8220;Yo hab\u00eda o\u00eddo hablar de la iridiscencia estupenda de la aurora sobre el mar J\u00f3nico, al contemplar desde la cima del Etna &#8230; La terrenal y la inmensidad marina revelados a nuestra vista se extend\u00eda hasta \u00c1frica, claramente visible, y Grecia, por lo que que podr\u00eda haber imaginado. fue uno de los momentos supremos de mi vida. no faltaba nada, ni la franja de oro de una nube, ni las \u00e1guilas &#8230; &#8220;<\/strong><\/span><br \/>\n<span style=\"color: #339966;\"><strong>&#8220;Memorias de Adriano&#8221; <\/strong><\/span><br \/>\n<span style=\"color: #339966;\"><strong>Marguerite Yourcenar.<\/strong><\/span><\/p>\n<p><span style=\"color: #339966;\">\u00a0<\/span><span style=\"color: #339966;\">\u00a0<\/span><\/p>\n<h4 style=\"text-align: center;\"><strong><a href=\"https:\/\/etnatao.com\/wp-content\/uploads\/2010\/07\/Screen-Shot-2017-02-03-at-14.53.58-copy.jpg\"><img loading=\"lazy\" decoding=\"async\" class=\"aligncenter size-full wp-image-3127\" src=\"https:\/\/etnatao.com\/wp-content\/uploads\/2010\/07\/Screen-Shot-2017-02-03-at-14.53.58-copy.jpg\" sizes=\"auto, (max-width: 514px) 100vw, 514px\" srcset=\"https:\/\/etnatao.com\/wp-content\/uploads\/2010\/07\/Screen-Shot-2017-02-03-at-14.53.58-copy.jpg 514w, https:\/\/etnatao.com\/wp-content\/uploads\/2010\/07\/Screen-Shot-2017-02-03-at-14.53.58-copy-300x205.jpg 300w, https:\/\/etnatao.com\/wp-content\/uploads\/2010\/07\/Screen-Shot-2017-02-03-at-14.53.58-copy-150x103.jpg 150w\" alt=\"\" width=\"514\" height=\"352\" \/><\/a><span style=\"color: #008000;\">Tat Tvam Asi<\/span><\/strong><\/h4>\n<div>\n<h4 style=\"text-align: center;\"><span style=\"color: #008000;\">\u0924\u0924\u094d \u0924\u094d\u0935\u092e\u094d \u0905\u0938\u093f<\/span><\/h4>\n<p style=\"text-align: center;\"><span style=\"color: #008000;\"><a style=\"color: #008000;\" href=\"https:\/\/etnatao.com\/wp-content\/uploads\/2010\/07\/The-Four-Elements1.jpg\"><img loading=\"lazy\" decoding=\"async\" class=\"aligncenter\" title=\"The Four Elements\" src=\"https:\/\/etnatao.com\/wp-content\/uploads\/2010\/07\/The-Four-Elements1.jpg\" alt=\"\" width=\"348\" height=\"134\" \/><\/a><\/span><\/p>\n<p style=\"text-align: center;\"><span style=\"color: #008000;\"><a style=\"color: #008000;\" href=\"http:\/\/etnatao.files.wordpress.com\/2000\/07\/wood-header-etnatao.png\"><img loading=\"lazy\" decoding=\"async\" class=\"aligncenter\" title=\"wood-header-etnatao\" src=\"http:\/\/etnatao.files.wordpress.com\/2000\/07\/wood-header-etnatao.png\" alt=\"\" width=\"355\" height=\"38\" \/><\/a><\/span><\/p>\n<h3 style=\"text-align: center;\"><span style=\"color: #008000;\"><strong>\u2013 All rights reserved \u2013<\/strong><\/span><\/h3>\n<\/div>\n<div style=\"text-align: center;\"><\/div>\n<h4 style=\"text-align: center;\"><span style=\"color: #339966;\">\u00a0<\/span><\/h4>\n<p style=\"text-align: center;\">\n\n<!-- Facebook Like Button v1.9.6 BEGIN [http:\/\/blog.bottomlessinc.com] -->\n<iframe src=\"http:\/\/www.facebook.com\/plugins\/like.php?href=https%3A%2F%2Fetnatao.com%2Fes%2Farticulos-y-comentarios-a-las-excursiones-al-etna%2F&amp;layout=standard&amp;show_faces=false&amp;width=450&amp;action=like&amp;colorscheme=light\" scrolling=\"no\" frameborder=\"0\" allowTransparency=\"true\" style=\"border:none; overflow:hidden; width:450px; height: 30px; align: left; margin: 2px 0px 2px 0px\"><\/iframe>\n<!-- Facebook Like Button END -->\n","protected":false},"excerpt":{"rendered":"<p>Facebook\u00a0\u00a0TripAdvisor\u00a0\u00a0Linkedin\u00a0\u00a0Youtube\u00a0 \u00a0Blog \u00a0 \u00a0 The world\u2019s premier travel magazine \u201cNot Your Grandfather\u2019s Sicily\u201d \u00a0 de Ondine Cohane\u00a0 &#8220;Despu\u00e9s de unos pocos kil\u00f3metros en el camino hacia el Monte Etna, los pueblos desaparecen, dejando s\u00f3lo el agudo contraste de las verdes zonas boscosas \u00a0y el paisaje negro de los rios de lava del volc\u00e1n. Brillos del mar J\u00f3nico se ven en la lejania. Carmelo Giuffrida, mi gu\u00eda, explica c\u00f3mo el contraste de este paisaje se refleja en la irreverencia y en el fatalismo del car\u00e1cter de las gente que vive aqui. Una casa puede ser destruida en una erupci\u00f3n, y otra, a pocos metros de distancia, se puede salvar. Salimos de&hellip;<\/p>\n","protected":false},"author":2,"featured_media":0,"parent":0,"menu_order":7,"comment_status":"closed","ping_status":"closed","template":"","meta":{"footnotes":""},"class_list":["post-3248","page","type-page","status-publish","hentry"],"aioseo_notices":[],"jetpack_sharing_enabled":true,"jetpack_shortlink":"https:\/\/wp.me\/P1dvPV-Qo","_links":{"self":[{"href":"https:\/\/etnatao.com\/es\/wp-json\/wp\/v2\/pages\/3248\/"}],"collection":[{"href":"https:\/\/etnatao.com\/es\/wp-json\/wp\/v2\/pages\/"}],"about":[{"href":"https:\/\/etnatao.com\/es\/wp-json\/wp\/v2\/types\/page\/"}],"author":[{"embeddable":true,"href":"https:\/\/etnatao.com\/es\/wp-json\/wp\/v2\/users\/2\/"}],"replies":[{"embeddable":true,"href":"https:\/\/etnatao.com\/es\/wp-json\/wp\/v2\/comments\/?post=3248"}],"version-history":[{"count":2,"href":"https:\/\/etnatao.com\/es\/wp-json\/wp\/v2\/pages\/3248\/revisions\/"}],"predecessor-version":[{"id":3326,"href":"https:\/\/etnatao.com\/es\/wp-json\/wp\/v2\/pages\/3248\/revisions\/3326\/"}],"wp:attachment":[{"href":"https:\/\/etnatao.com\/es\/wp-json\/wp\/v2\/media\/?parent=3248"}],"curies":[{"name":"wp","href":"https:\/\/api.w.org\/{rel}","templated":true}]}}