{"id":3246,"date":"2017-02-20T16:53:44","date_gmt":"2017-02-20T15:53:44","guid":{"rendered":"http:\/\/etnatao.com\/?page_id=3246\/"},"modified":"2019-06-08T22:11:41","modified_gmt":"2019-06-08T21:11:41","slug":"las-rutas-del-parque-del-etna","status":"publish","type":"page","link":"https:\/\/etnatao.com\/es\/las-rutas-del-parque-del-etna\/","title":{"rendered":"Excursiones"},"content":{"rendered":"\n<!-- Facebook Like Button v1.9.6 BEGIN [http:\/\/blog.bottomlessinc.com] -->\n<iframe src=\"http:\/\/www.facebook.com\/plugins\/like.php?href=https%3A%2F%2Fetnatao.com%2Fes%2Flas-rutas-del-parque-del-etna%2F&amp;layout=standard&amp;show_faces=false&amp;width=450&amp;action=like&amp;colorscheme=light\" scrolling=\"no\" frameborder=\"0\" allowTransparency=\"true\" style=\"border:none; overflow:hidden; width:450px; height: 30px; align: left; margin: 2px 0px 2px 0px\"><\/iframe>\n<!-- Facebook Like Button END -->\n<h2 style=\"text-align: center;\"><\/h2>\n<div style=\"text-align: center;\"><span style=\"color: #008000;\"><a style=\"color: #008000;\" href=\"https:\/\/etnatao.com\/wp-content\/uploads\/2010\/07\/NEW-ETNATAO-WEBSITE.jpg\"><img loading=\"lazy\" decoding=\"async\" class=\"wp-image-1853\" src=\"https:\/\/etnatao.com\/wp-content\/uploads\/2010\/07\/NEW-ETNATAO-WEBSITE.jpg\" alt=\"NEW ETNATAO WEBSITE\" width=\"431\" height=\"233\"><\/a><\/span><\/div>\n<div style=\"text-align: center;\"><span style=\"color: #008000;\"><strong><a style=\"color: #008000;\" href=\"https:\/\/www.facebook.com\/Etnatao\">Facebook<\/a>&nbsp;&nbsp;<strong>&nbsp;<strong><a style=\"color: #008000;\" href=\"http:\/\/www.tripadvisor.co.uk\/Attraction_Review-g2440593-d6613405-Reviews-Etnatao_Naturalistic_Excursion_on_Mt_Etna-Province_of_Catania_Sicily.html\">TripAdvisor<\/a><\/strong><\/strong>&nbsp;<a style=\"color: #008000;\" href=\"https:\/\/www.linkedin.com\/pub\/carmelo-giuffrida\/41\/25a\/8b2\">&nbsp;Linkedin&nbsp;<\/a>&nbsp;<a style=\"color: #008000;\" href=\"ttps:\/\/www.youtube.com\/user\/etnatao\/videos\">Youtube<\/a>&nbsp; &nbsp;<a style=\"color: #008000;\" href=\"http:\/\/etnatao.wordpress.com\/\">Blog<\/a><\/strong><\/span><\/div>\n<div style=\"text-align: center;\"><span style=\"color: #008000;\">&nbsp;<\/span><\/div>\n<h3 style=\"text-align: center;\"><span style=\"text-decoration: underline; color: #008000;\"><strong>Las rutas del Parque del Etna&nbsp;<\/strong><\/span><\/h3>\n<p style=\"text-align: justify;\"><span style=\"color: #008000;\"><strong>El parque Etna cubre aproximadamente 1600 km<sup>2<\/sup> y este vasto territorio est\u00e0 atravesado por una grande red de rutas. Este volc\u00e1n es un para\u00edso para el trekking, ya que ofrece un gran n\u00famero de senderos con una variedad de caracter\u00edsticas de desniveles, longitudes y grados de dificultad, que es capaz de satisfacer las necesidades de todos los amantes de la naturaleza, desde los excursionistas m\u00e1s avanzados hasta los principiantes y las familias.<\/strong><\/span><\/p>\n<p style=\"text-align: justify;\"><span style=\"color: #008000;\"><strong>Nuestra asociaci\u00f3n ofrece excursiones que brindan la oportunidad a nuestros miembros de conocer las hermosas \u00e1reas del volc\u00e1n, lejos del turismo de masas, lugares llenos de armon\u00eda donde el tiempo parece haberse detenido y donde el parque revela su esplendor y su naturaleza m\u00e1s primordial .<\/strong><\/span><\/p>\n<p style=\"text-align: center;\"><span style=\"color: #008000;\"><strong>La elecci\u00f3n del lado del Etna y de la ruta<\/strong><\/span><\/p>\n<p style=\"text-align: justify;\"><span style=\"color: #008000;\"><strong>Este volc\u00e1n tiene&nbsp; m\u00e1s de 3.300 metros de altura sobre el nivel del mar. Su tama\u00f1o y el hecho de que el Etna es una monta\u00f1a muy alta rodeada de picos muchos m\u00e1s bajos, da a la meteorolog\u00eda una variabilidad marcada En nuestro trabajo constantemente seguimos el pron\u00f3stico del tiempo, pero es la misma ma\u00f1ana de la excursi\u00f3n que se decide el lado del volcan, la ruta que vamos a elegir y la cota que alcanzaremos. Esto se hace para eligir el lugar donde parece que hay mejores condiciones y para tratar de escojer para el grupo de ese d\u00eda un camino que todos puedan hacer con seguridad y facilidad, dos factores que contribuyen en gran medida al \u00e9xito de una excursion.<\/strong><\/span><\/p>\n<p style=\"text-align: center;\"><span style=\"color: #008000;\"><strong>Paisaje del Parque del Etna<\/strong><\/span><\/p>\n<p style=\"text-align: justify;\"><span style=\"color: #008000;\"><strong>Siguiendo los caminos se revela poco a poco el paisaje del parque , pero el trabajo de la gu\u00eda es tambi\u00e9n y sobre todo proporcionar informaci\u00f3n durante el d\u00eda acerca de las muchas caracter\u00edsticas naturales del Etna, que dan a los participantes la oportunidad de juntar todos estos detalles, como si fueran piezas de un mosaico, para poder al final para tener la &#8220;experiencia &#8221; de este lugar extraordinario. El paisaje que se ve dentro del parque es \u00fanico y muy impresionante. En el Parque del Etna se encuentran principalmente dos tipos de paisaje, las \u00e1reas cubiertas por rios&nbsp;de lava recientes que tienen un paisaje rocoso y \u00e1rido y amplias zonas verdes donde la vegetaci\u00f3n despu\u00e9s de siglos ha logrado recuperar y colonizar los rios de lava. Por lo tanto, dos caras de la naturaleza se revelan que a menudo se mostran lado a lado en un contraste hermoso y surrealista.<\/strong><\/span><\/p>\n<p style=\"text-align: center;\"><span style=\"color: #008000;\"><strong>Equipos por la excursion<\/strong><\/span><\/p>\n<p style=\"text-align: justify;\"><span style=\"color: #008000;\"><strong>Debido a las caracter\u00edsticas de la meteorolog\u00eda del parque, siempre es aconsejable llevar una chaqueta impermeable y diversa capas de ropa. Muy pr\u00e1ctico por el senderismo&nbsp;son&nbsp;los pantalones que pueden&nbsp;convertirse en pantalones cortos. Los calzados de trekking son ideales para practicar el senderismo, proporcionando una buena adherencia permiten caminar con seguridad incluso en los senderos empinados y rocosos. Si ustedes no los tienen, los que se recomienda es el uso de calzados deportivos fuertes con una buena suela de goma. Por su seguridad, la excursi\u00f3n no se puede hacer con sandalias u otro tipo de zapatos abiertos. Importante tambi\u00e9n traer una gorra, gafas de sol, una bandana y una mochila de 20 a 30 litros que pueden contener botellas de agua, bocadillos, c\u00e1mara y algo de ropa extra que siempre es aconsejable llevar consigo .<\/strong><\/span><\/p>\n<p style=\"text-align: center;\"><span style=\"color: #008000;\"><strong>Duraci\u00f3n de las excursiones<\/strong><\/span><\/p>\n<p style=\"text-align: justify;\"><span style=\"color: #008000;\"><strong>Una excursi\u00f3n por lo general comienza a las 9 am y termina alrededor de las 4 de la tarde. Durante la primera parte del d\u00eda cruzaremos el parque haciendo paradas enfocadas en la descripci\u00f3n de varios aspectos del ecosistema de Mt.Etna. Finalmente, llegaremos al punto de inicio del sendero elegido para ese d\u00eda espec\u00edfico y comenzar\u00e1 la parte de senderismo. Los caminos que elegimos, dan la posibilidad de ser acortados o extendidos, al fin de adaptarse a todo tipo de excursionista. En promedio las horas reales de camino son alrededor de 3 horas con varias pausas descriptivas y una m\u00e1s extensa pausa para el almuerzo, que es un tipo de actividad f\u00edsica que la mayor\u00eda de la gente puede hacer sin problemas.<\/strong><\/span><\/p>\n<p style=\"text-align: justify;\"><span style=\"color: #008000;\"><strong>Nuestro principal objetivo es ofrecer a nuestros miembros un d\u00eda agradable en un entorno natural de gran belleza en el que podemos obtener a la vez una actividad de senderismo y una actividad cultural centrada en el descubrimiento de las diversas e importantes caracter\u00edsticas naturales de este hermoso parque y que haga eventualmente resaltar una visi\u00f3n sist\u00e9mica del Etna visto como una red de relaciones complejas y profundamente interrelacionadas.<\/strong><\/span><\/p>\n<h4 style=\"text-align: center;\"><strong><a href=\"https:\/\/etnatao.com\/wp-content\/uploads\/2010\/07\/Screen-Shot-2017-02-03-at-14.53.58-copy.jpg\"><img loading=\"lazy\" decoding=\"async\" class=\"aligncenter size-full wp-image-3127\" src=\"https:\/\/etnatao.com\/wp-content\/uploads\/2010\/07\/Screen-Shot-2017-02-03-at-14.53.58-copy.jpg\" sizes=\"auto, (max-width: 514px) 100vw, 514px\" srcset=\"https:\/\/etnatao.com\/wp-content\/uploads\/2010\/07\/Screen-Shot-2017-02-03-at-14.53.58-copy.jpg 514w, https:\/\/etnatao.com\/wp-content\/uploads\/2010\/07\/Screen-Shot-2017-02-03-at-14.53.58-copy-300x205.jpg 300w, https:\/\/etnatao.com\/wp-content\/uploads\/2010\/07\/Screen-Shot-2017-02-03-at-14.53.58-copy-150x103.jpg 150w\" alt=\"\" width=\"514\" height=\"352\"><\/a><span style=\"color: #008000;\">Tat Tvam Asi<\/span><\/strong><\/h4>\n<div>\n<h4 style=\"text-align: center;\"><span style=\"color: #008000;\">\u0924\u0924\u094d \u0924\u094d\u0935\u092e\u094d \u0905\u0938\u093f<\/span><\/h4>\n<p style=\"text-align: center;\"><span style=\"color: #008000;\"><a style=\"color: #008000;\" href=\"https:\/\/etnatao.com\/wp-content\/uploads\/2010\/07\/The-Four-Elements1.jpg\"><img loading=\"lazy\" decoding=\"async\" class=\"aligncenter\" title=\"The Four Elements\" src=\"https:\/\/etnatao.com\/wp-content\/uploads\/2010\/07\/The-Four-Elements1.jpg\" alt=\"\" width=\"348\" height=\"134\"><\/a><\/span><\/p>\n<p style=\"text-align: center;\"><span style=\"color: #008000;\"><a style=\"color: #008000;\" href=\"http:\/\/etnatao.files.wordpress.com\/2000\/07\/wood-header-etnatao.png\"><img loading=\"lazy\" decoding=\"async\" class=\"aligncenter\" title=\"wood-header-etnatao\" src=\"http:\/\/etnatao.files.wordpress.com\/2000\/07\/wood-header-etnatao.png\" alt=\"\" width=\"355\" height=\"38\"><\/a><\/span><\/p>\n<h3 style=\"text-align: center;\"><span style=\"color: #008000;\"><strong>\u2013 All rights reserved \u2013<\/strong><\/span><\/h3>\n<\/div>\n<h3 style=\"text-align: center;\"><span style=\"color: #339966;\"><b><span style=\"text-decoration: underline;\">&nbsp;<\/span><\/b><\/span><\/h3>\n\n<!-- Facebook Like Button v1.9.6 BEGIN [http:\/\/blog.bottomlessinc.com] -->\n<iframe src=\"http:\/\/www.facebook.com\/plugins\/like.php?href=https%3A%2F%2Fetnatao.com%2Fes%2Flas-rutas-del-parque-del-etna%2F&amp;layout=standard&amp;show_faces=false&amp;width=450&amp;action=like&amp;colorscheme=light\" scrolling=\"no\" frameborder=\"0\" allowTransparency=\"true\" style=\"border:none; overflow:hidden; width:450px; height: 30px; align: left; margin: 2px 0px 2px 0px\"><\/iframe>\n<!-- Facebook Like Button END -->\n","protected":false},"excerpt":{"rendered":"<p>Facebook&nbsp;&nbsp;&nbsp;TripAdvisor&nbsp;&nbsp;Linkedin&nbsp;&nbsp;Youtube&nbsp; &nbsp;Blog &nbsp; Las rutas del Parque del Etna&nbsp; El parque Etna cubre aproximadamente 1600 km2 y este vasto territorio est\u00e0 atravesado por una grande red de rutas. Este volc\u00e1n es un para\u00edso para el trekking, ya que ofrece un gran n\u00famero de senderos con una variedad de caracter\u00edsticas de desniveles, longitudes y grados de dificultad, que es capaz de satisfacer las necesidades de todos los amantes de la naturaleza, desde los excursionistas m\u00e1s avanzados hasta los principiantes y las familias. Nuestra asociaci\u00f3n ofrece excursiones que brindan la oportunidad a nuestros miembros de conocer las hermosas \u00e1reas del volc\u00e1n, lejos del turismo de masas, lugares llenos de armon\u00eda donde el&hellip;<\/p>\n","protected":false},"author":2,"featured_media":0,"parent":0,"menu_order":1,"comment_status":"closed","ping_status":"closed","template":"","meta":{"footnotes":""},"class_list":["post-3246","page","type-page","status-publish","hentry"],"aioseo_notices":[],"jetpack_sharing_enabled":true,"jetpack_shortlink":"https:\/\/wp.me\/P1dvPV-Qm","_links":{"self":[{"href":"https:\/\/etnatao.com\/es\/wp-json\/wp\/v2\/pages\/3246\/"}],"collection":[{"href":"https:\/\/etnatao.com\/es\/wp-json\/wp\/v2\/pages\/"}],"about":[{"href":"https:\/\/etnatao.com\/es\/wp-json\/wp\/v2\/types\/page\/"}],"author":[{"embeddable":true,"href":"https:\/\/etnatao.com\/es\/wp-json\/wp\/v2\/users\/2\/"}],"replies":[{"embeddable":true,"href":"https:\/\/etnatao.com\/es\/wp-json\/wp\/v2\/comments\/?post=3246"}],"version-history":[{"count":11,"href":"https:\/\/etnatao.com\/es\/wp-json\/wp\/v2\/pages\/3246\/revisions\/"}],"predecessor-version":[{"id":6838,"href":"https:\/\/etnatao.com\/es\/wp-json\/wp\/v2\/pages\/3246\/revisions\/6838\/"}],"wp:attachment":[{"href":"https:\/\/etnatao.com\/es\/wp-json\/wp\/v2\/media\/?parent=3246"}],"curies":[{"name":"wp","href":"https:\/\/api.w.org\/{rel}","templated":true}]}}