{"id":3244,"date":"2017-02-20T16:52:36","date_gmt":"2017-02-20T15:52:36","guid":{"rendered":"http:\/\/etnatao.com\/?page_id=3244\/"},"modified":"2017-03-05T11:48:07","modified_gmt":"2017-03-05T10:48:07","slug":"etna-y-los-4-elementos","status":"publish","type":"page","link":"https:\/\/etnatao.com\/es\/etna-y-los-4-elementos\/","title":{"rendered":"Los 4 elementos"},"content":{"rendered":"\n<!-- Facebook Like Button v1.9.6 BEGIN [http:\/\/blog.bottomlessinc.com] -->\n<iframe src=\"http:\/\/www.facebook.com\/plugins\/like.php?href=https%3A%2F%2Fetnatao.com%2Fes%2Fetna-y-los-4-elementos%2F&amp;layout=standard&amp;show_faces=false&amp;width=450&amp;action=like&amp;colorscheme=light\" scrolling=\"no\" frameborder=\"0\" allowTransparency=\"true\" style=\"border:none; overflow:hidden; width:450px; height: 30px; align: left; margin: 2px 0px 2px 0px\"><\/iframe>\n<!-- Facebook Like Button END -->\n<div style=\"text-align: center;\"><a style=\"color: #0071bb;\" href=\"https:\/\/etnatao.com\/wp-content\/uploads\/2010\/07\/NEW-ETNATAO-WEBSITE.jpg\"><img loading=\"lazy\" decoding=\"async\" class=\"wp-image-1853\" src=\"https:\/\/etnatao.com\/wp-content\/uploads\/2010\/07\/NEW-ETNATAO-WEBSITE.jpg\" alt=\"NEW ETNATAO WEBSITE\" width=\"431\" height=\"233\" \/><\/a><\/div>\n<p style=\"text-align: center;\"><span style=\"color: #008000;\"><b><i><strong><a style=\"color: #008000;\" href=\"https:\/\/www.facebook.com\/Etnatao\">Facebook<\/a>\u00a0<\/strong><\/i><strong>\u00a0<\/strong><\/b><em><strong><a style=\"color: #008000;\" href=\"http:\/\/www.tripadvisor.co.uk\/Attraction_Review-g2440593-d6613405-Reviews-Etnatao_Naturalistic_Excursion_on_Mt_Etna-Province_of_Catania_Sicily.html\">TripAdvisor<\/a>\u00a0<\/strong><\/em><b><i><strong>\u00a0<a style=\"color: #008000;\" href=\"https:\/\/www.linkedin.com\/pub\/carmelo-giuffrida\/41\/25a\/8b2\">Linkedin<\/a>\u00a0\u00a0<a style=\"color: #008000;\" href=\"http:\/\/www.youtube.com\/user\/etnatao\/videos\">Youtube<\/a>\u00a0 \u00a0<a style=\"color: #008000;\" href=\"http:\/\/etnatao.wordpress.com\/\">Blog<\/a><\/strong><\/i><\/b><\/span><\/p>\n<div style=\"text-align: center;\"><span style=\"color: #008000;\">\u00a0<\/span><\/div>\n<h3 style=\"text-align: center;\"><span style=\"color: #008000;\"><strong><span style=\"text-decoration: underline;\">Etna y los 4 elementos<\/span><\/strong><\/span><\/h3>\n<p style=\"text-align: justify;\"><strong><span style=\"color: #008000;\">Los volcanes son una manifestaci\u00f3n extrema, inquetante y espectacular de la din\u00e1mica interna de la Tierra y son lugares donde los cuatro elementos primordiales interact\u00faan fuertemente y se destacan de una manera distinta .<\/span><\/strong><\/p>\n<p style=\"text-align: justify;\"><strong><span style=\"color: #008000;\">Fuego. En la naturaleza, este elemento est\u00e1 representado principalmente por los volcanes. De hecho, aparte de los rayos y los eventos raros de combusti\u00f3n espont\u00e1nea, es s\u00f3lo en las zonas volc\u00e1nicas que este elemento, el fuego, se produce y se celebra. Los volcanes tambi\u00e9n forman anomal\u00edas t\u00e9rmicas superficiales y en muchos casos se puede utilizar esta energ\u00eda geot\u00e9rmica para producir electricidad o para calentar los edificios . Los volcanes son ventanas m\u00e1gicas donde sale el material fundido de las profundidades de la Tierra. Volcanes generadores de Fuego<\/span><\/strong><\/p>\n<p style=\"text-align: justify;\"><strong><span style=\"color: #008000;\">Tierra . La teor\u00eda Gaia ve a la Tierra como un organismo vivo . Vivimos en la parte externa del planeta que representa la piel de Gaia que se renueva , principalmente por la acci\u00f3n de los volcanes que crean continuamente nueva corteza continental y oce\u00e1nica. Adem\u00e1s, los volcanes forman un suelo f\u00e9rtil, y por esta raz\u00f3n en las zonas volc\u00e1nicas hay a menudo muy antiguos asentamientos humanos a pesar de los peligros asociados con el vulcanismo. Volcanes generadores de Tierra.<\/span><\/strong><\/p>\n<p style=\"text-align: justify;\"><span style=\"color: #008000;\"><strong>Agua. A trav\u00e9s de los volcanes escapan sustancias vol\u00e1tiles atrapadas dentro de la tierra y entre ellas el vapor de agua que puede formar hasta el 98 % del gas total emitido de un volc\u00e1n . La condensaci\u00f3n de la enorme cantidad de vapor emitido por los millones de volcanes durante los 4,6 millones de a\u00f1os de vida de <span style=\"color: #008000;\">la Tierra, ha <\/span>contribuido en gran medida a formar agua que abunda en la tierra, y que da el caracter\u00edstico color azul de nuestro planeta visto desde el espacio. Volcanes generadores de agua .<\/strong><\/span><\/p>\n<p style=\"text-align: justify;\"><strong><span style=\"color: #008000;\">Aire. El aire que respiramos es una mezcla de gas y es parte de la atm\u00f3sfera , la envoltura gaseosa que rodea la tierra se ha formado con el tiempo y ha cambiado continuamente su composici\u00f3n . Los volcanes una vez mas fueron protagonistas del ciclo evolutivo de la Tierra, emitiendo continuamente los gases que han influido en gran medida la composici\u00f3n de la atm\u00f3sfera que rodea nuestro planeta hoy en d\u00eda y que han hecho posible el florecimiento de la vida. Volcanes generadores de aire.<\/span><\/strong><\/p>\n<p><span style=\"color: #008000;\"><a style=\"color: #008000;\" href=\"https:\/\/etnatao.com\/wp-content\/uploads\/2014\/04\/Etnatao-4-elements.jpg\"><img loading=\"lazy\" decoding=\"async\" class=\"wp-image-1820 aligncenter\" src=\"https:\/\/etnatao.com\/wp-content\/uploads\/2014\/04\/Etnatao-4-elements.jpg\" alt=\"Etnatao 4 elements\" width=\"439\" height=\"363\" srcset=\"https:\/\/etnatao.com\/wp-content\/uploads\/2014\/04\/Etnatao-4-elements.jpg 1330w, https:\/\/etnatao.com\/wp-content\/uploads\/2014\/04\/Etnatao-4-elements-300x248.jpg 300w, https:\/\/etnatao.com\/wp-content\/uploads\/2014\/04\/Etnatao-4-elements-1024x846.jpg 1024w, https:\/\/etnatao.com\/wp-content\/uploads\/2014\/04\/Etnatao-4-elements-150x124.jpg 150w\" sizes=\"auto, (max-width: 439px) 100vw, 439px\" \/><\/a><\/span><\/p>\n<p>&nbsp;<\/p>\n<h4 style=\"text-align: center;\"><strong><a href=\"https:\/\/etnatao.com\/wp-content\/uploads\/2010\/07\/Screen-Shot-2017-02-03-at-14.53.58-copy.jpg\"><img loading=\"lazy\" decoding=\"async\" class=\"aligncenter size-full wp-image-3127\" src=\"https:\/\/etnatao.com\/wp-content\/uploads\/2010\/07\/Screen-Shot-2017-02-03-at-14.53.58-copy.jpg\" sizes=\"auto, (max-width: 514px) 100vw, 514px\" srcset=\"https:\/\/etnatao.com\/wp-content\/uploads\/2010\/07\/Screen-Shot-2017-02-03-at-14.53.58-copy.jpg 514w, https:\/\/etnatao.com\/wp-content\/uploads\/2010\/07\/Screen-Shot-2017-02-03-at-14.53.58-copy-300x205.jpg 300w, https:\/\/etnatao.com\/wp-content\/uploads\/2010\/07\/Screen-Shot-2017-02-03-at-14.53.58-copy-150x103.jpg 150w\" alt=\"\" width=\"514\" height=\"352\" \/><\/a><span style=\"color: #008000;\">Tat Tvam Asi<\/span><\/strong><\/h4>\n<div>\n<h4 style=\"text-align: center;\"><span style=\"color: #008000;\">\u0924\u0924\u094d \u0924\u094d\u0935\u092e\u094d \u0905\u0938\u093f<\/span><\/h4>\n<p style=\"text-align: center;\"><span style=\"color: #008000;\"><a style=\"color: #008000;\" href=\"https:\/\/etnatao.com\/wp-content\/uploads\/2010\/07\/The-Four-Elements1.jpg\"><img loading=\"lazy\" decoding=\"async\" class=\"aligncenter\" title=\"The Four Elements\" src=\"https:\/\/etnatao.com\/wp-content\/uploads\/2010\/07\/The-Four-Elements1.jpg\" alt=\"\" width=\"348\" height=\"134\" \/><\/a><\/span><\/p>\n<p style=\"text-align: center;\"><span style=\"color: #008000;\"><a style=\"color: #008000;\" href=\"http:\/\/etnatao.files.wordpress.com\/2000\/07\/wood-header-etnatao.png\"><img loading=\"lazy\" decoding=\"async\" class=\"aligncenter\" title=\"wood-header-etnatao\" src=\"http:\/\/etnatao.files.wordpress.com\/2000\/07\/wood-header-etnatao.png\" alt=\"\" width=\"355\" height=\"38\" \/><\/a><\/span><\/p>\n<h3 style=\"text-align: center;\"><span style=\"color: #008000;\"><strong>\u2013 All rights reserved \u2013<\/strong><\/span><\/h3>\n<\/div>\n<p>&nbsp;<\/p>\n<p>&nbsp;<\/p>\n\n<!-- Facebook Like Button v1.9.6 BEGIN [http:\/\/blog.bottomlessinc.com] -->\n<iframe src=\"http:\/\/www.facebook.com\/plugins\/like.php?href=https%3A%2F%2Fetnatao.com%2Fes%2Fetna-y-los-4-elementos%2F&amp;layout=standard&amp;show_faces=false&amp;width=450&amp;action=like&amp;colorscheme=light\" scrolling=\"no\" frameborder=\"0\" allowTransparency=\"true\" style=\"border:none; overflow:hidden; width:450px; height: 30px; align: left; margin: 2px 0px 2px 0px\"><\/iframe>\n<!-- Facebook Like Button END -->\n","protected":false},"excerpt":{"rendered":"<p>Facebook\u00a0\u00a0TripAdvisor\u00a0\u00a0Linkedin\u00a0\u00a0Youtube\u00a0 \u00a0Blog \u00a0 Etna y los 4 elementos Los volcanes son una manifestaci\u00f3n extrema, inquetante y espectacular de la din\u00e1mica interna de la Tierra y son lugares donde los cuatro elementos primordiales interact\u00faan fuertemente y se destacan de una manera distinta . Fuego. En la naturaleza, este elemento est\u00e1 representado principalmente por los volcanes. De hecho, aparte de los rayos y los eventos raros de combusti\u00f3n espont\u00e1nea, es s\u00f3lo en las zonas volc\u00e1nicas que este elemento, el fuego, se produce y se celebra. Los volcanes tambi\u00e9n forman anomal\u00edas t\u00e9rmicas superficiales y en muchos casos se puede utilizar esta energ\u00eda geot\u00e9rmica para producir electricidad o para calentar los edificios . Los&hellip;<\/p>\n","protected":false},"author":2,"featured_media":0,"parent":0,"menu_order":5,"comment_status":"closed","ping_status":"closed","template":"","meta":{"footnotes":""},"class_list":["post-3244","page","type-page","status-publish","hentry"],"aioseo_notices":[],"jetpack_sharing_enabled":true,"jetpack_shortlink":"https:\/\/wp.me\/P1dvPV-Qk","_links":{"self":[{"href":"https:\/\/etnatao.com\/es\/wp-json\/wp\/v2\/pages\/3244\/"}],"collection":[{"href":"https:\/\/etnatao.com\/es\/wp-json\/wp\/v2\/pages\/"}],"about":[{"href":"https:\/\/etnatao.com\/es\/wp-json\/wp\/v2\/types\/page\/"}],"author":[{"embeddable":true,"href":"https:\/\/etnatao.com\/es\/wp-json\/wp\/v2\/users\/2\/"}],"replies":[{"embeddable":true,"href":"https:\/\/etnatao.com\/es\/wp-json\/wp\/v2\/comments\/?post=3244"}],"version-history":[{"count":2,"href":"https:\/\/etnatao.com\/es\/wp-json\/wp\/v2\/pages\/3244\/revisions\/"}],"predecessor-version":[{"id":3320,"href":"https:\/\/etnatao.com\/es\/wp-json\/wp\/v2\/pages\/3244\/revisions\/3320\/"}],"wp:attachment":[{"href":"https:\/\/etnatao.com\/es\/wp-json\/wp\/v2\/media\/?parent=3244"}],"curies":[{"name":"wp","href":"https:\/\/api.w.org\/{rel}","templated":true}]}}