{"id":3221,"date":"2017-02-16T20:09:28","date_gmt":"2017-02-16T19:09:28","guid":{"rendered":"http:\/\/etnatao.com\/?page_id=3221"},"modified":"2020-01-02T20:02:27","modified_gmt":"2020-01-02T19:02:27","slug":"el-tao-del-etna","status":"publish","type":"page","link":"https:\/\/etnatao.com\/es\/el-tao-del-etna\/","title":{"rendered":"El Tao del Etna"},"content":{"rendered":"\n<!-- Facebook Like Button v1.9.6 BEGIN [http:\/\/blog.bottomlessinc.com] -->\n<iframe src=\"http:\/\/www.facebook.com\/plugins\/like.php?href=https%3A%2F%2Fetnatao.com%2Fes%2Fel-tao-del-etna%2F&amp;layout=standard&amp;show_faces=false&amp;width=450&amp;action=like&amp;colorscheme=light\" scrolling=\"no\" frameborder=\"0\" allowTransparency=\"true\" style=\"border:none; overflow:hidden; width:450px; height: 30px; align: left; margin: 2px 0px 2px 0px\"><\/iframe>\n<!-- Facebook Like Button END -->\n<div style=\"text-align: center;\"><span style=\"color: #008000;\"><a style=\"color: #008000;\" href=\"https:\/\/etnatao.com\/wp-content\/uploads\/2010\/07\/NEW-ETNATAO-WEBSITE.jpg\"><img loading=\"lazy\" decoding=\"async\" class=\"wp-image-1853\" src=\"https:\/\/etnatao.com\/wp-content\/uploads\/2010\/07\/NEW-ETNATAO-WEBSITE.jpg\" alt=\"NEW ETNATAO WEBSITE\" width=\"431\" height=\"233\" \/><\/a><\/span><\/div>\n<div style=\"text-align: center;\"><span style=\"color: #008000;\"><strong><a style=\"color: #008000;\" href=\"https:\/\/www.facebook.com\/Etnatao\">Facebook<\/a>\u00a0 \u00a0<a style=\"color: #008000;\" href=\"https:\/\/www.linkedin.com\/pub\/carmelo-giuffrida\/41\/25a\/8b2\">\u00a0Linkedin<\/a>\u00a0\u00a0<a style=\"color: #008000;\" href=\"http:\/\/www.youtube.com\/user\/etnatao\/videos\">Youtube<\/a>\u00a0 \u00a0<a style=\"color: #008000;\" href=\"http:\/\/etnatao.wordpress.com\/\">Blog<\/a><\/strong><\/span><\/div>\n<p style=\"text-align: center;\"><span style=\"color: #008000;\"><strong>&#8220;Los lugares m\u00e1gicos siempre est\u00e1n llenos de belleza<\/strong><\/span><\/p>\n<p style=\"text-align: center;\"><span style=\"color: #008000;\"><strong>y merecen ser contemplados.<\/strong><\/span><\/p>\n<p style=\"text-align: center;\"><span style=\"color: #008000;\"><strong>Representan un puente entre lo visible y lo invisible &#8220;.<\/strong><\/span><\/p>\n<p style=\"text-align: center;\"><span style=\"color: #008000;\"><strong>Paulo Coelho<\/strong><\/span><\/p>\n<h6 style=\"text-align: justify;\"><\/h6>\n<h5 style=\"text-align: center;\"><span style=\"color: #008000;\"><em><strong>El <\/strong><strong>Tao<\/strong><\/em><\/span><\/h5>\n<p style=\"text-align: justify;\"><span style=\"color: #008000;\"><strong><span class=\"s1\">En la filosof\u00eda china el\u00a0Tao\u00a0es un concepto metaf\u00edsico que se refiere a la\u00a0 primordial din\u00e1mica y indefinible\u00a0energ\u00eda del universo \u00a0que genera, impregna y unifica todo y que teje una red c\u00f3smica densa e infinita de fen\u00f3menos interconectados e interdependientes. Por lo tanto, se considera como el principio generador y la fuerza motriz de todos los procesos naturales y se expresa a trav\u00e9s de la\u00a0interacci\u00f3n de dos fuerzas opuestas y complementarias, el elemento femenino y el masculino, en chino respectivamente\u00a0Yin y Yang. El s\u00edmbolo del\u00a0Tao, originalmente inspirado en el\u00a0lado soleado y el que est\u00e1 a la sombra de una monta\u00f1a, est\u00e1 representado por un c\u00edrculo dividido en dos formas embrionarias, una blanca y la otra negra. Las dos polaridades que\u00a0se abarcan en un equilibrio din\u00e1mico se visualizan as\u00ed, cada una conteniendo la semilla del otro dentro de ella.<\/span><\/strong><\/span><\/p>\n<h6 style=\"text-align: justify;\"><\/h6>\n<h5 style=\"text-align: center;\"><span style=\"color: #008000;\"><em><strong>Tao, naturaleza y ecologia<\/strong><\/em><\/span><\/h5>\n<p style=\"text-align: justify;\"><span style=\"color: #008000;\"><strong>La visi\u00f3n occidental de la naturaleza difiere marcadamente de la oriental. De hecho, esta \u00faltima considera, por ejemplo, un electr\u00f3n o un ser humano, una flor o un galaxia, un volc\u00e1n o una mariposa, como expresiones diferentes de la misma energ\u00eda, el <em>Tao<\/em>, y parte de la misma red c\u00f3smica, armoniosa, indivisa y indivisible . Si podemos ver la realidad desde esta perspectiva, podemos darnos cuenta de que la dualidad y la separaci\u00f3n son en realidad ilusorias y, por lo tanto, podemos percibir un campo sutil unificado de energ\u00eda que infunde y da forma al cosmos, la misma energ\u00eda de las cual somos parte. Llegando a la percepci\u00f3n\u00a0<\/strong><\/span><span style=\"color: #008000;\"><strong>de esta impalpable dimensi\u00f3n, la naturaleza aparece como un destacado maestro que nos muestra un antiguo camino de armon\u00eda que nos puede ense\u00f1ar c\u00f3mo tratar y estar en sinton\u00eda con los ciclos sin fin de cambio, que nos ayuda a lograr el equilibrio con nosotros mismos y como consecuencia, con el universo. Esto tambi\u00e9n enfatiza los motivos de la ecolog\u00eda, porque alterando el equilibrio natural inevitablemente generamos desarmon\u00eda y sufrimiento en el mundo que nos rodea y autom\u00e1ticamente en nosotros mismos.<\/strong><\/span><\/p>\n<h5 style=\"text-align: center;\"><span style=\"color: #008000;\"><em><strong>El Tao del Etna<\/strong><\/em><\/span><\/h5>\n<p style=\"text-align: justify;\"><span style=\"color: #008000;\"><strong>Hoy tenemos f\u00e1cil acceso a una gran cantidad de informaci\u00f3n en el contexto de las tradiciones pertenecientes a los m\u00e1s diversos or\u00edgenes. Esto nos ofrece herramientas nuevas y formidables que tienen el potencial de enriquecer y acelerar nuestro crecimiento personal. Yo soy al mismo tiempo el ge\u00f3logo que ve e interpreta cient\u00edficamente la naturaleza y el individuo fascinado por el misterio que nos rodea y recurre a la sabidur\u00eda de la antigua filosof\u00eda oriental. Etnatao, el nombre que eleg\u00ed para este proyecto, combina estas dos polaridades. Vale la pena mencionar que, sin embargo, solo en la era moderna ha habido una fragmentaci\u00f3n progresiva y excesiva del conocimiento humano, por lo cual la filosof\u00eda y la ciencia han terminado siendo consideradas como dos disciplinas separadas y antit\u00e9ticas del conocimiento humano. <em>Isaac Newton<\/em> en cambio, por ejemplo, defini\u00f3 philosophiae naturalis precisamente el compendio entre la reflexi\u00f3n filos\u00f3fica y la observaci\u00f3n y el estudio de la naturaleza. En la superficie de nuestro planeta, la naturaleza din\u00e1mica se manifiesta, adem\u00e1s de un sinn\u00famero de otros procesos, con la constante de crecimiento de cadenas monta\u00f1osas y en la escala de tiempo geol\u00f3gico, cada monta\u00f1a, inevitablemente, sufre el ataque de la erosi\u00f3n y va a terminar siendo demolida y desaparecer. Mientras tanto,gradualmente otras\u00a0 comenzar\u00e1n a formarse y crecer, continuando este ciclo continuo de transformaci\u00f3n, la <em>&#8220;danza&#8221;<\/em> del planeta Tierra. Podemos ver todo esto porque los procesos antes mencionados tienen lugar a lo largo de millones de a\u00f1os, una dimensi\u00f3n temporal que es muy diferente a la nuestra. En cambio, en el \u00e1rea del Etna, estos eventos evolutivos tienen lugar de una manera muy diferente. Incluso en nuestra escala de tiempo, debido a su actividad eruptiva continua y poderosa, su paisaje, que se llama el &#8220;paisaje din\u00e1mico&#8221;, cambia tan r\u00e1pidamente y significativamente, que transforma constantemente la arquitectura y la morfolog\u00eda de este volc\u00e1n. Aqu\u00ed, por ejemplo, un nuevo cr\u00e1ter se puede desarrollar, en la parte superior o en las laderas del volc\u00e1n, y crecer incluso decenas o cientos de metros en cuesti\u00f3n de semanas o unos meses, mientras que un antiguo cr\u00e1ter tambi\u00e9n puede tener que desaparecer por un colapso estructural. Por estas razones Etna es uno de los pocos lugares en la tierra, como hemos dicho antes, donde la energ\u00eda del proceso de evoluci\u00f3n planetaria se produce de una manera tan amplificada y luego es un magn\u00edfico laboratorio natural, un organismo vivo gigantesca y compleja en constante desarrollo.<\/strong><\/span><\/p>\n<p>&nbsp;<\/p>\n<h5 style=\"text-align: center;\"><span style=\"color: #008000;\"><em><strong>El Tao del trekking<\/strong><\/em><\/span><\/h5>\n<p style=\"text-align: justify;\"><strong><span style=\"color: #008000;\">Las excursiones en la naturaleza que se proponemos, dan la oportunidad de conocer un volc\u00e1n muy especial, visitar sus lugares m\u00e1s tranquilos y primordiales, lejos de los alcanzados por el turismo de masas, seguir sus senderos, apreciar el contraste y la variedad de su naturaleza. sus paisajes y conocer su historia y su evoluci\u00f3n. Durante el tiempo que comparto con quienes participan en estas actividades, tambi\u00e9n tengo el placer de hablar sobre la multiplicidad y la riqueza de los detalles naturalistas de este ecosistema \u00fanico y fascinante, la necesidad de proteger su fr\u00e1gil equilibrio ecol\u00f3gico, la fuerte influencia de la comunidad del volc\u00e1n sobre el proceso evolutivo de la tierra junto con algunas reflexiones filos\u00f3ficas simples y personales, para poder ofrecer la posibilidad de una experiencia m\u00e1s amplia e intensa de este lugar. Gracias a la presencia magn\u00e9tica de este volc\u00e1n, el visitante podr\u00eda sentirse inspirado a percibir de manera m\u00e1s profunda la din\u00e1mica natural de la Tierra y del Etna, ofreciendo as\u00ed la posibilidad de experimentar la red de relaciones que nos incluye\u00a0 y trasciende y puede ayudarnos a vivir una mejor calidad de vida y alcanzar una conciencia mas elevada.<\/span><\/strong><\/p>\n<h2><span style=\"color: #339966;\"><strong><a href=\"https:\/\/etnatao.com\/wp-content\/uploads\/2011\/01\/yin_yang_tao_galaxy_wallpaper.jpg\"><img loading=\"lazy\" decoding=\"async\" class=\"aligncenter\" title=\"yin_yang_tao_galaxy_wallpaper\" src=\"https:\/\/etnatao.com\/wp-content\/uploads\/2011\/01\/yin_yang_tao_galaxy_wallpaper-1024x576.jpg\" alt=\"\" width=\"491\" height=\"277\" \/><\/a><\/strong><\/span><\/h2>\n<p><a href=\"https:\/\/etnatao.com\/wp-content\/uploads\/2018\/07\/34640548_646530882367090_6425903379901317120_n.jpg\"><img loading=\"lazy\" decoding=\"async\" class=\"aligncenter wp-image-4691\" src=\"https:\/\/etnatao.com\/wp-content\/uploads\/2018\/07\/34640548_646530882367090_6425903379901317120_n.jpg\" alt=\"\" width=\"480\" height=\"352\" srcset=\"https:\/\/etnatao.com\/wp-content\/uploads\/2018\/07\/34640548_646530882367090_6425903379901317120_n.jpg 960w, https:\/\/etnatao.com\/wp-content\/uploads\/2018\/07\/34640548_646530882367090_6425903379901317120_n-300x220.jpg 300w, https:\/\/etnatao.com\/wp-content\/uploads\/2018\/07\/34640548_646530882367090_6425903379901317120_n-768x563.jpg 768w, https:\/\/etnatao.com\/wp-content\/uploads\/2018\/07\/34640548_646530882367090_6425903379901317120_n-150x110.jpg 150w\" sizes=\"auto, (max-width: 480px) 100vw, 480px\" \/><\/a><\/p>\n<h2 style=\"text-align: center;\"><iframe loading=\"lazy\" title=\"Zen and Nature   Etnatao\" width=\"500\" height=\"281\" src=\"https:\/\/www.youtube.com\/embed\/nnTP0NPsY0M?start=160&feature=oembed\" frameborder=\"0\" allow=\"accelerometer; autoplay; clipboard-write; encrypted-media; gyroscope; picture-in-picture; web-share\" referrerpolicy=\"strict-origin-when-cross-origin\" allowfullscreen><\/iframe><\/h2>\n<p>&nbsp;<\/p>\n<h4 style=\"text-align: center;\"><span style=\"color: #008000;\"><strong><a style=\"color: #008000;\" href=\"https:\/\/etnatao.com\/wp-content\/uploads\/2010\/07\/Screen-Shot-2017-02-03-at-14.53.58-copy.jpg\"><img loading=\"lazy\" decoding=\"async\" class=\"aligncenter size-full wp-image-3127\" src=\"https:\/\/etnatao.com\/wp-content\/uploads\/2010\/07\/Screen-Shot-2017-02-03-at-14.53.58-copy.jpg\" sizes=\"auto, (max-width: 514px) 100vw, 514px\" srcset=\"https:\/\/etnatao.com\/wp-content\/uploads\/2010\/07\/Screen-Shot-2017-02-03-at-14.53.58-copy.jpg 514w, https:\/\/etnatao.com\/wp-content\/uploads\/2010\/07\/Screen-Shot-2017-02-03-at-14.53.58-copy-300x205.jpg 300w, https:\/\/etnatao.com\/wp-content\/uploads\/2010\/07\/Screen-Shot-2017-02-03-at-14.53.58-copy-150x103.jpg 150w\" alt=\"\" width=\"514\" height=\"352\" \/><\/a>Tat Tvam Asi<\/strong><\/span><\/h4>\n<div>\n<h4 style=\"text-align: center;\"><span style=\"color: #008000;\">\u0924\u0924\u094d \u0924\u094d\u0935\u092e\u094d \u0905\u0938\u093f<\/span><\/h4>\n<p style=\"text-align: center;\"><span style=\"color: #008000;\"><a style=\"color: #008000;\" href=\"https:\/\/etnatao.com\/wp-content\/uploads\/2010\/07\/The-Four-Elements1.jpg\"><img loading=\"lazy\" decoding=\"async\" class=\"aligncenter\" title=\"The Four Elements\" src=\"https:\/\/etnatao.com\/wp-content\/uploads\/2010\/07\/The-Four-Elements1.jpg\" alt=\"\" width=\"348\" height=\"134\" \/><\/a><\/span><\/p>\n<p style=\"text-align: center;\"><span style=\"color: #008000;\"><a style=\"color: #008000;\" href=\"http:\/\/etnatao.files.wordpress.com\/2000\/07\/wood-header-etnatao.png\"><img loading=\"lazy\" decoding=\"async\" class=\"aligncenter\" title=\"wood-header-etnatao\" src=\"http:\/\/etnatao.files.wordpress.com\/2000\/07\/wood-header-etnatao.png\" alt=\"\" width=\"355\" height=\"38\" \/><\/a><\/span><\/p>\n<h3 style=\"text-align: center;\"><span style=\"color: #008000;\"><strong>\u2013 All rights reserved \u2013<\/strong><\/span><\/h3>\n<\/div>\n<p style=\"text-align: center;\"><span style=\"color: #339966;\"><strong><em>\u00a0<\/em><\/strong><\/span><\/p>\n\n<!-- Facebook Like Button v1.9.6 BEGIN [http:\/\/blog.bottomlessinc.com] -->\n<iframe src=\"http:\/\/www.facebook.com\/plugins\/like.php?href=https%3A%2F%2Fetnatao.com%2Fes%2Fel-tao-del-etna%2F&amp;layout=standard&amp;show_faces=false&amp;width=450&amp;action=like&amp;colorscheme=light\" scrolling=\"no\" frameborder=\"0\" allowTransparency=\"true\" style=\"border:none; overflow:hidden; width:450px; height: 30px; align: left; margin: 2px 0px 2px 0px\"><\/iframe>\n<!-- Facebook Like Button END -->\n","protected":false},"excerpt":{"rendered":"<p>Facebook\u00a0 \u00a0\u00a0Linkedin\u00a0\u00a0Youtube\u00a0 \u00a0Blog &#8220;Los lugares m\u00e1gicos siempre est\u00e1n llenos de belleza y merecen ser contemplados. Representan un puente entre lo visible y lo invisible &#8220;. Paulo Coelho El Tao En la filosof\u00eda china el\u00a0Tao\u00a0es un concepto metaf\u00edsico que se refiere a la\u00a0 primordial din\u00e1mica y indefinible\u00a0energ\u00eda del universo \u00a0que genera, impregna y unifica todo y que teje una red c\u00f3smica densa e infinita de fen\u00f3menos interconectados e interdependientes. Por lo tanto, se considera como el principio generador y la fuerza motriz de todos los procesos naturales y se expresa a trav\u00e9s de la\u00a0interacci\u00f3n de dos fuerzas opuestas y complementarias, el elemento femenino y el masculino, en chino respectivamente\u00a0Yin y Yang.&hellip;<\/p>\n","protected":false},"author":2,"featured_media":0,"parent":0,"menu_order":3,"comment_status":"closed","ping_status":"closed","template":"","meta":{"footnotes":""},"class_list":["post-3221","page","type-page","status-publish","hentry"],"aioseo_notices":[],"jetpack_sharing_enabled":true,"jetpack_shortlink":"https:\/\/wp.me\/P1dvPV-PX","_links":{"self":[{"href":"https:\/\/etnatao.com\/es\/wp-json\/wp\/v2\/pages\/3221\/"}],"collection":[{"href":"https:\/\/etnatao.com\/es\/wp-json\/wp\/v2\/pages\/"}],"about":[{"href":"https:\/\/etnatao.com\/es\/wp-json\/wp\/v2\/types\/page\/"}],"author":[{"embeddable":true,"href":"https:\/\/etnatao.com\/es\/wp-json\/wp\/v2\/users\/2\/"}],"replies":[{"embeddable":true,"href":"https:\/\/etnatao.com\/es\/wp-json\/wp\/v2\/comments\/?post=3221"}],"version-history":[{"count":8,"href":"https:\/\/etnatao.com\/es\/wp-json\/wp\/v2\/pages\/3221\/revisions\/"}],"predecessor-version":[{"id":4714,"href":"https:\/\/etnatao.com\/es\/wp-json\/wp\/v2\/pages\/3221\/revisions\/4714\/"}],"wp:attachment":[{"href":"https:\/\/etnatao.com\/es\/wp-json\/wp\/v2\/media\/?parent=3221"}],"curies":[{"name":"wp","href":"https:\/\/api.w.org\/{rel}","templated":true}]}}