{"id":3185,"date":"2017-02-16T19:45:12","date_gmt":"2017-02-16T18:45:12","guid":{"rendered":"http:\/\/etnatao.com\/?page_id=3185\/"},"modified":"2022-05-20T16:01:47","modified_gmt":"2022-05-20T15:01:47","slug":"home-page","status":"publish","type":"page","link":"https:\/\/etnatao.com\/es\/","title":{"rendered":"Descubre el Etna con un ge\u00f3logo \u00a0"},"content":{"rendered":"\n<!-- Facebook Like Button v1.9.6 BEGIN [http:\/\/blog.bottomlessinc.com] -->\n<iframe src=\"http:\/\/www.facebook.com\/plugins\/like.php?href=https%3A%2F%2Fetnatao.com%2Fes%2F&amp;layout=standard&amp;show_faces=false&amp;width=450&amp;action=like&amp;colorscheme=light\" scrolling=\"no\" frameborder=\"0\" allowTransparency=\"true\" style=\"border:none; overflow:hidden; width:450px; height: 30px; align: left; margin: 2px 0px 2px 0px\"><\/iframe>\n<!-- Facebook Like Button END -->\n<h3 style=\"text-align: center;\"><span style=\"color: #008000;\"><strong>Paseos por la naturaleza del Etna<\/strong><\/span><\/h3>\n<h5 style=\"text-align: center;\"><span style=\"color: #008000;\"><strong>dirigidos por un ge\u00f3logo y gu\u00eda naturalista<\/strong><\/span><\/h5>\n<p style=\"text-align: center;\"><span style=\"color: #008000;\"><strong>Proteger el medio ambiente a trav\u00e9s <\/strong><\/span><\/p>\n<p style=\"text-align: center;\"><span style=\"color: #008000;\"><strong>de&nbsp;viajes responsables y turismo sostenible<\/strong><\/span><\/p>\n<div style=\"font-weight: normal; text-align: center;\"><span style=\"color: #008000;\"><a style=\"color: #008000;\" href=\"https:\/\/etnatao.com\/wp-content\/uploads\/2010\/07\/NEW-ETNATAO-WEBSITE.jpg\"><img loading=\"lazy\" decoding=\"async\" class=\"wp-image-1853\" src=\"https:\/\/etnatao.com\/wp-content\/uploads\/2010\/07\/NEW-ETNATAO-WEBSITE.jpg\" alt=\"NEW ETNATAO WEBSITE\" width=\"431\" height=\"233\"><\/a><\/span><\/div>\n<div style=\"font-weight: normal; text-align: center;\"><span style=\"color: #008000;\"><strong><a style=\"color: #008000;\" href=\"https:\/\/www.facebook.com\/Etnatao\">Facebook<\/a>&nbsp;&nbsp;<span class=\"Apple-style-span\"><strong><a style=\"color: #008000;\" href=\"http:\/\/www.tripadvisor.co.uk\/Attraction_Review-g2440593-d6613405-Reviews-Etnatao_Naturalistic_Excursion_on_Mt_Etna-Province_of_Catania_Sicily.html\">TripAdvisor<\/a><i>&nbsp;<\/i><\/strong><\/span><a style=\"color: #008000;\" href=\"https:\/\/www.linkedin.com\/pub\/carmelo-giuffrida\/41\/25a\/8b2\">&nbsp;Linkedin&nbsp;<\/a>&nbsp;<a style=\"color: #008000;\" href=\"ttps:\/\/www.youtube.com\/user\/etnatao\/videos\">Youtube<\/a>&nbsp; &nbsp;<a style=\"color: #008000;\" href=\"http:\/\/etnatao.wordpress.com\/\">Blog<\/a><\/strong><\/span><\/div>\n<div style=\"font-weight: normal; text-align: center;\"><span style=\"color: #008000;\">&nbsp;<\/span><\/div>\n<p style=\"text-align: justify;\"><span style=\"color: #008000;\"><strong>Desde su inicio este proyecto se ha orientado hacia el turismo sostenible con una base s\u00f3lida en ecolog\u00eda, ciencias naturales y \u00e9tica. No es una propuesta de turismo masivo, sino una dirigida a individuos, una combinaci\u00f3n de una experiencia cultural y de senderismo que tiene el m\u00ednimo impacto posible sobre el fr\u00e1gil ecosistema del volc\u00e1n y que est\u00e1 dirigida a viajeros, amantes de la naturaleza, fot\u00f3grafos, ec\u00f3logos, senderistas y esp\u00edritus libres. &gt;&gt;<\/strong><\/span><\/p>\n<h2><span style=\"color: #008000;\"><strong><a style=\"color: #008000;\" href=\"https:\/\/etnatao.com\/wp-content\/uploads\/2010\/07\/IMG_52996.jpg\"><img loading=\"lazy\" decoding=\"async\" class=\"aligncenter\" src=\"https:\/\/etnatao.com\/wp-content\/uploads\/2010\/07\/IMG_52996.jpg\" alt=\"IMG_52996\" width=\"314\" height=\"235\"><\/a><\/strong><\/span><\/h2>\n<h2><span style=\"color: #008000;\"><strong><a style=\"color: #008000;\" href=\"https:\/\/etnatao.com\/wp-content\/uploads\/2010\/07\/DSC_1235.jpg\"><img loading=\"lazy\" decoding=\"async\" class=\"aligncenter\" src=\"https:\/\/etnatao.com\/wp-content\/uploads\/2010\/07\/DSC_1235.jpg\" alt=\"DSC_1235\" width=\"319\" height=\"212\"><\/a><\/strong><\/span><\/h2>\n<div class=\"tlid-input input\">\n<div class=\"source-wrap\">\n<div class=\"input-full-height-wrapper tlid-input-full-height-wrapper\">\n<div class=\"source-input\">\n<div class=\"source-footer-wrap source-or-target-footer\">\n<div class=\"character-count tlid-character-count\">\n<div class=\"cc-ctr normal\"><\/div>\n<\/div>\n<\/div>\n<\/div>\n<\/div>\n<\/div>\n<\/div>\n<div class=\"tlid-results-container results-container\">\n<div class=\"tlid-result result-dict-wrapper\">\n<div class=\"result tlid-copy-target\">\n<div class=\"text-wrap tlid-copy-target\">\n<div class=\"result-shield-container tlid-copy-target\" style=\"text-align: justify;\" tabindex=\"0\"><span style=\"color: #008000;\"><strong><span class=\"tlid-translation translation\" lang=\"es\"><span class=\"\" title=\"\">El Etna es el volc\u00e1n m\u00e1s alto de Europa continental, uno de los volcanes m\u00e1s activos del mundo y un lugar m\u00e1gico y primordial.<\/span> <span title=\"\">Se eleva a una altura de m\u00e1s de 3300 m.<\/span> <span class=\"\" title=\"\">Sobre el nivel del mar, su di\u00e1metro norte-sur es de 30 km, tiene cuatro grandes cr\u00e1teres centrales en su parte superior y m\u00e1s de 300 peque\u00f1os cr\u00e1teres dispersos alrededor de los flancos del volc\u00e1n.<\/span> <span title=\"\">&gt;&gt;<\/span><\/span><\/strong><\/span><\/div>\n<\/div>\n<\/div>\n<\/div>\n<\/div>\n<p><span style=\"color: #008000;\"><img loading=\"lazy\" decoding=\"async\" class=\"aligncenter\" title=\"NE crater snow&amp;wind - Etnatao - Naturalistic Excursions on Mt. Etna\" src=\"https:\/\/etnatao.files.wordpress.com\/2009\/04\/ne-crater-snowwind2.jpg?w=300&amp;h=199\" alt=\"NE crater snow&amp;wind\" width=\"300\" height=\"199\"><\/span><\/p>\n<p><span style=\"color: #008000;\"><a style=\"color: #008000;\" href=\"https:\/\/etnatao.wordpress.com\/files\/2009\/06\/dsc_2449-1.jpg\"><img loading=\"lazy\" decoding=\"async\" class=\"aligncenter\" title=\"Volcanic fracture 2004 eruption - Etnatao - Naturalistic Excursions on Mt. Etna\" src=\"https:\/\/etnatao.wordpress.com\/files\/2009\/06\/dsc_2449-1.jpg\" alt=\"\" width=\"300\" height=\"199\"><\/a><\/span><\/p>\n<p style=\"text-align: justify;\"><span style=\"color: #008000;\"><strong>En esta parte de Sicilia, el volcanismo comenz\u00f3 hace aproximadamente medio mill\u00f3n de a\u00f1os y evolucion\u00f3 desde una actividad mayoritariamente submarina hasta el crecimiento de muchos volcanes sub-a\u00e9reos diferentes, alimentados por diferentes ejes y superpuestos entre s\u00ed. El resultado de esta larga y compleja evoluci\u00f3n es el majestuoso volc\u00e1n que vemos hoy, que contin\u00faa creciendo, evolucionando y modificando sin descanso el paisaje. &gt;&gt;<\/strong><\/span><\/p>\n<p><span style=\"color: #008000;\">&nbsp;<a style=\"color: #008000;\" href=\"https:\/\/etnatao.files.wordpress.com\/2009\/06\/mt-sartorius-from-mt-frumento-etnatao.jpg\"><img loading=\"lazy\" decoding=\"async\" class=\"aligncenter\" title=\"Mt Sartorius from Mt.Frumento - Etnatao\" src=\"https:\/\/etnatao.files.wordpress.com\/2009\/06\/mt-sartorius-from-mt-frumento-etnatao.jpg\" alt=\"\" width=\"300\" height=\"199\"><\/a><\/span><\/p>\n<p><span style=\"color: #008000;\"><a style=\"color: #008000;\" href=\"https:\/\/etnatao.files.wordpress.com\/2009\/06\/tacca-della-neve-sw-etna-etnatao.jpg\"><img loading=\"lazy\" decoding=\"async\" class=\"aligncenter\" title=\"Tacca della neve - Sw Etna - Etnatao\" src=\"https:\/\/etnatao.files.wordpress.com\/2009\/06\/tacca-della-neve-sw-etna-etnatao.jpg\" alt=\"\" width=\"300\" height=\"224\"><\/a><\/span><\/p>\n<p style=\"text-align: justify;\"><span style=\"color: #008000;\"><strong>Visitando el monte Etna podemos ver lado a lado dos caras diferentes de la naturaleza: el paisaje lunar de recientes rios de lava y, en un contraste surrealista, amplias \u00e1reas verdes donde la vegetaci\u00f3n, despu\u00e9s de varios siglos de lucha, ha reconquistado y colonizado los desiertos de piedras . &gt;&gt;<\/strong><\/span><\/p>\n<p><span style=\"color: #008000;\"><a style=\"color: #008000;\" href=\"https:\/\/etnatao.wordpress.com\/files\/2009\/06\/dsc_7174-copy.jpg\"><img loading=\"lazy\" decoding=\"async\" class=\"aligncenter\" title=\"Fall in northen Etna - Etnatao - Naturalistic Excursions on Mt. Etna\" src=\"https:\/\/etnatao.wordpress.com\/files\/2009\/06\/dsc_7174-copy.jpg\" alt=\"\" width=\"300\" height=\"199\"><\/a><\/span><\/p>\n<p><span style=\"color: #008000;\"><a style=\"color: #008000;\" href=\"https:\/\/etnatao.files.wordpress.com\/2009\/06\/ne-crater-etnatao.jpg\"><img loading=\"lazy\" decoding=\"async\" class=\"aligncenter\" title=\"NE Crater - Etnatao\" src=\"https:\/\/etnatao.files.wordpress.com\/2009\/06\/ne-crater-etnatao.jpg\" alt=\"\" width=\"300\" height=\"199\"><\/a><\/span><\/p>\n<p style=\"text-align: justify;\"><span style=\"color: #008000;\"><strong>Las peculiaridades de este ecosistema \u00fanico se extienden desde la vulcanolog\u00eda a la tect\u00f3nica, desde la geolog\u00eda a la bot\u00e1nica, desde la geof\u00edsica a la biolog\u00eda, entrelazadas con innumerables mitos y miles de a\u00f1os de historia humana. &gt;&gt;<\/strong><\/span><\/p>\n<p><span style=\"color: #008000;\"><a style=\"color: #008000;\" href=\"https:\/\/etnatao.wordpress.com\/files\/2009\/06\/colata-di-fango.jpg\"><img loading=\"lazy\" decoding=\"async\" class=\"aligncenter\" title=\"Mud flow - Etnatao - Naturalistic Excursions on Mt. Etna\" src=\"https:\/\/etnatao.wordpress.com\/files\/2009\/06\/colata-di-fango.jpg?w=300\" alt=\"\" width=\"300\" height=\"199\"><\/a><\/span><\/p>\n<div><\/div>\n<p><span style=\"color: #008000;\"><img loading=\"lazy\" decoding=\"async\" class=\"aligncenter\" title=\"Etna Fox - Etnatao - Naturalistic Excursions on Mt. Etna\" src=\"https:\/\/etnatao.files.wordpress.com\/2009\/04\/la-volpe-sbadiglia.jpg?w=300&amp;h=257\" alt=\"La volpe sbadiglia\" width=\"300\" height=\"257\"><\/span><\/p>\n<p style=\"text-align: justify;\"><span style=\"color: #008000;\"><strong>En mi visi\u00f3n, caminar es una parte integral de la experiencia de acercarse a la naturaleza y el Etna es un para\u00edso para el senderismo por la presencia de muchos senderos, desde faciles y agradables paseos a excursiones&nbsp; con un nivel de dificultad m\u00e1s alto &gt;&gt;<\/strong><\/span><\/p>\n<p><span style=\"color: #008000;\"><a style=\"color: #008000;\" href=\"https:\/\/etnatao.files.wordpress.com\/2009\/06\/etna-trail-etnatao.jpg\"><img loading=\"lazy\" decoding=\"async\" class=\"aligncenter\" title=\"Etna trail - Etnatao\" src=\"https:\/\/etnatao.files.wordpress.com\/2009\/06\/etna-trail-etnatao.jpg\" alt=\"\" width=\"300\" height=\"199\"><\/a><\/span><\/p>\n<p><span style=\"color: #008000;\"><a style=\"color: #008000;\" href=\"https:\/\/etnatao.files.wordpress.com\/2009\/06\/etna-sky-etnatao-copy.jpg\"><img loading=\"lazy\" decoding=\"async\" class=\"aligncenter\" title=\"Etna sky - Etnatao copy\" src=\"https:\/\/etnatao.files.wordpress.com\/2009\/06\/etna-sky-etnatao-copy.jpg\" alt=\"\" width=\"300\" height=\"199\"><\/a><\/span><\/p>\n<div class=\"tlid-results-container results-container\">\n<div class=\"tlid-result result-dict-wrapper\">\n<div class=\"result tlid-copy-target\">\n<div class=\"text-wrap tlid-copy-target\">\n<div tabindex=\"0\"><\/div>\n<div class=\"result-shield-container tlid-copy-target\" style=\"text-align: justify;\" tabindex=\"0\"><span style=\"color: #008000;\"><strong><span class=\"tlid-translation translation\" lang=\"es\"><span class=\"\" title=\"\">Durante una excursi\u00f3n podr\u00e1s ver muchos cr\u00e1teres y rios de lava de diferentes edades, bombas volc\u00e1nicas, paisajes lunares y bosques exuberantes, muchos h\u00e1bitats diferentes que se fusionan entre s\u00ed, valles volc\u00e1notect\u00f3nicos (calderas)<\/span><span class=\"\" title=\"\">, los efectos de las erupciones dentro del parque, plantas y \u00e1rboles end\u00e9micos (especies que crecen exclusivamente en esta \u00e1rea), y algunos de los animales, aves e insectos que se han adaptado para sobrevivir en este h\u00e1bitat tan extremo.<\/span> <span class=\"\" title=\"\">&gt;&gt;<\/span><\/span><\/strong><\/span><\/div>\n<\/div>\n<\/div>\n<\/div>\n<\/div>\n<h2><span style=\"color: #008000;\"><img loading=\"lazy\" decoding=\"async\" class=\"aligncenter\" title=\"Toward the N.E. Crater with the snow shoes - Etnatao - Naturalistic Excursions on Mt. Etna\" src=\"https:\/\/etnatao.files.wordpress.com\/2009\/04\/nordest1.jpg?w=300&amp;h=199\" alt=\"Nordest\" width=\"300\" height=\"199\"><\/span><\/h2>\n<h2><span style=\"color: #008000;\"><img loading=\"lazy\" decoding=\"async\" class=\"aligncenter\" title=\"Carmelo Giuffrida - Etnatao - Naturalistic Excursions on Mt. Etna\" src=\"https:\/\/etnatao.files.wordpress.com\/2009\/04\/carmelo-nov-072.jpg?w=234&amp;h=300\" alt=\"Carmelo nov 07\" width=\"234\" height=\"300\"><\/span><\/h2>\n<p style=\"text-align: justify;\"><span style=\"color: #008000;\"><strong>Yo soy un individuo fascinado por la belleza sin tiempo del mundo natural, un ecologista sincero que se preocupa por la conservaci\u00f3n de esta \u00e1rea, una gu\u00eda naturalista con un t\u00edtulo en geolog\u00eda, organizo desde m\u00e1s de veinte a\u00f1os excursiones ecol\u00f3gicas en el Etna, cuyo objetivo es enfatizar todas las peculiaridades de la naturaleza de este parque y brindar una experiencia m\u00e1s profunda y amplia del ecosistema de este volc\u00e1n \u00fanico. &gt;&gt;<\/strong><\/span><\/p>\n<p><span style=\"color: #008000;\"><a style=\"color: #008000;\" href=\"https:\/\/etnatao.files.wordpress.com\/2009\/06\/dscn7268-1.jpg\"><img loading=\"lazy\" decoding=\"async\" class=\"aligncenter\" title=\"Saponaria and Rumex - Etnatao\" src=\"https:\/\/etnatao.files.wordpress.com\/2009\/06\/dscn7268-1.jpg\" alt=\"\" width=\"300\" height=\"224\"><\/a><\/span><\/p>\n<p><span style=\"color: #008000;\"><img loading=\"lazy\" decoding=\"async\" class=\"aligncenter\" title=\"Mt. Nero Northern Etna - Etnatao - Naturalistic Excursions on Mt. Etna\" src=\"https:\/\/etnatao.files.wordpress.com\/2009\/04\/m-nero.jpg?w=300&amp;h=196\" alt=\"M.Nero\" width=\"300\" height=\"196\"><\/span><\/p>\n<div class=\"tlid-input input\">\n<div class=\"source-wrap\">\n<div class=\"input-full-height-wrapper tlid-input-full-height-wrapper\">\n<div class=\"source-input\">\n<div class=\"source-footer-wrap source-or-target-footer\">\n<div class=\"character-count tlid-character-count\">\n<div><\/div>\n<div class=\"cc-ctr normal\" style=\"text-align: justify;\"><span style=\"color: #008000;\"><span class=\"\" title=\"\">Si quieres descubrir la gracia y la energia del <\/span><span class=\"\" title=\"\">Etna y la red de relaciones que forman este ecosistema \u00fanico, esta es la excursi\u00f3n para ti!<\/span><\/span><\/div>\n<\/div>\n<\/div>\n<\/div>\n<\/div>\n<\/div>\n<\/div>\n<h3 style=\"text-align: center;\"><span style=\"color: #008000;\"><strong>Excursiones guiadas en:<\/strong><\/span><\/h3>\n<h3 style=\"text-align: center;\"><span style=\"color: #008000;\">Espa\u00f1ol,Ingles y italiano<\/span><\/h3>\n<h2 style=\"text-align: center;\"><span style=\"color: #008000;\"><strong>Contacta:<\/strong><\/span><\/h2>\n<h2 style=\"text-align: center;\"><span style=\"color: #008000;\"><strong>etnatao@gmail.com<\/strong><\/span><\/h2>\n<h2 style=\"text-align: center;\"><span style=\"color: #008000;\">Telefono: <strong>&nbsp;+39 338 2197869<\/strong><\/span><\/h2>\n<p><span style=\"color: #008000;\"><strong>\u201cLos lugares m\u00e1gicos son siempre hermosos y merecen ser contemplados. Representan un puente entre lo visible y lo invisible &#8220;.<\/strong><\/span><\/p>\n<p><span style=\"color: #008000;\"><strong>Paulo Coelho<\/strong><\/span><\/p>\n<h1><span style=\"color: #008000;\"><img loading=\"lazy\" decoding=\"async\" class=\"aligncenter\" title=\"&quot;Volpina&quot; the fox - Etnatao - Naturalistic Excursions on Mt. Etna\" src=\"https:\/\/etnatao.wordpress.com\/files\/2009\/06\/volpina.jpg?w=300\" alt=\"Volpina\" width=\"300\" height=\"288\"><\/span><\/h1>\n<p><iframe loading=\"lazy\" title=\"Spot ETNA PATRIMONIO UNESCO\" src=\"https:\/\/www.youtube.com\/embed\/EeQM0raRhp0?feature=oembed\" width=\"500\" height=\"281\" frameborder=\"0\" allowfullscreen=\"allowfullscreen\" data-mce-fragment=\"1\"><\/iframe><\/p>\n<h4 style=\"text-align: center;\"><span style=\"color: #008000;\"><strong style=\"font-size: 1.2em; text-align: center;\">Tat Tvam Asi<\/strong><\/span><\/h4>\n<div>\n<div>\n<h4 style=\"text-align: center;\"><span style=\"color: #008000;\">\u0924\u0924\u094d \u0924\u094d\u0935\u092e\u094d \u0905\u0938\u093f<\/span><\/h4>\n<p><span style=\"color: #008000;\"><a style=\"color: #008000;\" href=\"https:\/\/etnatao.com\/wp-content\/uploads\/2010\/07\/The-Four-Elements1.jpg\"><img loading=\"lazy\" decoding=\"async\" class=\"aligncenter\" title=\"The Four Elements\" src=\"https:\/\/etnatao.com\/wp-content\/uploads\/2010\/07\/The-Four-Elements1.jpg\" alt=\"\" width=\"348\" height=\"134\"><\/a><\/span><\/p>\n<p><span style=\"color: #008000;\"><a style=\"color: #008000;\" href=\"http:\/\/etnatao.files.wordpress.com\/2000\/07\/wood-header-etnatao.png\"><img loading=\"lazy\" decoding=\"async\" class=\"aligncenter\" title=\"wood-header-etnatao\" src=\"http:\/\/etnatao.files.wordpress.com\/2000\/07\/wood-header-etnatao.png\" alt=\"\" width=\"355\" height=\"38\"><\/a><\/span><\/p>\n<h3 style=\"text-align: center;\"><span style=\"color: #008000;\"><strong>\u2013 All rights reserved \u2013<\/strong><\/span><\/h3>\n<\/div>\n<\/div>\n\n<!-- Facebook Like Button v1.9.6 BEGIN [http:\/\/blog.bottomlessinc.com] -->\n<iframe src=\"http:\/\/www.facebook.com\/plugins\/like.php?href=https%3A%2F%2Fetnatao.com%2Fes%2F&amp;layout=standard&amp;show_faces=false&amp;width=450&amp;action=like&amp;colorscheme=light\" scrolling=\"no\" frameborder=\"0\" allowTransparency=\"true\" style=\"border:none; overflow:hidden; width:450px; height: 30px; align: left; margin: 2px 0px 2px 0px\"><\/iframe>\n<!-- Facebook Like Button END -->\n","protected":false},"excerpt":{"rendered":"<p>Paseos por la naturaleza del Etna dirigidos por un ge\u00f3logo y gu\u00eda naturalista Proteger el medio ambiente a trav\u00e9s de&nbsp;viajes responsables y turismo sostenible Facebook&nbsp;&nbsp;TripAdvisor&nbsp;&nbsp;Linkedin&nbsp;&nbsp;Youtube&nbsp; &nbsp;Blog &nbsp; Desde su inicio este proyecto se ha orientado hacia el turismo sostenible con una base s\u00f3lida en ecolog\u00eda, ciencias naturales y \u00e9tica. No es una propuesta de turismo masivo, sino una dirigida a individuos, una combinaci\u00f3n de una experiencia cultural y de senderismo que tiene el m\u00ednimo impacto posible sobre el fr\u00e1gil ecosistema del volc\u00e1n y que est\u00e1 dirigida a viajeros, amantes de la naturaleza, fot\u00f3grafos, ec\u00f3logos, senderistas y esp\u00edritus libres. &gt;&gt; El Etna es el volc\u00e1n m\u00e1s alto de Europa continental, uno&hellip;<\/p>\n","protected":false},"author":2,"featured_media":0,"parent":0,"menu_order":0,"comment_status":"closed","ping_status":"closed","template":"","meta":{"footnotes":""},"class_list":["post-3185","page","type-page","status-publish","hentry"],"aioseo_notices":[],"jetpack_sharing_enabled":true,"jetpack_shortlink":"https:\/\/wp.me\/P1dvPV-Pn","_links":{"self":[{"href":"https:\/\/etnatao.com\/es\/wp-json\/wp\/v2\/pages\/3185\/"}],"collection":[{"href":"https:\/\/etnatao.com\/es\/wp-json\/wp\/v2\/pages\/"}],"about":[{"href":"https:\/\/etnatao.com\/es\/wp-json\/wp\/v2\/types\/page\/"}],"author":[{"embeddable":true,"href":"https:\/\/etnatao.com\/es\/wp-json\/wp\/v2\/users\/2\/"}],"replies":[{"embeddable":true,"href":"https:\/\/etnatao.com\/es\/wp-json\/wp\/v2\/comments\/?post=3185"}],"version-history":[{"count":14,"href":"https:\/\/etnatao.com\/es\/wp-json\/wp\/v2\/pages\/3185\/revisions\/"}],"predecessor-version":[{"id":12348,"href":"https:\/\/etnatao.com\/es\/wp-json\/wp\/v2\/pages\/3185\/revisions\/12348\/"}],"wp:attachment":[{"href":"https:\/\/etnatao.com\/es\/wp-json\/wp\/v2\/media\/?parent=3185"}],"curies":[{"name":"wp","href":"https:\/\/api.w.org\/{rel}","templated":true}]}}