{"id":3063,"date":"2017-01-19T09:34:42","date_gmt":"2017-01-19T08:34:42","guid":{"rendered":"http:\/\/etnatao.com\/?page_id=3063\/"},"modified":"2017-05-29T11:27:45","modified_gmt":"2017-05-29T10:27:45","slug":"patrimonio","status":"publish","type":"page","link":"https:\/\/etnatao.com\/es\/patrimonio\/","title":{"rendered":"Unesco"},"content":{"rendered":"\n<!-- Facebook Like Button v1.9.6 BEGIN [http:\/\/blog.bottomlessinc.com] -->\n<iframe src=\"http:\/\/www.facebook.com\/plugins\/like.php?href=https%3A%2F%2Fetnatao.com%2Fes%2Fpatrimonio%2F&amp;layout=standard&amp;show_faces=false&amp;width=450&amp;action=like&amp;colorscheme=light\" scrolling=\"no\" frameborder=\"0\" allowTransparency=\"true\" style=\"border:none; overflow:hidden; width:450px; height: 30px; align: left; margin: 2px 0px 2px 0px\"><\/iframe>\n<!-- Facebook Like Button END -->\n<h2 style=\"text-align: center;\"><\/h2>\n<div><span style=\"color: #339966;\"><a style=\"color: #339966;\" href=\"https:\/\/etnatao.com\/wp-content\/uploads\/2010\/07\/NEW-ETNATAO-WEBSITE.jpg\"><img loading=\"lazy\" decoding=\"async\" class=\"wp-image-1853 aligncenter\" src=\"https:\/\/etnatao.com\/wp-content\/uploads\/2010\/07\/NEW-ETNATAO-WEBSITE.jpg\" alt=\"NEW ETNATAO WEBSITE\" width=\"417\" height=\"214\" \/><\/a><\/span><\/div>\n<div style=\"text-align: center;\"><span style=\"color: #008000;\"><b><i><strong><a style=\"color: #008000;\" href=\"https:\/\/www.facebook.com\/Etnatao\">Facebook<\/a>\u00a0<\/strong><\/i><strong>\u00a0<\/strong><\/b><em><strong><a style=\"color: #008000;\" href=\"http:\/\/www.tripadvisor.co.uk\/Attraction_Review-g2440593-d6613405-Reviews-Etnatao_Naturalistic_Excursion_on_Mt_Etna-Province_of_Catania_Sicily.html\">TripAdvisor<\/a>\u00a0<\/strong><\/em><b><i><strong>\u00a0<a style=\"color: #008000;\" href=\"https:\/\/www.linkedin.com\/pub\/carmelo-giuffrida\/41\/25a\/8b2\">Linkedin<\/a>\u00a0\u00a0<a style=\"color: #008000;\" href=\"http:\/\/www.youtube.com\/user\/etnatao\/videos\">Youtube<\/a>\u00a0 \u00a0<a style=\"color: #008000;\" href=\"http:\/\/etnatao.wordpress.com\/\">Blog<\/a><\/strong><\/i><\/b><\/span><\/div>\n<div style=\"text-align: center;\"><\/div>\n<div style=\"text-align: center;\">\n<h2><span style=\"color: #008000;\"><strong>\u00a0Etna Patrimonio de la Humanidad<\/strong><\/span><\/h2>\n<p><span style=\"color: #008000;\"><strong>Proteger el medio ambiente\u00a0a trav\u00e9s de los viajes<\/strong><\/span><\/p>\n<p><span style=\"color: #008000;\"><strong>ecol\u00f3gicamente responsables y el turismo\u00a0sostenible<\/strong><\/span><\/p>\n<p><span style=\"color: #339966;\">\u00a0<\/span><\/p>\n<\/div>\n<div style=\"text-align: justify;\"><span style=\"color: #008000;\"><strong>El Etna se encuentra en la costa oriental de Sicilia y es un sitio ic\u00f3nico que abarca 19.237 hect\u00e1reas deshabitadas en la parte m\u00e1s alta del volcan. El monte Etna es la monta\u00f1a m\u00e1s alta del mediterraneo y el estratovolc\u00e1n m\u00e1s activo del mundo. La eruptiva historia del volc\u00e1n se remonta a 500.000 a\u00f1os y por lo menos 2.700 a\u00f1os de esta actividad ha sido documentada historicamente. La actividad eruptiva casi permanente\u00a0del Etna sigue influyendo la vulcanolog\u00eda, la geof\u00edsica y otras disciplinas de la ciencia de la Tierra. El volc\u00e1n tambi\u00e9n apoya importantes ecosistemas terrestres incluyendo flora y fauna end\u00e9mica y su actividad lo convierte en un laboratorio natural para el estudio de procesos ecol\u00f3gicos y biol\u00f3gicos. La diversidad y accesibilidad de las caracter\u00edsticas volc\u00e1nicas como los cr\u00e1teres de la cumbre, los conos de ceniza, los flujos de lava y la depresi\u00f3n de Valle de Bove han hecho del sitio un destino privilegiado para la investigaci\u00f3n y la educaci\u00f3n.<\/strong><\/span><\/div>\n<div style=\"text-align: center;\"><strong><span style=\"color: #008000;\">\u00a0<\/span><\/strong><\/div>\n<div style=\"text-align: center;\"><strong><span style=\"color: #008000;\"><iframe loading=\"lazy\" title=\"Spot ETNA PATRIMONIO UNESCO\" width=\"500\" height=\"281\" src=\"https:\/\/www.youtube.com\/embed\/EeQM0raRhp0?start=7&feature=oembed\" frameborder=\"0\" allow=\"accelerometer; autoplay; clipboard-write; encrypted-media; gyroscope; picture-in-picture; web-share\" referrerpolicy=\"strict-origin-when-cross-origin\" allowfullscreen><\/iframe><\/span><\/strong><\/div>\n<div style=\"text-align: center;\"><strong><span style=\"color: #008000;\">\u00a0<\/span><\/strong><\/div>\n<div style=\"text-align: center;\">\n<p style=\"text-align: left;\"><strong><span style=\"color: #008000;\">whc.unesco.org<\/span><\/strong><\/p>\n<\/div>\n<h4><strong><a href=\"https:\/\/etnatao.com\/wp-content\/uploads\/2010\/07\/Screen-Shot-2017-02-03-at-14.53.58-copy.jpg\"><img loading=\"lazy\" decoding=\"async\" class=\"aligncenter size-full wp-image-3127\" src=\"https:\/\/etnatao.com\/wp-content\/uploads\/2010\/07\/Screen-Shot-2017-02-03-at-14.53.58-copy.jpg\" sizes=\"auto, (max-width: 514px) 100vw, 514px\" srcset=\"https:\/\/etnatao.com\/wp-content\/uploads\/2010\/07\/Screen-Shot-2017-02-03-at-14.53.58-copy.jpg 514w, https:\/\/etnatao.com\/wp-content\/uploads\/2010\/07\/Screen-Shot-2017-02-03-at-14.53.58-copy-300x205.jpg 300w, https:\/\/etnatao.com\/wp-content\/uploads\/2010\/07\/Screen-Shot-2017-02-03-at-14.53.58-copy-150x103.jpg 150w\" alt=\"\" width=\"514\" height=\"352\" \/><\/a><\/strong><\/h4>\n<h4 style=\"text-align: center;\"><span style=\"color: #008000;\"><strong>Tat Tvam Asi<\/strong><\/span><\/h4>\n<div>\n<h4 style=\"text-align: center;\"><span style=\"color: #008000;\">\u0924\u0924\u094d \u0924\u094d\u0935\u092e\u094d \u0905\u0938\u093f<\/span><\/h4>\n<p><a href=\"https:\/\/etnatao.com\/wp-content\/uploads\/2010\/07\/The-Four-Elements1.jpg\"><img loading=\"lazy\" decoding=\"async\" class=\"aligncenter\" title=\"The Four Elements\" src=\"https:\/\/etnatao.com\/wp-content\/uploads\/2010\/07\/The-Four-Elements1.jpg\" alt=\"\" width=\"348\" height=\"134\" \/><\/a><\/p>\n<p><a href=\"http:\/\/etnatao.files.wordpress.com\/2000\/07\/wood-header-etnatao.png\"><img loading=\"lazy\" decoding=\"async\" class=\"aligncenter\" title=\"wood-header-etnatao\" src=\"http:\/\/etnatao.files.wordpress.com\/2000\/07\/wood-header-etnatao.png\" alt=\"\" width=\"355\" height=\"38\" \/><\/a><\/p>\n<h3 style=\"text-align: center;\"><span style=\"color: #008000;\"><strong>\u2013 All rights reserved \u2013<\/strong><\/span><\/h3>\n<\/div>\n<div style=\"text-align: center;\">\n<p>&nbsp;<\/p>\n<\/div>\n\n<!-- Facebook Like Button v1.9.6 BEGIN [http:\/\/blog.bottomlessinc.com] -->\n<iframe src=\"http:\/\/www.facebook.com\/plugins\/like.php?href=https%3A%2F%2Fetnatao.com%2Fes%2Fpatrimonio%2F&amp;layout=standard&amp;show_faces=false&amp;width=450&amp;action=like&amp;colorscheme=light\" scrolling=\"no\" frameborder=\"0\" allowTransparency=\"true\" style=\"border:none; overflow:hidden; width:450px; height: 30px; align: left; margin: 2px 0px 2px 0px\"><\/iframe>\n<!-- Facebook Like Button END -->\n","protected":false},"excerpt":{"rendered":"<p>Facebook\u00a0\u00a0TripAdvisor\u00a0\u00a0Linkedin\u00a0\u00a0Youtube\u00a0 \u00a0Blog \u00a0Etna Patrimonio de la Humanidad Proteger el medio ambiente\u00a0a trav\u00e9s de los viajes ecol\u00f3gicamente responsables y el turismo\u00a0sostenible \u00a0 El Etna se encuentra en la costa oriental de Sicilia y es un sitio ic\u00f3nico que abarca 19.237 hect\u00e1reas deshabitadas en la parte m\u00e1s alta del volcan. El monte Etna es la monta\u00f1a m\u00e1s alta del mediterraneo y el estratovolc\u00e1n m\u00e1s activo del mundo. La eruptiva historia del volc\u00e1n se remonta a 500.000 a\u00f1os y por lo menos 2.700 a\u00f1os de esta actividad ha sido documentada historicamente. La actividad eruptiva casi permanente\u00a0del Etna sigue influyendo la vulcanolog\u00eda, la geof\u00edsica y otras disciplinas de la ciencia de la Tierra. El&hellip;<\/p>\n","protected":false},"author":2,"featured_media":0,"parent":0,"menu_order":5,"comment_status":"closed","ping_status":"closed","template":"","meta":{"footnotes":""},"class_list":["post-3063","page","type-page","status-publish","hentry"],"aioseo_notices":[],"jetpack_sharing_enabled":true,"jetpack_shortlink":"https:\/\/wp.me\/P1dvPV-Np","_links":{"self":[{"href":"https:\/\/etnatao.com\/es\/wp-json\/wp\/v2\/pages\/3063\/"}],"collection":[{"href":"https:\/\/etnatao.com\/es\/wp-json\/wp\/v2\/pages\/"}],"about":[{"href":"https:\/\/etnatao.com\/es\/wp-json\/wp\/v2\/types\/page\/"}],"author":[{"embeddable":true,"href":"https:\/\/etnatao.com\/es\/wp-json\/wp\/v2\/users\/2\/"}],"replies":[{"embeddable":true,"href":"https:\/\/etnatao.com\/es\/wp-json\/wp\/v2\/comments\/?post=3063"}],"version-history":[{"count":4,"href":"https:\/\/etnatao.com\/es\/wp-json\/wp\/v2\/pages\/3063\/revisions\/"}],"predecessor-version":[{"id":3639,"href":"https:\/\/etnatao.com\/es\/wp-json\/wp\/v2\/pages\/3063\/revisions\/3639\/"}],"wp:attachment":[{"href":"https:\/\/etnatao.com\/es\/wp-json\/wp\/v2\/media\/?parent=3063"}],"curies":[{"name":"wp","href":"https:\/\/api.w.org\/{rel}","templated":true}]}}