{"id":3040,"date":"2017-01-13T15:31:26","date_gmt":"2017-01-13T14:31:26","guid":{"rendered":"http:\/\/etnatao.com\/?page_id=3040\/"},"modified":"2019-06-05T17:48:37","modified_gmt":"2019-06-05T16:48:37","slug":"fauna","status":"publish","type":"page","link":"https:\/\/etnatao.com\/es\/fauna\/","title":{"rendered":"Fauna del Etna"},"content":{"rendered":"\n<!-- Facebook Like Button v1.9.6 BEGIN [http:\/\/blog.bottomlessinc.com] -->\n<iframe src=\"http:\/\/www.facebook.com\/plugins\/like.php?href=https%3A%2F%2Fetnatao.com%2Fes%2Ffauna%2F&amp;layout=standard&amp;show_faces=false&amp;width=450&amp;action=like&amp;colorscheme=light\" scrolling=\"no\" frameborder=\"0\" allowTransparency=\"true\" style=\"border:none; overflow:hidden; width:450px; height: 30px; align: left; margin: 2px 0px 2px 0px\"><\/iframe>\n<!-- Facebook Like Button END -->\n<h3 style=\"text-align: center;\"><a style=\"color: #0071bb;\" href=\"https:\/\/etnatao.com\/wp-content\/uploads\/2010\/07\/NEW-ETNATAO-WEBSITE.jpg\"><img loading=\"lazy\" decoding=\"async\" class=\"wp-image-1853\" src=\"https:\/\/etnatao.com\/wp-content\/uploads\/2010\/07\/NEW-ETNATAO-WEBSITE.jpg\" alt=\"NEW ETNATAO WEBSITE\" width=\"431\" height=\"233\" \/><\/a><\/h3>\n<div style=\"text-align: center;\"><span style=\"color: #008000;\"><strong><a style=\"color: #008000;\" href=\"http:\/www.facebook.com\/Etnatao\">Facebook<\/a>\u00a0\u00a0<a style=\"color: #008000;\" href=\"http:\/\/www.tripadvisor.co.uk\/Attraction_Review-g2440593-d6613405-Reviews-Etnatao_Naturalistic_Excursion_on_Mt_Etna-Province_of_Catania_Sicily.html\">TripAdvisor<\/a><i>\u00a0<\/i>\u00a0<a style=\"color: #008000;\" href=\"www.linkedin.com\/pub\/carmelo-giuffrida\/41\/25a\/8b2\">Linkedin<\/a>\u00a0\u00a0<a style=\"color: #008000;\" href=\"http:\/\/www.youtube.com\/user\/etnatao\/videos\">Youtube<\/a>\u00a0 \u00a0<a style=\"color: #008000;\" href=\"http:\/\/http:\/\/etnatao.wordpress.com\/\">Blog<\/a><\/strong>\u00a0<\/span><\/div>\n<h2 style=\"text-align: center;\"><strong><span style=\"color: #008000;\">La\u00a0Fauna del\u00a0Etna<\/span><\/strong><\/h2>\n<p><a href=\"https:\/\/etnatao.com\/wp-content\/uploads\/2016\/03\/gatto-selvatico-delletna-1-1.jpg\" rel=\"attachment wp-att-2580\"><img loading=\"lazy\" decoding=\"async\" class=\"aligncenter size-full wp-image-2580\" src=\"https:\/\/etnatao.com\/wp-content\/uploads\/2016\/03\/gatto-selvatico-delletna-1-1.jpg\" alt=\"gatto-selvatico-delletna-1-1\" width=\"503\" height=\"371\" srcset=\"https:\/\/etnatao.com\/wp-content\/uploads\/2016\/03\/gatto-selvatico-delletna-1-1.jpg 503w, https:\/\/etnatao.com\/wp-content\/uploads\/2016\/03\/gatto-selvatico-delletna-1-1-300x221.jpg 300w, https:\/\/etnatao.com\/wp-content\/uploads\/2016\/03\/gatto-selvatico-delletna-1-1-150x111.jpg 150w\" sizes=\"auto, (max-width: 503px) 100vw, 503px\" \/><\/a><\/p>\n<h5 style=\"text-align: center;\"><span style=\"text-decoration: underline; color: #008000;\">Adaptaci\u00f3n a un entorno din\u00e1mico<\/span><\/h5>\n<p style=\"text-align: justify;\"><span style=\"color: #008000;\"><strong>En ning\u00fan otro lugar del mediterr\u00e1neo se encuentran tal variedad de h\u00e1bitats como aqu\u00ed: desiertos rocosos de rios de lava recientes, estepas, bosques, prados, r\u00edos, humedales y lagos. El clima muestra muchas variaciones causadas por la altitud (de 0 a 3300 m.), La exposici\u00f3n y la humedad. La actividad incesante y poderosa del Mt.Etna da lugar muy a menudo a cambios bruscos en el paisaje como en el equilibrio ecol\u00f3gico.<\/strong><\/span><\/p>\n<p style=\"text-align: justify;\"><span style=\"color: #008000;\"><strong>Todos estos factores, enfatizados tambi\u00e9n por el aislamiento, han influido profundamente en la peculiar fauna del volc\u00e1n que tuvo que enfrentar todas esas variables para sobrevivir, mostrando una amplia variedad de ajustes ecol\u00f3gicos. Las especies presentes alrededor del Etna proced\u00edan de otras partes de la isla o de la pen\u00ednsula italiana y a veces son descendientes de especies que se aislaron aqu\u00ed durante las glaciaciones.<\/strong><\/span><\/p>\n<h5 style=\"text-align: center;\"><span style=\"text-decoration: underline;\"><span style=\"color: #008000; text-decoration: underline;\">Fauna y paleo-geograf\u00eda<\/span><\/span><\/h5>\n<p style=\"text-align: justify;\"><strong><span style=\"color: #008000;\">Etna es geol\u00f3gicamente muy joven, de hecho s\u00f3lo hace unos 600.000 a\u00f1os en esa zona no hab\u00eda nada m\u00e1s que mar. Cuando la actividad volc\u00e1nica comenz\u00f3, la bah\u00eda pre-etnea comenz\u00f3 progresivamente a ser llenada \u00a0con productos volc\u00e1nicos y con el tiempo el volc\u00e1n creci\u00f3 lo suficiente para unirse a las monta\u00f1as del Norte, los Peloritani y Nebrodi. Pero el monte Etna permaneci\u00f3 durante mucho tiempo separado de la meseta de\u00a0los Iblei, \u00a0porque estaba rodeado por el mar en el lado sur y oeste. Por lo tanto, la fauna procedente de la cordillera del norte tuvo pronto la oportunidad de colonizar el volc\u00e1n, mientras que la contribuci\u00f3n de la meseta de los Iblei\u00a0comenz\u00f3 s\u00f3lo cuando, a finales del Cuaternario, los sedimentos aluviales del r\u00edo Simeto llenaron progresivamente el resto de\u00a0lacbah\u00eda pre-etnea. Durante las \u00faltimas glaciaciones el agua atrapada en los glaciares hizo bajar el nivel del mar. Sicilia en aquel entonces estaba conectado con el resto de la pen\u00ednsula italiana, permitiendo a la poblaci\u00f3n animal de migrar hacia el sur y eventualmente llegar al volc\u00e1n.<\/span><\/strong><\/p>\n<p><a href=\"https:\/\/etnatao.com\/wp-content\/uploads\/2016\/03\/etna_6-copy.jpg\" rel=\"attachment wp-att-2585\"><img loading=\"lazy\" decoding=\"async\" class=\"aligncenter wp-image-2585\" src=\"https:\/\/etnatao.com\/wp-content\/uploads\/2016\/03\/etna_6-copy.jpg\" alt=\"etna_6 copy\" width=\"514\" height=\"432\" srcset=\"https:\/\/etnatao.com\/wp-content\/uploads\/2016\/03\/etna_6-copy.jpg 629w, https:\/\/etnatao.com\/wp-content\/uploads\/2016\/03\/etna_6-copy-300x252.jpg 300w, https:\/\/etnatao.com\/wp-content\/uploads\/2016\/03\/etna_6-copy-150x126.jpg 150w\" sizes=\"auto, (max-width: 514px) 100vw, 514px\" \/><\/a><\/p>\n<h5 style=\"text-align: center;\"><span style=\"text-decoration: underline;\"><span style=\"color: #008000; text-decoration: underline;\">Fauna<\/span><\/span><\/h5>\n<p style=\"text-align: justify;\"><span style=\"color: #008000;\"><strong><i>Entre los mam\u00edferos la presencia destacada del gato mont\u00e9s (Felis silvestris) muy interesante y poco com\u00fan. Hay el\u00a0<\/i>Zorro<i> (<\/i><em>Vulpes vulpes<\/em><i>), el <\/i>Puercoesp\u00edn<i> (Hystrix cristata), <\/i>la Liebre<i> (Lepus europaeus), la Musara\u00f1a de Sicilia (Crocidura sicula), el Erizos (Erinaceus europaeus), la Marta (Martes martes), la Comadreja ( Mustela nivalis) y ocho especies de murci\u00e9lagos.<br \/>\n<\/i><\/strong><\/span><\/p>\n<p><a href=\"https:\/\/etnatao.com\/wp-content\/uploads\/2016\/03\/kestrel.jpg\"><img loading=\"lazy\" decoding=\"async\" class=\"aligncenter wp-image-3756\" src=\"https:\/\/etnatao.com\/wp-content\/uploads\/2016\/03\/kestrel.jpg\" alt=\"\" width=\"500\" height=\"323\" srcset=\"https:\/\/etnatao.com\/wp-content\/uploads\/2016\/03\/kestrel.jpg 700w, https:\/\/etnatao.com\/wp-content\/uploads\/2016\/03\/kestrel-300x194.jpg 300w, https:\/\/etnatao.com\/wp-content\/uploads\/2016\/03\/kestrel-150x97.jpg 150w\" sizes=\"auto, (max-width: 500px) 100vw, 500px\" \/><\/a><\/p>\n<p style=\"text-align: justify;\"><span style=\"color: #008000;\"><strong>Entre las aves encontramos el Aguila real (<em>Aquila chrysaetos<\/em>), el Cern\u00edcalo (<em>Falco tinnunculus<\/em>), el Ratonero (<em>Buteo buteo<\/em>), el Halc\u00f3n peregrino (<em>Falco peregrinus<\/em>), el Autillo (Otus scops), la Lechuza com\u00fan (<em>Tyto alba<\/em>) el B\u00faho (<em>Asio Otus<\/em>), la\u00a0Urraca (<em>Pica pica<\/em>), el Cuervo (<em>Corvus Corax<\/em>), el\u00a0A<b>rrendajo<\/b> (<em>Garrulus glanadarius<\/em>), la Corneja negra (<em>Corvus corone<\/em>), la Perdiz griega\u00a0(<em>Alectoris graeca whitakeri<\/em>) el end\u00e9mico Mito\u00a0(Aegithalos caudatus siculus).<\/strong><\/span><\/p>\n<p style=\"text-align: justify;\"><a href=\"https:\/\/etnatao.com\/wp-content\/uploads\/2016\/03\/1578418_m-1.jpg\" rel=\"attachment wp-att-2583\"><img loading=\"lazy\" decoding=\"async\" class=\"aligncenter wp-image-2583\" src=\"https:\/\/etnatao.com\/wp-content\/uploads\/2016\/03\/1578418_m-1.jpg\" alt=\"1578418_m\" width=\"472\" height=\"384\" srcset=\"https:\/\/etnatao.com\/wp-content\/uploads\/2016\/03\/1578418_m-1.jpg 478w, https:\/\/etnatao.com\/wp-content\/uploads\/2016\/03\/1578418_m-1-300x244.jpg 300w, https:\/\/etnatao.com\/wp-content\/uploads\/2016\/03\/1578418_m-1-150x122.jpg 150w\" sizes=\"auto, (max-width: 472px) 100vw, 472px\" \/><\/a><span style=\"color: #008000;\"><strong><i><br \/>\n<a href=\"https:\/\/etnatao.com\/wp-content\/uploads\/2016\/03\/1101142.jpg\" rel=\"attachment wp-att-2581\"><img loading=\"lazy\" decoding=\"async\" class=\"aligncenter wp-image-2581\" src=\"https:\/\/etnatao.com\/wp-content\/uploads\/2016\/03\/1101142-1024x683.jpg\" alt=\"1101142\" width=\"470\" height=\"313\" srcset=\"https:\/\/etnatao.com\/wp-content\/uploads\/2016\/03\/1101142-1024x683.jpg 1024w, https:\/\/etnatao.com\/wp-content\/uploads\/2016\/03\/1101142-300x200.jpg 300w, https:\/\/etnatao.com\/wp-content\/uploads\/2016\/03\/1101142-768x512.jpg 768w, https:\/\/etnatao.com\/wp-content\/uploads\/2016\/03\/1101142-150x100.jpg 150w, https:\/\/etnatao.com\/wp-content\/uploads\/2016\/03\/1101142.jpg 1200w\" sizes=\"auto, (max-width: 470px) 100vw, 470px\" \/><\/a><\/i><\/strong><\/span><\/p>\n<p style=\"text-align: justify;\"><span style=\"color: #008000;\"><strong>Entre las mariposas se encuentra\u00a0la rara end\u00e9mica Aurora del Etna <em>(Anthocaris damonae<\/em>), la Vanesa de los cardos\u00a0(Vanessa cardui), \u00a0la\u00a0M<b>ariposa de la col<\/b> (Pieris brassicae), la Vanesa\u00a0atalanta (<em>Vanessa Atalanta<\/em>), la\u00a0M<b>ariposa de la ortiga<\/b>\u00a0(Aglais urticae) y \u00a0la Lisandra (Lysandra Icario).<\/strong><\/span><\/p>\n<p style=\"text-align: justify;\"><img loading=\"lazy\" decoding=\"async\" class=\"aligncenter wp-image-2562\" src=\"https:\/\/etnatao.com\/wp-content\/uploads\/2016\/02\/eastern_orange_tip-copy.jpg\" alt=\"eastern_orange_tip copy\" width=\"472\" height=\"390\" \/><\/p>\n<p style=\"text-align: justify;\"><a href=\"https:\/\/etnatao.com\/wp-content\/uploads\/2016\/03\/ce9b1f327202221c9210fdb0aa2d34be71ca0eb0-1.jpg\" rel=\"attachment wp-att-2588\"><img loading=\"lazy\" decoding=\"async\" class=\"aligncenter wp-image-2588\" src=\"https:\/\/etnatao.com\/wp-content\/uploads\/2016\/03\/ce9b1f327202221c9210fdb0aa2d34be71ca0eb0-1.jpg\" alt=\"ce9b1f327202221c9210fdb0aa2d34be71ca0eb0\" width=\"473\" height=\"365\" srcset=\"https:\/\/etnatao.com\/wp-content\/uploads\/2016\/03\/ce9b1f327202221c9210fdb0aa2d34be71ca0eb0-1.jpg 505w, https:\/\/etnatao.com\/wp-content\/uploads\/2016\/03\/ce9b1f327202221c9210fdb0aa2d34be71ca0eb0-1-300x232.jpg 300w, https:\/\/etnatao.com\/wp-content\/uploads\/2016\/03\/ce9b1f327202221c9210fdb0aa2d34be71ca0eb0-1-150x116.jpg 150w\" sizes=\"auto, (max-width: 473px) 100vw, 473px\" \/><\/a><\/p>\n<p style=\"text-align: justify;\"><span style=\"color: #008000;\"><strong>Entre las serpientes se encuentran la Vib\u00f2ra\u00a0(Vipera aspis), la C<b>ulebra verdiamarilla<\/b> (Coluber viridiflavus), la serpiente Leopardo (Elaphe situla) y la Culebra de collar (Natrix natrix sicula).<\/strong><\/span><\/p>\n<div class=\"page\" title=\"Page 36\">\u00a0<a href=\"https:\/\/etnatao.com\/wp-content\/uploads\/2016\/02\/800-1.jpg\" rel=\"attachment wp-att-2564\"><img loading=\"lazy\" decoding=\"async\" class=\"aligncenter wp-image-2564\" src=\"https:\/\/etnatao.com\/wp-content\/uploads\/2016\/02\/800-1.jpg\" alt=\"800\" width=\"476\" height=\"363\" srcset=\"https:\/\/etnatao.com\/wp-content\/uploads\/2016\/02\/800-1.jpg 600w, https:\/\/etnatao.com\/wp-content\/uploads\/2016\/02\/800-1-300x229.jpg 300w, https:\/\/etnatao.com\/wp-content\/uploads\/2016\/02\/800-1-150x115.jpg 150w\" sizes=\"auto, (max-width: 476px) 100vw, 476px\" \/><\/a><\/div>\n<div class=\"page\" title=\"Page 36\"><\/div>\n<div class=\"page\" title=\"Page 36\"><img loading=\"lazy\" decoding=\"async\" class=\"aligncenter size-full wp-image-3127\" src=\"https:\/\/etnatao.com\/wp-content\/uploads\/2010\/07\/Screen-Shot-2017-02-03-at-14.53.58-copy.jpg\" sizes=\"auto, (max-width: 514px) 100vw, 514px\" srcset=\"https:\/\/etnatao.com\/wp-content\/uploads\/2010\/07\/Screen-Shot-2017-02-03-at-14.53.58-copy.jpg 514w, https:\/\/etnatao.com\/wp-content\/uploads\/2010\/07\/Screen-Shot-2017-02-03-at-14.53.58-copy-300x205.jpg 300w, https:\/\/etnatao.com\/wp-content\/uploads\/2010\/07\/Screen-Shot-2017-02-03-at-14.53.58-copy-150x103.jpg 150w\" alt=\"\" width=\"514\" height=\"352\" \/><\/div>\n<div class=\"page\" style=\"text-align: center;\" title=\"Page 36\"><\/div>\n<div class=\"page\" title=\"Page 36\">\n<h4 style=\"text-align: center;\"><span style=\"color: #008000;\"><strong>Tat Tvam Asi<\/strong><\/span><\/h4>\n<div>\n<h4 style=\"text-align: center;\"><span style=\"color: #008000;\">\u0924\u0924\u094d \u0924\u094d\u0935\u092e\u094d \u0905\u0938\u093f<\/span><\/h4>\n<p><a href=\"https:\/\/etnatao.com\/wp-content\/uploads\/2010\/07\/The-Four-Elements1.jpg\"><img loading=\"lazy\" decoding=\"async\" class=\"aligncenter\" title=\"The Four Elements\" src=\"https:\/\/etnatao.com\/wp-content\/uploads\/2010\/07\/The-Four-Elements1.jpg\" alt=\"\" width=\"348\" height=\"134\" \/><\/a><\/p>\n<p><a href=\"http:\/\/etnatao.files.wordpress.com\/2000\/07\/wood-header-etnatao.png\"><img loading=\"lazy\" decoding=\"async\" class=\"aligncenter\" title=\"wood-header-etnatao\" src=\"http:\/\/etnatao.files.wordpress.com\/2000\/07\/wood-header-etnatao.png\" alt=\"\" width=\"355\" height=\"38\" \/><\/a><\/p>\n<h3 style=\"text-align: center;\"><span style=\"color: #008000;\"><strong>\u2013 All rights reserved \u2013<\/strong><\/span><\/h3>\n<\/div>\n<\/div>\n\n<!-- Facebook Like Button v1.9.6 BEGIN [http:\/\/blog.bottomlessinc.com] -->\n<iframe src=\"http:\/\/www.facebook.com\/plugins\/like.php?href=https%3A%2F%2Fetnatao.com%2Fes%2Ffauna%2F&amp;layout=standard&amp;show_faces=false&amp;width=450&amp;action=like&amp;colorscheme=light\" scrolling=\"no\" frameborder=\"0\" allowTransparency=\"true\" style=\"border:none; overflow:hidden; width:450px; height: 30px; align: left; margin: 2px 0px 2px 0px\"><\/iframe>\n<!-- Facebook Like Button END -->\n","protected":false},"excerpt":{"rendered":"<p>Facebook\u00a0\u00a0TripAdvisor\u00a0\u00a0Linkedin\u00a0\u00a0Youtube\u00a0 \u00a0Blog\u00a0 La\u00a0Fauna del\u00a0Etna Adaptaci\u00f3n a un entorno din\u00e1mico En ning\u00fan otro lugar del mediterr\u00e1neo se encuentran tal variedad de h\u00e1bitats como aqu\u00ed: desiertos rocosos de rios de lava recientes, estepas, bosques, prados, r\u00edos, humedales y lagos. El clima muestra muchas variaciones causadas por la altitud (de 0 a 3300 m.), La exposici\u00f3n y la humedad. La actividad incesante y poderosa del Mt.Etna da lugar muy a menudo a cambios bruscos en el paisaje como en el equilibrio ecol\u00f3gico. Todos estos factores, enfatizados tambi\u00e9n por el aislamiento, han influido profundamente en la peculiar fauna del volc\u00e1n que tuvo que enfrentar todas esas variables para sobrevivir, mostrando una amplia variedad de&hellip;<\/p>\n","protected":false},"author":2,"featured_media":0,"parent":0,"menu_order":3,"comment_status":"closed","ping_status":"closed","template":"","meta":{"footnotes":""},"class_list":["post-3040","page","type-page","status-publish","hentry"],"aioseo_notices":[],"jetpack_sharing_enabled":true,"jetpack_shortlink":"https:\/\/wp.me\/P1dvPV-N2","_links":{"self":[{"href":"https:\/\/etnatao.com\/es\/wp-json\/wp\/v2\/pages\/3040\/"}],"collection":[{"href":"https:\/\/etnatao.com\/es\/wp-json\/wp\/v2\/pages\/"}],"about":[{"href":"https:\/\/etnatao.com\/es\/wp-json\/wp\/v2\/types\/page\/"}],"author":[{"embeddable":true,"href":"https:\/\/etnatao.com\/es\/wp-json\/wp\/v2\/users\/2\/"}],"replies":[{"embeddable":true,"href":"https:\/\/etnatao.com\/es\/wp-json\/wp\/v2\/comments\/?post=3040"}],"version-history":[{"count":9,"href":"https:\/\/etnatao.com\/es\/wp-json\/wp\/v2\/pages\/3040\/revisions\/"}],"predecessor-version":[{"id":6799,"href":"https:\/\/etnatao.com\/es\/wp-json\/wp\/v2\/pages\/3040\/revisions\/6799\/"}],"wp:attachment":[{"href":"https:\/\/etnatao.com\/es\/wp-json\/wp\/v2\/media\/?parent=3040"}],"curies":[{"name":"wp","href":"https:\/\/api.w.org\/{rel}","templated":true}]}}