{"id":3033,"date":"2017-01-10T15:51:27","date_gmt":"2017-01-10T14:51:27","guid":{"rendered":"http:\/\/etnatao.com\/?page_id=3033\/"},"modified":"2019-06-05T17:54:28","modified_gmt":"2019-06-05T16:54:28","slug":"flora","status":"publish","type":"page","link":"https:\/\/etnatao.com\/es\/flora\/","title":{"rendered":"Flora del Etna"},"content":{"rendered":"\n<!-- Facebook Like Button v1.9.6 BEGIN [http:\/\/blog.bottomlessinc.com] -->\n<iframe src=\"http:\/\/www.facebook.com\/plugins\/like.php?href=https%3A%2F%2Fetnatao.com%2Fes%2Fflora%2F&amp;layout=standard&amp;show_faces=false&amp;width=450&amp;action=like&amp;colorscheme=light\" scrolling=\"no\" frameborder=\"0\" allowTransparency=\"true\" style=\"border:none; overflow:hidden; width:450px; height: 30px; align: left; margin: 2px 0px 2px 0px\"><\/iframe>\n<!-- Facebook Like Button END -->\n<h2 style=\"text-align: center;\"><a href=\"https:\/\/etnatao.com\/wp-content\/uploads\/2016\/03\/DSC_8236-copy.jpg\" rel=\"attachment wp-att-2596\"><br \/>\n<\/a><a style=\"color: #0071bb;\" href=\"https:\/\/etnatao.com\/wp-content\/uploads\/2010\/07\/NEW-ETNATAO-WEBSITE.jpg\"><img loading=\"lazy\" decoding=\"async\" class=\"wp-image-1853\" src=\"https:\/\/etnatao.com\/wp-content\/uploads\/2010\/07\/NEW-ETNATAO-WEBSITE.jpg\" alt=\"NEW ETNATAO WEBSITE\" width=\"431\" height=\"233\"><\/a><\/h2>\n<div style=\"text-align: center;\"><span style=\"color: #008000;\"><strong><a style=\"color: #008000;\" href=\"http:\/www.facebook.com\/Etnatao\">Facebook<\/a>&nbsp;&nbsp;<strong><a style=\"color: #008000;\" href=\"http:\/\/www.tripadvisor.co.uk\/Attraction_Review-g2440593-d6613405-Reviews-Etnatao_Naturalistic_Excursion_on_Mt_Etna-Province_of_Catania_Sicily.html\">TripAdvisor<\/a><i>&nbsp;<\/i><\/strong>&nbsp;<a style=\"color: #008000;\" href=\"www.linkedin.com\/pub\/carmelo-giuffrida\/41\/25a\/8b2\">Linkedin<\/a>&nbsp;&nbsp;<a style=\"color: #008000;\" href=\"http:\/\/www.youtube.com\/user\/etnatao\/videos\">Youtube<\/a>&nbsp; &nbsp;<a style=\"color: #008000;\" href=\"http:\/\/http:\/\/etnatao.wordpress.com\/\">Blog<\/a><\/strong>&nbsp;<\/span><\/div>\n<h2 style=\"text-align: center;\"><strong><span style=\"color: #008000;\">La Flora del&nbsp;Etna<\/span><\/strong><\/h2>\n<p style=\"text-align: justify;\"><span style=\"color: #008000;\"><strong>El Etna es un destacado laboratorio de historia natural y una de las zonas de mayor inter\u00e9s naturalista del&nbsp;mediterr\u00e1neo. A menudo se piensa en las \u00e1reas volc\u00e1nicas como los lugares deserticos donde la vegetaci\u00f3n es inexistente o muy escasa. Al contrario entre&nbsp;las varias&nbsp;singularidades de este volcan&nbsp;hay su interesante lado&nbsp;bot\u00e1nico.<\/strong><\/span><\/p>\n<p style=\"text-align: justify;\"><span style=\"color: #008000;\"><strong>En primer lugar Etna tiene vastas \u00e1reas cubiertas de vegetaci\u00f3n, aunque gran parte del territorio es atravesado con frecuencia por los rios de lava que destruyen todo lo que encuentra a su paso. Los volcanes de las latitudes medias por lo general no cuentan con amplias zonas verdes. Por el contrario hay algunos detalles del paisaje del Etna, donde la vegetaci\u00f3n es tan exuberante que recuerda los paisajes de algunos volcanes tropicales. El contraste entre los verdes bosques y los negros rios&nbsp;de lava recientes &nbsp;crea un paisaje \u00fanico y surrealista. Adem\u00e1s, este volc\u00e1n ofrece una gran diversidad bot\u00e1nica que se manifiesta&nbsp;verticalmente con variaciones de&nbsp;altitud, pero tambi\u00e9n &nbsp;horizontalmente pasando de un lado a otro del volc\u00e1n.<\/strong><\/span><\/p>\n<div style=\"text-align: center;\">\n<p style=\"text-align: justify;\"><a href=\"https:\/\/etnatao.com\/wp-content\/uploads\/2016\/02\/DSC_6411-copy.jpg\" rel=\"attachment wp-att-2590\"><img loading=\"lazy\" decoding=\"async\" class=\"aligncenter wp-image-2590\" src=\"https:\/\/etnatao.com\/wp-content\/uploads\/2016\/02\/DSC_6411-copy-1024x681.jpg\" alt=\"DSC_6411 copy\" width=\"481\" height=\"320\" srcset=\"https:\/\/etnatao.com\/wp-content\/uploads\/2016\/02\/DSC_6411-copy-1024x681.jpg 1024w, https:\/\/etnatao.com\/wp-content\/uploads\/2016\/02\/DSC_6411-copy-300x199.jpg 300w, https:\/\/etnatao.com\/wp-content\/uploads\/2016\/02\/DSC_6411-copy-768x511.jpg 768w, https:\/\/etnatao.com\/wp-content\/uploads\/2016\/02\/DSC_6411-copy-150x100.jpg 150w\" sizes=\"auto, (max-width: 481px) 100vw, 481px\" \/><\/a><\/p>\n<p style=\"text-align: justify;\"><img loading=\"lazy\" decoding=\"async\" class=\"aligncenter wp-image-2596\" src=\"https:\/\/etnatao.com\/wp-content\/uploads\/2016\/03\/DSC_8236-copy-1024x680.jpg\" alt=\"DSC_8236 copy\" width=\"480\" height=\"319\" srcset=\"https:\/\/etnatao.com\/wp-content\/uploads\/2016\/03\/DSC_8236-copy-1024x680.jpg 1024w, https:\/\/etnatao.com\/wp-content\/uploads\/2016\/03\/DSC_8236-copy-300x199.jpg 300w, https:\/\/etnatao.com\/wp-content\/uploads\/2016\/03\/DSC_8236-copy-768x510.jpg 768w, https:\/\/etnatao.com\/wp-content\/uploads\/2016\/03\/DSC_8236-copy-150x100.jpg 150w, https:\/\/etnatao.com\/wp-content\/uploads\/2016\/03\/DSC_8236-copy.jpg 1800w\" sizes=\"auto, (max-width: 480px) 100vw, 480px\" \/><\/p>\n<p><span style=\"text-decoration: underline;\"><strong><span style=\"color: #008000; text-decoration: underline;\">Temporada de floraci\u00f3n prolongada<\/span><\/strong><\/span><\/p>\n<p style=\"text-align: justify;\"><span style=\"color: #008000;\"><strong>Si usted piensa que el paisaje de un volc\u00e1n tiene que ser una sucesi\u00f3n mon\u00f3tona de oscuros desiertos de lava, se sorprender\u00e1 por la coloraci\u00f3n del paisaje del Etna! De hecho, aqu\u00ed hay un per\u00edodo muy extendido de floraciones que se produce en diferentes estaciones a diferentes altitudes, por lo tanto gran parte del a\u00f1o este volc\u00e1n se puede ver adornado por los hermosos colores de las flores.<\/strong><\/span><\/p>\n<p style=\"text-align: justify;\"><img loading=\"lazy\" decoding=\"async\" class=\"aligncenter wp-image-2592\" src=\"https:\/\/etnatao.com\/wp-content\/uploads\/2016\/03\/etnatao-etna-excursions.jpg\" alt=\"etnatao-etna-excursions\" width=\"483\" height=\"322\" srcset=\"https:\/\/etnatao.com\/wp-content\/uploads\/2016\/03\/etnatao-etna-excursions.jpg 960w, https:\/\/etnatao.com\/wp-content\/uploads\/2016\/03\/etnatao-etna-excursions-300x200.jpg 300w, https:\/\/etnatao.com\/wp-content\/uploads\/2016\/03\/etnatao-etna-excursions-768x512.jpg 768w, https:\/\/etnatao.com\/wp-content\/uploads\/2016\/03\/etnatao-etna-excursions-150x100.jpg 150w\" sizes=\"auto, (max-width: 483px) 100vw, 483px\" \/><\/p>\n<p style=\"text-align: justify;\"><img loading=\"lazy\" decoding=\"async\" class=\"aligncenter wp-image-2467\" src=\"https:\/\/etnatao.com\/wp-content\/uploads\/2016\/02\/DSC_5097-copy-1024x680.jpg\" alt=\"DSC_5097 copy\" width=\"484\" height=\"322\"><\/p>\n<p><span style=\"text-decoration: underline;\"><strong><span style=\"color: #008000; text-decoration: underline;\">Numerosos endemismos<\/span><\/strong><\/span><\/p>\n<p style=\"text-align: justify;\"><strong><span style=\"color: #008000;\">Etna es tambi\u00e9n rica en especies end\u00e9micas \u00fanicas de este parque. De hecho, el Etna ha formado h\u00e1bitat tan extremos que muchas plantas y \u00e1rboles han tenido que cambiar sus caracter\u00edsticas para adaptarse y sobrevivir, transform\u00e1ndose en especies existentes s\u00f3lamente en esta zona. Durante una excursi\u00f3n naturalista nos complacer\u00e1 mostrarle algunos de los endemismos del parque y proporcionar informaci\u00f3n detallada sobre ellos. Aqu\u00ed algunos ejemplos:<\/span><\/strong><\/p>\n<p style=\"text-align: justify;\"><strong><span style=\"color: #008000;\">El <em>Anthemis aetnensis<\/em> y el <em>Senecio aetnensis,&nbsp;<\/em>hermosas plantas tan adaptadas a este entorno para ser las \u00fanicas dos capaces de sobrevivir incre\u00edblemente hasta 3050 m.&nbsp;sobre el nivel del mar. Vale la pena recordar tambi\u00e9n el <em>Rumex aetnensis<\/em>, el <em>Cerastium aetneum<\/em>, el <em>Berberis aetnensis<\/em>, el <em>Sclerantus aetnensis, la Viola aetnensis<\/em>, etc.<\/span><\/strong><\/p>\n<p style=\"text-align: justify;\"><a href=\"https:\/\/etnatao.com\/wp-content\/uploads\/2016\/03\/DSC_3404-copy.jpg\" rel=\"attachment wp-att-2594\"><img loading=\"lazy\" decoding=\"async\" class=\"aligncenter wp-image-2594\" src=\"https:\/\/etnatao.com\/wp-content\/uploads\/2016\/03\/DSC_3404-copy-1024x680.jpg\" alt=\"DSC_3404 copy\" width=\"535\" height=\"356\" srcset=\"https:\/\/etnatao.com\/wp-content\/uploads\/2016\/03\/DSC_3404-copy-1024x680.jpg 1024w, https:\/\/etnatao.com\/wp-content\/uploads\/2016\/03\/DSC_3404-copy-300x199.jpg 300w, https:\/\/etnatao.com\/wp-content\/uploads\/2016\/03\/DSC_3404-copy-768x510.jpg 768w, https:\/\/etnatao.com\/wp-content\/uploads\/2016\/03\/DSC_3404-copy-150x100.jpg 150w\" sizes=\"auto, (max-width: 535px) 100vw, 535px\" \/><\/a><\/p>\n<p style=\"text-align: justify;\"><img loading=\"lazy\" decoding=\"async\" class=\"aligncenter wp-image-2463\" src=\"https:\/\/etnatao.com\/wp-content\/uploads\/2016\/02\/DSC_3369-copy-1024x680.jpg\" alt=\"DSC_3369 copy\" width=\"539\" height=\"358\"><\/p>\n<p><span style=\"text-decoration: underline;\"><strong><span style=\"color: #008000; text-decoration: underline;\">Distribuci\u00f3n altim\u00e9trica de la vegetaci\u00f3n<\/span><\/strong><\/span><\/p>\n<p style=\"text-align: justify;\"><strong><span style=\"color: #008000;\">La variedad de la flora Etna refleja la presencia de varias zonas clim\u00e1ticas que van desde el nivel del mar hasta la cumbre.<\/span><\/strong><\/p>\n<p><span style=\"text-decoration: underline;\"><span style=\"color: #008000; text-decoration: underline;\"><strong><a href=\"https:\/\/etnatao.com\/wp-content\/uploads\/2016\/03\/Screen-Shot-2016-02-22-at-11.30.22-AM.png\" rel=\"attachment wp-att-2593\"><img loading=\"lazy\" decoding=\"async\" class=\"aligncenter size-full wp-image-2593\" src=\"https:\/\/etnatao.com\/wp-content\/uploads\/2016\/03\/Screen-Shot-2016-02-22-at-11.30.22-AM.png\" alt=\"Screen Shot 2016-02-22 at 11.30.22 AM\" width=\"427\" height=\"374\" srcset=\"https:\/\/etnatao.com\/wp-content\/uploads\/2016\/03\/Screen-Shot-2016-02-22-at-11.30.22-AM.png 427w, https:\/\/etnatao.com\/wp-content\/uploads\/2016\/03\/Screen-Shot-2016-02-22-at-11.30.22-AM-300x263.png 300w, https:\/\/etnatao.com\/wp-content\/uploads\/2016\/03\/Screen-Shot-2016-02-22-at-11.30.22-AM-150x131.png 150w\" sizes=\"auto, (max-width: 427px) 100vw, 427px\" \/><\/a><\/strong><\/span><\/span><\/p>\n<\/div>\n<p style=\"text-align: justify;\"><span style=\"color: #008000;\"><strong><span style=\"text-decoration: underline;\">Zona basale mediterr\u00e1nea<\/span> &nbsp;(desde 0 hasta&nbsp;1400 m.). Esta es la zona con mayor diversidad bot\u00e1nica que sempieza a nivel del mar con la&nbsp; la vegetacion mediterr\u00e1nea y luego se convierte en bosques de <em>encinas (Quercus Hilex), casta\u00f1o (Castanea sativa)<\/em>, <em>robles de hoja caduca<\/em> (en su mayor\u00eda <em>Quercus pubescens<\/em>) y de <em>retama endemica del Etna<\/em>&nbsp;<em>Genista aetnensis<\/em>. <\/strong><\/span><span style=\"color: #008000;\"><strong>Por lo general se divide en tres zonas diferentes: termomediterr\u00e1nea, mesomediterr\u00e1nea y supramediterranea.<\/strong><\/span><\/p>\n<p style=\"text-align: justify;\"><span style=\"color: #008000;\"><strong>Subiendo de cota hay la&nbsp;<span style=\"text-decoration: underline;\">Zona de monta\u00f1a mediterr\u00e1nea<\/span> (desde 1400 hasta&nbsp;2000\/2200 m.) que llega al limite de vegetac\u00econ arborea. En esta \u00e1rea es un bosque muy especial, un <em>&#8220;relicto glacial&#8221;<\/em> que sobrevivi\u00f2 a la glaciaci\u00f3n W\u00fcrm, que termin\u00f3 hace unos 10k a\u00f1os y luego evolucion\u00f3 de forma independiente. Aqu\u00ed est\u00e1 la variedad de pino&nbsp;<em>Pinus nigra<\/em>, originalmente \u00e1rbol t\u00edpico de los grandes bosques pre-glaciales de Europa&nbsp;que durante la \u00faltima glaciac\u00econ&nbsp;ha migrado hacia el sur. Hoy en d\u00eda est\u00e1 presente s\u00f3lo aqu\u00ed en C\u00f3rcega y Calabria. Hay tambien&nbsp;hayas (<em>Fagus sylvatica<\/em>), otro relicto glacial, que tiene una gran importancia bot\u00e1nica porque el bosque de hayas europeo alcanza aqu\u00ed la latitud m\u00e1s baja y al mismo tiempo, la cota&nbsp;m\u00e1s alta! Se encuentra&nbsp;el abedul endemico del Etna (<em>Betula aetnensis<\/em>) el tercer relicto glacial que tambien ha tomado refugio alrededor del volc\u00e1n durante la \u00faltima edad de hielo y luego evolucion\u00f3 en una manera diferente&nbsp;.<\/strong><\/span><\/p>\n<p style=\"text-align: justify;\"><span style=\"color: #008000;\"><strong><br \/>\nSubiendo en altitud se encuentra la <span style=\"text-decoration: underline;\">zona&nbsp;Altomediterranea<\/span> que se extiende desde la l\u00ednea de \u00e1rboles (unos 2000 m.) hasta el borde de la supervivencia de las plantas pioneras altitud (3050 m.), el principio del desierto volc\u00e1nica de alta cota. Donde termina&nbsp;la area&nbsp;de vegetac\u00econ arborea inicia ellos <em>Astragaletum siculi<\/em> una zona parecida a un paisaje de estepa&nbsp;con una vegetaci\u00f3n extraordinaria donde se encuentran&nbsp;plantas end\u00e9micas muy especializadas. Tal vegetaci\u00f3n es tan \u00fanica que no se encuentra en ninguna otra parte del mundo! El nombre proviene de la planta end\u00e9mica <em>Astr\u00e1galous siculus<\/em> formaci\u00f3n de tipicos arbustos espinosos bajos.<\/strong><\/span><\/p>\n<p style=\"text-align: justify;\"><span style=\"color: #008000;\"><strong><br \/>\nPor encima de los 2500 m. hasta 3050 hay&nbsp;la denominada <em>&#8220;zona di contesa&#8221;<\/em>, donde la vegetaci\u00f3n se vuelve cada vez m\u00e1s escasa hasta encontrar s\u00f3lo unas pocas aisladas planta pionera end\u00e9mica, &#8220;dise\u00f1adas&#8221; para sobrevivir, al h\u00e1bitat m\u00e1s extremo del Etna.<\/strong><\/span><\/p>\n<p style=\"text-align: justify;\"><span style=\"color: #008000;\"><strong><br \/>\nPor encima de los 3050 hay el desierto de lava alta cota, donde la energ\u00eda extraordinaria de este volc\u00e1n se expresa de una manera tan extrema que no puede sobrevivir&nbsp;ninguna forma de vida vegetal&nbsp;.<br \/>\n<\/strong><\/span><\/p>\n<p style=\"text-align: justify;\"><img loading=\"lazy\" decoding=\"async\" class=\"aligncenter size-full wp-image-3127\" src=\"https:\/\/etnatao.com\/wp-content\/uploads\/2010\/07\/Screen-Shot-2017-02-03-at-14.53.58-copy.jpg\" sizes=\"auto, (max-width: 514px) 100vw, 514px\" srcset=\"https:\/\/etnatao.com\/wp-content\/uploads\/2010\/07\/Screen-Shot-2017-02-03-at-14.53.58-copy.jpg 514w, https:\/\/etnatao.com\/wp-content\/uploads\/2010\/07\/Screen-Shot-2017-02-03-at-14.53.58-copy-300x205.jpg 300w, https:\/\/etnatao.com\/wp-content\/uploads\/2010\/07\/Screen-Shot-2017-02-03-at-14.53.58-copy-150x103.jpg 150w\" alt=\"\" width=\"514\" height=\"352\"><\/p>\n<h4 style=\"text-align: center;\"><span style=\"color: #008000;\"><strong>Tat Tvam Asi<\/strong><\/span><\/h4>\n<div>\n<h4 style=\"text-align: center;\"><span style=\"color: #008000;\">\u0924\u0924\u094d \u0924\u094d\u0935\u092e\u094d \u0905\u0938\u093f<\/span><\/h4>\n<p><a href=\"https:\/\/etnatao.com\/wp-content\/uploads\/2010\/07\/The-Four-Elements1.jpg\"><img loading=\"lazy\" decoding=\"async\" class=\"aligncenter\" title=\"The Four Elements\" src=\"https:\/\/etnatao.com\/wp-content\/uploads\/2010\/07\/The-Four-Elements1.jpg\" alt=\"\" width=\"348\" height=\"134\"><\/a><\/p>\n<p><a href=\"http:\/\/etnatao.files.wordpress.com\/2000\/07\/wood-header-etnatao.png\"><img loading=\"lazy\" decoding=\"async\" class=\"aligncenter\" title=\"wood-header-etnatao\" src=\"http:\/\/etnatao.files.wordpress.com\/2000\/07\/wood-header-etnatao.png\" alt=\"\" width=\"355\" height=\"38\"><\/a><\/p>\n<h3 style=\"text-align: center;\"><span style=\"color: #008000;\"><strong>\u2013 All rights reserved \u2013<\/strong><\/span><\/h3>\n<\/div>\n\n<!-- Facebook Like Button v1.9.6 BEGIN [http:\/\/blog.bottomlessinc.com] -->\n<iframe src=\"http:\/\/www.facebook.com\/plugins\/like.php?href=https%3A%2F%2Fetnatao.com%2Fes%2Fflora%2F&amp;layout=standard&amp;show_faces=false&amp;width=450&amp;action=like&amp;colorscheme=light\" scrolling=\"no\" frameborder=\"0\" allowTransparency=\"true\" style=\"border:none; overflow:hidden; width:450px; height: 30px; align: left; margin: 2px 0px 2px 0px\"><\/iframe>\n<!-- Facebook Like Button END -->\n","protected":false},"excerpt":{"rendered":"<p>Facebook&nbsp;&nbsp;TripAdvisor&nbsp;&nbsp;Linkedin&nbsp;&nbsp;Youtube&nbsp; &nbsp;Blog&nbsp; La Flora del&nbsp;Etna El Etna es un destacado laboratorio de historia natural y una de las zonas de mayor inter\u00e9s naturalista del&nbsp;mediterr\u00e1neo. A menudo se piensa en las \u00e1reas volc\u00e1nicas como los lugares deserticos donde la vegetaci\u00f3n es inexistente o muy escasa. Al contrario entre&nbsp;las varias&nbsp;singularidades de este volcan&nbsp;hay su interesante lado&nbsp;bot\u00e1nico. En primer lugar Etna tiene vastas \u00e1reas cubiertas de vegetaci\u00f3n, aunque gran parte del territorio es atravesado con frecuencia por los rios de lava que destruyen todo lo que encuentra a su paso. Los volcanes de las latitudes medias por lo general no cuentan con amplias zonas verdes. Por el contrario hay algunos detalles del paisaje&hellip;<\/p>\n","protected":false},"author":2,"featured_media":0,"parent":0,"menu_order":4,"comment_status":"closed","ping_status":"closed","template":"","meta":{"footnotes":""},"class_list":["post-3033","page","type-page","status-publish","hentry"],"aioseo_notices":[],"jetpack_sharing_enabled":true,"jetpack_shortlink":"https:\/\/wp.me\/P1dvPV-MV","_links":{"self":[{"href":"https:\/\/etnatao.com\/es\/wp-json\/wp\/v2\/pages\/3033\/"}],"collection":[{"href":"https:\/\/etnatao.com\/es\/wp-json\/wp\/v2\/pages\/"}],"about":[{"href":"https:\/\/etnatao.com\/es\/wp-json\/wp\/v2\/types\/page\/"}],"author":[{"embeddable":true,"href":"https:\/\/etnatao.com\/es\/wp-json\/wp\/v2\/users\/2\/"}],"replies":[{"embeddable":true,"href":"https:\/\/etnatao.com\/es\/wp-json\/wp\/v2\/comments\/?post=3033"}],"version-history":[{"count":9,"href":"https:\/\/etnatao.com\/es\/wp-json\/wp\/v2\/pages\/3033\/revisions\/"}],"predecessor-version":[{"id":6803,"href":"https:\/\/etnatao.com\/es\/wp-json\/wp\/v2\/pages\/3033\/revisions\/6803\/"}],"wp:attachment":[{"href":"https:\/\/etnatao.com\/es\/wp-json\/wp\/v2\/media\/?parent=3033"}],"curies":[{"name":"wp","href":"https:\/\/api.w.org\/{rel}","templated":true}]}}