{"id":2892,"date":"2016-12-29T12:12:21","date_gmt":"2016-12-29T11:12:21","guid":{"rendered":"http:\/\/etnatao.com\/?page_id=2892\/"},"modified":"2019-06-05T17:46:18","modified_gmt":"2019-06-05T16:46:18","slug":"geologia","status":"publish","type":"page","link":"https:\/\/etnatao.com\/es\/geologia\/","title":{"rendered":"Geolog\u00eda"},"content":{"rendered":"\n<!-- Facebook Like Button v1.9.6 BEGIN [http:\/\/blog.bottomlessinc.com] -->\n<iframe src=\"http:\/\/www.facebook.com\/plugins\/like.php?href=https%3A%2F%2Fetnatao.com%2Fes%2Fgeologia%2F&amp;layout=standard&amp;show_faces=false&amp;width=450&amp;action=like&amp;colorscheme=light\" scrolling=\"no\" frameborder=\"0\" allowTransparency=\"true\" style=\"border:none; overflow:hidden; width:450px; height: 30px; align: left; margin: 2px 0px 2px 0px\"><\/iframe>\n<!-- Facebook Like Button END -->\n<h3 style=\"text-align: center;\"><span style=\"color: #008000;\"><a style=\"color: #008000;\" href=\"https:\/\/etnatao.com\/wp-content\/uploads\/2010\/07\/NEW-ETNATAO-WEBSITE.jpg\"><img loading=\"lazy\" decoding=\"async\" class=\"wp-image-1853\" src=\"https:\/\/etnatao.com\/wp-content\/uploads\/2010\/07\/NEW-ETNATAO-WEBSITE.jpg\" alt=\"NEW ETNATAO WEBSITE\" width=\"431\" height=\"233\"><\/a><\/span><\/h3>\n<div style=\"text-align: center;\"><span style=\"color: #008000;\"><strong><a style=\"color: #008000;\" href=\"http:\/www.facebook.com\/Etnatao\">Facebook<\/a>&nbsp;&nbsp;<strong><a style=\"color: #008000;\" href=\"http:\/\/www.tripadvisor.co.uk\/Attraction_Review-g2440593-d6613405-Reviews-Etnatao_Naturalistic_Excursion_on_Mt_Etna-Province_of_Catania_Sicily.html\">TripAdvisor<\/a><i>&nbsp;<\/i><\/strong>&nbsp;<a style=\"color: #008000;\" href=\"www.linkedin.com\/pub\/carmelo-giuffrida\/41\/25a\/8b2\">Linkedin<\/a>&nbsp;&nbsp;<a style=\"color: #008000;\" href=\"http:\/\/www.youtube.com\/user\/etnatao\/videos\">Youtube<\/a>&nbsp; &nbsp;<a style=\"color: #008000;\" href=\"http:\/\/http:\/\/etnatao.wordpress.com\/\">Blog<\/a><\/strong>&nbsp;<\/span><\/div>\n<div style=\"display: inline !important;\">\n<h5 style=\"text-align: center;\"><span style=\"text-decoration: underline; color: #008000;\">Un breve resumen de Geograf\u00eda, Geolog\u00eda y Tect\u00f3nica<\/span><\/h5>\n<h5 style=\"text-align: center;\"><span style=\"color: #008000;\">Geograf\u00eda<\/span><\/h5>\n<\/div>\n<p class=\"p1\" style=\"text-align: justify;\"><span class=\"s1\" style=\"color: #008000;\"><b>El Etna es un majestuoso volc\u00e1n situado en el lado oriental de la isla de Sicilia (37 \u00b0 44&#8217;00 &#8220;N 15 \u00b0 00&#8217;00&#8221; E). Su altura, m\u00e1s de 3300 metros sobre el nivel del mar,&nbsp;lo convierte en el volc\u00e1n subaerial m\u00e1s alto y m\u00e1s ancho de la Europa continental, la monta\u00f1a m\u00e1s alta del mediterr\u00e1neo y tambi\u00e9n el pico italiano m\u00e1s elevado al&nbsp;sur de la cordillera de los Alpes.<\/b><\/span><\/p>\n<p style=\"text-align: center;\"><span style=\"color: #008000;\"><a style=\"color: #008000;\" href=\"https:\/\/etnatao.com\/wp-content\/uploads\/2011\/01\/sicilia-fisica.jpg\"><img loading=\"lazy\" decoding=\"async\" class=\"aligncenter\" src=\"https:\/\/etnatao.com\/wp-content\/uploads\/2011\/01\/sicilia-fisica-1024x854.jpg\" alt=\"Carta geografica Sicilia\" width=\"427\" height=\"354\"><\/a><\/span><\/p>\n<p class=\"p1\" style=\"text-align: justify;\"><span style=\"color: #008000;\"><span class=\"s1\"><b>Domina el mar&nbsp;J\u00f2nico&nbsp;en su lado oriental, est\u00e1 rodeado por el r\u00edo Alcantara al norte y por el r\u00edo Simeto al oeste y al lado sur.&nbsp;<\/b><\/span><span class=\"s1\"><b>Este volc\u00e1n cubre un \u00e1rea de aproximadamente 1500 km2, tiene un di\u00e1metro norte-sur de unos 35 km, un per\u00edmetro de unos 200 km, un volumen de unos 500&nbsp;km3 y est\u00e1 bordeado al Norte por las monta\u00f1as Nebrodi y Peloritani y al Sur por el altiplano de los &nbsp;Iblei.<\/b><\/span><\/span><\/p>\n<p style=\"text-align: center;\"><span style=\"color: #008000;\"><a style=\"color: #008000;\" href=\"https:\/\/etnatao.com\/wp-content\/uploads\/2011\/01\/Volcanological-map-of-Etna.jpg\"><img loading=\"lazy\" decoding=\"async\" class=\" wp-image-1517 aligncenter\" src=\"https:\/\/etnatao.com\/wp-content\/uploads\/2011\/01\/Volcanological-map-of-Etna.jpg\" alt=\"Volcanological map of Etna\" width=\"466\" height=\"462\" srcset=\"https:\/\/etnatao.com\/wp-content\/uploads\/2011\/01\/Volcanological-map-of-Etna.jpg 909w, https:\/\/etnatao.com\/wp-content\/uploads\/2011\/01\/Volcanological-map-of-Etna-150x150.jpg 150w, https:\/\/etnatao.com\/wp-content\/uploads\/2011\/01\/Volcanological-map-of-Etna-300x298.jpg 300w, https:\/\/etnatao.com\/wp-content\/uploads\/2011\/01\/Volcanological-map-of-Etna-92x92.jpg 92w, https:\/\/etnatao.com\/wp-content\/uploads\/2011\/01\/Volcanological-map-of-Etna-64x64.jpg 64w\" sizes=\"auto, (max-width: 466px) 100vw, 466px\" \/><\/a><\/span><\/p>\n<p class=\"p1\" style=\"text-align: justify;\"><span class=\"s1\" style=\"color: #008000;\"><b>A partir del nivel del mar hasta la cumbre, los cambios en t\u00e9rminos de paisaje y h\u00e1bitats son sorprendentes y junto con la riqueza de sus peculiaridades&nbsp;naturalistas, hacen de este lugar un geositio \u00fanico y un para\u00edso para excursionistas, fot\u00f3grafos, naturalistas, volcan\u00f3logos y amantes de la naturaleza. La Sicilia&nbsp;oriental muestra una gran diversidad de paisajes, pero tambi\u00e9n ofrece una incre\u00edble variedad en el punto de vista geol\u00f3gico.<\/b><\/span><\/p>\n<p style=\"text-align: center;\"><span style=\"color: #008000;\"><a style=\"color: #008000;\" href=\"https:\/\/etnatao.com\/wp-content\/uploads\/2011\/01\/FG2.jpg\"><img loading=\"lazy\" decoding=\"async\" class=\"aligncenter\" src=\"https:\/\/etnatao.com\/wp-content\/uploads\/2011\/01\/FG2.jpg\" alt=\"Geological map of Sicily\" width=\"484\" height=\"361\"><\/a><\/span><\/p>\n<h5 style=\"text-align: center;\"><span style=\"color: #008000;\">&nbsp;<\/span><\/h5>\n<h5 style=\"text-align: center;\"><span style=\"color: #008000;\">Geolog\u00eda<\/span><\/h5>\n<p class=\"p1\" style=\"text-align: justify;\"><span style=\"color: #008000;\"><strong>El contexto geogr\u00e1fico en el que se encuentra el Monte Etna, Sicilia oriental tambi\u00e9n ofrece una amplia variedad desde el punto de vista geol\u00f3gico.<\/strong><\/span><br \/>\n<span style=\"color: #008000;\"> <strong>Dentro de una distancia de unos 200 km, atravesando las provincias de Messina, Catania y Siracusa, hay dos placas tect\u00f3nicas diferentes, rocas de muy diferentes tipos de las metam\u00f3rficas, \u00edgneas y sedimentarias, diversas fallas regionales, el Etna, los volcanes activos de las islas Eolias y afloramientos de un antiguo vulcanismo en la meseta de piedra caliza &nbsp;de los Iblei.<\/strong><\/span><\/p>\n<p style=\"text-align: justify;\"><span style=\"color: #008000;\"><a href=\"https:\/\/etnatao.com\/wp-content\/uploads\/2018\/01\/Tectonic-map.png\"><img loading=\"lazy\" decoding=\"async\" class=\"aligncenter size-full wp-image-4257\" src=\"https:\/\/etnatao.com\/wp-content\/uploads\/2018\/01\/Tectonic-map.png\" alt=\"\" width=\"487\" height=\"391\" srcset=\"https:\/\/etnatao.com\/wp-content\/uploads\/2018\/01\/Tectonic-map.png 487w, https:\/\/etnatao.com\/wp-content\/uploads\/2018\/01\/Tectonic-map-300x241.png 300w, https:\/\/etnatao.com\/wp-content\/uploads\/2018\/01\/Tectonic-map-150x120.png 150w\" sizes=\"auto, (max-width: 487px) 100vw, 487px\" \/><\/a><\/span><\/p>\n<div id=\"gt-src-c\" class=\"g-unit\"><\/div>\n<div id=\"gt-res-c\" class=\"g-unit\">\n<div dir=\"ltr\" style=\"text-align: justify;\"><span style=\"color: #008000;\"><strong>Debajo de Etna es un sustrato sedimentario de espesor que alcanza la altitud Massim de 1000 metros sobre el nivel del mar y por lo tanto el espesor de las rocas volc\u00e1nicas acumuladas en medio millon de a\u00f1os es de aproximadamente 2000 metros.<\/strong><\/span><br \/>\n<span style=\"color: #008000;\"> <strong>Las rocas sedimentarias que se encuentran en la base de este volc\u00e1n&nbsp;<span id=\"result_box\" class=\"\" lang=\"es\"><span class=\"\">son secuencias turbid\u00edticas arcillosas del Mioceno<\/span><\/span> en los lados norte y oeste, mientras que en la parte sur y este hay principalmente de sedimentos marinos de arcilla Pleistoceno.<\/strong><\/span><\/div>\n<div dir=\"ltr\" style=\"text-align: justify;\"><span style=\"color: #008000;\">&nbsp;<\/span><\/div>\n<\/div>\n<p style=\"text-align: justify;\"><span style=\"color: #008000;\"><img loading=\"lazy\" decoding=\"async\" class=\"aligncenter\" src=\"https:\/\/etnatao.com\/wp-content\/uploads\/2011\/01\/Etna-geology.jpg\" alt=\"Etna geology\" width=\"619\" height=\"216\"><\/span><\/p>\n<p style=\"text-align: justify;\"><span style=\"color: #008000;\"><strong>Esta zona, al contrario que en el resto de Sicilia, es rica en agua por&nbsp;la hidrogeolog\u00eda de este volc\u00e1n. De hecho, las rocas de lava son altamente permeables y act\u00faan como acu\u00edferos y estan&nbsp;sobre el substrato&nbsp;sedimentario impermeable. Podemos visualizar el Etna como una esponja enorme que absorbe las lluvias y el agua que viene del derretimiento de la nieve&nbsp;Todo este agua viaja a trav\u00e9s del cuerpo del volc\u00e1n y finalmente sale en manantiales, especialmente cerca del contacto entre las rocas impermeables y permeables.<\/strong><\/span><\/p>\n<p style=\"text-align: justify;\"><span style=\"color: #008000;\"><strong>Esta zona, al contrario que en el resto de Sicilia, es rica en agua, debido a las caracter\u00edsticas geol\u00f3gicas de este volc\u00e1n. De hecho el gran espesor de las rocas de lava altamente permeables est\u00e1 por encima del substrato&nbsp;sedimentario impermeable.. Por tanto, podemos pensar en el Etna como una enorme esponja que absorbe la humedad de la altitud alta, la lluvia y el agua procedente de la fusi\u00f3n de las nieves.&nbsp;<\/strong><strong>Todo este agua viaja a trav\u00e9s del cuerpo del volc\u00e1n y finalmente sale en manantiales, especialmente cerca del contacto entre las rocas impermeables y permeables.<\/strong><\/span><\/p>\n<h5 style=\"text-align: center;\"><span style=\"color: #008000;\">Tect\u00f3nica<\/span><\/h5>\n<p style=\"text-align: justify;\"><span style=\"color: #008000;\"><strong>El Etna se encuentra en el cruce de l\u00edneas de fallas y dentro de un complejo setting&nbsp;geodin\u00e1mico caracterizado por la presencia de dos placas tect\u00f3nicas convergentes. Al norte est\u00e1 la placa&nbsp;europea, representado por las monta\u00f1as de Nebrodi y Peloritani, y al sur est\u00e1 la placa africana representada por la meseta de Hyblean. A partir de hace unos 50 millones de a\u00f1os, las dos placas han convergido, luego han chocado y finalmente el africano se subduct\u00f3 bajo el europeo.<\/strong><\/span><\/p>\n<p style=\"text-align: center;\"><span style=\"color: #008000;\"><a style=\"color: #008000;\" href=\"https:\/\/etnatao.com\/wp-content\/uploads\/2011\/01\/Etna-between-European-and-african-plate.jpg\"><img loading=\"lazy\" decoding=\"async\" class=\"aligncenter\" src=\"https:\/\/etnatao.com\/wp-content\/uploads\/2011\/01\/Etna-between-European-and-african-plate.jpg\" alt=\"Etna between European and african plate\" width=\"463\" height=\"124\"><\/a><\/span><\/p>\n<p style=\"text-align: justify;\"><span style=\"color: #008000;\"><strong>Este movimiento, que sigue ocurriendo a una velocidad de s\u00f3lo unos pocos cent\u00edmetros al a\u00f1o, en el tiempo geol\u00f3gico ha reducido progresivamente el tama\u00f1o del Mediterr\u00e1neo de un oc\u00e9ano abierto a un mar cerrado, ha formado la cordillera de los Alpes y los Appenninos y es tambi\u00e9n el motor del volcanismo y de la sismicidad del mediterr\u00e1nea.<\/strong><\/span><\/p>\n<p style=\"text-align: justify;\">\n<p><a href=\"https:\/\/etnatao.com\/wp-content\/uploads\/2018\/07\/foto3-415x600.jpg\"><img loading=\"lazy\" decoding=\"async\" class=\"aligncenter size-full wp-image-4729\" src=\"https:\/\/etnatao.com\/wp-content\/uploads\/2018\/07\/foto3-415x600.jpg\" alt=\"\" width=\"415\" height=\"600\" srcset=\"https:\/\/etnatao.com\/wp-content\/uploads\/2018\/07\/foto3-415x600.jpg 415w, https:\/\/etnatao.com\/wp-content\/uploads\/2018\/07\/foto3-415x600-208x300.jpg 208w, https:\/\/etnatao.com\/wp-content\/uploads\/2018\/07\/foto3-415x600-104x150.jpg 104w\" sizes=\"auto, (max-width: 415px) 100vw, 415px\" \/><\/a><\/p>\n<p>&nbsp;<\/p>\n<p style=\"text-align: center;\"><span style=\"color: #008000;\"><a style=\"color: #008000;\" href=\"https:\/\/etnatao.com\/wp-content\/uploads\/2011\/01\/Converging-continental-plates.jpg\"><img loading=\"lazy\" decoding=\"async\" class=\" wp-image-1520 aligncenter\" src=\"https:\/\/etnatao.com\/wp-content\/uploads\/2011\/01\/Converging-continental-plates.jpg\" alt=\"Converging continental plates\" width=\"470\" height=\"358\" srcset=\"https:\/\/etnatao.com\/wp-content\/uploads\/2011\/01\/Converging-continental-plates.jpg 588w, https:\/\/etnatao.com\/wp-content\/uploads\/2011\/01\/Converging-continental-plates-300x228.jpg 300w, https:\/\/etnatao.com\/wp-content\/uploads\/2011\/01\/Converging-continental-plates-150x114.jpg 150w\" sizes=\"auto, (max-width: 470px) 100vw, 470px\" \/><\/a><\/span><\/p>\n<h4 style=\"text-align: center;\"><span style=\"color: #008000;\"><strong>Etna peligro y encanto<\/strong><\/span><\/h4>\n<p style=\"text-align: justify;\"><span style=\"color: #008000;\"><strong>El \u00e1rea alrededor del monte Etna es por lo tanto una parte peligrosa del mundo con una gran potencialidad para tener acontecimientos tales como flujos de lava, explosiones, terremotos fuertes&nbsp;y&nbsp;tambien tsunamis. A pesar de todos estos peligros, esta tierra ha sido habitada desde hace muchos miles de a\u00f1os (con uno de los registros m\u00e1s extensos del mundo de erupciones documentadas desde el 1500 a. C.) y actualmente hay casi&nbsp;de un mill\u00f3n de personas que viven alrededor de este volc\u00e1n. monte Etna es un lugar donde podemos ver la naturaleza trabajando de una manera fascinante, r\u00e1pida, irresistible y encantadora.<\/strong><\/span><\/p>\n<h5 style=\"text-align: center;\"><span style=\"color: #008000;\">&nbsp;<\/span><\/h5>\n<h5 style=\"text-align: center;\"><span style=\"color: #008000;\">&nbsp;<\/span><\/h5>\n<h5 style=\"text-align: center;\"><span style=\"color: #008000;\">&nbsp;<\/span><\/h5>\n<h5 style=\"text-align: center;\"><span style=\"color: #008000;\"><strong>Tat Tvam Asi<\/strong><\/span><\/h5>\n<div style=\"text-align: center;\">\n<h4><span style=\"color: #008000;\">\u0924\u0924\u094d \u0924\u094d\u0935\u092e\u094d \u0905\u0938\u093f<\/span><\/h4>\n<p><span style=\"color: #008000;\"><a style=\"color: #008000;\" href=\"https:\/\/etnatao.com\/wp-content\/uploads\/2010\/07\/The-Four-Elements1.jpg\"><img loading=\"lazy\" decoding=\"async\" title=\"The Four Elements\" src=\"https:\/\/etnatao.com\/wp-content\/uploads\/2010\/07\/The-Four-Elements1.jpg\" alt=\"\" width=\"324\" height=\"124\"><\/a><\/span><\/p>\n<p><span style=\"color: #008000;\"><a style=\"color: #008000;\" href=\"http:\/\/etnatao.files.wordpress.com\/2000\/07\/wood-header-etnatao.png\"><img loading=\"lazy\" decoding=\"async\" title=\"wood-header-etnatao\" src=\"http:\/\/etnatao.files.wordpress.com\/2000\/07\/wood-header-etnatao.png\" alt=\"\" width=\"337\" height=\"36\"><\/a><\/span><\/p>\n<h3><span style=\"color: #008000;\"><strong>&#8211; All rights reserved &#8211;<\/strong><\/span><\/h3>\n<\/div>\n\n<!-- Facebook Like Button v1.9.6 BEGIN [http:\/\/blog.bottomlessinc.com] -->\n<iframe src=\"http:\/\/www.facebook.com\/plugins\/like.php?href=https%3A%2F%2Fetnatao.com%2Fes%2Fgeologia%2F&amp;layout=standard&amp;show_faces=false&amp;width=450&amp;action=like&amp;colorscheme=light\" scrolling=\"no\" frameborder=\"0\" allowTransparency=\"true\" style=\"border:none; overflow:hidden; width:450px; height: 30px; align: left; margin: 2px 0px 2px 0px\"><\/iframe>\n<!-- Facebook Like Button END -->\n","protected":false},"excerpt":{"rendered":"<p>Facebook&nbsp;&nbsp;TripAdvisor&nbsp;&nbsp;Linkedin&nbsp;&nbsp;Youtube&nbsp; &nbsp;Blog&nbsp; Un breve resumen de Geograf\u00eda, Geolog\u00eda y Tect\u00f3nica Geograf\u00eda El Etna es un majestuoso volc\u00e1n situado en el lado oriental de la isla de Sicilia (37 \u00b0 44&#8217;00 &#8220;N 15 \u00b0 00&#8217;00&#8221; E). Su altura, m\u00e1s de 3300 metros sobre el nivel del mar,&nbsp;lo convierte en el volc\u00e1n subaerial m\u00e1s alto y m\u00e1s ancho de la Europa continental, la monta\u00f1a m\u00e1s alta del mediterr\u00e1neo y tambi\u00e9n el pico italiano m\u00e1s elevado al&nbsp;sur de la cordillera de los Alpes. Domina el mar&nbsp;J\u00f2nico&nbsp;en su lado oriental, est\u00e1 rodeado por el r\u00edo Alcantara al norte y por el r\u00edo Simeto al oeste y al lado sur.&nbsp;Este volc\u00e1n cubre un \u00e1rea de&hellip;<\/p>\n","protected":false},"author":2,"featured_media":0,"parent":0,"menu_order":3,"comment_status":"closed","ping_status":"closed","template":"","meta":{"footnotes":""},"class_list":["post-2892","page","type-page","status-publish","hentry"],"aioseo_notices":[],"jetpack_sharing_enabled":true,"jetpack_shortlink":"https:\/\/wp.me\/P1dvPV-KE","_links":{"self":[{"href":"https:\/\/etnatao.com\/es\/wp-json\/wp\/v2\/pages\/2892\/"}],"collection":[{"href":"https:\/\/etnatao.com\/es\/wp-json\/wp\/v2\/pages\/"}],"about":[{"href":"https:\/\/etnatao.com\/es\/wp-json\/wp\/v2\/types\/page\/"}],"author":[{"embeddable":true,"href":"https:\/\/etnatao.com\/es\/wp-json\/wp\/v2\/users\/2\/"}],"replies":[{"embeddable":true,"href":"https:\/\/etnatao.com\/es\/wp-json\/wp\/v2\/comments\/?post=2892"}],"version-history":[{"count":16,"href":"https:\/\/etnatao.com\/es\/wp-json\/wp\/v2\/pages\/2892\/revisions\/"}],"predecessor-version":[{"id":6793,"href":"https:\/\/etnatao.com\/es\/wp-json\/wp\/v2\/pages\/2892\/revisions\/6793\/"}],"wp:attachment":[{"href":"https:\/\/etnatao.com\/es\/wp-json\/wp\/v2\/media\/?parent=2892"}],"curies":[{"name":"wp","href":"https:\/\/api.w.org\/{rel}","templated":true}]}}