{"id":2649,"date":"2016-03-17T17:01:29","date_gmt":"2016-03-17T16:01:29","guid":{"rendered":"http:\/\/etnatao.com\/?page_id=2649"},"modified":"2019-06-05T17:41:40","modified_gmt":"2019-06-05T16:41:40","slug":"ecoturismo","status":"publish","type":"page","link":"https:\/\/etnatao.com\/es\/ecoturismo\/","title":{"rendered":"Ecoturismo en el Etna"},"content":{"rendered":"\n<!-- Facebook Like Button v1.9.6 BEGIN [http:\/\/blog.bottomlessinc.com] -->\n<iframe src=\"http:\/\/www.facebook.com\/plugins\/like.php?href=https%3A%2F%2Fetnatao.com%2Fes%2Fecoturismo%2F&amp;layout=standard&amp;show_faces=false&amp;width=450&amp;action=like&amp;colorscheme=light\" scrolling=\"no\" frameborder=\"0\" allowTransparency=\"true\" style=\"border:none; overflow:hidden; width:450px; height: 30px; align: left; margin: 2px 0px 2px 0px\"><\/iframe>\n<!-- Facebook Like Button END -->\n<div style=\"text-align: center;\"><a style=\"color: #0071bb;\" href=\"https:\/\/etnatao.com\/wp-content\/uploads\/2010\/07\/NEW-ETNATAO-WEBSITE.jpg\"><img loading=\"lazy\" decoding=\"async\" class=\"wp-image-1853\" src=\"https:\/\/etnatao.com\/wp-content\/uploads\/2010\/07\/NEW-ETNATAO-WEBSITE.jpg\" alt=\"NEW ETNATAO WEBSITE\" width=\"431\" height=\"233\"><\/a><\/div>\n<div style=\"text-align: center;\"><strong><span style=\"color: #339966;\"><a style=\"color: #0071bb;\" href=\"https:\/\/www.facebook.com\/Etnatao\"><span style=\"color: #339966;\">Facebook<\/span><\/a>&nbsp;<a style=\"color: #0071bb;\" href=\"https:\/\/www.linkedin.com\/pub\/carmelo-giuffrida\/41\/25a\/8b2\">&nbsp; <\/a><strong><strong><a href=\"http:\/\/www.tripadvisor.co.uk\/Attraction_Review-g2440593-d6613405-Reviews-Etnatao_Naturalistic_Excursion_on_Mt_Etna-Province_of_Catania_Sicily.html\"><span style=\"color: #339966;\">TripAdvisor<\/span><\/a><\/strong><\/strong><\/span>&nbsp;<span style=\"color: #339966;\">Linkedin<\/span>&nbsp;<a href=\"https:\/\/www.youtube.com\/my_videos?o=U\">&nbsp;<span style=\"color: #339966;\">Youtube<\/span><\/a>&nbsp; &nbsp;<a style=\"color: #0071bb;\" href=\"http:\/\/etnatao.wordpress.com\/\"><span style=\"color: #339966;\">Blog<\/span><\/a><\/strong><\/div>\n<h2 style=\"text-align: center;\"><span style=\"color: #008000;\"><strong><em>Ecoturismo en el Etna<\/em><\/strong><\/span><\/h2>\n<p style=\"text-align: center;\"><span style=\"color: #008000;\"><strong>Proteger el medio ambiente&nbsp;a trav\u00e9s de los viajes <\/strong><\/span><\/p>\n<p style=\"text-align: center;\"><span style=\"color: #008000;\"><strong>ecol\u00f3gicamente responsables y el turismo&nbsp;sostenible<\/strong><\/span><\/p>\n<p style=\"text-align: justify;\"><span style=\"color: #008000;\"><strong>El turismo es sin duda uno de los recursos del futuro de la econom\u00eda de Sicilia, una isla que tiene tan destacables caracter\u00edsticas hist\u00f3ricas, geogr\u00e1ficas, arqueol\u00f3gicas, clim\u00e1ticas, naturales y art\u00edsticas.<\/strong><\/span><\/p>\n<p style=\"text-align: justify;\"><span style=\"color: #008000;\"><strong>Pero hay varios&nbsp;tipos de turismo que pueden tener diferentes efectos sobre el medio ambiente. Hay el turismo de masas, lo de los grandes n\u00fameros y las grandes \u201clobbies\u201d, cuyo trabajo agresivo y miope enfatiza el lucro ante todo, creando enormes ganancias para los pocos y muchos problemas y desequilibrios en la zona en que se desarrolla. Se trata de un turismo depredador y consumista que en muchos parques, incluyendo el parque del Etna, se concentra en ciertas \u00e1reas y ejerce un impacto intolerable en el equilibrio de la naturaleza.<\/strong><\/span><\/p>\n<p style=\"text-align: justify;\"><span style=\"color: #008000;\"><strong>Este proyecto de ecoturismo, Etnatao, desde sus inicios se ha orientado hacia el turismo sostenible con una base s\u00f3lida sobre la ecolog\u00eda, las ciencias naturales y&nbsp;la \u00e9tica. Turismo que no es de masas, sino dirigido a personas, turismo que tenga el menor impacto posible sobre el fr\u00e1gil h\u00e1bitat del hermoso parque del Etna y que se ofrece a viajeros, naturalistas , fot\u00f3grafos , ecologistas , excursionistas y esp\u00edritus libres .<\/strong><\/span><\/p>\n<p style=\"text-align: justify;\"><span style=\"color: #008000;\"><strong>Por esta raz\u00f3n en las actividades de nuestra asociaci\u00f3n renunciamos a la utilizaci\u00f3n de jeeps y de funiculares y proponemos itinerarios de senderismo en zonas alejadas de las elegidas por el turismo de masas, los lugares en los que, acompa\u00f1ados por gu\u00edas profesionales de la naturaleza, se puede conocer el lado m\u00e1s \u00edntimo y encontaminado del Etna.<\/strong><\/span><\/p>\n<p style=\"text-align: justify;\"><span style=\"color: #008000;\"><strong>En nuestro tiempo estamos viendo grandes cambios epocales que necesariamente cambiar\u00e1n el mundo del turismo. Por lo tanto, ofrecemos nuestra propuesta ecol\u00f3gica a todos aquellos que creen que el ecoturismo puede y debe ser el futuro del turismo .<\/strong><\/span><\/p>\n<p><span style=\"color: #339966;\"><em>&nbsp;<\/em><em>&nbsp;<\/em><\/span><\/p>\n<p style=\"text-align: justify;\"><span style=\"color: #008000;\"><em>&#8220;El ecoturismo tiene como objetivo promover el desarrollo sostenible , se centra en el valor intr\u00ednseco de los recursos naturales , en respuesta a una filosof\u00eda bioc\u00e9ntrica m\u00e1s que antropoc\u00e9ntrica . Tambi\u00e9n requiere all&#8217;ecoturista de aceptar el medio ambiente en su realidad , sin tratar de cambiarlo o adaptarlo a su conveniencia. Se basa en la relacion directa con el medio ambiente y se inspira en una dimensi\u00f3n cognitiva &#8220;.<\/em><\/span><\/p>\n<p style=\"text-align: justify;\"><span style=\"color: #008000;\"><em>U.N. Organizaci\u00f3n Mundial del Turismo<\/em><\/span><\/p>\n<p><span style=\"color: #008000;\"><em>&nbsp;<\/em><\/span><\/p>\n<p style=\"text-align: justify;\"><span style=\"color: #008000;\"><em>&nbsp;&#8221; El ecoturismo es viaje responsable a \u00e1reas naturales ,un turismo que preserva el medio ambiente y apoya el bienestar de las poblaciones locales &#8220;<\/em><\/span><\/p>\n<p style=\"text-align: justify;\"><span style=\"color: #008000;\"><em>Sociedad Internacional de Ecoturismo<\/em><\/span><\/p>\n<p style=\"text-align: justify;\"><span style=\"color: #008000;\"><em>&#8220;El ecoturismo es el viaje a relativamente inalteradas o \u00e1reas naturales y encontaminadas con el objetivo espec\u00edfico de estudiar, admirar y apreciar el paisaje , las plantas y animales salvajes, as\u00ed como cualquier manifestaci\u00f3n cultural existente (pasada y presente) de las de las \u00e1reas en cuesti\u00f3n &#8220;<\/em><\/span><\/p>\n<p style=\"text-align: justify;\"><span style=\"color: #008000;\"><em>H\u00e9ctor Ceballos Lascurain<\/em><\/span><\/p>\n<p style=\"text-align: justify;\"><em><img loading=\"lazy\" decoding=\"async\" class=\" wp-image-2227 aligncenter\" src=\"https:\/\/etnatao.com\/wp-content\/uploads\/2014\/05\/11825902_10153557405384772_676318356715564761_n.png\" alt=\"11825902_10153557405384772_676318356715564761_n\" width=\"391\" height=\"570\"><\/em><\/p>\n<h3><a href=\"https:\/\/etnatao.com\/wp-content\/uploads\/2018\/07\/ea07bf6f171451c0081aea53f668a76d-david-suzuki-global-warming.jpg\"><img loading=\"lazy\" decoding=\"async\" class=\"aligncenter wp-image-4715\" src=\"https:\/\/etnatao.com\/wp-content\/uploads\/2018\/07\/ea07bf6f171451c0081aea53f668a76d-david-suzuki-global-warming.jpg\" alt=\"\" width=\"480\" height=\"433\" srcset=\"https:\/\/etnatao.com\/wp-content\/uploads\/2018\/07\/ea07bf6f171451c0081aea53f668a76d-david-suzuki-global-warming.jpg 713w, https:\/\/etnatao.com\/wp-content\/uploads\/2018\/07\/ea07bf6f171451c0081aea53f668a76d-david-suzuki-global-warming-300x271.jpg 300w, https:\/\/etnatao.com\/wp-content\/uploads\/2018\/07\/ea07bf6f171451c0081aea53f668a76d-david-suzuki-global-warming-150x135.jpg 150w\" sizes=\"auto, (max-width: 480px) 100vw, 480px\" \/><\/a><\/h3>\n<h3 style=\"text-align: center;\"><span style=\"color: #008000;\"><strong>Tat Tvam Asi<\/strong><\/span><\/h3>\n<div>\n<h4 style=\"font-weight: bold; text-align: center;\"><span style=\"color: #008000;\">\u0924\u0924\u094d \u0924\u094d\u0935\u092e\u094d \u0905\u0938\u093f<\/span><\/h4>\n<p style=\"text-align: center;\"><a style=\"color: #0071bb;\" href=\"https:\/\/etnatao.com\/wp-content\/uploads\/2010\/07\/The-Four-Elements1.jpg\"><img loading=\"lazy\" decoding=\"async\" class=\"aligncenter wp-image-1049\" title=\"The Four Elements\" src=\"https:\/\/etnatao.com\/wp-content\/uploads\/2010\/07\/The-Four-Elements1.jpg\" alt=\"\" width=\"263\" height=\"101\" srcset=\"https:\/\/etnatao.com\/wp-content\/uploads\/2010\/07\/The-Four-Elements1.jpg 555w, https:\/\/etnatao.com\/wp-content\/uploads\/2010\/07\/The-Four-Elements1-300x115.jpg 300w, https:\/\/etnatao.com\/wp-content\/uploads\/2010\/07\/The-Four-Elements1-150x57.jpg 150w\" sizes=\"auto, (max-width: 263px) 100vw, 263px\" \/><\/a><\/p>\n<p style=\"text-align: center;\"><a style=\"color: #0071bb;\" href=\"http:\/\/etnatao.files.wordpress.com\/2000\/07\/wood-header-etnatao.png\"><img loading=\"lazy\" decoding=\"async\" title=\"wood-header-etnatao\" src=\"http:\/\/etnatao.files.wordpress.com\/2000\/07\/wood-header-etnatao.png\" alt=\"\" width=\"337\" height=\"36\"><\/a><\/p>\n<h3 style=\"text-align: center;\"><span style=\"color: #008000;\"><strong>&#8211; All rights reserved &#8211;<\/strong><\/span><\/h3>\n<\/div>\n\n<!-- Facebook Like Button v1.9.6 BEGIN [http:\/\/blog.bottomlessinc.com] -->\n<iframe src=\"http:\/\/www.facebook.com\/plugins\/like.php?href=https%3A%2F%2Fetnatao.com%2Fes%2Fecoturismo%2F&amp;layout=standard&amp;show_faces=false&amp;width=450&amp;action=like&amp;colorscheme=light\" scrolling=\"no\" frameborder=\"0\" allowTransparency=\"true\" style=\"border:none; overflow:hidden; width:450px; height: 30px; align: left; margin: 2px 0px 2px 0px\"><\/iframe>\n<!-- Facebook Like Button END -->\n","protected":false},"excerpt":{"rendered":"<p>Facebook&nbsp;&nbsp; TripAdvisor&nbsp;Linkedin&nbsp;&nbsp;Youtube&nbsp; &nbsp;Blog Ecoturismo en el Etna Proteger el medio ambiente&nbsp;a trav\u00e9s de los viajes ecol\u00f3gicamente responsables y el turismo&nbsp;sostenible El turismo es sin duda uno de los recursos del futuro de la econom\u00eda de Sicilia, una isla que tiene tan destacables caracter\u00edsticas hist\u00f3ricas, geogr\u00e1ficas, arqueol\u00f3gicas, clim\u00e1ticas, naturales y art\u00edsticas. Pero hay varios&nbsp;tipos de turismo que pueden tener diferentes efectos sobre el medio ambiente. Hay el turismo de masas, lo de los grandes n\u00fameros y las grandes \u201clobbies\u201d, cuyo trabajo agresivo y miope enfatiza el lucro ante todo, creando enormes ganancias para los pocos y muchos problemas y desequilibrios en la zona en que se desarrolla. Se trata de un&hellip;<\/p>\n","protected":false},"author":2,"featured_media":0,"parent":0,"menu_order":0,"comment_status":"closed","ping_status":"closed","template":"","meta":{"footnotes":""},"class_list":["post-2649","page","type-page","status-publish","hentry"],"aioseo_notices":[],"jetpack_sharing_enabled":true,"jetpack_shortlink":"https:\/\/wp.me\/P1dvPV-GJ","_links":{"self":[{"href":"https:\/\/etnatao.com\/es\/wp-json\/wp\/v2\/pages\/2649\/"}],"collection":[{"href":"https:\/\/etnatao.com\/es\/wp-json\/wp\/v2\/pages\/"}],"about":[{"href":"https:\/\/etnatao.com\/es\/wp-json\/wp\/v2\/types\/page\/"}],"author":[{"embeddable":true,"href":"https:\/\/etnatao.com\/es\/wp-json\/wp\/v2\/users\/2\/"}],"replies":[{"embeddable":true,"href":"https:\/\/etnatao.com\/es\/wp-json\/wp\/v2\/comments\/?post=2649"}],"version-history":[{"count":10,"href":"https:\/\/etnatao.com\/es\/wp-json\/wp\/v2\/pages\/2649\/revisions\/"}],"predecessor-version":[{"id":6791,"href":"https:\/\/etnatao.com\/es\/wp-json\/wp\/v2\/pages\/2649\/revisions\/6791\/"}],"wp:attachment":[{"href":"https:\/\/etnatao.com\/es\/wp-json\/wp\/v2\/media\/?parent=2649"}],"curies":[{"name":"wp","href":"https:\/\/api.w.org\/{rel}","templated":true}]}}